{"id":7681,"date":"2024-02-26T10:26:49","date_gmt":"2024-02-26T10:26:49","guid":{"rendered":"https:\/\/www.clarel.es\/blog\/?page_id=7681"},"modified":"2025-09-03T13:54:26","modified_gmt":"2025-09-03T13:54:26","slug":"premios-victoria-belleza","status":"publish","type":"page","link":"https:\/\/www.clarel.es\/blog\/premios-victoria-belleza\/","title":{"rendered":"Premios Victoria Belleza"},"content":{"rendered":"\t\t<div data-elementor-type=\"wp-page\" data-elementor-id=\"7681\" class=\"elementor elementor-7681\" data-elementor-post-type=\"page\">\n\t\t\t\t<div class=\"elementor-element elementor-element-70f7a6a e-flex e-con-boxed e-con e-parent\" data-id=\"70f7a6a\" data-element_type=\"container\">\n\t\t\t\t\t<div class=\"e-con-inner\">\n\t\t\t\t<div class=\"elementor-element elementor-element-6d8b9c2 elementor-widget elementor-widget-text-editor\" data-id=\"6d8b9c2\" data-element_type=\"widget\" data-widget_type=\"text-editor.default\">\n\t\t\t\t<div class=\"elementor-widget-container\">\n\t\t\t\t\t\t\t\t\t<div class=\"et_pb_module et_pb_text et_pb_text_0  et_pb_text_align_left et_pb_bg_layout_light\" style=\"margin: 0px 0px 29.6991px; padding: 0px; border: 0px; outline: 0px; font-size: 31px; text-size-adjust: 100%; vertical-align: baseline; background-image: initial; background-position: 50% center; background-size: cover; background-repeat: no-repeat; background-attachment: initial; background-origin: initial; background-clip: initial; position: relative; animation-timing-function: linear; animation-duration: 0.2s; overflow-wrap: break-word; font-family: 'Gelica Light', Helvetica, Arial, Lucida, sans-serif; color: #f5a573 !important;\"><div class=\"et_pb_text_inner\" style=\"margin: 0px; padding: 0px; border: 0px; outline: 0px; text-size-adjust: 100%; vertical-align: baseline; background: transparent; position: relative;\"><p class=\"et_pb_toggle_title\" style=\"margin: 0px; padding: 0px; border: 0px; outline: 0px; text-size-adjust: 100%; vertical-align: baseline; background: transparent;\">Los Premios Victoria de la Belleza reconocen a Clarel con 3 galardones<\/p><\/div><\/div><div class=\"et_pb_module et_pb_text et_pb_text_1  et_pb_text_align_left et_pb_bg_layout_light\" style=\"margin: 0px 0px 29.6991px; padding: 0px; border: 0px; outline: 0px; font-size: 14px; text-size-adjust: 100%; vertical-align: baseline; background-image: initial; background-position: 50% center; background-size: cover; background-repeat: no-repeat; background-attachment: initial; background-origin: initial; background-clip: initial; position: relative; animation-timing-function: linear; animation-duration: 0.2s; overflow-wrap: break-word; font-family: Poppins, Helvetica, Arial, Lucida, sans-serif; color: #666666;\"><div class=\"et_pb_text_inner\" style=\"margin: 0px; padding: 0px; border: 0px; outline: 0px; text-size-adjust: 100%; vertical-align: baseline; background: transparent; position: relative;\"><p style=\"margin: 0px; padding: 0px; border: 0px; outline: 0px; text-size-adjust: 100%; vertical-align: baseline; background: transparent;\"><span style=\"margin: 0px; padding: 0px; border: 0px; outline: 0px; text-size-adjust: 100%; vertical-align: baseline; background: transparent; font-weight: bold;\">Madrid, 19 de marzo de 2024<\/span><\/p><\/div><\/div><div class=\"et_pb_module et_pb_text et_pb_text_2  et_pb_text_align_left et_pb_bg_layout_light\" style=\"margin: 0px 0px 29.6991px; padding: 0px; border: 0px; outline: 0px; font-size: 14px; text-size-adjust: 100%; vertical-align: baseline; background-image: initial; background-position: 50% center; background-size: cover; background-repeat: no-repeat; background-attachment: initial; background-origin: initial; background-clip: initial; position: relative; animation-timing-function: linear; animation-duration: 0.2s; overflow-wrap: break-word; color: #666666; font-family: Poppins, Helvetica, Arial, Lucida, sans-serif;\"><div class=\"et_pb_text_inner\" style=\"margin: 0px; padding: 0px; border: 0px; outline: 0px; text-size-adjust: 100%; vertical-align: baseline; background: transparent; position: relative;\"><p style=\"margin: 0px; padding: 0px 0px 1em; border: 0px; outline: 0px; text-size-adjust: 100%; vertical-align: baseline; background: transparent;\">\u2981 Es el \u00fanico sello de calidad en el sector de la belleza, cosm\u00e9tica y cuidado personal, basado en la valoraci\u00f3n de los productos a trav\u00e9s de blind tests con un jurado de 60 consumidores\/as<\/p><p style=\"margin: 0px; padding: 0px 0px 1em; border: 0px; outline: 0px; text-size-adjust: 100%; vertical-align: baseline; background: transparent;\">\u2981 Rutina Capilar Antifrizz Coco bont\u00e9 Sense,\u00a0Rutina de higiene \u00edntima bont\u00e9 y\u00a0Rutina de limpieza facial NeSk son los premiados<\/p><p style=\"margin: 0px; padding: 0px; border: 0px; outline: 0px; text-size-adjust: 100%; vertical-align: baseline; background: transparent;\">\u2981 El 78% de los consumidores manifiesta una mayor intenci\u00f3n de compra de productos que tengan este sello*<\/p><\/div><\/div>\t\t\t\t\t\t\t\t<\/div>\n\t\t\t\t<\/div>\n\t\t<div class=\"elementor-element elementor-element-0f3a5da e-con-full e-flex e-con e-child\" data-id=\"0f3a5da\" data-element_type=\"container\">\n\t\t\t\t<div class=\"elementor-element elementor-element-ef0f7bb elementor-widget elementor-widget-image\" data-id=\"ef0f7bb\" data-element_type=\"widget\" data-widget_type=\"image.default\">\n\t\t\t\t<div class=\"elementor-widget-container\">\n\t\t\t\t\t\t\t\t\t\t\t\t\t\t\t<img decoding=\"async\" src=\"https:\/\/blog-clarel.imgix.net\/2024\/05\/premios_victoria_clarel.png?auto=format%2Ccompress&amp;ixlib=php-3.3.0&amp;w=1212\" title=\"\" alt=\"\" loading=\"lazy\" \/>\t\t\t\t\t\t\t\t\t\t\t\t\t\t\t<\/div>\n\t\t\t\t<\/div>\n\t\t\t\t<\/div>\n\t\t<div class=\"elementor-element elementor-element-2b19fe9 e-con-full e-flex e-con e-child\" data-id=\"2b19fe9\" data-element_type=\"container\">\n\t\t\t\t<div class=\"elementor-element elementor-element-0cab226 elementor-widget elementor-widget-text-editor\" data-id=\"0cab226\" data-element_type=\"widget\" data-widget_type=\"text-editor.default\">\n\t\t\t\t<div class=\"elementor-widget-container\">\n\t\t\t\t\t\t\t\t\t<div style=\"margin: 0px 0px 29.6991px; padding: 0px; border: 0px; outline: 0px; font-size: 14px; text-size-adjust: 100%; vertical-align: baseline; background-image: initial; background-position: 50% center; background-size: cover; background-repeat: no-repeat; background-attachment: initial; background-origin: initial; background-clip: initial; position: relative; animation-timing-function: linear; animation-duration: 0.2s; overflow-wrap: break-word; color: #666666; font-family: Poppins, Helvetica, Arial, Lucida, sans-serif;\"><div style=\"margin: 0px; padding: 0px; border: 0px; outline: 0px; text-size-adjust: 100%; vertical-align: baseline; background: transparent; position: relative;\"><p style=\"margin: 0px; padding: 0px 0px 1em; border: 0px; outline: 0px; text-size-adjust: 100%; vertical-align: baseline; background: transparent;\">En una destacada ceremonia celebrada el pasado jueves 14, se entregaron en el Hotel Casa Fuster Barcelona, los prestigiosos \u201cPremios Victoria de la belleza 2024\u201d que reconocieron a Clarel con 3 galardones. Estos premios creados en Francia por Monadia \u2013 Centro de Calidad de Consumidores \u2013 llevan m\u00e1s de 18 a\u00f1os destacando la excelencia en el sector de la belleza, cosm\u00e9tica y cuidado personal, otorgando reconocimientos a aquellos productos que realmente marcan la diferencia para los consumidores.<\/p><p style=\"margin: 0px; padding: 0px 0px 1em; border: 0px; outline: 0px; text-size-adjust: 100%; vertical-align: baseline; background: transparent;\">Estos premios son el \u00fanico sello de calidad en el sector, basado exclusivamente en la valoraci\u00f3n de las cualidades intr\u00ednsecas de los productos a trav\u00e9s de blind tests realizados por un jurado compuesto por 60 consumidores\/as. Esta metodolog\u00eda asegura que los productos premiados sean verdaderamente excepcionales y satisfagan las necesidades y expectativas de los usuarios. Clarel, la marca reconocida por su compromiso con la calidad en el \u00e1mbito de la belleza y el cuidado personal ha sido galardonada en esta edici\u00f3n con tres premios. Recibieron los galardones, Jos\u00e9 Mar\u00eda Jim\u00e9nez Millares, CEO de Clarel,\u00a0Alicia Ant\u00f3n, Chief Commercial y Alejandra Pulido Puerto, directora de Sostenibilidad y Calidad.<span style=\"background-color: transparent;\">\u00a0<\/span><\/p><p style=\"margin: 0px; padding: 0px 0px 1em; border: 0px; outline: 0px; text-size-adjust: 100%; vertical-align: baseline; background: transparent;\"><span style=\"margin: 0px; padding: 0px; border: 0px; outline: 0px; text-size-adjust: 100%; vertical-align: baseline; background: transparent; font-weight: bold;\">\u2981 Rutina Capilar Antifrizz Coco bont\u00e9 Sense:<\/span>\u00a0dirigida a cabello rebelde o con tendencia a encresparse. Enriquecido con extracto de coco y vitamina B5 ideal para suavizar y evitar la rotura del cabello m\u00e1s rebelde. Apta para veganos, SIN: sulfatos, siliconas ni parabenos. Los envases son 100% pl\u00e1stico reciclado y se fabrica en Espa\u00f1a. La rutina capilar bont\u00e9 Hair Sense Antifrizz destaca tambi\u00e9n por su incre\u00edble aroma.<\/p><p style=\"margin: 0px; padding: 0px 0px 1em; border: 0px; outline: 0px; text-size-adjust: 100%; vertical-align: baseline; background: transparent;\">\u2981<span style=\"margin: 0px; padding: 0px; border: 0px; outline: 0px; text-size-adjust: 100%; vertical-align: baseline; background: transparent; font-weight: bold;\">\u00a0Rutina de higiene \u00edntima bont\u00e9.<\/span>\u00a0Tienen control de olor y una absorci\u00f3n ultra r\u00e1pida. Est\u00e1n dermatol\u00f3gicamente testadas y fabricadas con fibras de origen natural. El envase tiene un 35% de material reciclado, est\u00e1 fabricado en Espa\u00f1a con energ\u00eda el\u00e9ctrica 100% renovable.<\/p><p style=\"margin: 0px; padding: 0px 0px 1em; border: 0px; outline: 0px; text-size-adjust: 100%; vertical-align: baseline; background: transparent;\">Uno de los valores de Clarel, es su Compromiso con el Futuro y las mujeres, hace 5 a\u00f1os nace una de las iniciativas m\u00e1s revolucionar\u00eda de la firma, 28 \u00cdntimo, campa\u00f1a pionera que elimina el IVA en productos de higiene femenina como compresas, tampones, protege-slips o copas menstruales, todos los 28 de cada mes.\u00a0La misi\u00f3n de Clarel es hacer la vida de las mujeres m\u00e1s f\u00e1cil, y estar siempre cerca de ellas.<\/p><p style=\"margin: 0px; padding: 0px 0px 1em; border: 0px; outline: 0px; text-size-adjust: 100%; vertical-align: baseline; background: transparent;\">\u2981<span style=\"margin: 0px; padding: 0px; border: 0px; outline: 0px; text-size-adjust: 100%; vertical-align: baseline; background: transparent; font-weight: bold;\">\u00a0Rutina de limpieza facial NeSk.<\/span><br \/>Marca exclusiva en Clarel, es vegana, animal friendly y fabricada en Espa\u00f1a. Tiene una variedad de productos muy amplia destacando por su formulaci\u00f3n con ingredientes naturales a un precio accesible.<\/p><p style=\"margin: 0px; padding: 0px 0px 1em; border: 0px; outline: 0px; text-size-adjust: 100%; vertical-align: baseline; background: transparent;\">La rutina de NeSk retira el maquillaje m\u00e1s resistente, dejando la piel hidratada y nutrida. Acabado no graso y es apta para todo tipo de piel incluso piel sensible. El desmaquillante de ojos waterproof de NeSk, es un \u00e9xito en ventas desde su lanzamiento y est\u00e1 enriquecido con \u00e1cido hialur\u00f3nico y el agua micelar bif\u00e1sica NeSk, se encuentra enriquecida con aceite de arg\u00e1n. Un t\u00e1ndem perfecto.<span style=\"background-color: transparent;\">\u00a0<\/span><\/p><p style=\"margin: 0px; padding: 0px 0px 1em; border: 0px; outline: 0px; text-size-adjust: 100%; vertical-align: baseline; background: transparent;\">Estas rutinas est\u00e1n\u00a0disponibles\u00a0en las cerca de 1000 tiendas f\u00edsicas y en\u00a0<a style=\"margin: 0px; padding: 0px; border: 0px; outline: 0px; text-size-adjust: 100%; vertical-align: baseline; background-image: initial; background-position: initial; background-size: initial; background-repeat: initial; background-attachment: initial; background-origin: initial; background-clip: initial; color: #edb059;\" href=\"https:\/\/www.clarel.es\/es\/\" target=\"_blank\" rel=\"noopener\">clarel.es<\/a>.<\/p><p style=\"margin: 0px; padding: 0px; border: 0px; outline: 0px; text-size-adjust: 100%; vertical-align: baseline; background: transparent;\">El Premio Victoria de la Belleza est\u00e1 asociado en un 99% a un producto que tiene mayor eficacia que el resto, que es un producto de calidad y uno de los mejores de su categor\u00eda. Adem\u00e1s, el 78% de los consumidores manifiesta una mayor intenci\u00f3n de compra de productos que tengan este sello*. \u201cTodo el equipo de Clarel se enorgullece de recibir estos prestigiosos premios, que reflejan nuestro compromiso continuo con la excelencia y la satisfacci\u00f3n del cliente y nuestro prop\u00f3sito de acercar el cuidado personal y del hogar; haciendo especial el bienestar y la belleza de lo cotidiano. Estos galardones son un testimonio del \u00e9xito de la compa\u00f1\u00eda en ofrecer productos de alta calidad que realmente hacen una diferencia positiva en la vida de los consumidores\u201d, se\u00f1al\u00f3 Alicia Ant\u00f3n, Chief Comercial de Clarel.<\/p><\/div><\/div><div style=\"margin: 0px 0px 29.6991px; padding: 0px; border: 0px; outline: 0px; font-size: 14px; text-size-adjust: 100%; vertical-align: baseline; background-image: initial; background-position: 50% center; background-size: cover; background-repeat: no-repeat; background-attachment: initial; background-origin: initial; background-clip: initial; position: relative; animation-timing-function: linear; animation-duration: 0.2s; overflow-wrap: break-word; color: #666666; font-family: Poppins, Helvetica, Arial, Lucida, sans-serif;\"><div style=\"margin: 0px; padding: 0px; border: 0px; outline: 0px; text-size-adjust: 100%; vertical-align: baseline; background: transparent; position: relative;\"><p style=\"margin: 0px; padding: 0px; border: 0px; outline: 0px; text-size-adjust: 100%; vertical-align: baseline; background: transparent;\">Para m\u00e1s informaci\u00f3n:<br \/><span style=\"margin: 0px; padding: 0px; border: 0px; outline: 0px; text-size-adjust: 100%; vertical-align: baseline; background: transparent; font-weight: bold;\">Atrevia<\/span><br \/>Mar\u00eda Gonz\u00e1lez:\u00a0mggarcia@atrevia.com\u00a0| 629 535 435<br \/>Mar\u00eda Gongar:\u00a0mgongar@atrevia.com\u00a0| 673 765 008<br \/><span style=\"margin: 0px; padding: 0px; border: 0px; outline: 0px; text-size-adjust: 100%; vertical-align: baseline; background: transparent; font-weight: bold;\">Clarel<\/span><br \/>Irene Ferr\u00e1ndiz Giner\u00a0irene.ferrandiz@clarel.eu\u00a0I 646 962 909<\/p><\/div><\/div><div style=\"margin: 0px; padding: 0px; border: 0px; outline: 0px; font-size: 14px; text-size-adjust: 100%; vertical-align: baseline; background-image: initial; background-position: 50% center; background-size: cover; background-repeat: no-repeat; background-attachment: initial; background-origin: initial; background-clip: initial; position: relative; animation-timing-function: linear; animation-duration: 0.2s; overflow-wrap: break-word; color: #666666; font-family: Poppins, Helvetica, Arial, Lucida, sans-serif;\"><div style=\"margin: 0px; padding: 0px; border: 0px; outline: 0px; text-size-adjust: 100%; vertical-align: baseline; background: transparent; position: relative;\"><p style=\"margin: 0px; padding: 0px 0px 1em; border: 0px; outline: 0px; text-size-adjust: 100%; vertical-align: baseline; background: transparent;\"><span style=\"margin: 0px; padding: 0px; border: 0px; outline: 0px; text-size-adjust: 100%; vertical-align: baseline; background: transparent; font-weight: bold;\">Sobre Clarel<\/span><br \/>Clarel, es un retail especializado en belleza, cuidado personal y del hogar. Con m\u00e1s de 11 a\u00f1os en el mercado, Clarel ofrece una amplia gama de productos que incluyen cosm\u00e9ticos, productos de higiene personal, y soluciones de cuidado para el hogar, as\u00ed como sus marcas exclusivas, entre ellas: bont\u00e9, NeSk, Hogarel y AS. Con una red de 1000 tiendas en Espa\u00f1a, Clarel se dedica a acercar el cuidado personal y del hogar, haciendo especial el bienestar y la belleza de lo cotidiano.<\/p><p style=\"margin: 0px; padding: 0px; border: 0px; outline: 0px; text-size-adjust: 100%; vertical-align: baseline; background: transparent;\">Para m\u00e1s informaci\u00f3n, consultar la p\u00e1gina web de la compa\u00f1\u00eda\u00a0<a style=\"margin: 0px; padding: 0px; border: 0px; outline: 0px; text-size-adjust: 100%; vertical-align: baseline; background-image: initial; background-position: initial; background-size: initial; background-repeat: initial; background-attachment: initial; background-origin: initial; background-clip: initial; color: #edb059;\" href=\"https:\/\/www.clarel.es\/es\/\" target=\"_blank\" rel=\"noopener\">www.clarel.es<\/a>\u00a0y redes sociales\u00a0<a style=\"margin: 0px; padding: 0px; border: 0px; outline: 0px; text-size-adjust: 100%; vertical-align: baseline; background-image: initial; background-position: initial; background-size: initial; background-repeat: initial; background-attachment: initial; background-origin: initial; background-clip: initial; color: #edb059;\" href=\"https:\/\/www.linkedin.com\/company\/clarel-es\/mycompany\/verification\/\" target=\"_blank\" rel=\"noopener\">Linkedin<\/a><\/p><\/div><\/div>\t\t\t\t\t\t\t\t<\/div>\n\t\t\t\t<\/div>\n\t\t\t\t<\/div>\n\t\t\t\t\t<\/div>\n\t\t\t\t<\/div>\n\t\t\t\t<\/div>\n\t\t","protected":false},"excerpt":{"rendered":"<p>Los Premios Victoria de la Belleza reconocen a Clarel con 3 galardones Madrid, 19 de marzo de 2024 \u2981 Es el \u00fanico sello de calidad en el sector de la belleza, cosm\u00e9tica y cuidado personal, basado en la valoraci\u00f3n de los productos a trav\u00e9s de blind tests con un jurado de 60 consumidores\/as \u2981 Rutina [&hellip;]<\/p>\n","protected":false},"author":5,"featured_media":0,"parent":0,"menu_order":0,"comment_status":"closed","ping_status":"closed","template":"elementor_header_footer","meta":{"footnotes":""},"class_list":["post-7681","page","type-page","status-publish","hentry"],"yoast_head":"<!-- This site is optimized with the Yoast SEO plugin v25.4 - https:\/\/yoast.com\/wordpress\/plugins\/seo\/ -->\n<title>Premios Victoria Belleza - Clarel<\/title>\n<meta name=\"robots\" content=\"index, follow, max-snippet:-1, max-image-preview:large, max-video-preview:-1\" \/>\n<link rel=\"canonical\" href=\"https:\/\/www.clarel.es\/blog\/premios-victoria-belleza\/\" \/>\n<meta property=\"og:locale\" content=\"es_ES\" \/>\n<meta property=\"og:type\" content=\"article\" \/>\n<meta property=\"og:title\" content=\"Premios Victoria Belleza - Clarel\" \/>\n<meta property=\"og:description\" content=\"Los Premios Victoria de la Belleza reconocen a Clarel con 3 galardones Madrid, 19 de marzo de 2024 \u2981 Es el \u00fanico sello de calidad en el sector de la belleza, cosm\u00e9tica y cuidado personal, basado en la valoraci\u00f3n de los productos a trav\u00e9s de blind tests con un jurado de 60 consumidores\/as \u2981 Rutina [&hellip;]\" \/>\n<meta property=\"og:url\" content=\"https:\/\/www.clarel.es\/blog\/premios-victoria-belleza\/\" \/>\n<meta property=\"og:site_name\" content=\"Clarel\" \/>\n<meta property=\"article:modified_time\" content=\"2025-09-03T13:54:26+00:00\" \/>\n<meta property=\"og:image\" content=\"https:\/\/blog-clarel.imgix.net\/2024\/05\/premios_victoria_clarel.png?auto=format%2Ccompress&amp;ixlib=php-3.3.0&amp;w=1212\" \/>\n<meta name=\"twitter:card\" content=\"summary_large_image\" \/>\n<script type=\"application\/ld+json\" class=\"yoast-schema-graph\">{\"@context\":\"https:\/\/schema.org\",\"@graph\":[{\"@type\":\"WebPage\",\"@id\":\"https:\/\/www.clarel.es\/blog\/premios-victoria-belleza\/\",\"url\":\"https:\/\/www.clarel.es\/blog\/premios-victoria-belleza\/\",\"name\":\"Premios Victoria Belleza - Clarel\",\"isPartOf\":{\"@id\":\"https:\/\/www.clarel.es\/blog\/#website\"},\"primaryImageOfPage\":{\"@id\":\"https:\/\/www.clarel.es\/blog\/premios-victoria-belleza\/#primaryimage\"},\"image\":{\"@id\":\"https:\/\/www.clarel.es\/blog\/premios-victoria-belleza\/#primaryimage\"},\"thumbnailUrl\":\"https:\/\/blog-clarel.imgix.net\/2024\/05\/premios_victoria_clarel.png?auto=format%2Ccompress&amp;ixlib=php-3.3.0&amp;w=1212\",\"datePublished\":\"2024-02-26T10:26:49+00:00\",\"dateModified\":\"2025-09-03T13:54:26+00:00\",\"breadcrumb\":{\"@id\":\"https:\/\/www.clarel.es\/blog\/premios-victoria-belleza\/#breadcrumb\"},\"inLanguage\":\"es\",\"potentialAction\":[{\"@type\":\"ReadAction\",\"target\":[\"https:\/\/www.clarel.es\/blog\/premios-victoria-belleza\/\"]}]},{\"@type\":\"ImageObject\",\"inLanguage\":\"es\",\"@id\":\"https:\/\/www.clarel.es\/blog\/premios-victoria-belleza\/#primaryimage\",\"url\":\"https:\/\/blog-clarel.imgix.net\/2024\/05\/premios_victoria_clarel.png?auto=format%2Ccompress&amp;ixlib=php-3.3.0&amp;w=1212\",\"contentUrl\":\"https:\/\/blog-clarel.imgix.net\/2024\/05\/premios_victoria_clarel.png?auto=format%2Ccompress&amp;ixlib=php-3.3.0&amp;w=1212\"},{\"@type\":\"BreadcrumbList\",\"@id\":\"https:\/\/www.clarel.es\/blog\/premios-victoria-belleza\/#breadcrumb\",\"itemListElement\":[{\"@type\":\"ListItem\",\"position\":1,\"name\":\"Portada\",\"item\":\"https:\/\/www.clarel.es\/blog\/\"},{\"@type\":\"ListItem\",\"position\":2,\"name\":\"Premios Victoria Belleza\"}]},{\"@type\":\"WebSite\",\"@id\":\"https:\/\/www.clarel.es\/blog\/#website\",\"url\":\"https:\/\/www.clarel.es\/blog\/\",\"name\":\"Clarel\",\"description\":\"Tienda Online de perfumeria, cosmetica, maquillaje y hogar.\",\"publisher\":{\"@id\":\"https:\/\/www.clarel.es\/blog\/#organization\"},\"potentialAction\":[{\"@type\":\"SearchAction\",\"target\":{\"@type\":\"EntryPoint\",\"urlTemplate\":\"https:\/\/www.clarel.es\/blog\/?s={search_term_string}\"},\"query-input\":{\"@type\":\"PropertyValueSpecification\",\"valueRequired\":true,\"valueName\":\"search_term_string\"}}],\"inLanguage\":\"es\"},{\"@type\":\"Organization\",\"@id\":\"https:\/\/www.clarel.es\/blog\/#organization\",\"name\":\"Clarel\",\"url\":\"https:\/\/www.clarel.es\/blog\/\",\"logo\":{\"@type\":\"ImageObject\",\"inLanguage\":\"es\",\"@id\":\"https:\/\/www.clarel.es\/blog\/#\/schema\/logo\/image\/\",\"url\":\"https:\/\/clarel-test.ezenit.link\/blog\/wp-content\/uploads\/2022\/08\/logo_clarel.png\",\"contentUrl\":\"https:\/\/clarel-test.ezenit.link\/blog\/wp-content\/uploads\/2022\/08\/logo_clarel.png\",\"width\":432,\"height\":101,\"caption\":\"Clarel\"},\"image\":{\"@id\":\"https:\/\/www.clarel.es\/blog\/#\/schema\/logo\/image\/\"}}]}<\/script>\n<!-- \/ Yoast SEO plugin. -->","yoast_head_json":{"title":"Premios Victoria Belleza - Clarel","robots":{"index":"index","follow":"follow","max-snippet":"max-snippet:-1","max-image-preview":"max-image-preview:large","max-video-preview":"max-video-preview:-1"},"canonical":"https:\/\/www.clarel.es\/blog\/premios-victoria-belleza\/","og_locale":"es_ES","og_type":"article","og_title":"Premios Victoria Belleza - Clarel","og_description":"Los Premios Victoria de la Belleza reconocen a Clarel con 3 galardones Madrid, 19 de marzo de 2024 \u2981 Es el \u00fanico sello de calidad en el sector de la belleza, cosm\u00e9tica y cuidado personal, basado en la valoraci\u00f3n de los productos a trav\u00e9s de blind tests con un jurado de 60 consumidores\/as \u2981 Rutina [&hellip;]","og_url":"https:\/\/www.clarel.es\/blog\/premios-victoria-belleza\/","og_site_name":"Clarel","article_modified_time":"2025-09-03T13:54:26+00:00","og_image":[{"url":"https:\/\/blog-clarel.imgix.net\/2024\/05\/premios_victoria_clarel.png?auto=format%2Ccompress&amp;ixlib=php-3.3.0&amp;w=1212","type":"","width":"","height":""}],"twitter_card":"summary_large_image","schema":{"@context":"https:\/\/schema.org","@graph":[{"@type":"WebPage","@id":"https:\/\/www.clarel.es\/blog\/premios-victoria-belleza\/","url":"https:\/\/www.clarel.es\/blog\/premios-victoria-belleza\/","name":"Premios Victoria Belleza - Clarel","isPartOf":{"@id":"https:\/\/www.clarel.es\/blog\/#website"},"primaryImageOfPage":{"@id":"https:\/\/www.clarel.es\/blog\/premios-victoria-belleza\/#primaryimage"},"image":{"@id":"https:\/\/www.clarel.es\/blog\/premios-victoria-belleza\/#primaryimage"},"thumbnailUrl":"https:\/\/blog-clarel.imgix.net\/2024\/05\/premios_victoria_clarel.png?auto=format%2Ccompress&amp;ixlib=php-3.3.0&amp;w=1212","datePublished":"2024-02-26T10:26:49+00:00","dateModified":"2025-09-03T13:54:26+00:00","breadcrumb":{"@id":"https:\/\/www.clarel.es\/blog\/premios-victoria-belleza\/#breadcrumb"},"inLanguage":"es","potentialAction":[{"@type":"ReadAction","target":["https:\/\/www.clarel.es\/blog\/premios-victoria-belleza\/"]}]},{"@type":"ImageObject","inLanguage":"es","@id":"https:\/\/www.clarel.es\/blog\/premios-victoria-belleza\/#primaryimage","url":"https:\/\/blog-clarel.imgix.net\/2024\/05\/premios_victoria_clarel.png?auto=format%2Ccompress&amp;ixlib=php-3.3.0&amp;w=1212","contentUrl":"https:\/\/blog-clarel.imgix.net\/2024\/05\/premios_victoria_clarel.png?auto=format%2Ccompress&amp;ixlib=php-3.3.0&amp;w=1212"},{"@type":"BreadcrumbList","@id":"https:\/\/www.clarel.es\/blog\/premios-victoria-belleza\/#breadcrumb","itemListElement":[{"@type":"ListItem","position":1,"name":"Portada","item":"https:\/\/www.clarel.es\/blog\/"},{"@type":"ListItem","position":2,"name":"Premios Victoria Belleza"}]},{"@type":"WebSite","@id":"https:\/\/www.clarel.es\/blog\/#website","url":"https:\/\/www.clarel.es\/blog\/","name":"Clarel","description":"Tienda Online de perfumeria, cosmetica, maquillaje y hogar.","publisher":{"@id":"https:\/\/www.clarel.es\/blog\/#organization"},"potentialAction":[{"@type":"SearchAction","target":{"@type":"EntryPoint","urlTemplate":"https:\/\/www.clarel.es\/blog\/?s={search_term_string}"},"query-input":{"@type":"PropertyValueSpecification","valueRequired":true,"valueName":"search_term_string"}}],"inLanguage":"es"},{"@type":"Organization","@id":"https:\/\/www.clarel.es\/blog\/#organization","name":"Clarel","url":"https:\/\/www.clarel.es\/blog\/","logo":{"@type":"ImageObject","inLanguage":"es","@id":"https:\/\/www.clarel.es\/blog\/#\/schema\/logo\/image\/","url":"https:\/\/clarel-test.ezenit.link\/blog\/wp-content\/uploads\/2022\/08\/logo_clarel.png","contentUrl":"https:\/\/clarel-test.ezenit.link\/blog\/wp-content\/uploads\/2022\/08\/logo_clarel.png","width":432,"height":101,"caption":"Clarel"},"image":{"@id":"https:\/\/www.clarel.es\/blog\/#\/schema\/logo\/image\/"}}]}},"_links":{"self":[{"href":"https:\/\/www.clarel.es\/blog\/wp-json\/wp\/v2\/pages\/7681","targetHints":{"allow":["GET"]}}],"collection":[{"href":"https:\/\/www.clarel.es\/blog\/wp-json\/wp\/v2\/pages"}],"about":[{"href":"https:\/\/www.clarel.es\/blog\/wp-json\/wp\/v2\/types\/page"}],"author":[{"embeddable":true,"href":"https:\/\/www.clarel.es\/blog\/wp-json\/wp\/v2\/users\/5"}],"replies":[{"embeddable":true,"href":"https:\/\/www.clarel.es\/blog\/wp-json\/wp\/v2\/comments?post=7681"}],"version-history":[{"count":27,"href":"https:\/\/www.clarel.es\/blog\/wp-json\/wp\/v2\/pages\/7681\/revisions"}],"predecessor-version":[{"id":15231,"href":"https:\/\/www.clarel.es\/blog\/wp-json\/wp\/v2\/pages\/7681\/revisions\/15231"}],"wp:attachment":[{"href":"https:\/\/www.clarel.es\/blog\/wp-json\/wp\/v2\/media?parent=7681"}],"curies":[{"name":"wp","href":"https:\/\/api.w.org\/{rel}","templated":true}]}}