{"id":6091,"date":"2023-08-01T12:51:58","date_gmt":"2023-08-01T12:51:58","guid":{"rendered":"https:\/\/www.clarel.es\/blog\/?page_id=6091"},"modified":"2025-08-28T09:52:12","modified_gmt":"2025-08-28T09:52:12","slug":"app-clarel","status":"publish","type":"page","link":"https:\/\/www.clarel.es\/blog\/app-clarel\/","title":{"rendered":"App Clarel"},"content":{"rendered":"\t\t<div data-elementor-type=\"wp-page\" data-elementor-id=\"6091\" class=\"elementor elementor-6091\" data-elementor-post-type=\"page\">\n\t\t\t\t<div class=\"elementor-element elementor-element-2e3e496a e-con-full elementor-hidden-tablet elementor-hidden-mobile e-flex e-con e-parent\" data-id=\"2e3e496a\" data-element_type=\"container\">\n\t\t\t\t<div class=\"elementor-element elementor-element-5f54778 elementor-widget elementor-widget-image\" data-id=\"5f54778\" data-element_type=\"widget\" data-widget_type=\"image.default\">\n\t\t\t\t<div class=\"elementor-widget-container\">\n\t\t\t\t\t\t\t\t\t\t\t\t\t\t\t<img decoding=\"async\" src=\"https:\/\/blog-clarel.imgix.net\/2025\/06\/landing_app_pc.png\" title=\"\" alt=\"\" loading=\"lazy\" \/>\t\t\t\t\t\t\t\t\t\t\t\t\t\t\t<\/div>\n\t\t\t\t<\/div>\n\t\t\t\t<\/div>\n\t\t<div class=\"elementor-element elementor-element-8652158 e-con-full elementor-hidden-desktop e-flex e-con e-parent\" data-id=\"8652158\" data-element_type=\"container\">\n\t\t\t\t<div class=\"elementor-element elementor-element-2d9a342 elementor-widget elementor-widget-image\" data-id=\"2d9a342\" data-element_type=\"widget\" data-widget_type=\"image.default\">\n\t\t\t\t<div class=\"elementor-widget-container\">\n\t\t\t\t\t\t\t\t\t\t\t\t\t\t\t<img decoding=\"async\" src=\"https:\/\/blog-clarel.imgix.net\/2025\/06\/landing_app_mo.png\" title=\"\" alt=\"\" loading=\"lazy\" \/>\t\t\t\t\t\t\t\t\t\t\t\t\t\t\t<\/div>\n\t\t\t\t<\/div>\n\t\t\t\t<\/div>\n\t\t<div class=\"elementor-element elementor-element-0ccf9d9 e-flex e-con-boxed e-con e-parent\" data-id=\"0ccf9d9\" data-element_type=\"container\">\n\t\t\t\t\t<div class=\"e-con-inner\">\n\t\t<div class=\"elementor-element elementor-element-454bcb0 e-grid e-con-full e-con e-child\" data-id=\"454bcb0\" data-element_type=\"container\">\n\t\t\t\t<div class=\"elementor-element elementor-element-534ed8a elementor-widget elementor-widget-image\" data-id=\"534ed8a\" data-element_type=\"widget\" data-widget_type=\"image.default\">\n\t\t\t\t<div class=\"elementor-widget-container\">\n\t\t\t\t\t\t\t\t\t\t\t\t\t\t\t<img decoding=\"async\" src=\"https:\/\/blog-clarel.imgix.net\/2023\/08\/qr_app_clarel.png\" title=\"\" alt=\"\" loading=\"lazy\" \/>\t\t\t\t\t\t\t\t\t\t\t\t\t\t\t<\/div>\n\t\t\t\t<\/div>\n\t\t\t\t<div class=\"elementor-element elementor-element-4f7bf3c elementor-widget elementor-widget-text-editor\" data-id=\"4f7bf3c\" data-element_type=\"widget\" data-widget_type=\"text-editor.default\">\n\t\t\t\t<div class=\"elementor-widget-container\">\n\t\t\t\t\t\t\t\t\t<h2 style=\"margin: 0px;padding: 0px 0px 10px;border: 0px;font-size: 31px;vertical-align: baseline;background-image: initial;background-position: initial;background-size: initial;background-repeat: initial;background-attachment: initial;line-height: 1.3em;font-family: Poppins, Helvetica, Arial, Lucida, sans-serif;color: #eb7643 !important\">\u00bfC\u00f3mo descargar la App?<\/h2><p style=\"margin: 0px;padding: 0px;border: 0px;font-size: 24px;vertical-align: baseline;background-image: initial;background-position: initial;background-size: initial;background-repeat: initial;background-attachment: initial;color: #303030;font-family: Poppins, Helvetica, Arial, Lucida, sans-serif\">Escanea el\u00a0<span style=\"margin: 0px;padding: 0px;border: 0px;vertical-align: baseline;background: transparent;font-weight: bold\">c\u00f3digo QR<\/span>\u00a0o busca\u00a0<span style=\"margin: 0px;padding: 0px;border: 0px;vertical-align: baseline;background: transparent;font-weight: bold\">Clarel<\/span>\u00a0en el mercado de\u00a0<span style=\"margin: 0px;padding: 0px;border: 0px;vertical-align: baseline;background: transparent;font-weight: bold\">aplicaciones<\/span>\u00a0de tu smartphone. Tambi\u00e9n puedes clicar en el siguiente\u00a0<span style=\"margin: 0px;padding: 0px;border: 0px;vertical-align: baseline;background: transparent;font-weight: bold\"><a style=\"margin: 0px;padding: 0px;border: 0px;vertical-align: baseline;background-image: initial;background-position: initial;background-size: initial;background-repeat: initial;background-attachment: initial;color: #edb059\" title=\"App Clarel\" href=\"https:\/\/onelink.to\/t3ehrs\">enlace<\/a>\u00a0<\/span>desde el m\u00f3vil.<\/p>\t\t\t\t\t\t\t\t<\/div>\n\t\t\t\t<\/div>\n\t\t\t\t<\/div>\n\t\t\t\t\t<\/div>\n\t\t\t\t<\/div>\n\t\t<div class=\"elementor-element elementor-element-61c92b5 e-flex e-con-boxed e-con e-parent\" data-id=\"61c92b5\" data-element_type=\"container\">\n\t\t\t\t\t<div class=\"e-con-inner\">\n\t\t\t\t<div class=\"elementor-element elementor-element-0c4356a elementor-widget-divider--view-line elementor-widget elementor-widget-divider\" data-id=\"0c4356a\" data-element_type=\"widget\" data-widget_type=\"divider.default\">\n\t\t\t\t<div class=\"elementor-widget-container\">\n\t\t\t\t\t\t\t<div class=\"elementor-divider\">\n\t\t\t<span class=\"elementor-divider-separator\">\n\t\t\t\t\t\t<\/span>\n\t\t<\/div>\n\t\t\t\t\t\t<\/div>\n\t\t\t\t<\/div>\n\t\t\t\t<div class=\"elementor-element elementor-element-0b55b66 elementor-widget elementor-widget-text-editor\" data-id=\"0b55b66\" data-element_type=\"widget\" data-widget_type=\"text-editor.default\">\n\t\t\t\t<div class=\"elementor-widget-container\">\n\t\t\t\t\t\t\t\t\t<div style=\"font-family: 'Poppins', sans-serif; font-size: 18px; line-height: 1.6; color: #2d2d2d;\">\n<h2 style=\"color: #f37b30; font-weight: 600; font-size: 24px;\">\u00bfC\u00f3mo entrar en la App?<\/h2>\n<p><strong>Inicia sesi\u00f3n<\/strong> en la App con tu cuenta de <strong>CLUB Dia<\/strong>.<\/p>\n<p>Si no recuerdas tus datos de acceso, cons\u00faltalos en <strong>tu perfil<\/strong> de la App CLUB Dia.<\/p>\n<p>Si no tienes cuenta en CLUB Dia, <strong>crea<\/strong> tu cuenta f\u00e1cilmente en la App de Clarel.<\/p>\n<p>Los datos de acceso de la APP de Clarel son los mismos que la APP de Dia y la web de DIA, pero son diferentes a los de la Web de Clarel.<\/p>\n<\/div>\t\t\t\t\t\t\t\t<\/div>\n\t\t\t\t<\/div>\n\t\t\t\t<div class=\"elementor-element elementor-element-8da7496 elementor-widget-divider--view-line elementor-widget elementor-widget-divider\" data-id=\"8da7496\" data-element_type=\"widget\" data-widget_type=\"divider.default\">\n\t\t\t\t<div class=\"elementor-widget-container\">\n\t\t\t\t\t\t\t<div class=\"elementor-divider\">\n\t\t\t<span class=\"elementor-divider-separator\">\n\t\t\t\t\t\t<\/span>\n\t\t<\/div>\n\t\t\t\t\t\t<\/div>\n\t\t\t\t<\/div>\n\t\t<div class=\"elementor-element elementor-element-de45a6a e-con-full e-flex e-con e-child\" data-id=\"de45a6a\" data-element_type=\"container\">\n\t\t\t\t<div class=\"elementor-element elementor-element-32b26e0 elementor-widget elementor-widget-text-editor\" data-id=\"32b26e0\" data-element_type=\"widget\" data-widget_type=\"text-editor.default\">\n\t\t\t\t<div class=\"elementor-widget-container\">\n\t\t\t\t\t\t\t\t\t<div style=\"font-family: 'Poppins', sans-serif;font-size: 18px;line-height: 1.6;color: #2d2d2d\">\n  <h2 style=\"color: #f37b30;font-weight: 600;font-size: 24px\">\u00bfSigue funcionando la tarjeta f\u00edsica de CLUB Dia?<\/h2>\n\n  <p>\n    S\u00ed, puedes seguir utilizando la tarjeta f\u00edsica de <strong>CLUB Dia<\/strong> para tus compras en Clarel. Pero te recomendamos <strong>descargarte la nueva App<\/strong> para que puedas llevar tanto la tarjeta como los cupones en el m\u00f3vil de manera c\u00f3moda.\n  <\/p>\n<\/div>\n\t\t\t\t\t\t\t\t<\/div>\n\t\t\t\t<\/div>\n\t\t<div class=\"elementor-element elementor-element-5b09943 e-grid e-con-full e-con e-child\" data-id=\"5b09943\" data-element_type=\"container\">\n\t\t\t\t<div class=\"elementor-element elementor-element-ebf5ea0 elementor-widget elementor-widget-image\" data-id=\"ebf5ea0\" data-element_type=\"widget\" data-widget_type=\"image.default\">\n\t\t\t\t<div class=\"elementor-widget-container\">\n\t\t\t\t\t\t\t\t\t\t\t\t\t\t\t<img decoding=\"async\" src=\"https:\/\/blog-clarel.imgix.net\/2024\/09\/Android_App-P2.jpg?auto=format%2Ccompress&amp;ixlib=php-3.3.0&amp;w=1080\" title=\"\" alt=\"\" loading=\"lazy\" \/>\t\t\t\t\t\t\t\t\t\t\t\t\t\t\t<\/div>\n\t\t\t\t<\/div>\n\t\t\t\t<div class=\"elementor-element elementor-element-1150d6d elementor-widget elementor-widget-image\" data-id=\"1150d6d\" data-element_type=\"widget\" data-widget_type=\"image.default\">\n\t\t\t\t<div class=\"elementor-widget-container\">\n\t\t\t\t\t\t\t\t\t\t\t\t\t\t\t<img decoding=\"async\" src=\"https:\/\/blog-clarel.imgix.net\/2024\/09\/Android_App-P4.jpg?auto=format%2Ccompress&amp;ixlib=php-3.3.0&amp;w=1080\" title=\"\" alt=\"\" loading=\"lazy\" \/>\t\t\t\t\t\t\t\t\t\t\t\t\t\t\t<\/div>\n\t\t\t\t<\/div>\n\t\t\t\t<div class=\"elementor-element elementor-element-b96234f elementor-widget elementor-widget-image\" data-id=\"b96234f\" data-element_type=\"widget\" data-widget_type=\"image.default\">\n\t\t\t\t<div class=\"elementor-widget-container\">\n\t\t\t\t\t\t\t\t\t\t\t\t\t\t\t<img decoding=\"async\" src=\"https:\/\/blog-clarel.imgix.net\/2024\/09\/Android_App-P3.jpg?auto=format%2Ccompress&amp;ixlib=php-3.3.0&amp;w=1080\" title=\"\" alt=\"\" loading=\"lazy\" \/>\t\t\t\t\t\t\t\t\t\t\t\t\t\t\t<\/div>\n\t\t\t\t<\/div>\n\t\t\t\t<div class=\"elementor-element elementor-element-7f477c3 elementor-widget elementor-widget-image\" data-id=\"7f477c3\" data-element_type=\"widget\" data-widget_type=\"image.default\">\n\t\t\t\t<div class=\"elementor-widget-container\">\n\t\t\t\t\t\t\t\t\t\t\t\t\t\t\t<img decoding=\"async\" src=\"https:\/\/blog-clarel.imgix.net\/2024\/09\/Android_App-P5.jpg?auto=format%2Ccompress&amp;ixlib=php-3.3.0&amp;w=1080\" title=\"\" alt=\"\" loading=\"lazy\" \/>\t\t\t\t\t\t\t\t\t\t\t\t\t\t\t<\/div>\n\t\t\t\t<\/div>\n\t\t\t\t<\/div>\n\t\t<div class=\"elementor-element elementor-element-fc16eb1 e-con-full e-flex e-con e-child\" data-id=\"fc16eb1\" data-element_type=\"container\">\n\t\t\t\t<div class=\"elementor-element elementor-element-bc40d40 elementor-widget elementor-widget-text-editor\" data-id=\"bc40d40\" data-element_type=\"widget\" data-widget_type=\"text-editor.default\">\n\t\t\t\t<div class=\"elementor-widget-container\">\n\t\t\t\t\t\t\t\t\t<div style=\"font-family: 'Poppins', sans-serif;font-size: 18px;line-height: 1.6;color: #2d2d2d\">\n  <h2 style=\"color: #f37b30;font-weight: 600;font-size: 24px\">\u00bfQu\u00e9 beneficios tiene la nueva App de Clarel?<\/h2>\n\n  <p>\n    Te permite llevar tanto <strong>tus cupones<\/strong> como <strong>la tarjeta<\/strong> en tu m\u00f3vil, donde podr\u00e1s consultar <strong>tickets de compra<\/strong>, <strong>folletos<\/strong> y recibir <strong>ventajas exclusivas<\/strong>.\n  <\/p>\n\n  <p>\n    Adem\u00e1s, <strong>\u00a1si te la descargas ahora recibir\u00e1s un cup\u00f3n de 3\u20ac<\/strong> por compras superiores a 15\u20ac!<\/p>\n<\/div>\n\t\t\t\t\t\t\t\t<\/div>\n\t\t\t\t<\/div>\n\t\t\t\t<\/div>\n\t\t\t\t<\/div>\n\t\t\t\t\t<\/div>\n\t\t\t\t<\/div>\n\t\t\t\t<\/div>\n\t\t","protected":false},"excerpt":{"rendered":"<p>\u00bfC\u00f3mo descargar la App? Escanea el\u00a0c\u00f3digo QR\u00a0o busca\u00a0Clarel\u00a0en el mercado de\u00a0aplicaciones\u00a0de tu smartphone. Tambi\u00e9n puedes clicar en el siguiente\u00a0enlace\u00a0desde el m\u00f3vil. \u00bfC\u00f3mo entrar en la App? Inicia sesi\u00f3n en la App con tu cuenta de CLUB Dia. Si no recuerdas tus datos de acceso, cons\u00faltalos en tu perfil de la App CLUB Dia. Si no [&hellip;]<\/p>\n","protected":false},"author":3,"featured_media":0,"parent":0,"menu_order":0,"comment_status":"closed","ping_status":"closed","template":"elementor_header_footer","meta":{"footnotes":""},"class_list":["post-6091","page","type-page","status-publish","hentry"],"yoast_head":"<!-- This site is optimized with the Yoast SEO plugin v25.4 - https:\/\/yoast.com\/wordpress\/plugins\/seo\/ -->\n<title>App Clarel - Clarel<\/title>\n<meta name=\"robots\" content=\"index, follow, max-snippet:-1, max-image-preview:large, max-video-preview:-1\" \/>\n<link rel=\"canonical\" href=\"https:\/\/www.clarel.es\/blog\/app-clarel\/\" \/>\n<meta property=\"og:locale\" content=\"es_ES\" \/>\n<meta property=\"og:type\" content=\"article\" \/>\n<meta property=\"og:title\" content=\"App Clarel - Clarel\" \/>\n<meta property=\"og:description\" content=\"\u00bfC\u00f3mo descargar la App? Escanea el\u00a0c\u00f3digo QR\u00a0o busca\u00a0Clarel\u00a0en el mercado de\u00a0aplicaciones\u00a0de tu smartphone. Tambi\u00e9n puedes clicar en el siguiente\u00a0enlace\u00a0desde el m\u00f3vil. \u00bfC\u00f3mo entrar en la App? Inicia sesi\u00f3n en la App con tu cuenta de CLUB Dia. Si no recuerdas tus datos de acceso, cons\u00faltalos en tu perfil de la App CLUB Dia. Si no [&hellip;]\" \/>\n<meta property=\"og:url\" content=\"https:\/\/www.clarel.es\/blog\/app-clarel\/\" \/>\n<meta property=\"og:site_name\" content=\"Clarel\" \/>\n<meta property=\"article:modified_time\" content=\"2025-08-28T09:52:12+00:00\" \/>\n<meta property=\"og:image\" content=\"https:\/\/blog-clarel.imgix.net\/2025\/06\/landing_app_pc.png\" \/>\n<meta name=\"twitter:card\" content=\"summary_large_image\" \/>\n<script type=\"application\/ld+json\" class=\"yoast-schema-graph\">{\"@context\":\"https:\/\/schema.org\",\"@graph\":[{\"@type\":\"WebPage\",\"@id\":\"https:\/\/www.clarel.es\/blog\/app-clarel\/\",\"url\":\"https:\/\/www.clarel.es\/blog\/app-clarel\/\",\"name\":\"App Clarel - Clarel\",\"isPartOf\":{\"@id\":\"https:\/\/www.clarel.es\/blog\/#website\"},\"primaryImageOfPage\":{\"@id\":\"https:\/\/www.clarel.es\/blog\/app-clarel\/#primaryimage\"},\"image\":{\"@id\":\"https:\/\/www.clarel.es\/blog\/app-clarel\/#primaryimage\"},\"thumbnailUrl\":\"https:\/\/blog-clarel.imgix.net\/2025\/06\/landing_app_pc.png\",\"datePublished\":\"2023-08-01T12:51:58+00:00\",\"dateModified\":\"2025-08-28T09:52:12+00:00\",\"breadcrumb\":{\"@id\":\"https:\/\/www.clarel.es\/blog\/app-clarel\/#breadcrumb\"},\"inLanguage\":\"es\",\"potentialAction\":[{\"@type\":\"ReadAction\",\"target\":[\"https:\/\/www.clarel.es\/blog\/app-clarel\/\"]}]},{\"@type\":\"ImageObject\",\"inLanguage\":\"es\",\"@id\":\"https:\/\/www.clarel.es\/blog\/app-clarel\/#primaryimage\",\"url\":\"https:\/\/blog-clarel.imgix.net\/2025\/06\/landing_app_pc.png\",\"contentUrl\":\"https:\/\/blog-clarel.imgix.net\/2025\/06\/landing_app_pc.png\"},{\"@type\":\"BreadcrumbList\",\"@id\":\"https:\/\/www.clarel.es\/blog\/app-clarel\/#breadcrumb\",\"itemListElement\":[{\"@type\":\"ListItem\",\"position\":1,\"name\":\"Portada\",\"item\":\"https:\/\/www.clarel.es\/blog\/\"},{\"@type\":\"ListItem\",\"position\":2,\"name\":\"App Clarel\"}]},{\"@type\":\"WebSite\",\"@id\":\"https:\/\/www.clarel.es\/blog\/#website\",\"url\":\"https:\/\/www.clarel.es\/blog\/\",\"name\":\"Clarel\",\"description\":\"Tienda Online de perfumeria, cosmetica, maquillaje y hogar.\",\"publisher\":{\"@id\":\"https:\/\/www.clarel.es\/blog\/#organization\"},\"potentialAction\":[{\"@type\":\"SearchAction\",\"target\":{\"@type\":\"EntryPoint\",\"urlTemplate\":\"https:\/\/www.clarel.es\/blog\/?s={search_term_string}\"},\"query-input\":{\"@type\":\"PropertyValueSpecification\",\"valueRequired\":true,\"valueName\":\"search_term_string\"}}],\"inLanguage\":\"es\"},{\"@type\":\"Organization\",\"@id\":\"https:\/\/www.clarel.es\/blog\/#organization\",\"name\":\"Clarel\",\"url\":\"https:\/\/www.clarel.es\/blog\/\",\"logo\":{\"@type\":\"ImageObject\",\"inLanguage\":\"es\",\"@id\":\"https:\/\/www.clarel.es\/blog\/#\/schema\/logo\/image\/\",\"url\":\"https:\/\/clarel-test.ezenit.link\/blog\/wp-content\/uploads\/2022\/08\/logo_clarel.png\",\"contentUrl\":\"https:\/\/clarel-test.ezenit.link\/blog\/wp-content\/uploads\/2022\/08\/logo_clarel.png\",\"width\":432,\"height\":101,\"caption\":\"Clarel\"},\"image\":{\"@id\":\"https:\/\/www.clarel.es\/blog\/#\/schema\/logo\/image\/\"}}]}<\/script>\n<!-- \/ Yoast SEO plugin. -->","yoast_head_json":{"title":"App Clarel - Clarel","robots":{"index":"index","follow":"follow","max-snippet":"max-snippet:-1","max-image-preview":"max-image-preview:large","max-video-preview":"max-video-preview:-1"},"canonical":"https:\/\/www.clarel.es\/blog\/app-clarel\/","og_locale":"es_ES","og_type":"article","og_title":"App Clarel - Clarel","og_description":"\u00bfC\u00f3mo descargar la App? Escanea el\u00a0c\u00f3digo QR\u00a0o busca\u00a0Clarel\u00a0en el mercado de\u00a0aplicaciones\u00a0de tu smartphone. Tambi\u00e9n puedes clicar en el siguiente\u00a0enlace\u00a0desde el m\u00f3vil. \u00bfC\u00f3mo entrar en la App? Inicia sesi\u00f3n en la App con tu cuenta de CLUB Dia. Si no recuerdas tus datos de acceso, cons\u00faltalos en tu perfil de la App CLUB Dia. Si no [&hellip;]","og_url":"https:\/\/www.clarel.es\/blog\/app-clarel\/","og_site_name":"Clarel","article_modified_time":"2025-08-28T09:52:12+00:00","og_image":[{"url":"https:\/\/blog-clarel.imgix.net\/2025\/06\/landing_app_pc.png","type":"","width":"","height":""}],"twitter_card":"summary_large_image","schema":{"@context":"https:\/\/schema.org","@graph":[{"@type":"WebPage","@id":"https:\/\/www.clarel.es\/blog\/app-clarel\/","url":"https:\/\/www.clarel.es\/blog\/app-clarel\/","name":"App Clarel - Clarel","isPartOf":{"@id":"https:\/\/www.clarel.es\/blog\/#website"},"primaryImageOfPage":{"@id":"https:\/\/www.clarel.es\/blog\/app-clarel\/#primaryimage"},"image":{"@id":"https:\/\/www.clarel.es\/blog\/app-clarel\/#primaryimage"},"thumbnailUrl":"https:\/\/blog-clarel.imgix.net\/2025\/06\/landing_app_pc.png","datePublished":"2023-08-01T12:51:58+00:00","dateModified":"2025-08-28T09:52:12+00:00","breadcrumb":{"@id":"https:\/\/www.clarel.es\/blog\/app-clarel\/#breadcrumb"},"inLanguage":"es","potentialAction":[{"@type":"ReadAction","target":["https:\/\/www.clarel.es\/blog\/app-clarel\/"]}]},{"@type":"ImageObject","inLanguage":"es","@id":"https:\/\/www.clarel.es\/blog\/app-clarel\/#primaryimage","url":"https:\/\/blog-clarel.imgix.net\/2025\/06\/landing_app_pc.png","contentUrl":"https:\/\/blog-clarel.imgix.net\/2025\/06\/landing_app_pc.png"},{"@type":"BreadcrumbList","@id":"https:\/\/www.clarel.es\/blog\/app-clarel\/#breadcrumb","itemListElement":[{"@type":"ListItem","position":1,"name":"Portada","item":"https:\/\/www.clarel.es\/blog\/"},{"@type":"ListItem","position":2,"name":"App Clarel"}]},{"@type":"WebSite","@id":"https:\/\/www.clarel.es\/blog\/#website","url":"https:\/\/www.clarel.es\/blog\/","name":"Clarel","description":"Tienda Online de perfumeria, cosmetica, maquillaje y hogar.","publisher":{"@id":"https:\/\/www.clarel.es\/blog\/#organization"},"potentialAction":[{"@type":"SearchAction","target":{"@type":"EntryPoint","urlTemplate":"https:\/\/www.clarel.es\/blog\/?s={search_term_string}"},"query-input":{"@type":"PropertyValueSpecification","valueRequired":true,"valueName":"search_term_string"}}],"inLanguage":"es"},{"@type":"Organization","@id":"https:\/\/www.clarel.es\/blog\/#organization","name":"Clarel","url":"https:\/\/www.clarel.es\/blog\/","logo":{"@type":"ImageObject","inLanguage":"es","@id":"https:\/\/www.clarel.es\/blog\/#\/schema\/logo\/image\/","url":"https:\/\/clarel-test.ezenit.link\/blog\/wp-content\/uploads\/2022\/08\/logo_clarel.png","contentUrl":"https:\/\/clarel-test.ezenit.link\/blog\/wp-content\/uploads\/2022\/08\/logo_clarel.png","width":432,"height":101,"caption":"Clarel"},"image":{"@id":"https:\/\/www.clarel.es\/blog\/#\/schema\/logo\/image\/"}}]}},"_links":{"self":[{"href":"https:\/\/www.clarel.es\/blog\/wp-json\/wp\/v2\/pages\/6091","targetHints":{"allow":["GET"]}}],"collection":[{"href":"https:\/\/www.clarel.es\/blog\/wp-json\/wp\/v2\/pages"}],"about":[{"href":"https:\/\/www.clarel.es\/blog\/wp-json\/wp\/v2\/types\/page"}],"author":[{"embeddable":true,"href":"https:\/\/www.clarel.es\/blog\/wp-json\/wp\/v2\/users\/3"}],"replies":[{"embeddable":true,"href":"https:\/\/www.clarel.es\/blog\/wp-json\/wp\/v2\/comments?post=6091"}],"version-history":[{"count":37,"href":"https:\/\/www.clarel.es\/blog\/wp-json\/wp\/v2\/pages\/6091\/revisions"}],"predecessor-version":[{"id":14794,"href":"https:\/\/www.clarel.es\/blog\/wp-json\/wp\/v2\/pages\/6091\/revisions\/14794"}],"wp:attachment":[{"href":"https:\/\/www.clarel.es\/blog\/wp-json\/wp\/v2\/media?parent=6091"}],"curies":[{"name":"wp","href":"https:\/\/api.w.org\/{rel}","templated":true}]}}