{"id":3357,"date":"2022-12-14T16:42:30","date_gmt":"2022-12-14T16:42:30","guid":{"rendered":"https:\/\/www.clarel.es\/info\/?page_id=3357"},"modified":"2026-02-19T13:01:00","modified_gmt":"2026-02-19T13:01:00","slug":"blog-clarel","status":"publish","type":"page","link":"https:\/\/www.clarel.es\/blog\/","title":{"rendered":"Blog Clarel"},"content":{"rendered":"\t\t<div data-elementor-type=\"wp-page\" data-elementor-id=\"3357\" class=\"elementor elementor-3357\" data-elementor-post-type=\"page\">\n\t\t\t\t<div class=\"elementor-element elementor-element-13c034b e-con-full elementor-hidden-tablet elementor-hidden-mobile e-flex e-con e-parent\" data-id=\"13c034b\" data-element_type=\"container\">\n\t\t\t\t<div class=\"elementor-element elementor-element-b50f88c elementor-widget elementor-widget-image\" data-id=\"b50f88c\" data-element_type=\"widget\" data-widget_type=\"image.default\">\n\t\t\t\t<div class=\"elementor-widget-container\">\n\t\t\t\t\t\t\t\t\t\t\t\t\t\t\t<img fetchpriority=\"high\" decoding=\"async\" width=\"2560\" height=\"818\" src=\"https:\/\/blog-clarel.imgix.net\/uploads\/2025\/11\/19161000\/blog_clarel_header_oct25-04-scaled.png\" class=\"attachment-full size-full wp-image-16810\" alt=\"\" srcset=\"https:\/\/blog-clarel.imgix.net\/uploads\/2025\/11\/19161000\/blog_clarel_header_oct25-04-scaled.png 2560w, https:\/\/blog-clarel.imgix.net\/uploads\/2025\/11\/19161000\/blog_clarel_header_oct25-04-300x96.png 300w, https:\/\/blog-clarel.imgix.net\/uploads\/2025\/11\/19161000\/blog_clarel_header_oct25-04-1024x327.png 1024w, https:\/\/blog-clarel.imgix.net\/uploads\/2025\/11\/19161000\/blog_clarel_header_oct25-04-768x246.png 768w, https:\/\/blog-clarel.imgix.net\/uploads\/2025\/11\/19161000\/blog_clarel_header_oct25-04-1536x491.png 1536w, https:\/\/blog-clarel.imgix.net\/uploads\/2025\/11\/19161000\/blog_clarel_header_oct25-04-2048x655.png 2048w\" sizes=\"(max-width: 2560px) 100vw, 2560px\" \/>\t\t\t\t\t\t\t\t\t\t\t\t\t\t\t<\/div>\n\t\t\t\t<\/div>\n\t\t\t\t<\/div>\n\t\t<div class=\"elementor-element elementor-element-b5329eb e-con-full elementor-hidden-desktop e-flex e-con e-parent\" data-id=\"b5329eb\" data-element_type=\"container\">\n\t\t<div class=\"elementor-element elementor-element-5df2689 e-con-full e-flex e-con e-child\" data-id=\"5df2689\" data-element_type=\"container\">\n\t\t\t\t<div class=\"elementor-element elementor-element-7ce9f92 elementor-widget elementor-widget-image\" data-id=\"7ce9f92\" data-element_type=\"widget\" data-widget_type=\"image.default\">\n\t\t\t\t<div class=\"elementor-widget-container\">\n\t\t\t\t\t\t\t\t\t\t\t\t\t\t\t<img decoding=\"async\" width=\"1250\" height=\"605\" src=\"https:\/\/blog-clarel.imgix.net\/uploads\/2025\/11\/19160955\/blog_clarel_header_oct25-03.png\" class=\"attachment-full size-full wp-image-16808\" alt=\"\" srcset=\"https:\/\/blog-clarel.imgix.net\/uploads\/2025\/11\/19160955\/blog_clarel_header_oct25-03.png 1250w, https:\/\/blog-clarel.imgix.net\/uploads\/2025\/11\/19160955\/blog_clarel_header_oct25-03-300x145.png 300w, https:\/\/blog-clarel.imgix.net\/uploads\/2025\/11\/19160955\/blog_clarel_header_oct25-03-1024x496.png 1024w, https:\/\/blog-clarel.imgix.net\/uploads\/2025\/11\/19160955\/blog_clarel_header_oct25-03-768x372.png 768w\" sizes=\"(max-width: 1250px) 100vw, 1250px\" \/>\t\t\t\t\t\t\t\t\t\t\t\t\t\t\t<\/div>\n\t\t\t\t<\/div>\n\t\t\t\t<\/div>\n\t\t\t\t<\/div>\n\t\t<div class=\"elementor-element elementor-element-0ac3bfe e-flex e-con-boxed e-con e-parent\" data-id=\"0ac3bfe\" data-element_type=\"container\">\n\t\t\t\t\t<div class=\"e-con-inner\">\n\t\t\t\t<div class=\"elementor-element elementor-element-71f4b27 elementor-widget elementor-widget-text-editor\" data-id=\"71f4b27\" data-element_type=\"widget\" data-widget_type=\"text-editor.default\">\n\t\t\t\t<div class=\"elementor-widget-container\">\n\t\t\t\t\t\t\t\t\t<p>\u00daltimas publicaciones<\/p>\t\t\t\t\t\t\t\t<\/div>\n\t\t\t\t<\/div>\n\t\t\t\t<div class=\"elementor-element elementor-element-24394ba elementor-widget elementor-widget-upk-post-accordion\" data-id=\"24394ba\" data-element_type=\"widget\" data-settings=\"{&quot;upk_link_new_tab&quot;:&quot;yes&quot;}\" data-widget_type=\"upk-post-accordion.default\">\n\t\t\t\t<div class=\"elementor-widget-container\">\n\t\t\t\t\t\t\t<div class=\"upk-accordion\">\n\t\t\t<div class=\"upk-accordion-wrapper upk-accordion-contentstyle-1 upk-accordion-style-1\">\n\n\t\t\t\t\n\t\t\t\t\t\n\t\t<div class=\"upk-accordion-item\">\n\t\t\t<div class=\"upk-accordion-item-box\">\n\n\t\t\t\t<div class=\"upk-accordion-image\">\n\t\t\t\t\t<img decoding=\"async\" width=\"800\" height=\"387\" src=\"https:\/\/blog-clarel.imgix.net\/uploads\/2025\/12\/05150110\/como-tener-el-pelo-perfecto-1024x495.jpg\" class=\"upk-img\" alt=\"C\u00f3mo conseguir un pelo perfecto: gu\u00eda completa | Clarel\" srcset=\"https:\/\/blog-clarel.imgix.net\/uploads\/2025\/12\/05150110\/como-tener-el-pelo-perfecto-1024x495.jpg 1024w, https:\/\/blog-clarel.imgix.net\/uploads\/2025\/12\/05150110\/como-tener-el-pelo-perfecto-300x145.jpg 300w, https:\/\/blog-clarel.imgix.net\/uploads\/2025\/12\/05150110\/como-tener-el-pelo-perfecto-768x372.jpg 768w, https:\/\/blog-clarel.imgix.net\/uploads\/2025\/12\/05150110\/como-tener-el-pelo-perfecto-1536x743.jpg 1536w, https:\/\/blog-clarel.imgix.net\/uploads\/2025\/12\/05150110\/como-tener-el-pelo-perfecto.jpg 2032w\" sizes=\"(max-width: 800px) 100vw, 800px\" \/>\t\t\t\t<\/div>\n\t\t\t\t\n\t\t\t\t<div class=\"upk-accordion-content\">\n\t\t\t\t\t\t\t\t\t\t<h3 class=\"upk-title\"><a  data-hover=\"C\u00f3mo conseguir un pelo perfecto: gu\u00eda completa | Clarel\" href=\"https:\/\/www.clarel.es\/blog\/como-conseguir-un-pelo-perfecto-guia-completa-clarel\/\" title=\"C\u00f3mo conseguir un pelo perfecto: gu\u00eda completa | Clarel\" class=\"title-animation-\">C\u00f3mo conseguir un pelo perfecto: gu\u00eda completa | Clarel<\/a><\/h3>\t\t\t\t\t\n\t\t\t\t\t\n\t\t\t\t<\/div>\n\n\t\t\t<\/div>\n\t\t<\/div>\n\n\t\n\t\t\t\t\n\t\t\t\t\t\n\t\t<div class=\"upk-accordion-item\">\n\t\t\t<div class=\"upk-accordion-item-box\">\n\n\t\t\t\t<div class=\"upk-accordion-image\">\n\t\t\t\t\t<img loading=\"lazy\" decoding=\"async\" width=\"800\" height=\"387\" src=\"https:\/\/blog-clarel.imgix.net\/uploads\/2026\/02\/05115632\/niacinamida-para-que-sirve-1024x495.jpg\" class=\"upk-img\" alt=\"Niacinamida en la piel: \u00bfpara qu\u00e9 sirve?\" srcset=\"https:\/\/blog-clarel.imgix.net\/uploads\/2026\/02\/05115632\/niacinamida-para-que-sirve-1024x495.jpg 1024w, https:\/\/blog-clarel.imgix.net\/uploads\/2026\/02\/05115632\/niacinamida-para-que-sirve-300x145.jpg 300w, https:\/\/blog-clarel.imgix.net\/uploads\/2026\/02\/05115632\/niacinamida-para-que-sirve-768x372.jpg 768w, https:\/\/blog-clarel.imgix.net\/uploads\/2026\/02\/05115632\/niacinamida-para-que-sirve-1536x743.jpg 1536w, https:\/\/blog-clarel.imgix.net\/uploads\/2026\/02\/05115632\/niacinamida-para-que-sirve.jpg 2032w\" sizes=\"(max-width: 800px) 100vw, 800px\" \/>\t\t\t\t<\/div>\n\t\t\t\t\n\t\t\t\t<div class=\"upk-accordion-content\">\n\t\t\t\t\t\t\t\t\t\t<h3 class=\"upk-title\"><a  data-hover=\"Niacinamida en la piel: \u00bfpara qu\u00e9 sirve?\" href=\"https:\/\/www.clarel.es\/blog\/niacinamida-en-la-piel-para-que-sirve\/\" title=\"Niacinamida en la piel: \u00bfpara qu\u00e9 sirve?\" class=\"title-animation-\">Niacinamida en la piel: \u00bfpara qu\u00e9 sirve?<\/a><\/h3>\t\t\t\t\t\n\t\t\t\t\t\n\t\t\t\t<\/div>\n\n\t\t\t<\/div>\n\t\t<\/div>\n\n\t\n\t\t\t\t\n\t\t\t\t\t\n\t\t<div class=\"upk-accordion-item\">\n\t\t\t<div class=\"upk-accordion-item-box\">\n\n\t\t\t\t<div class=\"upk-accordion-image\">\n\t\t\t\t\t<img loading=\"lazy\" decoding=\"async\" width=\"800\" height=\"387\" src=\"https:\/\/blog-clarel.imgix.net\/uploads\/2025\/12\/05113619\/hidratacion-capilar-1024x495.jpg\" class=\"upk-img\" alt=\"C\u00f3mo hidratar el pelo seco: consejos y tratamientos | Clarel\" srcset=\"https:\/\/blog-clarel.imgix.net\/uploads\/2025\/12\/05113619\/hidratacion-capilar-1024x495.jpg 1024w, https:\/\/blog-clarel.imgix.net\/uploads\/2025\/12\/05113619\/hidratacion-capilar-300x145.jpg 300w, https:\/\/blog-clarel.imgix.net\/uploads\/2025\/12\/05113619\/hidratacion-capilar-768x372.jpg 768w, https:\/\/blog-clarel.imgix.net\/uploads\/2025\/12\/05113619\/hidratacion-capilar-1536x743.jpg 1536w, https:\/\/blog-clarel.imgix.net\/uploads\/2025\/12\/05113619\/hidratacion-capilar.jpg 2032w\" sizes=\"(max-width: 800px) 100vw, 800px\" \/>\t\t\t\t<\/div>\n\t\t\t\t\n\t\t\t\t<div class=\"upk-accordion-content\">\n\t\t\t\t\t\t\t\t\t\t<h3 class=\"upk-title\"><a  data-hover=\"C\u00f3mo hidratar el pelo seco: consejos y tratamientos | Clarel\" href=\"https:\/\/www.clarel.es\/blog\/como-hidratar-el-pelo-seco-consejos-y-tratamientos-clarel\/\" title=\"C\u00f3mo hidratar el pelo seco: consejos y tratamientos | Clarel\" class=\"title-animation-\">C\u00f3mo hidratar el pelo seco: consejos y tratamientos | Clarel<\/a><\/h3>\t\t\t\t\t\n\t\t\t\t\t\n\t\t\t\t<\/div>\n\n\t\t\t<\/div>\n\t\t<\/div>\n\n\t\n\t\t\t\t\n\t\t\t<\/div>\n\t\t<\/div>\n\n\t\t\t\t\t<div class=\"ep-pagination\">\n\t\t\t\t<ul class=\"upk-pagination\" data-widget-id=\"24394ba\" >\n<li class=\"upk-active\"><a href=\"https:\/\/www.clarel.es\/blog\/wp-json\/wp\/v2\/pages\/3357\/\">1<\/a><\/li>\n<li><a href=\"https:\/\/www.clarel.es\/blog\/wp-json\/wp\/v2\/pages\/3357\/page\/2\/\">2<\/a><\/li>\n<li><a href=\"https:\/\/www.clarel.es\/blog\/wp-json\/wp\/v2\/pages\/3357\/page\/3\/\">3<\/a><\/li>\n<li class=\"upk-pagination-dot-dot\"><span>...<\/span><\/li>\n<li><a href=\"https:\/\/www.clarel.es\/blog\/wp-json\/wp\/v2\/pages\/3357\/page\/23\/\">23<\/a><\/li>\n<li class=\"upk-pagination-next\"><a href=\"https:\/\/www.clarel.es\/blog\/wp-json\/wp\/v2\/pages\/3357\/page\/2\/\"><span data-upk-pagination-next><i class=\"upk-icon-arrow-right-5\" aria-hidden=\"true\"><\/i><\/span><\/a><\/li>\n<\/ul>\n\t\t\t<\/div>\n\t\t\t\t<\/div>\n\t\t\t\t<\/div>\n\t\t<div class=\"elementor-element elementor-element-ff28172 e-con-full e-flex e-con e-child\" data-id=\"ff28172\" data-element_type=\"container\">\n\t\t\t\t<div class=\"elementor-element elementor-element-8863b5d elementor-widget elementor-widget-text-editor\" data-id=\"8863b5d\" data-element_type=\"widget\" data-widget_type=\"text-editor.default\">\n\t\t\t\t<div class=\"elementor-widget-container\">\n\t\t\t\t\t\t\t\t\t<p>\u00bfQu\u00e9 est\u00e1s buscando?<\/p>\t\t\t\t\t\t\t\t<\/div>\n\t\t\t\t<\/div>\n\t\t\t\t<div class=\"elementor-element elementor-element-4c46a65 elementor-widget elementor-widget-upk-post-category\" data-id=\"4c46a65\" data-element_type=\"widget\" data-widget_type=\"upk-post-category.default\">\n\t\t\t\t<div class=\"elementor-widget-container\">\n\t\t\t\t\t\t\t\t<div class=\"upk-post-category upk-category-style-2\">\n\t\t\t\t\n\t\t\t\t\t<a class=\"upk-category-item\" href=\"https:\/\/www.clarel.es\/blog\/category\/consejos-maquillaje\/\" style=\"background-color: #81152b\">\n\t\t\t\t\t\t<!-- display image  -->\n\t\t\t\t\t\t\t\t\t\t\t\t<div class=\"upk-content\">\n\t\t\t\t\t\t\t<span class=\"upk-category-name\">\n\t\t\t\t\t\t\t\tConsejos de maquillaje\t\t\t\t\t\t\t<\/span>\n\n\t\t\t\t\t\t\t\n\t\t\t\t\t\t\t\n\t\t\t\t\t\t\t\t<span class=\"upk-category-count\">\n\t\t\t\t\t\t\t\t\t19\t\t\t\t\t\t\t\t<\/span>\n\t\t\t\t\t\t\t\t\t\t\t\t\t<\/div>\n\n\t\t\t\t\t\t\n\t\t\t\t\t<\/a>\n\t\t\t\t\t\n\t\t\t\t\t<a class=\"upk-category-item\" href=\"https:\/\/www.clarel.es\/blog\/category\/cuidado-cabello\/\" style=\"background-color: #81152b\">\n\t\t\t\t\t\t<!-- display image  -->\n\t\t\t\t\t\t\t\t\t\t\t\t<div class=\"upk-content\">\n\t\t\t\t\t\t\t<span class=\"upk-category-name\">\n\t\t\t\t\t\t\t\tCuidado cabello\t\t\t\t\t\t\t<\/span>\n\n\t\t\t\t\t\t\t\n\t\t\t\t\t\t\t\n\t\t\t\t\t\t\t\t<span class=\"upk-category-count\">\n\t\t\t\t\t\t\t\t\t15\t\t\t\t\t\t\t\t<\/span>\n\t\t\t\t\t\t\t\t\t\t\t\t\t<\/div>\n\n\t\t\t\t\t\t\n\t\t\t\t\t<\/a>\n\t\t\t\t\t\n\t\t\t\t\t<a class=\"upk-category-item\" href=\"https:\/\/www.clarel.es\/blog\/category\/cuidado-facial\/\" style=\"background-color: #81152b\">\n\t\t\t\t\t\t<!-- display image  -->\n\t\t\t\t\t\t\t\t\t\t\t\t<div class=\"upk-content\">\n\t\t\t\t\t\t\t<span class=\"upk-category-name\">\n\t\t\t\t\t\t\t\tCuidado facial\t\t\t\t\t\t\t<\/span>\n\n\t\t\t\t\t\t\t\n\t\t\t\t\t\t\t\n\t\t\t\t\t\t\t\t<span class=\"upk-category-count\">\n\t\t\t\t\t\t\t\t\t42\t\t\t\t\t\t\t\t<\/span>\n\t\t\t\t\t\t\t\t\t\t\t\t\t<\/div>\n\n\t\t\t\t\t\t\n\t\t\t\t\t<\/a>\n\t\t\t\t\t\n\t\t\t\t\t<a class=\"upk-category-item\" href=\"https:\/\/www.clarel.es\/blog\/category\/salud-bienestar\/\" style=\"background-color: #81152b\">\n\t\t\t\t\t\t<!-- display image  -->\n\t\t\t\t\t\t\t\t\t\t\t\t<div class=\"upk-content\">\n\t\t\t\t\t\t\t<span class=\"upk-category-name\">\n\t\t\t\t\t\t\t\tSalud y Bienestar\t\t\t\t\t\t\t<\/span>\n\n\t\t\t\t\t\t\t\n\t\t\t\t\t\t\t\n\t\t\t\t\t\t\t\t<span class=\"upk-category-count\">\n\t\t\t\t\t\t\t\t\t24\t\t\t\t\t\t\t\t<\/span>\n\t\t\t\t\t\t\t\t\t\t\t\t\t<\/div>\n\n\t\t\t\t\t\t\n\t\t\t\t\t<\/a>\n\t\t\t\t\t\n\t\t\t\t\t<a class=\"upk-category-item\" href=\"https:\/\/www.clarel.es\/blog\/category\/tendencias-de-belleza\/\" style=\"background-color: #81152b\">\n\t\t\t\t\t\t<!-- display image  -->\n\t\t\t\t\t\t\t\t\t\t\t\t<div class=\"upk-content\">\n\t\t\t\t\t\t\t<span class=\"upk-category-name\">\n\t\t\t\t\t\t\t\tTendencias de belleza\t\t\t\t\t\t\t<\/span>\n\n\t\t\t\t\t\t\t\n\t\t\t\t\t\t\t\n\t\t\t\t\t\t\t\t<span class=\"upk-category-count\">\n\t\t\t\t\t\t\t\t\t21\t\t\t\t\t\t\t\t<\/span>\n\t\t\t\t\t\t\t\t\t\t\t\t\t<\/div>\n\n\t\t\t\t\t\t\n\t\t\t\t\t<\/a>\n\t\t\t\t\t\n\t\t\t\t\t<a class=\"upk-category-item\" href=\"https:\/\/www.clarel.es\/blog\/category\/tips-rutinas\/\" style=\"background-color: #81152b\">\n\t\t\t\t\t\t<!-- display image  -->\n\t\t\t\t\t\t\t\t\t\t\t\t<div class=\"upk-content\">\n\t\t\t\t\t\t\t<span class=\"upk-category-name\">\n\t\t\t\t\t\t\t\tTips y rutinas\t\t\t\t\t\t\t<\/span>\n\n\t\t\t\t\t\t\t\n\t\t\t\t\t\t\t\n\t\t\t\t\t\t\t\t<span class=\"upk-category-count\">\n\t\t\t\t\t\t\t\t\t36\t\t\t\t\t\t\t\t<\/span>\n\t\t\t\t\t\t\t\t\t\t\t\t\t<\/div>\n\n\t\t\t\t\t\t\n\t\t\t\t\t<\/a>\n\t\t\t\t\t\t\t\t<\/div>\n\t\t\t\t\t\t\t<\/div>\n\t\t\t\t<\/div>\n\t\t\t\t<\/div>\n\t\t\t\t<div class=\"elementor-element elementor-element-cf3c855 elementor-widget elementor-widget-spacer\" data-id=\"cf3c855\" data-element_type=\"widget\" data-widget_type=\"spacer.default\">\n\t\t\t\t<div class=\"elementor-widget-container\">\n\t\t\t\t\t\t\t<div class=\"elementor-spacer\">\n\t\t\t<div class=\"elementor-spacer-inner\"><\/div>\n\t\t<\/div>\n\t\t\t\t\t\t<\/div>\n\t\t\t\t<\/div>\n\t\t\t\t\t<\/div>\n\t\t\t\t<\/div>\n\t\t\t\t<\/div>\n\t\t","protected":false},"excerpt":{"rendered":"<p>\u00daltimas publicaciones C\u00f3mo conseguir un pelo perfecto: gu\u00eda completa | Clarel Niacinamida en la piel: \u00bfpara qu\u00e9 sirve? C\u00f3mo hidratar el pelo seco: consejos y tratamientos | Clarel 1 2 3 &#8230; 23 \u00bfQu\u00e9 est\u00e1s buscando? Consejos de maquillaje 19 Cuidado cabello 15 Cuidado facial 42 Salud y Bienestar 24 Tendencias de belleza 21 Tips [&hellip;]<\/p>\n","protected":false},"author":5,"featured_media":0,"parent":0,"menu_order":0,"comment_status":"closed","ping_status":"closed","template":"elementor_header_footer","meta":{"footnotes":""},"class_list":["post-3357","page","type-page","status-publish","hentry"],"yoast_head":"<!-- This site is optimized with the Yoast SEO plugin v25.4 - https:\/\/yoast.com\/wordpress\/plugins\/seo\/ -->\n<title>Blog Clarel - Tienda Clarel<\/title>\n<meta name=\"description\" content=\"Blog Clarel de tendencias en cosm\u00e9tica, belleza y cuidado personal. Descubre todas las novedades y productos que puedes encontrar en Clarel.\" \/>\n<meta name=\"robots\" content=\"index, follow, max-snippet:-1, max-image-preview:large, max-video-preview:-1\" \/>\n<link rel=\"canonical\" href=\"https:\/\/www.clarel.es\/blog\/\" \/>\n<meta property=\"og:locale\" content=\"es_ES\" \/>\n<meta property=\"og:type\" content=\"article\" \/>\n<meta property=\"og:title\" content=\"Blog Clarel - Tienda Clarel\" \/>\n<meta property=\"og:description\" content=\"Blog Clarel de tendencias en cosm\u00e9tica, belleza y cuidado personal. Descubre todas las novedades y productos que puedes encontrar en Clarel.\" \/>\n<meta property=\"og:url\" content=\"https:\/\/www.clarel.es\/blog\/\" \/>\n<meta property=\"og:site_name\" content=\"Clarel\" \/>\n<meta property=\"article:modified_time\" content=\"2026-02-19T13:01:00+00:00\" \/>\n<meta property=\"og:image\" content=\"https:\/\/www.clarel.es\/blog\/wp-content\/uploads\/2025\/11\/blog_clarel_header_oct25-04-scaled.png\" \/>\n<meta name=\"twitter:card\" content=\"summary_large_image\" \/>\n<script type=\"application\/ld+json\" class=\"yoast-schema-graph\">{\"@context\":\"https:\/\/schema.org\",\"@graph\":[{\"@type\":\"WebPage\",\"@id\":\"https:\/\/www.clarel.es\/blog\/\",\"url\":\"https:\/\/www.clarel.es\/blog\/\",\"name\":\"Blog Clarel - Tienda Clarel\",\"isPartOf\":{\"@id\":\"https:\/\/www.clarel.es\/blog\/#website\"},\"primaryImageOfPage\":{\"@id\":\"https:\/\/www.clarel.es\/blog\/#primaryimage\"},\"image\":{\"@id\":\"https:\/\/www.clarel.es\/blog\/#primaryimage\"},\"thumbnailUrl\":\"https:\/\/www.clarel.es\/blog\/wp-content\/uploads\/2025\/11\/blog_clarel_header_oct25-04-scaled.png\",\"datePublished\":\"2022-12-14T16:42:30+00:00\",\"dateModified\":\"2026-02-19T13:01:00+00:00\",\"description\":\"Blog Clarel de tendencias en cosm\u00e9tica, belleza y cuidado personal. Descubre todas las novedades y productos que puedes encontrar en Clarel.\",\"breadcrumb\":{\"@id\":\"https:\/\/www.clarel.es\/blog\/#breadcrumb\"},\"inLanguage\":\"es\",\"potentialAction\":[{\"@type\":\"ReadAction\",\"target\":[\"https:\/\/www.clarel.es\/blog\/\"]}]},{\"@type\":\"ImageObject\",\"inLanguage\":\"es\",\"@id\":\"https:\/\/www.clarel.es\/blog\/#primaryimage\",\"url\":\"https:\/\/blog-clarel.imgix.net\/uploads\/2025\/11\/19161000\/blog_clarel_header_oct25-04-scaled.png\",\"contentUrl\":\"https:\/\/blog-clarel.imgix.net\/uploads\/2025\/11\/19161000\/blog_clarel_header_oct25-04-scaled.png\",\"width\":2560,\"height\":818},{\"@type\":\"BreadcrumbList\",\"@id\":\"https:\/\/www.clarel.es\/blog\/#breadcrumb\",\"itemListElement\":[{\"@type\":\"ListItem\",\"position\":1,\"name\":\"Portada\",\"item\":\"https:\/\/www.clarel.es\/blog\/\"},{\"@type\":\"ListItem\",\"position\":2,\"name\":\"Blog Clarel\"}]},{\"@type\":\"WebSite\",\"@id\":\"https:\/\/www.clarel.es\/blog\/#website\",\"url\":\"https:\/\/www.clarel.es\/blog\/\",\"name\":\"Clarel\",\"description\":\"Tienda Online de perfumeria, cosmetica, maquillaje y hogar.\",\"publisher\":{\"@id\":\"https:\/\/www.clarel.es\/blog\/#organization\"},\"potentialAction\":[{\"@type\":\"SearchAction\",\"target\":{\"@type\":\"EntryPoint\",\"urlTemplate\":\"https:\/\/www.clarel.es\/blog\/?s={search_term_string}\"},\"query-input\":{\"@type\":\"PropertyValueSpecification\",\"valueRequired\":true,\"valueName\":\"search_term_string\"}}],\"inLanguage\":\"es\"},{\"@type\":\"Organization\",\"@id\":\"https:\/\/www.clarel.es\/blog\/#organization\",\"name\":\"Clarel\",\"url\":\"https:\/\/www.clarel.es\/blog\/\",\"logo\":{\"@type\":\"ImageObject\",\"inLanguage\":\"es\",\"@id\":\"https:\/\/www.clarel.es\/blog\/#\/schema\/logo\/image\/\",\"url\":\"https:\/\/clarel-test.ezenit.link\/blog\/wp-content\/uploads\/2022\/08\/logo_clarel.png\",\"contentUrl\":\"https:\/\/clarel-test.ezenit.link\/blog\/wp-content\/uploads\/2022\/08\/logo_clarel.png\",\"width\":432,\"height\":101,\"caption\":\"Clarel\"},\"image\":{\"@id\":\"https:\/\/www.clarel.es\/blog\/#\/schema\/logo\/image\/\"}}]}<\/script>\n<!-- \/ Yoast SEO plugin. -->","yoast_head_json":{"title":"Blog Clarel - Tienda Clarel","description":"Blog Clarel de tendencias en cosm\u00e9tica, belleza y cuidado personal. Descubre todas las novedades y productos que puedes encontrar en Clarel.","robots":{"index":"index","follow":"follow","max-snippet":"max-snippet:-1","max-image-preview":"max-image-preview:large","max-video-preview":"max-video-preview:-1"},"canonical":"https:\/\/www.clarel.es\/blog\/","og_locale":"es_ES","og_type":"article","og_title":"Blog Clarel - Tienda Clarel","og_description":"Blog Clarel de tendencias en cosm\u00e9tica, belleza y cuidado personal. Descubre todas las novedades y productos que puedes encontrar en Clarel.","og_url":"https:\/\/www.clarel.es\/blog\/","og_site_name":"Clarel","article_modified_time":"2026-02-19T13:01:00+00:00","og_image":[{"url":"https:\/\/www.clarel.es\/blog\/wp-content\/uploads\/2025\/11\/blog_clarel_header_oct25-04-scaled.png","type":"","width":"","height":""}],"twitter_card":"summary_large_image","schema":{"@context":"https:\/\/schema.org","@graph":[{"@type":"WebPage","@id":"https:\/\/www.clarel.es\/blog\/","url":"https:\/\/www.clarel.es\/blog\/","name":"Blog Clarel - Tienda Clarel","isPartOf":{"@id":"https:\/\/www.clarel.es\/blog\/#website"},"primaryImageOfPage":{"@id":"https:\/\/www.clarel.es\/blog\/#primaryimage"},"image":{"@id":"https:\/\/www.clarel.es\/blog\/#primaryimage"},"thumbnailUrl":"https:\/\/www.clarel.es\/blog\/wp-content\/uploads\/2025\/11\/blog_clarel_header_oct25-04-scaled.png","datePublished":"2022-12-14T16:42:30+00:00","dateModified":"2026-02-19T13:01:00+00:00","description":"Blog Clarel de tendencias en cosm\u00e9tica, belleza y cuidado personal. Descubre todas las novedades y productos que puedes encontrar en Clarel.","breadcrumb":{"@id":"https:\/\/www.clarel.es\/blog\/#breadcrumb"},"inLanguage":"es","potentialAction":[{"@type":"ReadAction","target":["https:\/\/www.clarel.es\/blog\/"]}]},{"@type":"ImageObject","inLanguage":"es","@id":"https:\/\/www.clarel.es\/blog\/#primaryimage","url":"https:\/\/blog-clarel.imgix.net\/uploads\/2025\/11\/19161000\/blog_clarel_header_oct25-04-scaled.png","contentUrl":"https:\/\/blog-clarel.imgix.net\/uploads\/2025\/11\/19161000\/blog_clarel_header_oct25-04-scaled.png","width":2560,"height":818},{"@type":"BreadcrumbList","@id":"https:\/\/www.clarel.es\/blog\/#breadcrumb","itemListElement":[{"@type":"ListItem","position":1,"name":"Portada","item":"https:\/\/www.clarel.es\/blog\/"},{"@type":"ListItem","position":2,"name":"Blog Clarel"}]},{"@type":"WebSite","@id":"https:\/\/www.clarel.es\/blog\/#website","url":"https:\/\/www.clarel.es\/blog\/","name":"Clarel","description":"Tienda Online de perfumeria, cosmetica, maquillaje y hogar.","publisher":{"@id":"https:\/\/www.clarel.es\/blog\/#organization"},"potentialAction":[{"@type":"SearchAction","target":{"@type":"EntryPoint","urlTemplate":"https:\/\/www.clarel.es\/blog\/?s={search_term_string}"},"query-input":{"@type":"PropertyValueSpecification","valueRequired":true,"valueName":"search_term_string"}}],"inLanguage":"es"},{"@type":"Organization","@id":"https:\/\/www.clarel.es\/blog\/#organization","name":"Clarel","url":"https:\/\/www.clarel.es\/blog\/","logo":{"@type":"ImageObject","inLanguage":"es","@id":"https:\/\/www.clarel.es\/blog\/#\/schema\/logo\/image\/","url":"https:\/\/clarel-test.ezenit.link\/blog\/wp-content\/uploads\/2022\/08\/logo_clarel.png","contentUrl":"https:\/\/clarel-test.ezenit.link\/blog\/wp-content\/uploads\/2022\/08\/logo_clarel.png","width":432,"height":101,"caption":"Clarel"},"image":{"@id":"https:\/\/www.clarel.es\/blog\/#\/schema\/logo\/image\/"}}]}},"_links":{"self":[{"href":"https:\/\/www.clarel.es\/blog\/wp-json\/wp\/v2\/pages\/3357","targetHints":{"allow":["GET"]}}],"collection":[{"href":"https:\/\/www.clarel.es\/blog\/wp-json\/wp\/v2\/pages"}],"about":[{"href":"https:\/\/www.clarel.es\/blog\/wp-json\/wp\/v2\/types\/page"}],"author":[{"embeddable":true,"href":"https:\/\/www.clarel.es\/blog\/wp-json\/wp\/v2\/users\/5"}],"replies":[{"embeddable":true,"href":"https:\/\/www.clarel.es\/blog\/wp-json\/wp\/v2\/comments?post=3357"}],"version-history":[{"count":92,"href":"https:\/\/www.clarel.es\/blog\/wp-json\/wp\/v2\/pages\/3357\/revisions"}],"predecessor-version":[{"id":17542,"href":"https:\/\/www.clarel.es\/blog\/wp-json\/wp\/v2\/pages\/3357\/revisions\/17542"}],"wp:attachment":[{"href":"https:\/\/www.clarel.es\/blog\/wp-json\/wp\/v2\/media?parent=3357"}],"curies":[{"name":"wp","href":"https:\/\/api.w.org\/{rel}","templated":true}]}}