{"id":17415,"date":"2026-02-05T15:47:26","date_gmt":"2026-02-05T15:47:26","guid":{"rendered":"https:\/\/www.clarel.es\/blog\/?page_id=17415"},"modified":"2026-02-10T11:52:20","modified_gmt":"2026-02-10T11:52:20","slug":"cartilla-tuppers","status":"publish","type":"page","link":"https:\/\/www.clarel.es\/blog\/cartilla-tuppers\/","title":{"rendered":"Cartilla tuppers"},"content":{"rendered":"\t\t<div data-elementor-type=\"wp-page\" data-elementor-id=\"17415\" class=\"elementor elementor-17415\" data-elementor-post-type=\"page\">\n\t\t\t\t<div class=\"elementor-element elementor-element-9bb55ff e-con-full e-flex e-con e-parent\" data-id=\"9bb55ff\" data-element_type=\"container\">\n\t\t<div class=\"elementor-element elementor-element-d6e8851 e-con-full e-flex e-con e-child\" data-id=\"d6e8851\" data-element_type=\"container\">\n\t\t\t\t<div class=\"elementor-element elementor-element-f2b7394 elementor-hidden-tablet elementor-hidden-mobile elementor-widget elementor-widget-image\" data-id=\"f2b7394\" data-element_type=\"widget\" data-widget_type=\"image.default\">\n\t\t\t\t<div class=\"elementor-widget-container\">\n\t\t\t\t\t\t\t\t\t\t\t\t\t\t\t<img fetchpriority=\"high\" decoding=\"async\" width=\"2560\" height=\"676\" src=\"https:\/\/blog-clarel.imgix.net\/uploads\/2026\/02\/10115203\/landing_aniversario_tuppers_2_tuppers_26_header_pc-scaled.png\" class=\"attachment-full size-full wp-image-17471\" alt=\"\" srcset=\"https:\/\/blog-clarel.imgix.net\/uploads\/2026\/02\/10115203\/landing_aniversario_tuppers_2_tuppers_26_header_pc-scaled.png 2560w, https:\/\/blog-clarel.imgix.net\/uploads\/2026\/02\/10115203\/landing_aniversario_tuppers_2_tuppers_26_header_pc-300x79.png 300w, https:\/\/blog-clarel.imgix.net\/uploads\/2026\/02\/10115203\/landing_aniversario_tuppers_2_tuppers_26_header_pc-1024x270.png 1024w, https:\/\/blog-clarel.imgix.net\/uploads\/2026\/02\/10115203\/landing_aniversario_tuppers_2_tuppers_26_header_pc-768x203.png 768w, https:\/\/blog-clarel.imgix.net\/uploads\/2026\/02\/10115203\/landing_aniversario_tuppers_2_tuppers_26_header_pc-1536x406.png 1536w, https:\/\/blog-clarel.imgix.net\/uploads\/2026\/02\/10115203\/landing_aniversario_tuppers_2_tuppers_26_header_pc-2048x541.png 2048w\" sizes=\"(max-width: 2560px) 100vw, 2560px\" \/>\t\t\t\t\t\t\t\t\t\t\t\t\t\t\t<\/div>\n\t\t\t\t<\/div>\n\t\t\t\t<div class=\"elementor-element elementor-element-50fc0b5 elementor-hidden-desktop elementor-widget elementor-widget-image\" data-id=\"50fc0b5\" data-element_type=\"widget\" data-widget_type=\"image.default\">\n\t\t\t\t<div class=\"elementor-widget-container\">\n\t\t\t\t\t\t\t\t\t\t\t\t\t\t\t<img decoding=\"async\" width=\"1250\" height=\"1137\" src=\"https:\/\/blog-clarel.imgix.net\/uploads\/2026\/02\/10115200\/landing_aniversario_tuppers_2_tuppers_26_header_mo.png\" class=\"attachment-full size-full wp-image-17469\" alt=\"\" srcset=\"https:\/\/blog-clarel.imgix.net\/uploads\/2026\/02\/10115200\/landing_aniversario_tuppers_2_tuppers_26_header_mo.png 1250w, https:\/\/blog-clarel.imgix.net\/uploads\/2026\/02\/10115200\/landing_aniversario_tuppers_2_tuppers_26_header_mo-300x273.png 300w, https:\/\/blog-clarel.imgix.net\/uploads\/2026\/02\/10115200\/landing_aniversario_tuppers_2_tuppers_26_header_mo-1024x931.png 1024w, https:\/\/blog-clarel.imgix.net\/uploads\/2026\/02\/10115200\/landing_aniversario_tuppers_2_tuppers_26_header_mo-768x699.png 768w\" sizes=\"(max-width: 1250px) 100vw, 1250px\" \/>\t\t\t\t\t\t\t\t\t\t\t\t\t\t\t<\/div>\n\t\t\t\t<\/div>\n\t\t\t\t<div class=\"elementor-element elementor-element-93f3975 elementor-widget elementor-widget-spacer\" data-id=\"93f3975\" data-element_type=\"widget\" data-widget_type=\"spacer.default\">\n\t\t\t\t<div class=\"elementor-widget-container\">\n\t\t\t\t\t\t\t<div class=\"elementor-spacer\">\n\t\t\t<div class=\"elementor-spacer-inner\"><\/div>\n\t\t<\/div>\n\t\t\t\t\t\t<\/div>\n\t\t\t\t<\/div>\n\t\t\t\t<\/div>\n\t\t\t\t<\/div>\n\t\t<div class=\"elementor-element elementor-element-f73b40e e-flex e-con-boxed e-con e-parent\" data-id=\"f73b40e\" data-element_type=\"container\">\n\t\t\t\t\t<div class=\"e-con-inner\">\n\t\t<div class=\"elementor-element elementor-element-efe742c e-con-full e-flex e-con e-child\" data-id=\"efe742c\" data-element_type=\"container\">\n\t\t\t\t<div class=\"elementor-element elementor-element-2d23bfc elementor-widget elementor-widget-text-editor\" data-id=\"2d23bfc\" data-element_type=\"widget\" data-widget_type=\"text-editor.default\">\n\t\t\t\t<div class=\"elementor-widget-container\">\n\t\t\t\t\t\t\t\t\t<p>\u00a1Acumula puntos y consigue tu colecci\u00f3n de herm\u00e9ticos exclusiva desde <strong>2,99\u20ac<\/strong>!<\/p>\t\t\t\t\t\t\t\t<\/div>\n\t\t\t\t<\/div>\n\t\t\t\t<div class=\"elementor-element elementor-element-f5aacae elementor-widget elementor-widget-text-editor\" data-id=\"f5aacae\" data-element_type=\"widget\" data-widget_type=\"text-editor.default\">\n\t\t\t\t<div class=\"elementor-widget-container\">\n\t\t\t\t\t\t\t\t\t<p data-path-to-node=\"3\"><b data-path-to-node=\"3\" data-index-in-node=\"0\">Desde el 11 de febrero hasta el 12 de mayo de 2026<\/b> (o hasta agotar existencias) por cada <b data-path-to-node=\"3\" data-index-in-node=\"89\">5 euros<\/b> de compra efectuada en una tienda f\u00edsica Clarel o en <b data-path-to-node=\"3\" data-index-in-node=\"150\">clarel.es<\/b>, recibir\u00e1s <b data-path-to-node=\"3\" data-index-in-node=\"171\">1 punto<\/b>.<\/p><p data-path-to-node=\"4\">Con tu <b data-path-to-node=\"4\" data-index-in-node=\"7\">compra online<\/b> recibir\u00e1s una <b data-path-to-node=\"4\" data-index-in-node=\"35\">cartilla de puntos<\/b> como la de la imagen. En <b data-path-to-node=\"4\" data-index-in-node=\"79\">tienda f\u00edsica<\/b> la podr\u00e1s encontrar en caja y en los expositores. En ella tendr\u00e1s que ir pegando los puntos que vayas recibiendo con tus compras.<\/p><p data-path-to-node=\"5\">Coleccionando el n\u00famero de puntos indicados en la cartilla, abonando el importe correspondiente en cada caso y presentando tu tarjeta del Club DIA o App de Clarel, obtendr\u00e1s tu <b data-path-to-node=\"5\" data-index-in-node=\"177\">herm\u00e9tico exclusivo de vidrio de borosilicato<\/b>.<\/p><p data-path-to-node=\"6\">Podr\u00e1s recoger los herm\u00e9ticos que hayas conseguido en tu <b data-path-to-node=\"6\" data-index-in-node=\"57\">tienda Clarel<\/b> m\u00e1s cercana.<\/p><p data-path-to-node=\"7\">Es imprescindible presentar tu tarjeta del <b data-path-to-node=\"7\" data-index-in-node=\"43\">Club DIA o QR de la App de Clarel<\/b> para conseguir los premios.<\/p>\t\t\t\t\t\t\t\t<\/div>\n\t\t\t\t<\/div>\n\t\t\t\t<\/div>\n\t\t<div class=\"elementor-element elementor-element-a345991 e-con-full e-flex e-con e-child\" data-id=\"a345991\" data-element_type=\"container\">\n\t\t\t\t<div class=\"elementor-element elementor-element-33cbca9 elementor-widget elementor-widget-image\" data-id=\"33cbca9\" data-element_type=\"widget\" data-widget_type=\"image.default\">\n\t\t\t\t<div class=\"elementor-widget-container\">\n\t\t\t\t\t\t\t\t\t\t\t\t\t\t\t<img decoding=\"async\" width=\"800\" height=\"968\" src=\"https:\/\/blog-clarel.imgix.net\/uploads\/2026\/02\/09165407\/landing_aniversario_tuppers-03_2-846x1024.png\" class=\"attachment-large size-large wp-image-17458\" alt=\"\" srcset=\"https:\/\/blog-clarel.imgix.net\/uploads\/2026\/02\/09165407\/landing_aniversario_tuppers-03_2-846x1024.png 846w, https:\/\/blog-clarel.imgix.net\/uploads\/2026\/02\/09165407\/landing_aniversario_tuppers-03_2-248x300.png 248w, https:\/\/blog-clarel.imgix.net\/uploads\/2026\/02\/09165407\/landing_aniversario_tuppers-03_2-768x929.png 768w, https:\/\/blog-clarel.imgix.net\/uploads\/2026\/02\/09165407\/landing_aniversario_tuppers-03_2.png 896w\" sizes=\"(max-width: 800px) 100vw, 800px\" \/>\t\t\t\t\t\t\t\t\t\t\t\t\t\t\t<\/div>\n\t\t\t\t<\/div>\n\t\t\t\t<\/div>\n\t\t\t\t\t<\/div>\n\t\t\t\t<\/div>\n\t\t<div class=\"elementor-element elementor-element-bed04bc e-con-full e-flex e-con e-parent\" data-id=\"bed04bc\" data-element_type=\"container\">\n\t\t\t\t<div class=\"elementor-element elementor-element-e45109f elementor-widget elementor-widget-spacer\" data-id=\"e45109f\" data-element_type=\"widget\" data-widget_type=\"spacer.default\">\n\t\t\t\t<div class=\"elementor-widget-container\">\n\t\t\t\t\t\t\t<div class=\"elementor-spacer\">\n\t\t\t<div class=\"elementor-spacer-inner\"><\/div>\n\t\t<\/div>\n\t\t\t\t\t\t<\/div>\n\t\t\t\t<\/div>\n\t\t\t\t<div class=\"elementor-element elementor-element-5510e49 elementor-hidden-tablet elementor-hidden-mobile elementor-widget elementor-widget-image\" data-id=\"5510e49\" data-element_type=\"widget\" data-widget_type=\"image.default\">\n\t\t\t\t<div class=\"elementor-widget-container\">\n\t\t\t\t\t\t\t\t\t\t\t\t\t\t\t<img loading=\"lazy\" decoding=\"async\" width=\"2560\" height=\"533\" src=\"https:\/\/blog-clarel.imgix.net\/uploads\/2026\/02\/09164102\/landing_aniversario_tuppers-05-scaled.png\" class=\"attachment-full size-full wp-image-17436\" alt=\"\" srcset=\"https:\/\/blog-clarel.imgix.net\/uploads\/2026\/02\/09164102\/landing_aniversario_tuppers-05-scaled.png 2560w, https:\/\/blog-clarel.imgix.net\/uploads\/2026\/02\/09164102\/landing_aniversario_tuppers-05-300x63.png 300w, https:\/\/blog-clarel.imgix.net\/uploads\/2026\/02\/09164102\/landing_aniversario_tuppers-05-1024x213.png 1024w, https:\/\/blog-clarel.imgix.net\/uploads\/2026\/02\/09164102\/landing_aniversario_tuppers-05-768x160.png 768w, https:\/\/blog-clarel.imgix.net\/uploads\/2026\/02\/09164102\/landing_aniversario_tuppers-05-1536x320.png 1536w, https:\/\/blog-clarel.imgix.net\/uploads\/2026\/02\/09164102\/landing_aniversario_tuppers-05-2048x427.png 2048w\" sizes=\"(max-width: 2560px) 100vw, 2560px\" \/>\t\t\t\t\t\t\t\t\t\t\t\t\t\t\t<\/div>\n\t\t\t\t<\/div>\n\t\t\t\t<div class=\"elementor-element elementor-element-db58d0d elementor-hidden-desktop elementor-widget elementor-widget-image\" data-id=\"db58d0d\" data-element_type=\"widget\" data-widget_type=\"image.default\">\n\t\t\t\t<div class=\"elementor-widget-container\">\n\t\t\t\t\t\t\t\t\t\t\t\t\t\t\t<img loading=\"lazy\" decoding=\"async\" width=\"1250\" height=\"625\" src=\"https:\/\/blog-clarel.imgix.net\/uploads\/2026\/02\/09164100\/landing_aniversario_tuppers-04.png\" class=\"attachment-full size-full wp-image-17434\" alt=\"\" srcset=\"https:\/\/blog-clarel.imgix.net\/uploads\/2026\/02\/09164100\/landing_aniversario_tuppers-04.png 1250w, https:\/\/blog-clarel.imgix.net\/uploads\/2026\/02\/09164100\/landing_aniversario_tuppers-04-300x150.png 300w, https:\/\/blog-clarel.imgix.net\/uploads\/2026\/02\/09164100\/landing_aniversario_tuppers-04-1024x512.png 1024w, https:\/\/blog-clarel.imgix.net\/uploads\/2026\/02\/09164100\/landing_aniversario_tuppers-04-768x384.png 768w\" sizes=\"(max-width: 1250px) 100vw, 1250px\" \/>\t\t\t\t\t\t\t\t\t\t\t\t\t\t\t<\/div>\n\t\t\t\t<\/div>\n\t\t\t\t<\/div>\n\t\t<div class=\"elementor-element elementor-element-bae0579 e-flex e-con-boxed e-con e-parent\" data-id=\"bae0579\" data-element_type=\"container\">\n\t\t\t\t\t<div class=\"e-con-inner\">\n\t\t\t\t<div class=\"elementor-element elementor-element-66f36ea elementor-widget elementor-widget-spacer\" data-id=\"66f36ea\" data-element_type=\"widget\" data-widget_type=\"spacer.default\">\n\t\t\t\t<div class=\"elementor-widget-container\">\n\t\t\t\t\t\t\t<div class=\"elementor-spacer\">\n\t\t\t<div class=\"elementor-spacer-inner\"><\/div>\n\t\t<\/div>\n\t\t\t\t\t\t<\/div>\n\t\t\t\t<\/div>\n\t\t\t\t\t<\/div>\n\t\t\t\t<\/div>\n\t\t<div class=\"elementor-element elementor-element-50b89a1 e-flex e-con-boxed e-con e-parent\" data-id=\"50b89a1\" data-element_type=\"container\">\n\t\t\t\t\t<div class=\"e-con-inner\">\n\t\t<div class=\"elementor-element elementor-element-1e499d7 e-con-full e-flex e-con e-child\" data-id=\"1e499d7\" data-element_type=\"container\">\n\t\t\t\t<div class=\"elementor-element elementor-element-6f69e13 elementor-widget elementor-widget-image\" data-id=\"6f69e13\" data-element_type=\"widget\" data-widget_type=\"image.default\">\n\t\t\t\t<div class=\"elementor-widget-container\">\n\t\t\t\t\t\t\t\t\t\t\t\t\t\t\t<img loading=\"lazy\" decoding=\"async\" width=\"800\" height=\"600\" src=\"https:\/\/blog-clarel.imgix.net\/uploads\/2026\/02\/09164103\/landing_aniversario_tuppers-06.png\" class=\"attachment-large size-large wp-image-17438\" alt=\"\" srcset=\"https:\/\/blog-clarel.imgix.net\/uploads\/2026\/02\/09164103\/landing_aniversario_tuppers-06.png 834w, https:\/\/blog-clarel.imgix.net\/uploads\/2026\/02\/09164103\/landing_aniversario_tuppers-06-300x225.png 300w, https:\/\/blog-clarel.imgix.net\/uploads\/2026\/02\/09164103\/landing_aniversario_tuppers-06-768x576.png 768w\" sizes=\"(max-width: 800px) 100vw, 800px\" \/>\t\t\t\t\t\t\t\t\t\t\t\t\t\t\t<\/div>\n\t\t\t\t<\/div>\n\t\t\t\t<\/div>\n\t\t<div class=\"elementor-element elementor-element-3f2f53e e-con-full e-flex e-con e-child\" data-id=\"3f2f53e\" data-element_type=\"container\">\n\t\t\t\t<div class=\"elementor-element elementor-element-4a56050 elementor-widget elementor-widget-image\" data-id=\"4a56050\" data-element_type=\"widget\" data-widget_type=\"image.default\">\n\t\t\t\t<div class=\"elementor-widget-container\">\n\t\t\t\t\t\t\t\t\t\t\t\t\t\t\t<img loading=\"lazy\" decoding=\"async\" width=\"800\" height=\"600\" src=\"https:\/\/blog-clarel.imgix.net\/uploads\/2026\/02\/09164104\/landing_aniversario_tuppers-07.png\" class=\"attachment-large size-large wp-image-17440\" alt=\"\" srcset=\"https:\/\/blog-clarel.imgix.net\/uploads\/2026\/02\/09164104\/landing_aniversario_tuppers-07.png 834w, https:\/\/blog-clarel.imgix.net\/uploads\/2026\/02\/09164104\/landing_aniversario_tuppers-07-300x225.png 300w, https:\/\/blog-clarel.imgix.net\/uploads\/2026\/02\/09164104\/landing_aniversario_tuppers-07-768x576.png 768w\" sizes=\"(max-width: 800px) 100vw, 800px\" \/>\t\t\t\t\t\t\t\t\t\t\t\t\t\t\t<\/div>\n\t\t\t\t<\/div>\n\t\t\t\t<\/div>\n\t\t<div class=\"elementor-element elementor-element-e66bd5d e-con-full e-flex e-con e-child\" data-id=\"e66bd5d\" data-element_type=\"container\">\n\t\t\t\t<div class=\"elementor-element elementor-element-214fd91 elementor-widget elementor-widget-image\" data-id=\"214fd91\" data-element_type=\"widget\" data-widget_type=\"image.default\">\n\t\t\t\t<div class=\"elementor-widget-container\">\n\t\t\t\t\t\t\t\t\t\t\t\t\t\t\t<img loading=\"lazy\" decoding=\"async\" width=\"800\" height=\"600\" src=\"https:\/\/blog-clarel.imgix.net\/uploads\/2026\/02\/09164105\/landing_aniversario_tuppers-08.png\" class=\"attachment-large size-large wp-image-17442\" alt=\"\" srcset=\"https:\/\/blog-clarel.imgix.net\/uploads\/2026\/02\/09164105\/landing_aniversario_tuppers-08.png 834w, https:\/\/blog-clarel.imgix.net\/uploads\/2026\/02\/09164105\/landing_aniversario_tuppers-08-300x225.png 300w, https:\/\/blog-clarel.imgix.net\/uploads\/2026\/02\/09164105\/landing_aniversario_tuppers-08-768x576.png 768w\" sizes=\"(max-width: 800px) 100vw, 800px\" \/>\t\t\t\t\t\t\t\t\t\t\t\t\t\t\t<\/div>\n\t\t\t\t<\/div>\n\t\t\t\t<\/div>\n\t\t\t\t\t<\/div>\n\t\t\t\t<\/div>\n\t\t<div class=\"elementor-element elementor-element-1a2bb78 e-flex e-con-boxed e-con e-parent\" data-id=\"1a2bb78\" data-element_type=\"container\">\n\t\t\t\t\t<div class=\"e-con-inner\">\n\t\t\t\t<div class=\"elementor-element elementor-element-11fb6a5 elementor-widget elementor-widget-spacer\" data-id=\"11fb6a5\" data-element_type=\"widget\" data-widget_type=\"spacer.default\">\n\t\t\t\t<div class=\"elementor-widget-container\">\n\t\t\t\t\t\t\t<div class=\"elementor-spacer\">\n\t\t\t<div class=\"elementor-spacer-inner\"><\/div>\n\t\t<\/div>\n\t\t\t\t\t\t<\/div>\n\t\t\t\t<\/div>\n\t\t\t\t\t<\/div>\n\t\t\t\t<\/div>\n\t\t\t\t<\/div>\n\t\t","protected":false},"excerpt":{"rendered":"<p>\u00a1Acumula puntos y consigue tu colecci\u00f3n de herm\u00e9ticos exclusiva desde 2,99\u20ac! Desde el 11 de febrero hasta el 12 de mayo de 2026 (o hasta agotar existencias) por cada 5 euros de compra efectuada en una tienda f\u00edsica Clarel o en clarel.es, recibir\u00e1s 1 punto. Con tu compra online recibir\u00e1s una cartilla de puntos como [&hellip;]<\/p>\n","protected":false},"author":5,"featured_media":0,"parent":0,"menu_order":0,"comment_status":"closed","ping_status":"closed","template":"elementor_header_footer","meta":{"footnotes":""},"class_list":["post-17415","page","type-page","status-publish","hentry"],"yoast_head":"<!-- This site is optimized with the Yoast SEO plugin v25.4 - https:\/\/yoast.com\/wordpress\/plugins\/seo\/ -->\n<title>Cartilla tuppers - Clarel<\/title>\n<meta name=\"robots\" content=\"index, follow, max-snippet:-1, max-image-preview:large, max-video-preview:-1\" \/>\n<link rel=\"canonical\" href=\"https:\/\/www.clarel.es\/blog\/cartilla-tuppers\/\" \/>\n<meta property=\"og:locale\" content=\"es_ES\" \/>\n<meta property=\"og:type\" content=\"article\" \/>\n<meta property=\"og:title\" content=\"Cartilla tuppers - Clarel\" \/>\n<meta property=\"og:description\" content=\"\u00a1Acumula puntos y consigue tu colecci\u00f3n de herm\u00e9ticos exclusiva desde 2,99\u20ac! Desde el 11 de febrero hasta el 12 de mayo de 2026 (o hasta agotar existencias) por cada 5 euros de compra efectuada en una tienda f\u00edsica Clarel o en clarel.es, recibir\u00e1s 1 punto. Con tu compra online recibir\u00e1s una cartilla de puntos como [&hellip;]\" \/>\n<meta property=\"og:url\" content=\"https:\/\/www.clarel.es\/blog\/cartilla-tuppers\/\" \/>\n<meta property=\"og:site_name\" content=\"Clarel\" \/>\n<meta property=\"article:modified_time\" content=\"2026-02-10T11:52:20+00:00\" \/>\n<meta property=\"og:image\" content=\"https:\/\/www.clarel.es\/blog\/wp-content\/uploads\/2026\/02\/landing_aniversario_tuppers_2_tuppers_26_header_pc-scaled.png\" \/>\n<meta name=\"twitter:card\" content=\"summary_large_image\" \/>\n<script type=\"application\/ld+json\" class=\"yoast-schema-graph\">{\"@context\":\"https:\/\/schema.org\",\"@graph\":[{\"@type\":\"WebPage\",\"@id\":\"https:\/\/www.clarel.es\/blog\/cartilla-tuppers\/\",\"url\":\"https:\/\/www.clarel.es\/blog\/cartilla-tuppers\/\",\"name\":\"Cartilla tuppers - Clarel\",\"isPartOf\":{\"@id\":\"https:\/\/www.clarel.es\/blog\/#website\"},\"primaryImageOfPage\":{\"@id\":\"https:\/\/www.clarel.es\/blog\/cartilla-tuppers\/#primaryimage\"},\"image\":{\"@id\":\"https:\/\/www.clarel.es\/blog\/cartilla-tuppers\/#primaryimage\"},\"thumbnailUrl\":\"https:\/\/www.clarel.es\/blog\/wp-content\/uploads\/2026\/02\/landing_aniversario_tuppers_2_tuppers_26_header_pc-scaled.png\",\"datePublished\":\"2026-02-05T15:47:26+00:00\",\"dateModified\":\"2026-02-10T11:52:20+00:00\",\"breadcrumb\":{\"@id\":\"https:\/\/www.clarel.es\/blog\/cartilla-tuppers\/#breadcrumb\"},\"inLanguage\":\"es\",\"potentialAction\":[{\"@type\":\"ReadAction\",\"target\":[\"https:\/\/www.clarel.es\/blog\/cartilla-tuppers\/\"]}]},{\"@type\":\"ImageObject\",\"inLanguage\":\"es\",\"@id\":\"https:\/\/www.clarel.es\/blog\/cartilla-tuppers\/#primaryimage\",\"url\":\"https:\/\/blog-clarel.imgix.net\/uploads\/2026\/02\/10115203\/landing_aniversario_tuppers_2_tuppers_26_header_pc-scaled.png\",\"contentUrl\":\"https:\/\/blog-clarel.imgix.net\/uploads\/2026\/02\/10115203\/landing_aniversario_tuppers_2_tuppers_26_header_pc-scaled.png\",\"width\":2560,\"height\":676},{\"@type\":\"BreadcrumbList\",\"@id\":\"https:\/\/www.clarel.es\/blog\/cartilla-tuppers\/#breadcrumb\",\"itemListElement\":[{\"@type\":\"ListItem\",\"position\":1,\"name\":\"Portada\",\"item\":\"https:\/\/www.clarel.es\/blog\/\"},{\"@type\":\"ListItem\",\"position\":2,\"name\":\"Cartilla tuppers\"}]},{\"@type\":\"WebSite\",\"@id\":\"https:\/\/www.clarel.es\/blog\/#website\",\"url\":\"https:\/\/www.clarel.es\/blog\/\",\"name\":\"Clarel\",\"description\":\"Tienda Online de perfumeria, cosmetica, maquillaje y hogar.\",\"publisher\":{\"@id\":\"https:\/\/www.clarel.es\/blog\/#organization\"},\"potentialAction\":[{\"@type\":\"SearchAction\",\"target\":{\"@type\":\"EntryPoint\",\"urlTemplate\":\"https:\/\/www.clarel.es\/blog\/?s={search_term_string}\"},\"query-input\":{\"@type\":\"PropertyValueSpecification\",\"valueRequired\":true,\"valueName\":\"search_term_string\"}}],\"inLanguage\":\"es\"},{\"@type\":\"Organization\",\"@id\":\"https:\/\/www.clarel.es\/blog\/#organization\",\"name\":\"Clarel\",\"url\":\"https:\/\/www.clarel.es\/blog\/\",\"logo\":{\"@type\":\"ImageObject\",\"inLanguage\":\"es\",\"@id\":\"https:\/\/www.clarel.es\/blog\/#\/schema\/logo\/image\/\",\"url\":\"https:\/\/clarel-test.ezenit.link\/blog\/wp-content\/uploads\/2022\/08\/logo_clarel.png\",\"contentUrl\":\"https:\/\/clarel-test.ezenit.link\/blog\/wp-content\/uploads\/2022\/08\/logo_clarel.png\",\"width\":432,\"height\":101,\"caption\":\"Clarel\"},\"image\":{\"@id\":\"https:\/\/www.clarel.es\/blog\/#\/schema\/logo\/image\/\"}}]}<\/script>\n<!-- \/ Yoast SEO plugin. -->","yoast_head_json":{"title":"Cartilla tuppers - Clarel","robots":{"index":"index","follow":"follow","max-snippet":"max-snippet:-1","max-image-preview":"max-image-preview:large","max-video-preview":"max-video-preview:-1"},"canonical":"https:\/\/www.clarel.es\/blog\/cartilla-tuppers\/","og_locale":"es_ES","og_type":"article","og_title":"Cartilla tuppers - Clarel","og_description":"\u00a1Acumula puntos y consigue tu colecci\u00f3n de herm\u00e9ticos exclusiva desde 2,99\u20ac! Desde el 11 de febrero hasta el 12 de mayo de 2026 (o hasta agotar existencias) por cada 5 euros de compra efectuada en una tienda f\u00edsica Clarel o en clarel.es, recibir\u00e1s 1 punto. Con tu compra online recibir\u00e1s una cartilla de puntos como [&hellip;]","og_url":"https:\/\/www.clarel.es\/blog\/cartilla-tuppers\/","og_site_name":"Clarel","article_modified_time":"2026-02-10T11:52:20+00:00","og_image":[{"url":"https:\/\/www.clarel.es\/blog\/wp-content\/uploads\/2026\/02\/landing_aniversario_tuppers_2_tuppers_26_header_pc-scaled.png","type":"","width":"","height":""}],"twitter_card":"summary_large_image","schema":{"@context":"https:\/\/schema.org","@graph":[{"@type":"WebPage","@id":"https:\/\/www.clarel.es\/blog\/cartilla-tuppers\/","url":"https:\/\/www.clarel.es\/blog\/cartilla-tuppers\/","name":"Cartilla tuppers - Clarel","isPartOf":{"@id":"https:\/\/www.clarel.es\/blog\/#website"},"primaryImageOfPage":{"@id":"https:\/\/www.clarel.es\/blog\/cartilla-tuppers\/#primaryimage"},"image":{"@id":"https:\/\/www.clarel.es\/blog\/cartilla-tuppers\/#primaryimage"},"thumbnailUrl":"https:\/\/www.clarel.es\/blog\/wp-content\/uploads\/2026\/02\/landing_aniversario_tuppers_2_tuppers_26_header_pc-scaled.png","datePublished":"2026-02-05T15:47:26+00:00","dateModified":"2026-02-10T11:52:20+00:00","breadcrumb":{"@id":"https:\/\/www.clarel.es\/blog\/cartilla-tuppers\/#breadcrumb"},"inLanguage":"es","potentialAction":[{"@type":"ReadAction","target":["https:\/\/www.clarel.es\/blog\/cartilla-tuppers\/"]}]},{"@type":"ImageObject","inLanguage":"es","@id":"https:\/\/www.clarel.es\/blog\/cartilla-tuppers\/#primaryimage","url":"https:\/\/blog-clarel.imgix.net\/uploads\/2026\/02\/10115203\/landing_aniversario_tuppers_2_tuppers_26_header_pc-scaled.png","contentUrl":"https:\/\/blog-clarel.imgix.net\/uploads\/2026\/02\/10115203\/landing_aniversario_tuppers_2_tuppers_26_header_pc-scaled.png","width":2560,"height":676},{"@type":"BreadcrumbList","@id":"https:\/\/www.clarel.es\/blog\/cartilla-tuppers\/#breadcrumb","itemListElement":[{"@type":"ListItem","position":1,"name":"Portada","item":"https:\/\/www.clarel.es\/blog\/"},{"@type":"ListItem","position":2,"name":"Cartilla tuppers"}]},{"@type":"WebSite","@id":"https:\/\/www.clarel.es\/blog\/#website","url":"https:\/\/www.clarel.es\/blog\/","name":"Clarel","description":"Tienda Online de perfumeria, cosmetica, maquillaje y hogar.","publisher":{"@id":"https:\/\/www.clarel.es\/blog\/#organization"},"potentialAction":[{"@type":"SearchAction","target":{"@type":"EntryPoint","urlTemplate":"https:\/\/www.clarel.es\/blog\/?s={search_term_string}"},"query-input":{"@type":"PropertyValueSpecification","valueRequired":true,"valueName":"search_term_string"}}],"inLanguage":"es"},{"@type":"Organization","@id":"https:\/\/www.clarel.es\/blog\/#organization","name":"Clarel","url":"https:\/\/www.clarel.es\/blog\/","logo":{"@type":"ImageObject","inLanguage":"es","@id":"https:\/\/www.clarel.es\/blog\/#\/schema\/logo\/image\/","url":"https:\/\/clarel-test.ezenit.link\/blog\/wp-content\/uploads\/2022\/08\/logo_clarel.png","contentUrl":"https:\/\/clarel-test.ezenit.link\/blog\/wp-content\/uploads\/2022\/08\/logo_clarel.png","width":432,"height":101,"caption":"Clarel"},"image":{"@id":"https:\/\/www.clarel.es\/blog\/#\/schema\/logo\/image\/"}}]}},"_links":{"self":[{"href":"https:\/\/www.clarel.es\/blog\/wp-json\/wp\/v2\/pages\/17415","targetHints":{"allow":["GET"]}}],"collection":[{"href":"https:\/\/www.clarel.es\/blog\/wp-json\/wp\/v2\/pages"}],"about":[{"href":"https:\/\/www.clarel.es\/blog\/wp-json\/wp\/v2\/types\/page"}],"author":[{"embeddable":true,"href":"https:\/\/www.clarel.es\/blog\/wp-json\/wp\/v2\/users\/5"}],"replies":[{"embeddable":true,"href":"https:\/\/www.clarel.es\/blog\/wp-json\/wp\/v2\/comments?post=17415"}],"version-history":[{"count":28,"href":"https:\/\/www.clarel.es\/blog\/wp-json\/wp\/v2\/pages\/17415\/revisions"}],"predecessor-version":[{"id":17475,"href":"https:\/\/www.clarel.es\/blog\/wp-json\/wp\/v2\/pages\/17415\/revisions\/17475"}],"wp:attachment":[{"href":"https:\/\/www.clarel.es\/blog\/wp-json\/wp\/v2\/media?parent=17415"}],"curies":[{"name":"wp","href":"https:\/\/api.w.org\/{rel}","templated":true}]}}