{"id":10556,"date":"2025-04-28T08:03:52","date_gmt":"2025-04-28T08:03:52","guid":{"rendered":"https:\/\/www.clarel.es\/blog\/?page_id=10556"},"modified":"2026-02-25T11:50:14","modified_gmt":"2026-02-25T11:50:14","slug":"contacto-dpo","status":"publish","type":"page","link":"https:\/\/www.clarel.es\/blog\/contacto-dpo\/","title":{"rendered":"Contacto DPO"},"content":{"rendered":"\t\t<div data-elementor-type=\"wp-page\" data-elementor-id=\"10556\" class=\"elementor elementor-10556\" data-elementor-post-type=\"page\">\n\t\t\t\t<div class=\"elementor-element elementor-element-102b034d e-flex e-con-boxed e-con e-parent\" data-id=\"102b034d\" data-element_type=\"container\">\n\t\t\t\t\t<div class=\"e-con-inner\">\n\t\t<div class=\"elementor-element elementor-element-c4b4dad e-con-full e-flex e-con e-child\" data-id=\"c4b4dad\" data-element_type=\"container\">\n\t\t\t\t<div class=\"elementor-element elementor-element-dc55580 elementor-widget elementor-widget-spacer\" data-id=\"dc55580\" data-element_type=\"widget\" data-widget_type=\"spacer.default\">\n\t\t\t\t<div class=\"elementor-widget-container\">\n\t\t\t\t\t\t\t<div class=\"elementor-spacer\">\n\t\t\t<div class=\"elementor-spacer-inner\"><\/div>\n\t\t<\/div>\n\t\t\t\t\t\t<\/div>\n\t\t\t\t<\/div>\n\t\t\t\t<div class=\"elementor-element elementor-element-16ce12e elementor-widget elementor-widget-heading\" data-id=\"16ce12e\" data-element_type=\"widget\" data-widget_type=\"heading.default\">\n\t\t\t\t<div class=\"elementor-widget-container\">\n\t\t\t\t\t<h2 class=\"elementor-heading-title elementor-size-default\">Contacto con Delegado de Protecci\u00f3n de Datos\n\n<\/h2>\t\t\t\t<\/div>\n\t\t\t\t<\/div>\n\t\t\t\t<div class=\"elementor-element elementor-element-6d793fd elementor-widget elementor-widget-text-editor\" data-id=\"6d793fd\" data-element_type=\"widget\" data-widget_type=\"text-editor.default\">\n\t\t\t\t<div class=\"elementor-widget-container\">\n\t\t\t\t\t\t\t\t\t<p><span style=\"color: #80152c; font-family: Poppins, Helvetica, Arial, Lucida, sans-serif;\">Si tienes dudas relacionadas con el tratamiento de tus datos personales, deseas ejercer alguno de tus derechos en materia de protecci\u00f3n de datos (acceso, rectificaci\u00f3n, supresi\u00f3n, limitaci\u00f3n, oposici\u00f3n o portabilidad), o simplemente quieres comunicarte con nuestro Delegado de Protecci\u00f3n de Datos, puedes hacerlo a trav\u00e9s del siguiente formulario. Tu solicitud ser\u00e1 atendida con la mayor confidencialidad y en los plazos establecidos por la normativa vigente.\u00a0<\/span><\/p><p>\u00a0<\/p>\t\t\t\t\t\t\t\t<\/div>\n\t\t\t\t<\/div>\n\t\t\t\t<div class=\"elementor-element elementor-element-bb2a69f elementor-widget elementor-widget-text-editor\" data-id=\"bb2a69f\" data-element_type=\"widget\" data-widget_type=\"text-editor.default\">\n\t\t\t\t<div class=\"elementor-widget-container\">\n\t\t\t\t\t\t\t\t\t<p><b>Por favor, NO utilice este formulario para realizar solicitudes de empleo, estas deber\u00e1n realizarlas en el siguiente enlace:&nbsp;<a href=\"https:\/\/www.clarel.es\/blog\/trabaja-en-clarel\/\" target=\"_blank\" rel=\"noopener\" data-saferedirecturl=\"https:\/\/www.google.com\/url?q=https:\/\/www.clarel.es\/blog\/trabaja-en-clarel\/&amp;source=gmail&amp;ust=1772106262485000&amp;usg=AOvVaw2YCgaEcsbeP34tX06DppR4\">https:\/\/www.clarel.es\/blog\/<wbr>trabaja-en-clarel\/<\/a><br>Para consultas sobre productos, pedidos, premios, concursos o promociones, por favor, dir\u00edjase al siguiente formulario: <a href=\"https:\/\/www.clarel.es\/es\/formas-contacto-clarel\" target=\"_blank\" rel=\"noopener\" data-saferedirecturl=\"https:\/\/www.google.com\/url?q=https:\/\/www.clarel.es\/es\/formas-contacto-clarel&amp;source=gmail&amp;ust=1772106262485000&amp;usg=AOvVaw1AIA9O_CcZXDoVwuqXDm0Y\">https:\/\/www.clarel.es\/es\/<wbr>formas-contacto-clarel<\/a><\/b><\/p>\t\t\t\t\t\t\t\t<\/div>\n\t\t\t\t<\/div>\n\t\t<div class=\"elementor-element elementor-element-3e91173 e-con-full e-flex e-con e-child\" data-id=\"3e91173\" data-element_type=\"container\">\n\t\t\t\t<div class=\"elementor-element elementor-element-0dfec6a elementor-button-align-stretch elementor-widget elementor-widget-form\" data-id=\"0dfec6a\" data-element_type=\"widget\" data-settings=\"{&quot;step_next_label&quot;:&quot;Enviar&quot;,&quot;button_width&quot;:&quot;100&quot;,&quot;step_type&quot;:&quot;number_text&quot;,&quot;step_icon_shape&quot;:&quot;circle&quot;}\" data-widget_type=\"form.default\">\n\t\t\t\t<div class=\"elementor-widget-container\">\n\t\t\t\t\t\t\t<form class=\"elementor-form\" method=\"post\" name=\"New Form\" aria-label=\"New Form\" novalidate=\"\">\n\t\t\t<input type=\"hidden\" name=\"post_id\" value=\"10556\"\/>\n\t\t\t<input type=\"hidden\" name=\"form_id\" value=\"0dfec6a\"\/>\n\t\t\t<input type=\"hidden\" name=\"referer_title\" value=\"Contacto DPO - Clarel\" \/>\n\n\t\t\t\t\t\t\t<input type=\"hidden\" name=\"queried_id\" value=\"10556\"\/>\n\t\t\t\n\t\t\t<div class=\"elementor-form-fields-wrapper elementor-labels-\">\n\t\t\t\t\t\t\t\t<div class=\"elementor-field-type-text elementor-field-group elementor-column elementor-field-group-name elementor-col-50 elementor-field-required\">\n\t\t\t\t\t\t\t\t\t\t\t\t<label for=\"form-field-name\" class=\"elementor-field-label elementor-screen-only\">\n\t\t\t\t\t\t\t\tNombre\t\t\t\t\t\t\t<\/label>\n\t\t\t\t\t\t\t\t\t\t\t\t\t\t<input size=\"1\" type=\"text\" name=\"form_fields[name]\" id=\"form-field-name\" class=\"elementor-field elementor-size-sm  elementor-field-textual\" placeholder=\"Nombre*\" required=\"required\">\n\t\t\t\t\t\t\t\t\t\t\t<\/div>\n\t\t\t\t\t\t\t\t<div class=\"elementor-field-type-text elementor-field-group elementor-column elementor-field-group-field_d0aa845 elementor-col-50 elementor-field-required\">\n\t\t\t\t\t\t\t\t\t\t\t\t<label for=\"form-field-field_d0aa845\" class=\"elementor-field-label elementor-screen-only\">\n\t\t\t\t\t\t\t\tApellidos\t\t\t\t\t\t\t<\/label>\n\t\t\t\t\t\t\t\t\t\t\t\t\t\t<input size=\"1\" type=\"text\" name=\"form_fields[field_d0aa845]\" id=\"form-field-field_d0aa845\" class=\"elementor-field elementor-size-sm  elementor-field-textual\" placeholder=\"Apellidos*\" required=\"required\">\n\t\t\t\t\t\t\t\t\t\t\t<\/div>\n\t\t\t\t\t\t\t\t<div class=\"elementor-field-type-email elementor-field-group elementor-column elementor-field-group-email elementor-col-100 elementor-field-required\">\n\t\t\t\t\t\t\t\t\t\t\t\t<label for=\"form-field-email\" class=\"elementor-field-label elementor-screen-only\">\n\t\t\t\t\t\t\t\tCorreo electr\u00f3nico\t\t\t\t\t\t\t<\/label>\n\t\t\t\t\t\t\t\t\t\t\t\t\t\t<input size=\"1\" type=\"email\" name=\"form_fields[email]\" id=\"form-field-email\" class=\"elementor-field elementor-size-sm  elementor-field-textual\" placeholder=\"Correo electr\u00f3nico*\" required=\"required\">\n\t\t\t\t\t\t\t\t\t\t\t<\/div>\n\t\t\t\t\t\t\t\t<div class=\"elementor-field-type-textarea elementor-field-group elementor-column elementor-field-group-message elementor-col-100 elementor-field-required\">\n\t\t\t\t\t\t\t\t\t\t\t\t<label for=\"form-field-message\" class=\"elementor-field-label elementor-screen-only\">\n\t\t\t\t\t\t\t\tMensaje*\t\t\t\t\t\t\t<\/label>\n\t\t\t\t\t\t<textarea class=\"elementor-field-textual elementor-field  elementor-size-sm\" name=\"form_fields[message]\" id=\"form-field-message\" rows=\"4\" placeholder=\"Mensaje*\" required=\"required\"><\/textarea>\t\t\t\t<\/div>\n\t\t\t\t\t\t\t\t<div class=\"elementor-field-type-html elementor-field-group elementor-column elementor-field-group-field_2401c47 elementor-col-100\">\n\t\t\t\t\tDebes aceptar la pol\u00edtica de privacidad\t\t\t\t<\/div>\n\t\t\t\t\t\t\t\t<div class=\"elementor-field-type-acceptance elementor-field-group elementor-column elementor-field-group-field_7cda00e elementor-col-100 elementor-field-required\">\n\t\t\t\t\t\t\t\t\t\t\t\t<label for=\"form-field-field_7cda00e\" class=\"elementor-field-label elementor-screen-only\">\n\t\t\t\t\t\t\t\tPolitica de Privacidad\t\t\t\t\t\t\t<\/label>\n\t\t\t\t\t\t\t\t<div class=\"elementor-field-subgroup\">\n\t\t\t<span class=\"elementor-field-option\">\n\t\t\t\t<input type=\"checkbox\" name=\"form_fields[field_7cda00e]\" id=\"form-field-field_7cda00e\" class=\"elementor-field elementor-size-sm  elementor-acceptance-field\" required=\"required\">\n\t\t\t\t<label for=\"form-field-field_7cda00e\">Confirmo que he le\u00eddo la <a href=\"https:\/\/www.clarel.es\/es\/politica-de-privacidad\" target=\"_blank\">pol\u00edtica de privacidad<\/a>.<\/label>\t\t\t<\/span>\n\t\t<\/div>\n\t\t\t\t\t\t<\/div>\n\t\t\t\t\t\t\t\t<div class=\"elementor-field-type-acceptance elementor-field-group elementor-column elementor-field-group-field_3093b80 elementor-col-100 elementor-field-required\">\n\t\t\t\t\t\t\t\t\t\t\t\t<label for=\"form-field-field_3093b80\" class=\"elementor-field-label elementor-screen-only\">\n\t\t\t\t\t\t\t\tPolitica de Privacidad\t\t\t\t\t\t\t<\/label>\n\t\t\t\t\t\t\t\t<div class=\"elementor-field-subgroup\">\n\t\t\t<span class=\"elementor-field-option\">\n\t\t\t\t<input type=\"checkbox\" name=\"form_fields[field_3093b80]\" id=\"form-field-field_3093b80\" class=\"elementor-field elementor-size-sm  elementor-acceptance-field\" required=\"required\">\n\t\t\t\t<label for=\"form-field-field_3093b80\">Confirmo que he le\u00eddo y acepto las condiciones de uso.<\/label>\t\t\t<\/span>\n\t\t<\/div>\n\t\t\t\t\t\t<\/div>\n\t\t\t\t\t\t\t\t<div class=\"elementor-field-group elementor-column elementor-field-type-submit elementor-col-100 e-form__buttons\">\n\t\t\t\t\t<button class=\"elementor-button elementor-size-sm\" type=\"submit\">\n\t\t\t\t\t\t<span class=\"elementor-button-content-wrapper\">\n\t\t\t\t\t\t\t\t\t\t\t\t\t\t\t\t\t\t\t\t\t\t<span class=\"elementor-button-text\">Enviar<\/span>\n\t\t\t\t\t\t\t\t\t\t\t\t\t<\/span>\n\t\t\t\t\t<\/button>\n\t\t\t\t<\/div>\n\t\t\t<\/div>\n\t\t<\/form>\n\t\t\t\t\t\t<\/div>\n\t\t\t\t<\/div>\n\t\t\t\t<div class=\"elementor-element elementor-element-eabe1cc elementor-widget elementor-widget-html\" data-id=\"eabe1cc\" data-element_type=\"widget\" data-widget_type=\"html.default\">\n\t\t\t\t<div class=\"elementor-widget-container\">\n\t\t\t\t\t<script>\r\n(function(){\r\n  const MIN = 10;\r\n  function marcarError(campo, msg){\r\n    const group = campo.closest('.elementor-field-group');\r\n    if (!group) return;\r\n    group.classList.add('elementor-error');\r\n    campo.setAttribute('aria-invalid','true');\r\n    let old = group.querySelector('.e-minlen-error');\r\n    if (old) old.remove();\r\n    const div = document.createElement('div');\r\n    div.className = 'elementor-message e-minlen-error';\r\n    div.textContent = msg;\r\n    group.appendChild(div);\r\n    campo.focus();\r\n  }\r\n  document.addEventListener('submit', function(e){\r\n    const form = e.target.closest('form.elementor-form');\r\n    if (!form) return;\r\n    const campo = form.querySelector('textarea[name=\"form_fields[message]\"]');\r\n    if (!campo) return;\r\n    const len = campo.value.trim().length;\r\n    const debeValidar = campo.hasAttribute('required') ? true : (len > 0);\r\n    if (debeValidar && len < MIN){\r\n      e.preventDefault(); e.stopPropagation();\r\n      marcarError(campo, 'Por favor, escribe al menos ' + MIN + ' caracteres.');\r\n    }\r\n  }, true);\r\n  document.addEventListener('input', function(e){\r\n    const campo = e.target;\r\n    if (campo && campo.matches('form.elementor-form textarea[name=\"form_fields[message]\"]')){\r\n      const group = campo.closest('.elementor-field-group');\r\n      if (!group) return;\r\n      if (campo.value.trim().length >= MIN){\r\n        group.classList.remove('elementor-error');\r\n        campo.removeAttribute('aria-invalid');\r\n        const old = group.querySelector('.e-minlen-error'); if (old) old.remove();\r\n      }\r\n    }\r\n  }, true);\r\n})();\r\n<\/script>\r\n\r\n<style>\r\n.e-minlen-error {\r\n  color: #d93025; \/* rojo consistente con los avisos de error de Elementor *\/\r\n  font-size: 13px;\r\n  margin-top: 4px;\r\n  display: block;\r\n}\r\n<\/style>\r\n\t\t\t\t<\/div>\n\t\t\t\t<\/div>\n\t\t\t\t<\/div>\n\t\t\t\t<\/div>\n\t\t\t\t\t<\/div>\n\t\t\t\t<\/div>\n\t\t<div class=\"elementor-element elementor-element-ab6e734 e-flex e-con-boxed e-con e-parent\" data-id=\"ab6e734\" data-element_type=\"container\">\n\t\t\t\t\t<div class=\"e-con-inner\">\n\t\t\t\t<div class=\"elementor-element elementor-element-05396f2 elementor-widget elementor-widget-text-editor\" data-id=\"05396f2\" data-element_type=\"widget\" data-widget_type=\"text-editor.default\">\n\t\t\t\t<div class=\"elementor-widget-container\">\n\t\t\t\t\t\t\t\t\t<p><i>Responsable: Clarel Beauty, S.A. Finalidad: Gestionar su ejercicio de derechos y resolver sus consultas en materia de protecci\u00f3n de datos. Derechos: Puede ejercer sus derechos de acceso, rectificaci\u00f3n, supresi\u00f3n, limitaci\u00f3n u oposici\u00f3n en este mismo formulario de comunicaci\u00f3n o por correo ordinario en Calle Jacinto Benavente, 2B, 28232 Las Rozas de Madrid, Madrid. Informaci\u00f3n adicional en la Pol\u00edtica de privacidad (<a href=\"https:\/\/www.clarel.es\/es\/politica-de-privacidad\" target=\"_blank\" rel=\"noopener\" data-saferedirecturl=\"https:\/\/www.google.com\/url?q=https:\/\/www.clarel.es\/es\/politica-de-privacidad&amp;source=gmail&amp;ust=1750498274006000&amp;usg=AOvVaw3qKdY3a56-uKN2puaenqaL\">aqu\u00ed<\/a>).<\/i><\/p>\t\t\t\t\t\t\t\t<\/div>\n\t\t\t\t<\/div>\n\t\t\t\t\t<\/div>\n\t\t\t\t<\/div>\n\t\t\t\t<\/div>\n\t\t","protected":false},"excerpt":{"rendered":"<p>Contacto con Delegado de Protecci\u00f3n de Datos Si tienes dudas relacionadas con el tratamiento de tus datos personales, deseas ejercer alguno de tus derechos en materia de protecci\u00f3n de datos (acceso, rectificaci\u00f3n, supresi\u00f3n, limitaci\u00f3n, oposici\u00f3n o portabilidad), o simplemente quieres comunicarte con nuestro Delegado de Protecci\u00f3n de Datos, puedes hacerlo a trav\u00e9s del siguiente formulario. [&hellip;]<\/p>\n","protected":false},"author":5,"featured_media":0,"parent":0,"menu_order":0,"comment_status":"closed","ping_status":"closed","template":"elementor_header_footer","meta":{"footnotes":""},"class_list":["post-10556","page","type-page","status-publish","hentry"],"yoast_head":"<!-- This site is optimized with the Yoast SEO plugin v25.4 - https:\/\/yoast.com\/wordpress\/plugins\/seo\/ -->\n<title>Contacto DPO - Clarel<\/title>\n<meta name=\"robots\" content=\"index, follow, max-snippet:-1, max-image-preview:large, max-video-preview:-1\" \/>\n<link rel=\"canonical\" href=\"https:\/\/www.clarel.es\/blog\/contacto-dpo\/\" \/>\n<meta property=\"og:locale\" content=\"es_ES\" \/>\n<meta property=\"og:type\" content=\"article\" \/>\n<meta property=\"og:title\" content=\"Contacto DPO - Clarel\" \/>\n<meta property=\"og:description\" content=\"Contacto con Delegado de Protecci\u00f3n de Datos Si tienes dudas relacionadas con el tratamiento de tus datos personales, deseas ejercer alguno de tus derechos en materia de protecci\u00f3n de datos (acceso, rectificaci\u00f3n, supresi\u00f3n, limitaci\u00f3n, oposici\u00f3n o portabilidad), o simplemente quieres comunicarte con nuestro Delegado de Protecci\u00f3n de Datos, puedes hacerlo a trav\u00e9s del siguiente formulario. [&hellip;]\" \/>\n<meta property=\"og:url\" content=\"https:\/\/www.clarel.es\/blog\/contacto-dpo\/\" \/>\n<meta property=\"og:site_name\" content=\"Clarel\" \/>\n<meta property=\"article:modified_time\" content=\"2026-02-25T11:50:14+00:00\" \/>\n<meta name=\"twitter:card\" content=\"summary_large_image\" \/>\n<script type=\"application\/ld+json\" class=\"yoast-schema-graph\">{\"@context\":\"https:\/\/schema.org\",\"@graph\":[{\"@type\":\"WebPage\",\"@id\":\"https:\/\/www.clarel.es\/blog\/contacto-dpo\/\",\"url\":\"https:\/\/www.clarel.es\/blog\/contacto-dpo\/\",\"name\":\"Contacto DPO - Clarel\",\"isPartOf\":{\"@id\":\"https:\/\/www.clarel.es\/blog\/#website\"},\"datePublished\":\"2025-04-28T08:03:52+00:00\",\"dateModified\":\"2026-02-25T11:50:14+00:00\",\"breadcrumb\":{\"@id\":\"https:\/\/www.clarel.es\/blog\/contacto-dpo\/#breadcrumb\"},\"inLanguage\":\"es\",\"potentialAction\":[{\"@type\":\"ReadAction\",\"target\":[\"https:\/\/www.clarel.es\/blog\/contacto-dpo\/\"]}]},{\"@type\":\"BreadcrumbList\",\"@id\":\"https:\/\/www.clarel.es\/blog\/contacto-dpo\/#breadcrumb\",\"itemListElement\":[{\"@type\":\"ListItem\",\"position\":1,\"name\":\"Portada\",\"item\":\"https:\/\/www.clarel.es\/blog\/\"},{\"@type\":\"ListItem\",\"position\":2,\"name\":\"Contacto DPO\"}]},{\"@type\":\"WebSite\",\"@id\":\"https:\/\/www.clarel.es\/blog\/#website\",\"url\":\"https:\/\/www.clarel.es\/blog\/\",\"name\":\"Clarel\",\"description\":\"Tienda Online de perfumeria, cosmetica, maquillaje y hogar.\",\"publisher\":{\"@id\":\"https:\/\/www.clarel.es\/blog\/#organization\"},\"potentialAction\":[{\"@type\":\"SearchAction\",\"target\":{\"@type\":\"EntryPoint\",\"urlTemplate\":\"https:\/\/www.clarel.es\/blog\/?s={search_term_string}\"},\"query-input\":{\"@type\":\"PropertyValueSpecification\",\"valueRequired\":true,\"valueName\":\"search_term_string\"}}],\"inLanguage\":\"es\"},{\"@type\":\"Organization\",\"@id\":\"https:\/\/www.clarel.es\/blog\/#organization\",\"name\":\"Clarel\",\"url\":\"https:\/\/www.clarel.es\/blog\/\",\"logo\":{\"@type\":\"ImageObject\",\"inLanguage\":\"es\",\"@id\":\"https:\/\/www.clarel.es\/blog\/#\/schema\/logo\/image\/\",\"url\":\"https:\/\/clarel-test.ezenit.link\/blog\/wp-content\/uploads\/2022\/08\/logo_clarel.png\",\"contentUrl\":\"https:\/\/clarel-test.ezenit.link\/blog\/wp-content\/uploads\/2022\/08\/logo_clarel.png\",\"width\":432,\"height\":101,\"caption\":\"Clarel\"},\"image\":{\"@id\":\"https:\/\/www.clarel.es\/blog\/#\/schema\/logo\/image\/\"}}]}<\/script>\n<!-- \/ Yoast SEO plugin. -->","yoast_head_json":{"title":"Contacto DPO - Clarel","robots":{"index":"index","follow":"follow","max-snippet":"max-snippet:-1","max-image-preview":"max-image-preview:large","max-video-preview":"max-video-preview:-1"},"canonical":"https:\/\/www.clarel.es\/blog\/contacto-dpo\/","og_locale":"es_ES","og_type":"article","og_title":"Contacto DPO - Clarel","og_description":"Contacto con Delegado de Protecci\u00f3n de Datos Si tienes dudas relacionadas con el tratamiento de tus datos personales, deseas ejercer alguno de tus derechos en materia de protecci\u00f3n de datos (acceso, rectificaci\u00f3n, supresi\u00f3n, limitaci\u00f3n, oposici\u00f3n o portabilidad), o simplemente quieres comunicarte con nuestro Delegado de Protecci\u00f3n de Datos, puedes hacerlo a trav\u00e9s del siguiente formulario. [&hellip;]","og_url":"https:\/\/www.clarel.es\/blog\/contacto-dpo\/","og_site_name":"Clarel","article_modified_time":"2026-02-25T11:50:14+00:00","twitter_card":"summary_large_image","schema":{"@context":"https:\/\/schema.org","@graph":[{"@type":"WebPage","@id":"https:\/\/www.clarel.es\/blog\/contacto-dpo\/","url":"https:\/\/www.clarel.es\/blog\/contacto-dpo\/","name":"Contacto DPO - Clarel","isPartOf":{"@id":"https:\/\/www.clarel.es\/blog\/#website"},"datePublished":"2025-04-28T08:03:52+00:00","dateModified":"2026-02-25T11:50:14+00:00","breadcrumb":{"@id":"https:\/\/www.clarel.es\/blog\/contacto-dpo\/#breadcrumb"},"inLanguage":"es","potentialAction":[{"@type":"ReadAction","target":["https:\/\/www.clarel.es\/blog\/contacto-dpo\/"]}]},{"@type":"BreadcrumbList","@id":"https:\/\/www.clarel.es\/blog\/contacto-dpo\/#breadcrumb","itemListElement":[{"@type":"ListItem","position":1,"name":"Portada","item":"https:\/\/www.clarel.es\/blog\/"},{"@type":"ListItem","position":2,"name":"Contacto DPO"}]},{"@type":"WebSite","@id":"https:\/\/www.clarel.es\/blog\/#website","url":"https:\/\/www.clarel.es\/blog\/","name":"Clarel","description":"Tienda Online de perfumeria, cosmetica, maquillaje y hogar.","publisher":{"@id":"https:\/\/www.clarel.es\/blog\/#organization"},"potentialAction":[{"@type":"SearchAction","target":{"@type":"EntryPoint","urlTemplate":"https:\/\/www.clarel.es\/blog\/?s={search_term_string}"},"query-input":{"@type":"PropertyValueSpecification","valueRequired":true,"valueName":"search_term_string"}}],"inLanguage":"es"},{"@type":"Organization","@id":"https:\/\/www.clarel.es\/blog\/#organization","name":"Clarel","url":"https:\/\/www.clarel.es\/blog\/","logo":{"@type":"ImageObject","inLanguage":"es","@id":"https:\/\/www.clarel.es\/blog\/#\/schema\/logo\/image\/","url":"https:\/\/clarel-test.ezenit.link\/blog\/wp-content\/uploads\/2022\/08\/logo_clarel.png","contentUrl":"https:\/\/clarel-test.ezenit.link\/blog\/wp-content\/uploads\/2022\/08\/logo_clarel.png","width":432,"height":101,"caption":"Clarel"},"image":{"@id":"https:\/\/www.clarel.es\/blog\/#\/schema\/logo\/image\/"}}]}},"_links":{"self":[{"href":"https:\/\/www.clarel.es\/blog\/wp-json\/wp\/v2\/pages\/10556","targetHints":{"allow":["GET"]}}],"collection":[{"href":"https:\/\/www.clarel.es\/blog\/wp-json\/wp\/v2\/pages"}],"about":[{"href":"https:\/\/www.clarel.es\/blog\/wp-json\/wp\/v2\/types\/page"}],"author":[{"embeddable":true,"href":"https:\/\/www.clarel.es\/blog\/wp-json\/wp\/v2\/users\/5"}],"replies":[{"embeddable":true,"href":"https:\/\/www.clarel.es\/blog\/wp-json\/wp\/v2\/comments?post=10556"}],"version-history":[{"count":64,"href":"https:\/\/www.clarel.es\/blog\/wp-json\/wp\/v2\/pages\/10556\/revisions"}],"predecessor-version":[{"id":17566,"href":"https:\/\/www.clarel.es\/blog\/wp-json\/wp\/v2\/pages\/10556\/revisions\/17566"}],"wp:attachment":[{"href":"https:\/\/www.clarel.es\/blog\/wp-json\/wp\/v2\/media?parent=10556"}],"curies":[{"name":"wp","href":"https:\/\/api.w.org\/{rel}","templated":true}]}}