{"id":10300,"date":"2025-03-28T14:33:04","date_gmt":"2025-03-28T14:33:04","guid":{"rendered":"https:\/\/www.clarel.es\/blog\/?page_id=10300"},"modified":"2025-09-29T15:59:24","modified_gmt":"2025-09-29T15:59:24","slug":"clarel-celebra-12-aniversario","status":"publish","type":"page","link":"https:\/\/www.clarel.es\/blog\/clarel-celebra-12-aniversario\/","title":{"rendered":"Clarel celebra su 12\u00baaniversario, un viaje lleno de desaf\u00edos y nuevas tendencias"},"content":{"rendered":"\t\t<div data-elementor-type=\"wp-page\" data-elementor-id=\"10300\" class=\"elementor elementor-10300\" data-elementor-post-type=\"page\">\n\t\t\t\t<div class=\"elementor-element elementor-element-7d85b3d1 e-flex e-con-boxed e-con e-parent\" data-id=\"7d85b3d1\" data-element_type=\"container\">\n\t\t\t\t\t<div class=\"e-con-inner\">\n\t\t\t\t<div class=\"elementor-element elementor-element-50159489 elementor-widget elementor-widget-text-editor\" data-id=\"50159489\" data-element_type=\"widget\" data-widget_type=\"text-editor.default\">\n\t\t\t\t<div class=\"elementor-widget-container\">\n\t\t\t\t\t\t\t\t\t<section style=\"padding: 20px;font-family: 'Poppins', sans-serif\">\n  <h2 style=\"color: #ef7a50;font-family: 'Gelica Light', sans-serif\">Clarel celebra su 12\u00ba aniversario, un viaje lleno de desaf\u00edos y nuevas tendencias<\/h2>\n\n  <p><strong>Madrid, 25 febrero de 2025<\/strong> &#8211; Clarel, tienda l\u00edder en proximidad de belleza, cuidado personal y del hogar, celebra su duod\u00e9cimo aniversario con una promoci\u00f3n especial para agradecer la fidelidad de sus clientes. Desde su fundaci\u00f3n en 2013, Clarel ha crecido hasta contar con cerca de 1.000 tiendas en toda Espa\u00f1a, consolid\u00e1ndose como un referente en el sector.<\/p>\n\n  <p>En abril de 2024, Grupo Trinity adquiri\u00f3 Clarel y comenz\u00f3 una nueva etapa de integraci\u00f3n y rebranding a trav\u00e9s de los que ha impulsado su crecimiento y diversificaci\u00f3n en el mercado espa\u00f1ol.<\/p>\n\n  <p>A lo largo de estos doce a\u00f1os, Clarel ha ampliado su presencia por todo el territorio espa\u00f1ol, convirti\u00e9ndose a su vez en uno de los principales empleadores del comercio minorista con m\u00e1s 3.000 empleados. Fiel a sus valores de democratizar la belleza y de estar siempre cerca, la compa\u00f1\u00eda cuenta con m\u00e1s de 500 tiendas ubicadas en poblaciones de menos de 25.000 habitantes, de esta forma est\u00e1 presente tanto en la Espa\u00f1a rural como en barrios donde otros operadores no tienen presencia.<\/p>\n\n  <p>Clarel cuenta con un cat\u00e1logo de m\u00e1s de 7.800 productos y 7 marcas propias de gran calidad a precios asequibles para ayudar al balance econ\u00f3mico del bolsillo del consumidor. Destacan <strong>bont\u00e9<\/strong>, dedicada al cuidado e higiene personal; <strong>BeNeSk<\/strong>, enfocada en cosm\u00e9tica; <strong>Hogarel<\/strong>, especializada en productos para el hogar; <strong>AS<\/strong>, dirigida al cuidado de mascotas, entre otras.<\/p>\n\n  <p>En 2024, Clarel ha impulsado diversas alianzas estrat\u00e9gicas para fortalecer su presencia en el mercado. Destacan sus acuerdos con Uber Eats y Just Eat para el reparto a domicilio de productos en varias ciudades espa\u00f1olas. Tambi\u00e9n se ali\u00f3 con Uber Eats para impulsar su campa\u00f1a de \u00abLa Polic\u00eda del Sol\u00bb, cuya embajadora fue M\u00f3nica Cruz, y repartir protectores solares en playas. Asimismo, se uni\u00f3 a Purina en el D\u00eda Mundial de los Animales para donar alimentos y productos a mascotas sin hogar. Adem\u00e1s, Clarel cerr\u00f3 2024 con ocho premios, entre ellos el reconocimiento a Mejor Comercio y Franquicia del A\u00f1o, consolidando su presencia en el sector y su compromiso con la innovaci\u00f3n y el bienestar.<\/p>\n\n  <p>Para celebrar este duod\u00e9cimo aniversario, Clarel lanza una promoci\u00f3n especial que se extender\u00e1 del 26 de febrero al 27 de mayo de 2025. Durante este periodo, los clientes recibir\u00e1n un punto por cada 5 euros de compra. Acumulando los puntos necesarios y abonando una peque\u00f1a cantidad, podr\u00e1n obtener toallas exclusivas fabricadas en 100% algod\u00f3n, suaves, ligeras y con gran capacidad de absorci\u00f3n.<\/p>\n\n  <img decoding=\"async\" src=\"https:\/\/blog-clarel.imgix.net\/uploads\/2025\/03\/Pieza_Campana-de-Aniversario-Clarel-toallas-2025.png?auto=format%2Ccompress&ixlib=php-3.3.0&w=800\" style=\"width: 100%;margin: 30px 0\" data-recalc-dims=\"1\">\n\n  <p><strong>Las opciones disponibles son:<\/strong><\/p>\n  <ul>\n    <li>Toalla para el pelo: 15 puntos<\/li>\n    <li>Toalla de lavabo: 25 puntos<\/li>\n    <li>Toalla de ba\u00f1o: 35 puntos<\/li>\n  <\/ul>\n\n  <p>Los puntos se entregar\u00e1n a todos los clientes por cada 5 euros de compra en tienda f\u00edsica o p\u00e1gina web <a href=\"https:\/\/www.clarel.es\" target=\"_blank\">clarel.es<\/a>, aunque las toallas deber\u00e1n recogerse en tiendas f\u00edsicas.<\/p>\n\n  <p>Con esta iniciativa, Clarel premia la fidelidad de sus clientes, reforzando su compromiso de acercarles el cuidado personal y del hogar.<\/p>\n\n  <h3 style=\"color: #ef7a50;font-family: 'Gelica Light', sans-serif;margin-top: 30px\">Sobre Clarel<\/h3>\n  <p>Clarel se erige como la tienda l\u00edder en proximidad de belleza, cuidado personal y del hogar que fundamenta su identidad en la importancia de estar cerca, con establecimientos estrat\u00e9gicamente posicionados a tan solo un paso de sus clientes. Clarel atesora una trayectoria de m\u00e1s de 11 a\u00f1os en el mercado y ofrece una amplia gama de productos que abarcan desde cosm\u00e9ticos hasta soluciones de higiene personal y cuidado del hogar.<\/p>\n\n  <p>La compa\u00f1\u00eda se diferencia gracias a sus marcas exclusivas, como <strong>bont\u00e9<\/strong>, <strong>NeSk<\/strong>, <strong>Hogarel<\/strong> y <strong>AS<\/strong>, que a\u00f1aden un elemento distintivo a su propuesta. Consolidando su posici\u00f3n en Espa\u00f1a, con una extensa red que alcanza cerca de las 1.000 tiendas, la misi\u00f3n de Clarel es acercar a sus clientes el cuidado personal y del hogar, haciendo especial el bienestar y la belleza de lo cotidiano.<\/p>\n\n  <p><a href=\"https:\/\/www.clarel.es\" target=\"_blank\">www.clarel.es<\/a><\/p>\n<\/section>\n\t\t\t\t\t\t\t\t<\/div>\n\t\t\t\t<\/div>\n\t\t\t\t\t<\/div>\n\t\t\t\t<\/div>\n\t\t\t\t<\/div>\n\t\t","protected":false},"excerpt":{"rendered":"<p>Clarel celebra su 12\u00ba aniversario, un viaje lleno de desaf\u00edos y nuevas tendencias Madrid, 25 febrero de 2025 &#8211; Clarel, tienda l\u00edder en proximidad de belleza, cuidado personal y del hogar, celebra su duod\u00e9cimo aniversario con una promoci\u00f3n especial para agradecer la fidelidad de sus clientes. Desde su fundaci\u00f3n en 2013, Clarel ha crecido hasta [&hellip;]<\/p>\n","protected":false},"author":5,"featured_media":10298,"parent":0,"menu_order":0,"comment_status":"closed","ping_status":"closed","template":"elementor_header_footer","meta":{"footnotes":""},"class_list":["post-10300","page","type-page","status-publish","has-post-thumbnail","hentry"],"yoast_head":"<!-- This site is optimized with the Yoast SEO plugin v25.4 - https:\/\/yoast.com\/wordpress\/plugins\/seo\/ -->\n<title>Clarel celebra su 12\u00baaniversario, un viaje lleno de desaf\u00edos y nuevas tendencias - Clarel<\/title>\n<meta name=\"description\" content=\"Para celebrar este duod\u00e9cimo aniversario, Clarel lanza una promoci\u00f3n especial que se extender\u00e1 del 26 de febrero al 27 de mayo de 2025. Durante este periodo, los clientes recibir\u00e1n un punto por cada 5 euros de compra. Acumulando los puntos necesarios y abonando una peque\u00f1a cantidad, podr\u00e1n obtener toallas exclusivas fabricadas en 100% algod\u00f3n, suaves, ligeras y con gran capacidad de absorci\u00f3n.\" \/>\n<meta name=\"robots\" content=\"index, follow, max-snippet:-1, max-image-preview:large, max-video-preview:-1\" \/>\n<link rel=\"canonical\" href=\"https:\/\/www.clarel.es\/blog\/clarel-celebra-12-aniversario\/\" \/>\n<meta property=\"og:locale\" content=\"es_ES\" \/>\n<meta property=\"og:type\" content=\"article\" \/>\n<meta property=\"og:title\" content=\"Clarel celebra su 12\u00baaniversario, un viaje lleno de desaf\u00edos y nuevas tendencias - Clarel\" \/>\n<meta property=\"og:description\" content=\"Para celebrar este duod\u00e9cimo aniversario, Clarel lanza una promoci\u00f3n especial que se extender\u00e1 del 26 de febrero al 27 de mayo de 2025. Durante este periodo, los clientes recibir\u00e1n un punto por cada 5 euros de compra. Acumulando los puntos necesarios y abonando una peque\u00f1a cantidad, podr\u00e1n obtener toallas exclusivas fabricadas en 100% algod\u00f3n, suaves, ligeras y con gran capacidad de absorci\u00f3n.\" \/>\n<meta property=\"og:url\" content=\"https:\/\/www.clarel.es\/blog\/clarel-celebra-12-aniversario\/\" \/>\n<meta property=\"og:site_name\" content=\"Clarel\" \/>\n<meta property=\"article:modified_time\" content=\"2025-09-29T15:59:24+00:00\" \/>\n<meta property=\"og:image\" content=\"https:\/\/www.clarel.es\/blog\/wp-content\/uploads\/2025\/03\/Pieza_Campana-de-Aniversario-Clarel-toallas-2025.png\" \/>\n\t<meta property=\"og:image:width\" content=\"1280\" \/>\n\t<meta property=\"og:image:height\" content=\"960\" \/>\n\t<meta property=\"og:image:type\" content=\"image\/png\" \/>\n<meta name=\"twitter:card\" content=\"summary_large_image\" \/>\n<script type=\"application\/ld+json\" class=\"yoast-schema-graph\">{\"@context\":\"https:\/\/schema.org\",\"@graph\":[{\"@type\":\"WebPage\",\"@id\":\"https:\/\/www.clarel.es\/blog\/clarel-celebra-12-aniversario\/\",\"url\":\"https:\/\/www.clarel.es\/blog\/clarel-celebra-12-aniversario\/\",\"name\":\"Clarel celebra su 12\u00baaniversario, un viaje lleno de desaf\u00edos y nuevas tendencias - Clarel\",\"isPartOf\":{\"@id\":\"https:\/\/www.clarel.es\/blog\/#website\"},\"primaryImageOfPage\":{\"@id\":\"https:\/\/www.clarel.es\/blog\/clarel-celebra-12-aniversario\/#primaryimage\"},\"image\":{\"@id\":\"https:\/\/www.clarel.es\/blog\/clarel-celebra-12-aniversario\/#primaryimage\"},\"thumbnailUrl\":\"https:\/\/blog-clarel.imgix.net\/uploads\/2025\/03\/Pieza_Campana-de-Aniversario-Clarel-toallas-2025.png?auto=format%2Ccompress&ixlib=php-3.3.0\",\"datePublished\":\"2025-03-28T14:33:04+00:00\",\"dateModified\":\"2025-09-29T15:59:24+00:00\",\"description\":\"Para celebrar este duod\u00e9cimo aniversario, Clarel lanza una promoci\u00f3n especial que se extender\u00e1 del 26 de febrero al 27 de mayo de 2025. Durante este periodo, los clientes recibir\u00e1n un punto por cada 5 euros de compra. Acumulando los puntos necesarios y abonando una peque\u00f1a cantidad, podr\u00e1n obtener toallas exclusivas fabricadas en 100% algod\u00f3n, suaves, ligeras y con gran capacidad de absorci\u00f3n.\",\"breadcrumb\":{\"@id\":\"https:\/\/www.clarel.es\/blog\/clarel-celebra-12-aniversario\/#breadcrumb\"},\"inLanguage\":\"es\",\"potentialAction\":[{\"@type\":\"ReadAction\",\"target\":[\"https:\/\/www.clarel.es\/blog\/clarel-celebra-12-aniversario\/\"]}]},{\"@type\":\"ImageObject\",\"inLanguage\":\"es\",\"@id\":\"https:\/\/www.clarel.es\/blog\/clarel-celebra-12-aniversario\/#primaryimage\",\"url\":\"https:\/\/blog-clarel.imgix.net\/uploads\/2025\/03\/Pieza_Campana-de-Aniversario-Clarel-toallas-2025.png?auto=format%2Ccompress&ixlib=php-3.3.0\",\"contentUrl\":\"https:\/\/blog-clarel.imgix.net\/uploads\/2025\/03\/Pieza_Campana-de-Aniversario-Clarel-toallas-2025.png?auto=format%2Ccompress&ixlib=php-3.3.0\",\"width\":1280,\"height\":960},{\"@type\":\"BreadcrumbList\",\"@id\":\"https:\/\/www.clarel.es\/blog\/clarel-celebra-12-aniversario\/#breadcrumb\",\"itemListElement\":[{\"@type\":\"ListItem\",\"position\":1,\"name\":\"Portada\",\"item\":\"https:\/\/www.clarel.es\/blog\/\"},{\"@type\":\"ListItem\",\"position\":2,\"name\":\"Clarel celebra su 12\u00baaniversario, un viaje lleno de desaf\u00edos y nuevas tendencias\"}]},{\"@type\":\"WebSite\",\"@id\":\"https:\/\/www.clarel.es\/blog\/#website\",\"url\":\"https:\/\/www.clarel.es\/blog\/\",\"name\":\"Clarel\",\"description\":\"Tienda Online de perfumeria, cosmetica, maquillaje y hogar.\",\"publisher\":{\"@id\":\"https:\/\/www.clarel.es\/blog\/#organization\"},\"potentialAction\":[{\"@type\":\"SearchAction\",\"target\":{\"@type\":\"EntryPoint\",\"urlTemplate\":\"https:\/\/www.clarel.es\/blog\/?s={search_term_string}\"},\"query-input\":{\"@type\":\"PropertyValueSpecification\",\"valueRequired\":true,\"valueName\":\"search_term_string\"}}],\"inLanguage\":\"es\"},{\"@type\":\"Organization\",\"@id\":\"https:\/\/www.clarel.es\/blog\/#organization\",\"name\":\"Clarel\",\"url\":\"https:\/\/www.clarel.es\/blog\/\",\"logo\":{\"@type\":\"ImageObject\",\"inLanguage\":\"es\",\"@id\":\"https:\/\/www.clarel.es\/blog\/#\/schema\/logo\/image\/\",\"url\":\"https:\/\/clarel-test.ezenit.link\/blog\/wp-content\/uploads\/2022\/08\/logo_clarel.png\",\"contentUrl\":\"https:\/\/clarel-test.ezenit.link\/blog\/wp-content\/uploads\/2022\/08\/logo_clarel.png\",\"width\":432,\"height\":101,\"caption\":\"Clarel\"},\"image\":{\"@id\":\"https:\/\/www.clarel.es\/blog\/#\/schema\/logo\/image\/\"}}]}<\/script>\n<!-- \/ Yoast SEO plugin. -->","yoast_head_json":{"title":"Clarel celebra su 12\u00baaniversario, un viaje lleno de desaf\u00edos y nuevas tendencias - Clarel","description":"Para celebrar este duod\u00e9cimo aniversario, Clarel lanza una promoci\u00f3n especial que se extender\u00e1 del 26 de febrero al 27 de mayo de 2025. Durante este periodo, los clientes recibir\u00e1n un punto por cada 5 euros de compra. Acumulando los puntos necesarios y abonando una peque\u00f1a cantidad, podr\u00e1n obtener toallas exclusivas fabricadas en 100% algod\u00f3n, suaves, ligeras y con gran capacidad de absorci\u00f3n.","robots":{"index":"index","follow":"follow","max-snippet":"max-snippet:-1","max-image-preview":"max-image-preview:large","max-video-preview":"max-video-preview:-1"},"canonical":"https:\/\/www.clarel.es\/blog\/clarel-celebra-12-aniversario\/","og_locale":"es_ES","og_type":"article","og_title":"Clarel celebra su 12\u00baaniversario, un viaje lleno de desaf\u00edos y nuevas tendencias - Clarel","og_description":"Para celebrar este duod\u00e9cimo aniversario, Clarel lanza una promoci\u00f3n especial que se extender\u00e1 del 26 de febrero al 27 de mayo de 2025. Durante este periodo, los clientes recibir\u00e1n un punto por cada 5 euros de compra. Acumulando los puntos necesarios y abonando una peque\u00f1a cantidad, podr\u00e1n obtener toallas exclusivas fabricadas en 100% algod\u00f3n, suaves, ligeras y con gran capacidad de absorci\u00f3n.","og_url":"https:\/\/www.clarel.es\/blog\/clarel-celebra-12-aniversario\/","og_site_name":"Clarel","article_modified_time":"2025-09-29T15:59:24+00:00","og_image":[{"width":1280,"height":960,"url":"https:\/\/www.clarel.es\/blog\/wp-content\/uploads\/2025\/03\/Pieza_Campana-de-Aniversario-Clarel-toallas-2025.png","type":"image\/png"}],"twitter_card":"summary_large_image","schema":{"@context":"https:\/\/schema.org","@graph":[{"@type":"WebPage","@id":"https:\/\/www.clarel.es\/blog\/clarel-celebra-12-aniversario\/","url":"https:\/\/www.clarel.es\/blog\/clarel-celebra-12-aniversario\/","name":"Clarel celebra su 12\u00baaniversario, un viaje lleno de desaf\u00edos y nuevas tendencias - Clarel","isPartOf":{"@id":"https:\/\/www.clarel.es\/blog\/#website"},"primaryImageOfPage":{"@id":"https:\/\/www.clarel.es\/blog\/clarel-celebra-12-aniversario\/#primaryimage"},"image":{"@id":"https:\/\/www.clarel.es\/blog\/clarel-celebra-12-aniversario\/#primaryimage"},"thumbnailUrl":"https:\/\/blog-clarel.imgix.net\/uploads\/2025\/03\/Pieza_Campana-de-Aniversario-Clarel-toallas-2025.png?auto=format%2Ccompress&ixlib=php-3.3.0","datePublished":"2025-03-28T14:33:04+00:00","dateModified":"2025-09-29T15:59:24+00:00","description":"Para celebrar este duod\u00e9cimo aniversario, Clarel lanza una promoci\u00f3n especial que se extender\u00e1 del 26 de febrero al 27 de mayo de 2025. Durante este periodo, los clientes recibir\u00e1n un punto por cada 5 euros de compra. Acumulando los puntos necesarios y abonando una peque\u00f1a cantidad, podr\u00e1n obtener toallas exclusivas fabricadas en 100% algod\u00f3n, suaves, ligeras y con gran capacidad de absorci\u00f3n.","breadcrumb":{"@id":"https:\/\/www.clarel.es\/blog\/clarel-celebra-12-aniversario\/#breadcrumb"},"inLanguage":"es","potentialAction":[{"@type":"ReadAction","target":["https:\/\/www.clarel.es\/blog\/clarel-celebra-12-aniversario\/"]}]},{"@type":"ImageObject","inLanguage":"es","@id":"https:\/\/www.clarel.es\/blog\/clarel-celebra-12-aniversario\/#primaryimage","url":"https:\/\/blog-clarel.imgix.net\/uploads\/2025\/03\/Pieza_Campana-de-Aniversario-Clarel-toallas-2025.png?auto=format%2Ccompress&ixlib=php-3.3.0","contentUrl":"https:\/\/blog-clarel.imgix.net\/uploads\/2025\/03\/Pieza_Campana-de-Aniversario-Clarel-toallas-2025.png?auto=format%2Ccompress&ixlib=php-3.3.0","width":1280,"height":960},{"@type":"BreadcrumbList","@id":"https:\/\/www.clarel.es\/blog\/clarel-celebra-12-aniversario\/#breadcrumb","itemListElement":[{"@type":"ListItem","position":1,"name":"Portada","item":"https:\/\/www.clarel.es\/blog\/"},{"@type":"ListItem","position":2,"name":"Clarel celebra su 12\u00baaniversario, un viaje lleno de desaf\u00edos y nuevas tendencias"}]},{"@type":"WebSite","@id":"https:\/\/www.clarel.es\/blog\/#website","url":"https:\/\/www.clarel.es\/blog\/","name":"Clarel","description":"Tienda Online de perfumeria, cosmetica, maquillaje y hogar.","publisher":{"@id":"https:\/\/www.clarel.es\/blog\/#organization"},"potentialAction":[{"@type":"SearchAction","target":{"@type":"EntryPoint","urlTemplate":"https:\/\/www.clarel.es\/blog\/?s={search_term_string}"},"query-input":{"@type":"PropertyValueSpecification","valueRequired":true,"valueName":"search_term_string"}}],"inLanguage":"es"},{"@type":"Organization","@id":"https:\/\/www.clarel.es\/blog\/#organization","name":"Clarel","url":"https:\/\/www.clarel.es\/blog\/","logo":{"@type":"ImageObject","inLanguage":"es","@id":"https:\/\/www.clarel.es\/blog\/#\/schema\/logo\/image\/","url":"https:\/\/clarel-test.ezenit.link\/blog\/wp-content\/uploads\/2022\/08\/logo_clarel.png","contentUrl":"https:\/\/clarel-test.ezenit.link\/blog\/wp-content\/uploads\/2022\/08\/logo_clarel.png","width":432,"height":101,"caption":"Clarel"},"image":{"@id":"https:\/\/www.clarel.es\/blog\/#\/schema\/logo\/image\/"}}]}},"_links":{"self":[{"href":"https:\/\/www.clarel.es\/blog\/wp-json\/wp\/v2\/pages\/10300","targetHints":{"allow":["GET"]}}],"collection":[{"href":"https:\/\/www.clarel.es\/blog\/wp-json\/wp\/v2\/pages"}],"about":[{"href":"https:\/\/www.clarel.es\/blog\/wp-json\/wp\/v2\/types\/page"}],"author":[{"embeddable":true,"href":"https:\/\/www.clarel.es\/blog\/wp-json\/wp\/v2\/users\/5"}],"replies":[{"embeddable":true,"href":"https:\/\/www.clarel.es\/blog\/wp-json\/wp\/v2\/comments?post=10300"}],"version-history":[{"count":8,"href":"https:\/\/www.clarel.es\/blog\/wp-json\/wp\/v2\/pages\/10300\/revisions"}],"predecessor-version":[{"id":15729,"href":"https:\/\/www.clarel.es\/blog\/wp-json\/wp\/v2\/pages\/10300\/revisions\/15729"}],"wp:featuredmedia":[{"embeddable":true,"href":"https:\/\/www.clarel.es\/blog\/wp-json\/wp\/v2\/media\/10298"}],"wp:attachment":[{"href":"https:\/\/www.clarel.es\/blog\/wp-json\/wp\/v2\/media?parent=10300"}],"curies":[{"name":"wp","href":"https:\/\/api.w.org\/{rel}","templated":true}]}}