{"id":16266,"date":"2025-03-28T14:33:04","date_gmt":"2025-03-28T14:33:04","guid":{"rendered":"https:\/\/clarel-test.ezenit.link\/blog\/clarel-celebra-o-seu-12o-aniversario-uma-viagem-repleta-de-desafios-e-novas-tendencias\/"},"modified":"2025-10-07T14:36:53","modified_gmt":"2025-10-07T14:36:53","slug":"clarel-celebra-o-seu-12o-aniversario-uma-viagem-repleta-de-desafios-e-novas-tendencias","status":"publish","type":"page","link":"https:\/\/www.clarel.es\/blog\/pt-pt\/clarel-celebra-o-seu-12o-aniversario-uma-viagem-repleta-de-desafios-e-novas-tendencias\/","title":{"rendered":"Clarel celebra o seu 12\u00ba anivers\u00e1rio, uma viagem repleta de desafios e novas tend\u00eancias"},"content":{"rendered":"\t\t<div data-elementor-type=\"wp-page\" data-elementor-id=\"16266\" class=\"elementor elementor-16266 elementor-10300\" data-elementor-post-type=\"page\">\n\t\t\t\t<div class=\"elementor-element elementor-element-7d85b3d1 e-flex e-con-boxed e-con e-parent\" data-id=\"7d85b3d1\" data-element_type=\"container\">\n\t\t\t\t\t<div class=\"e-con-inner\">\n\t\t\t\t<div class=\"elementor-element elementor-element-50159489 elementor-widget elementor-widget-text-editor\" data-id=\"50159489\" data-element_type=\"widget\" data-widget_type=\"text-editor.default\">\n\t\t\t\t<div class=\"elementor-widget-container\">\n\t\t\t\t\t\t\t\t\t<section style=\"padding: 20px;font-family: 'Poppins', sans-serif\">\n  <h2 style=\"color: #ef7a50;font-family: 'Gelica Light', sans-serif\">Clarel celebra o seu 12\u00ba anivers\u00e1rio, uma viagem repleta de desafios e novas tend\u00eancias<\/h2>\n\n  <p><strong>Madrid, 25 de fevereiro de 2025<\/strong> \u2013 A Clarel, loja l\u00edder em proximidade de beleza, cuidados pessoais e do lar, celebra o seu 12\u00ba anivers\u00e1rio com uma promo\u00e7\u00e3o especial para agradecer a fidelidade dos seus clientes. Desde a sua funda\u00e7\u00e3o em 2013, a Clarel cresceu at\u00e9 alcan\u00e7ar cerca de 1.000 lojas em toda a Espanha, consolidando-se como uma refer\u00eancia no setor. <\/p>\n\n  <p>Em abril de 2024, o Grupo Trinity adquiriu a Clarel e iniciou uma nova etapa de integra\u00e7\u00e3o e rebranding, atrav\u00e9s da qual impulsionou o seu crescimento e diversifica\u00e7\u00e3o no mercado espanhol.<\/p>\n\n  <p>Ao longo destes doze anos, a Clarel expandiu a sua presen\u00e7a por todo o territ\u00f3rio espanhol, tornando-se tamb\u00e9m um dos principais empregadores do com\u00e9rcio retalhista, com mais de 3.000 colaboradores. Fiel aos seus valores de democratizar a beleza e de estar sempre perto, a empresa conta com mais de 500 lojas situadas em localidades com menos de 25.000 habitantes, estando assim presente tanto na Espanha rural como em bairros onde outros operadores n\u00e3o chegam. <\/p>\n\n  <p>A Clarel conta com um cat\u00e1logo de mais de 7.800 produtos e 7 marcas pr\u00f3prias de grande qualidade a pre\u00e7os acess\u00edveis, para ajudar no equil\u00edbrio econ\u00f3mico do or\u00e7amento do consumidor. Destacam-se <strong>bont\u00e9<\/strong>, dedicada ao cuidado e higiene pessoal; <strong>BeNeSk<\/strong>, focada em cosm\u00e9tica; <strong>Hogarel<\/strong>, especializada em produtos para o lar; <strong>AS<\/strong>, direcionada para o cuidado de animais de estima\u00e7\u00e3o, entre outras. <\/p>\n\n  <p>Em 2024, a Clarel impulsionou diversas alian\u00e7as estrat\u00e9gicas para refor\u00e7ar a sua presen\u00e7a no mercado. Destacam-se os seus acordos com a Uber Eats e a Just Eat para a entrega ao domic\u00edlio de produtos em v\u00e1rias cidades espanholas. Tamb\u00e9m se aliou \u00e0 Uber Eats para promover a sua campanha \u201cA Pol\u00edcia do Sol\u201d, cuja embaixadora foi M\u00f3nica Cruz, e distribuir protetores solares nas praias. Al\u00e9m disso, juntou-se \u00e0 Purina no Dia Mundial dos Animais para doar alimentos e produtos a animais sem lar. A Clarel encerrou 2024 com oito pr\u00e9mios, entre eles o reconhecimento de Melhor Com\u00e9rcio e Franquia do Ano, consolidando a sua presen\u00e7a no setor e o seu compromisso com a inova\u00e7\u00e3o e o bem-estar.    <\/p>\n\n  <p>Para celebrar este 12\u00ba anivers\u00e1rio, a Clarel lan\u00e7a uma promo\u00e7\u00e3o especial que decorrer\u00e1 de 26 de fevereiro a 27 de maio de 2025. Durante este per\u00edodo, os clientes receber\u00e3o um ponto por cada 5 euros em compras. Acumulando os pontos necess\u00e1rios e pagando uma pequena quantia, poder\u00e3o obter toalhas exclusivas fabricadas em 100% algod\u00e3o, suaves, leves e com grande capacidade de absor\u00e7\u00e3o.  <\/p>\n\n  <img decoding=\"async\" src=\"https:\/\/blog-clarel.imgix.net\/uploads\/2025\/03\/Pieza_Campana-de-Aniversario-Clarel-toallas-2025.png?auto=format%2Ccompress&ixlib=php-3.3.0&w=800\" style=\"width: 100%;margin: 30px 0\" data-recalc-dims=\"1\">\n\n  <p><strong>As op\u00e7\u00f5es dispon\u00edveis s\u00e3o:<\/strong><\/p>\n  <ul>\n    <li>Toalha para o cabelo: 15 pontos<\/li>\n    <li>Toalha de rosto: 25 pontos<\/li>\n    <li>Toalha de banho: 35 pontos<\/li>\n  <\/ul>\n\n  <p>Os pontos ser\u00e3o atribu\u00eddos a todos os clientes por cada 5 euros em compras em loja f\u00edsica ou no site <a href=\"https:\/\/www.clarel.es\" target=\"_blank\">clarel.es<\/a>, embora as toalhas devam ser levantadas nas lojas f\u00edsicas.<\/p>\n\n  <p>Com esta iniciativa, a Clarel recompensa a fidelidade dos seus clientes, refor\u00e7ando o seu compromisso de lhes aproximar os cuidados pessoais e do lar.<\/p>\n\n  <h3 style=\"color: #ef7a50;font-family: 'Gelica Light', sans-serif;margin-top: 30px\">Sobre Clarel<\/h3>\n  <p>A Clarel afirma-se como a loja l\u00edder em proximidade de beleza, cuidados pessoais e do lar, fundamentando a sua identidade na import\u00e2ncia de estar perto, com estabelecimentos estrategicamente posicionados a apenas um passo dos seus clientes. A Clarel conta com uma trajet\u00f3ria de mais de 11 anos no mercado e oferece uma ampla gama de produtos que v\u00e3o desde cosm\u00e9ticos at\u00e9 solu\u00e7\u00f5es de higiene pessoal e cuidado do lar. <\/p>\n\n  <p>A empresa distingue-se pelas suas marcas exclusivas, como <strong>bont\u00e9<\/strong>, <strong>NeSk<\/strong>, <strong>Hogarel <\/strong>e <strong>AS<\/strong>, que acrescentam um elemento diferenciador \u00e0 sua proposta. Consolidando a sua posi\u00e7\u00e3o em Espanha, com uma extensa rede que alcan\u00e7a cerca de 1.000 lojas, a miss\u00e3o da Clarel \u00e9 aproximar dos seus clientes o cuidado pessoal e do lar, valorizando o bem-estar e a beleza do quotidiano. <\/p>\n\n  <p><a href=\"https:\/\/www.clarel.es\" target=\"_blank\">www.clarel.es<\/a><\/p>\n<\/section>\n\t\t\t\t\t\t\t\t<\/div>\n\t\t\t\t<\/div>\n\t\t\t\t\t<\/div>\n\t\t\t\t<\/div>\n\t\t\t\t<\/div>\n\t\t","protected":false},"excerpt":{"rendered":"<p>Clarel celebra o seu 12\u00ba anivers\u00e1rio, uma viagem repleta de desafios e novas tend\u00eancias Madrid, 25 de fevereiro de 2025 \u2013 A Clarel, loja l\u00edder em proximidade de beleza, cuidados pessoais e do lar, celebra o seu 12\u00ba anivers\u00e1rio com uma promo\u00e7\u00e3o especial para agradecer a fidelidade dos seus clientes. Desde a sua funda\u00e7\u00e3o em [&hellip;]<\/p>\n","protected":false},"author":5,"featured_media":16267,"parent":0,"menu_order":0,"comment_status":"closed","ping_status":"closed","template":"elementor_header_footer","meta":{"footnotes":""},"class_list":["post-16266","page","type-page","status-publish","has-post-thumbnail","hentry"],"yoast_head":"<!-- This site is optimized with the Yoast SEO plugin v25.4 - https:\/\/yoast.com\/wordpress\/plugins\/seo\/ -->\n<title>Clarel celebra o seu 12\u00ba anivers\u00e1rio, uma viagem repleta de desafios e novas tend\u00eancias - Clarel<\/title>\n<meta name=\"description\" content=\"Para celebrar este 12\u00ba anivers\u00e1rio, a Clarel lan\u00e7a uma promo\u00e7\u00e3o especial que decorrer\u00e1 de 26 de fevereiro a 27 de maio de 2025. Durante este per\u00edodo, os clientes receber\u00e3o um ponto por cada 5 euros em compras. Acumulando os pontos necess\u00e1rios e pagando uma pequena quantia, poder\u00e3o obter toalhas exclusivas fabricadas em 100% algod\u00e3o, suaves, leves e com grande capacidade de absor\u00e7\u00e3o.\" \/>\n<meta name=\"robots\" content=\"index, follow, max-snippet:-1, max-image-preview:large, max-video-preview:-1\" \/>\n<link rel=\"canonical\" href=\"https:\/\/www.clarel.es\/blog\/pt-pt\/clarel-celebra-o-seu-12o-aniversario-uma-viagem-repleta-de-desafios-e-novas-tendencias\/\" \/>\n<meta property=\"og:locale\" content=\"pt_PT\" \/>\n<meta property=\"og:type\" content=\"article\" \/>\n<meta property=\"og:title\" content=\"Clarel celebra o seu 12\u00ba anivers\u00e1rio, uma viagem repleta de desafios e novas tend\u00eancias - Clarel\" \/>\n<meta property=\"og:description\" content=\"Para celebrar este 12\u00ba anivers\u00e1rio, a Clarel lan\u00e7a uma promo\u00e7\u00e3o especial que decorrer\u00e1 de 26 de fevereiro a 27 de maio de 2025. Durante este per\u00edodo, os clientes receber\u00e3o um ponto por cada 5 euros em compras. Acumulando os pontos necess\u00e1rios e pagando uma pequena quantia, poder\u00e3o obter toalhas exclusivas fabricadas em 100% algod\u00e3o, suaves, leves e com grande capacidade de absor\u00e7\u00e3o.\" \/>\n<meta property=\"og:url\" content=\"https:\/\/www.clarel.es\/blog\/pt-pt\/clarel-celebra-o-seu-12o-aniversario-uma-viagem-repleta-de-desafios-e-novas-tendencias\/\" \/>\n<meta property=\"og:site_name\" content=\"Clarel\" \/>\n<meta property=\"article:modified_time\" content=\"2025-10-07T14:36:53+00:00\" \/>\n<meta property=\"og:image\" content=\"https:\/\/www.clarel.es\/blog\/wp-content\/uploads\/2025\/03\/Pieza_Campana-de-Aniversario-Clarel-toallas-2025.png\" \/>\n\t<meta property=\"og:image:width\" content=\"1280\" \/>\n\t<meta property=\"og:image:height\" content=\"960\" \/>\n\t<meta property=\"og:image:type\" content=\"image\/png\" \/>\n<meta name=\"twitter:card\" content=\"summary_large_image\" \/>\n<script type=\"application\/ld+json\" class=\"yoast-schema-graph\">{\"@context\":\"https:\/\/schema.org\",\"@graph\":[{\"@type\":\"WebPage\",\"@id\":\"https:\/\/www.clarel.es\/blog\/pt-pt\/clarel-celebra-o-seu-12o-aniversario-uma-viagem-repleta-de-desafios-e-novas-tendencias\/\",\"url\":\"https:\/\/www.clarel.es\/blog\/pt-pt\/clarel-celebra-o-seu-12o-aniversario-uma-viagem-repleta-de-desafios-e-novas-tendencias\/\",\"name\":\"Clarel celebra o seu 12\u00ba anivers\u00e1rio, uma viagem repleta de desafios e novas tend\u00eancias - Clarel\",\"isPartOf\":{\"@id\":\"https:\/\/www.clarel.es\/blog\/#website\"},\"primaryImageOfPage\":{\"@id\":\"https:\/\/www.clarel.es\/blog\/pt-pt\/clarel-celebra-o-seu-12o-aniversario-uma-viagem-repleta-de-desafios-e-novas-tendencias\/#primaryimage\"},\"image\":{\"@id\":\"https:\/\/www.clarel.es\/blog\/pt-pt\/clarel-celebra-o-seu-12o-aniversario-uma-viagem-repleta-de-desafios-e-novas-tendencias\/#primaryimage\"},\"thumbnailUrl\":\"https:\/\/blog-clarel.imgix.net\/uploads\/2025\/03\/Pieza_Campana-de-Aniversario-Clarel-toallas-2025.png?auto=format%2Ccompress&ixlib=php-3.3.0\",\"datePublished\":\"2025-03-28T14:33:04+00:00\",\"dateModified\":\"2025-10-07T14:36:53+00:00\",\"description\":\"Para celebrar este 12\u00ba anivers\u00e1rio, a Clarel lan\u00e7a uma promo\u00e7\u00e3o especial que decorrer\u00e1 de 26 de fevereiro a 27 de maio de 2025. Durante este per\u00edodo, os clientes receber\u00e3o um ponto por cada 5 euros em compras. Acumulando os pontos necess\u00e1rios e pagando uma pequena quantia, poder\u00e3o obter toalhas exclusivas fabricadas em 100% algod\u00e3o, suaves, leves e com grande capacidade de absor\u00e7\u00e3o.\",\"breadcrumb\":{\"@id\":\"https:\/\/www.clarel.es\/blog\/pt-pt\/clarel-celebra-o-seu-12o-aniversario-uma-viagem-repleta-de-desafios-e-novas-tendencias\/#breadcrumb\"},\"inLanguage\":\"pt-PT\",\"potentialAction\":[{\"@type\":\"ReadAction\",\"target\":[\"https:\/\/www.clarel.es\/blog\/pt-pt\/clarel-celebra-o-seu-12o-aniversario-uma-viagem-repleta-de-desafios-e-novas-tendencias\/\"]}]},{\"@type\":\"ImageObject\",\"inLanguage\":\"pt-PT\",\"@id\":\"https:\/\/www.clarel.es\/blog\/pt-pt\/clarel-celebra-o-seu-12o-aniversario-uma-viagem-repleta-de-desafios-e-novas-tendencias\/#primaryimage\",\"url\":\"https:\/\/blog-clarel.imgix.net\/uploads\/2025\/03\/Pieza_Campana-de-Aniversario-Clarel-toallas-2025.png?auto=format%2Ccompress&ixlib=php-3.3.0\",\"contentUrl\":\"https:\/\/blog-clarel.imgix.net\/uploads\/2025\/03\/Pieza_Campana-de-Aniversario-Clarel-toallas-2025.png?auto=format%2Ccompress&ixlib=php-3.3.0\",\"width\":1280,\"height\":960},{\"@type\":\"BreadcrumbList\",\"@id\":\"https:\/\/www.clarel.es\/blog\/pt-pt\/clarel-celebra-o-seu-12o-aniversario-uma-viagem-repleta-de-desafios-e-novas-tendencias\/#breadcrumb\",\"itemListElement\":[{\"@type\":\"ListItem\",\"position\":1,\"name\":\"Portada\",\"item\":\"https:\/\/www.clarel.es\/blog\/\"},{\"@type\":\"ListItem\",\"position\":2,\"name\":\"Clarel celebra o seu 12\u00ba anivers\u00e1rio, uma viagem repleta de desafios e novas tend\u00eancias\"}]},{\"@type\":\"WebSite\",\"@id\":\"https:\/\/www.clarel.es\/blog\/#website\",\"url\":\"https:\/\/www.clarel.es\/blog\/\",\"name\":\"Clarel\",\"description\":\"Tienda Online de perfumeria, cosmetica, maquillaje y hogar.\",\"publisher\":{\"@id\":\"https:\/\/www.clarel.es\/blog\/#organization\"},\"potentialAction\":[{\"@type\":\"SearchAction\",\"target\":{\"@type\":\"EntryPoint\",\"urlTemplate\":\"https:\/\/www.clarel.es\/blog\/?s={search_term_string}\"},\"query-input\":{\"@type\":\"PropertyValueSpecification\",\"valueRequired\":true,\"valueName\":\"search_term_string\"}}],\"inLanguage\":\"pt-PT\"},{\"@type\":\"Organization\",\"@id\":\"https:\/\/www.clarel.es\/blog\/#organization\",\"name\":\"Clarel\",\"url\":\"https:\/\/www.clarel.es\/blog\/\",\"logo\":{\"@type\":\"ImageObject\",\"inLanguage\":\"pt-PT\",\"@id\":\"https:\/\/www.clarel.es\/blog\/#\/schema\/logo\/image\/\",\"url\":\"https:\/\/clarel-test.ezenit.link\/blog\/wp-content\/uploads\/2022\/08\/logo_clarel.png\",\"contentUrl\":\"https:\/\/clarel-test.ezenit.link\/blog\/wp-content\/uploads\/2022\/08\/logo_clarel.png\",\"width\":432,\"height\":101,\"caption\":\"Clarel\"},\"image\":{\"@id\":\"https:\/\/www.clarel.es\/blog\/#\/schema\/logo\/image\/\"}}]}<\/script>\n<!-- \/ Yoast SEO plugin. -->","yoast_head_json":{"title":"Clarel celebra o seu 12\u00ba anivers\u00e1rio, uma viagem repleta de desafios e novas tend\u00eancias - Clarel","description":"Para celebrar este 12\u00ba anivers\u00e1rio, a Clarel lan\u00e7a uma promo\u00e7\u00e3o especial que decorrer\u00e1 de 26 de fevereiro a 27 de maio de 2025. Durante este per\u00edodo, os clientes receber\u00e3o um ponto por cada 5 euros em compras. Acumulando os pontos necess\u00e1rios e pagando uma pequena quantia, poder\u00e3o obter toalhas exclusivas fabricadas em 100% algod\u00e3o, suaves, leves e com grande capacidade de absor\u00e7\u00e3o.","robots":{"index":"index","follow":"follow","max-snippet":"max-snippet:-1","max-image-preview":"max-image-preview:large","max-video-preview":"max-video-preview:-1"},"canonical":"https:\/\/www.clarel.es\/blog\/pt-pt\/clarel-celebra-o-seu-12o-aniversario-uma-viagem-repleta-de-desafios-e-novas-tendencias\/","og_locale":"pt_PT","og_type":"article","og_title":"Clarel celebra o seu 12\u00ba anivers\u00e1rio, uma viagem repleta de desafios e novas tend\u00eancias - Clarel","og_description":"Para celebrar este 12\u00ba anivers\u00e1rio, a Clarel lan\u00e7a uma promo\u00e7\u00e3o especial que decorrer\u00e1 de 26 de fevereiro a 27 de maio de 2025. Durante este per\u00edodo, os clientes receber\u00e3o um ponto por cada 5 euros em compras. Acumulando os pontos necess\u00e1rios e pagando uma pequena quantia, poder\u00e3o obter toalhas exclusivas fabricadas em 100% algod\u00e3o, suaves, leves e com grande capacidade de absor\u00e7\u00e3o.","og_url":"https:\/\/www.clarel.es\/blog\/pt-pt\/clarel-celebra-o-seu-12o-aniversario-uma-viagem-repleta-de-desafios-e-novas-tendencias\/","og_site_name":"Clarel","article_modified_time":"2025-10-07T14:36:53+00:00","og_image":[{"width":1280,"height":960,"url":"https:\/\/www.clarel.es\/blog\/wp-content\/uploads\/2025\/03\/Pieza_Campana-de-Aniversario-Clarel-toallas-2025.png","type":"image\/png"}],"twitter_card":"summary_large_image","schema":{"@context":"https:\/\/schema.org","@graph":[{"@type":"WebPage","@id":"https:\/\/www.clarel.es\/blog\/pt-pt\/clarel-celebra-o-seu-12o-aniversario-uma-viagem-repleta-de-desafios-e-novas-tendencias\/","url":"https:\/\/www.clarel.es\/blog\/pt-pt\/clarel-celebra-o-seu-12o-aniversario-uma-viagem-repleta-de-desafios-e-novas-tendencias\/","name":"Clarel celebra o seu 12\u00ba anivers\u00e1rio, uma viagem repleta de desafios e novas tend\u00eancias - Clarel","isPartOf":{"@id":"https:\/\/www.clarel.es\/blog\/#website"},"primaryImageOfPage":{"@id":"https:\/\/www.clarel.es\/blog\/pt-pt\/clarel-celebra-o-seu-12o-aniversario-uma-viagem-repleta-de-desafios-e-novas-tendencias\/#primaryimage"},"image":{"@id":"https:\/\/www.clarel.es\/blog\/pt-pt\/clarel-celebra-o-seu-12o-aniversario-uma-viagem-repleta-de-desafios-e-novas-tendencias\/#primaryimage"},"thumbnailUrl":"https:\/\/blog-clarel.imgix.net\/uploads\/2025\/03\/Pieza_Campana-de-Aniversario-Clarel-toallas-2025.png?auto=format%2Ccompress&ixlib=php-3.3.0","datePublished":"2025-03-28T14:33:04+00:00","dateModified":"2025-10-07T14:36:53+00:00","description":"Para celebrar este 12\u00ba anivers\u00e1rio, a Clarel lan\u00e7a uma promo\u00e7\u00e3o especial que decorrer\u00e1 de 26 de fevereiro a 27 de maio de 2025. Durante este per\u00edodo, os clientes receber\u00e3o um ponto por cada 5 euros em compras. Acumulando os pontos necess\u00e1rios e pagando uma pequena quantia, poder\u00e3o obter toalhas exclusivas fabricadas em 100% algod\u00e3o, suaves, leves e com grande capacidade de absor\u00e7\u00e3o.","breadcrumb":{"@id":"https:\/\/www.clarel.es\/blog\/pt-pt\/clarel-celebra-o-seu-12o-aniversario-uma-viagem-repleta-de-desafios-e-novas-tendencias\/#breadcrumb"},"inLanguage":"pt-PT","potentialAction":[{"@type":"ReadAction","target":["https:\/\/www.clarel.es\/blog\/pt-pt\/clarel-celebra-o-seu-12o-aniversario-uma-viagem-repleta-de-desafios-e-novas-tendencias\/"]}]},{"@type":"ImageObject","inLanguage":"pt-PT","@id":"https:\/\/www.clarel.es\/blog\/pt-pt\/clarel-celebra-o-seu-12o-aniversario-uma-viagem-repleta-de-desafios-e-novas-tendencias\/#primaryimage","url":"https:\/\/blog-clarel.imgix.net\/uploads\/2025\/03\/Pieza_Campana-de-Aniversario-Clarel-toallas-2025.png?auto=format%2Ccompress&ixlib=php-3.3.0","contentUrl":"https:\/\/blog-clarel.imgix.net\/uploads\/2025\/03\/Pieza_Campana-de-Aniversario-Clarel-toallas-2025.png?auto=format%2Ccompress&ixlib=php-3.3.0","width":1280,"height":960},{"@type":"BreadcrumbList","@id":"https:\/\/www.clarel.es\/blog\/pt-pt\/clarel-celebra-o-seu-12o-aniversario-uma-viagem-repleta-de-desafios-e-novas-tendencias\/#breadcrumb","itemListElement":[{"@type":"ListItem","position":1,"name":"Portada","item":"https:\/\/www.clarel.es\/blog\/"},{"@type":"ListItem","position":2,"name":"Clarel celebra o seu 12\u00ba anivers\u00e1rio, uma viagem repleta de desafios e novas tend\u00eancias"}]},{"@type":"WebSite","@id":"https:\/\/www.clarel.es\/blog\/#website","url":"https:\/\/www.clarel.es\/blog\/","name":"Clarel","description":"Tienda Online de perfumeria, cosmetica, maquillaje y hogar.","publisher":{"@id":"https:\/\/www.clarel.es\/blog\/#organization"},"potentialAction":[{"@type":"SearchAction","target":{"@type":"EntryPoint","urlTemplate":"https:\/\/www.clarel.es\/blog\/?s={search_term_string}"},"query-input":{"@type":"PropertyValueSpecification","valueRequired":true,"valueName":"search_term_string"}}],"inLanguage":"pt-PT"},{"@type":"Organization","@id":"https:\/\/www.clarel.es\/blog\/#organization","name":"Clarel","url":"https:\/\/www.clarel.es\/blog\/","logo":{"@type":"ImageObject","inLanguage":"pt-PT","@id":"https:\/\/www.clarel.es\/blog\/#\/schema\/logo\/image\/","url":"https:\/\/clarel-test.ezenit.link\/blog\/wp-content\/uploads\/2022\/08\/logo_clarel.png","contentUrl":"https:\/\/clarel-test.ezenit.link\/blog\/wp-content\/uploads\/2022\/08\/logo_clarel.png","width":432,"height":101,"caption":"Clarel"},"image":{"@id":"https:\/\/www.clarel.es\/blog\/#\/schema\/logo\/image\/"}}]}},"_links":{"self":[{"href":"https:\/\/www.clarel.es\/blog\/pt-pt\/wp-json\/wp\/v2\/pages\/16266","targetHints":{"allow":["GET"]}}],"collection":[{"href":"https:\/\/www.clarel.es\/blog\/pt-pt\/wp-json\/wp\/v2\/pages"}],"about":[{"href":"https:\/\/www.clarel.es\/blog\/pt-pt\/wp-json\/wp\/v2\/types\/page"}],"author":[{"embeddable":true,"href":"https:\/\/www.clarel.es\/blog\/pt-pt\/wp-json\/wp\/v2\/users\/5"}],"replies":[{"embeddable":true,"href":"https:\/\/www.clarel.es\/blog\/pt-pt\/wp-json\/wp\/v2\/comments?post=16266"}],"version-history":[{"count":2,"href":"https:\/\/www.clarel.es\/blog\/pt-pt\/wp-json\/wp\/v2\/pages\/16266\/revisions"}],"predecessor-version":[{"id":16269,"href":"https:\/\/www.clarel.es\/blog\/pt-pt\/wp-json\/wp\/v2\/pages\/16266\/revisions\/16269"}],"wp:featuredmedia":[{"embeddable":true,"href":"https:\/\/www.clarel.es\/blog\/pt-pt\/wp-json\/wp\/v2\/media\/16267"}],"wp:attachment":[{"href":"https:\/\/www.clarel.es\/blog\/pt-pt\/wp-json\/wp\/v2\/media?parent=16266"}],"curies":[{"name":"wp","href":"https:\/\/api.w.org\/{rel}","templated":true}]}}