{"id":16262,"date":"2024-05-29T10:32:25","date_gmt":"2024-05-29T10:32:25","guid":{"rendered":"https:\/\/clarel-test.ezenit.link\/blog\/clarel-doacao-cromosomosx\/"},"modified":"2025-10-08T14:05:03","modified_gmt":"2025-10-08T14:05:03","slug":"clarel-doacao-cromosomosx","status":"publish","type":"page","link":"https:\/\/www.clarel.es\/blog\/pt-pt\/clarel-doacao-cromosomosx\/","title":{"rendered":"Clarel doa\u00e7\u00e3o CromosomosX"},"content":{"rendered":"\t\t<div data-elementor-type=\"wp-page\" data-elementor-id=\"16262\" class=\"elementor elementor-16262 elementor-8381\" data-elementor-post-type=\"page\">\n\t\t\t\t<div class=\"elementor-element elementor-element-a13df23 e-flex e-con-boxed e-con e-parent\" data-id=\"a13df23\" data-element_type=\"container\">\n\t\t\t\t\t<div class=\"e-con-inner\">\n\t\t\t\t<div class=\"elementor-element elementor-element-5d014e8 elementor-widget elementor-widget-text-editor\" data-id=\"5d014e8\" data-element_type=\"widget\" data-widget_type=\"text-editor.default\">\n\t\t\t\t<div class=\"elementor-widget-container\">\n\t\t\t\t\t\t\t\t\t<div class=\"et_pb_module et_pb_text et_pb_text_0 et_pb_text_align_left et_pb_bg_layout_light\" style=\"margin: 0px 0px 29.6991px; padding: 0px; border: 0px; outline: 0px; font-size: 31px; text-size-adjust: 100%; vertical-align: baseline; background-image: initial; background-position: 50% center; background-size: cover; background-repeat: no-repeat; background-attachment: initial; background-origin: initial; background-clip: initial; position: relative; animation-timing-function: linear; animation-duration: 0.2s; overflow-wrap: break-word; font-family: 'Gelica Light', Helvetica, Arial, Lucida, sans-serif; line-height: 0.9em; color: #f5a573 !important;\"><div class=\"et_pb_text_inner\" style=\"margin: 0px; padding: 0px; border: 0px; outline: 0px; text-size-adjust: 100%; vertical-align: baseline; background: transparent; position: relative;\"><p class=\"et_pb_toggle_title\" style=\"margin: 0px; padding: 0px; border: 0px; outline: 0px; text-size-adjust: 100%; vertical-align: baseline; background: transparent;\">Clarel reafirma o seu compromisso com a sa\u00fade menstrual das mulheres e doa 100% dos lucros dos produtos bont\u00e9 \u00e0 Cromosomos X<\/p><\/div><\/div><div class=\"et_pb_module et_pb_text et_pb_text_1 et_pb_text_align_left et_pb_bg_layout_light\" style=\"margin: 0px 0px 29.6991px; border: 0px; outline: 0px; font-size: 14px; text-size-adjust: 100%; vertical-align: baseline; background-image: initial; background-position: 50% center; background-size: cover; background-repeat: no-repeat; background-attachment: initial; background-origin: initial; background-clip: initial; position: relative; animation-timing-function: linear; animation-duration: 0.2s; overflow-wrap: break-word; color: #666666; font-family: Poppins, Helvetica, Arial, Lucida, sans-serif; padding: 0px 0px 0px !important 0px;\"><div class=\"et_pb_text_inner\" style=\"margin: 0px; padding: 0px; border: 0px; outline: 0px; text-size-adjust: 100%; vertical-align: baseline; background: transparent; position: relative;\"><ul style=\"margin: 0px; padding: 0px 0px 1em 1em; font-size: 14px; text-size-adjust: 100%; list-style-position: initial; list-style-image: initial; line-height: 26px;\"><li style=\"margin: 0px; padding: 0px; font-size: 14px; text-size-adjust: 100%;\">At\u00e9 22,2% das mulheres espanholas j\u00e1 enfrentaram dificuldades para aceder a produtos menstruais devido a limita\u00e7\u00f5es econ\u00f3micas, e 39,9% n\u00e3o puderam comprar o produto menstrual da sua prefer\u00eancia.<\/li><li style=\"margin: 0px; padding: 0px; font-size: 14px; text-size-adjust: 100%;\">A Clarel antecipa-se ao Dia da Higiene Menstrual com v\u00e1rias iniciativas para reduzir o impacto da pobreza menstrual em Espanha, que se somam \u00e0 sua campanha #28\u00edntimo n\u00e3o t\u00e3o \u00edntimo, com a qual h\u00e1 mais de 4 anos elimina o IVA dos produtos de higiene \u00edntima todos os dias 28 de cada m\u00eas.<\/li><\/ul><\/div><\/div><div class=\"et_pb_module et_pb_text et_pb_text_2 et_pb_text_align_left et_pb_bg_layout_light\" style=\"padding: 0px; border: 0px; outline: 0px; font-size: 14px; text-size-adjust: 100%; vertical-align: baseline; background-image: initial; background-position: 50% center; background-size: cover; background-repeat: no-repeat; background-attachment: initial; background-origin: initial; background-clip: initial; position: relative; animation-timing-function: linear; animation-duration: 0.2s; overflow-wrap: break-word; font-family: Poppins, Helvetica, Arial, Lucida, sans-serif; color: #666666; margin: 0px !important 0px 29.6991px 0px;\"><div class=\"et_pb_text_inner\" style=\"margin: 0px; padding: 0px; border: 0px; outline: 0px; text-size-adjust: 100%; vertical-align: baseline; background: transparent; position: relative;\"><p style=\"margin: 0px; padding: 0px; border: 0px; outline: 0px; text-size-adjust: 100%; vertical-align: baseline; background: transparent;\"><span style=\"margin: 0px; padding: 0px; border: 0px; outline: 0px; text-size-adjust: 100%; vertical-align: baseline; background: transparent; font-weight: bold;\">Madrid, 09 de maio de 2024<\/span><\/p><\/div><\/div><div class=\"et_pb_module et_pb_text et_pb_text_3 et_pb_text_align_left et_pb_bg_layout_light\" style=\"margin: 0px 0px 29.6991px; border: 0px; outline: 0px; font-size: 14px; text-size-adjust: 100%; vertical-align: baseline; background-image: initial; background-position: 50% center; background-size: cover; background-repeat: no-repeat; background-attachment: initial; background-origin: initial; background-clip: initial; position: relative; animation-timing-function: linear; animation-duration: 0.2s; overflow-wrap: break-word; color: #666666; font-family: Poppins, Helvetica, Arial, Lucida, sans-serif; padding: 0px 0px 0px !important 0px;\"><div class=\"et_pb_text_inner\" style=\"margin: 0px; padding: 0px; border: 0px; outline: 0px; text-size-adjust: 100%; vertical-align: baseline; background: transparent; position: relative;\"><p style=\"margin: 0px; padding: 0px 0px 1em; border: 0px; outline: 0px; text-size-adjust: 100%; vertical-align: baseline; background: transparent;\">Com o prop\u00f3sito de derrubar as barreiras econ\u00f3micas que muitas mulheres em Espanha enfrentam relativamente \u00e0 aquisi\u00e7\u00e3o de produtos menstruais, a Clarel, marca l\u00edder em proximidade de beleza, cuidados pessoais e do lar, reafirma o seu compromisso com a sa\u00fade menstrual das mulheres e doar\u00e1, de 8 a 25 de maio, 100% dos lucros dos produtos bont\u00e9 (pensos higi\u00e9nicos e tamp\u00f5es) \u00e0 Cromosomos X, ONG que combate a pobreza menstrual e as consequ\u00eancias do tabu em raparigas, jovens e mulheres.<\/p><p style=\"margin: 0px; padding: 0px 0px 1em; border: 0px; outline: 0px; text-size-adjust: 100%; vertical-align: baseline; background: transparent;\">Esta a\u00e7\u00e3o solid\u00e1ria n\u00e3o procura apenas proporcionar acesso equitativo a produtos menstruais, mas tamb\u00e9m consciencializar sobre a import\u00e2ncia de abordar as necessidades espec\u00edficas de sa\u00fade menstrual na sociedade atual. Neste sentido, os lucros destinados \u00e0 CromosomosX servir\u00e3o para apoiar programas de educa\u00e7\u00e3o menstrual para mulheres em situa\u00e7\u00e3o de vulnerabilidade em Espanha. Esta iniciativa ser\u00e1 realizada atrav\u00e9s de oficinas, palestras, forma\u00e7\u00f5es e encontros, em centros educativos e outras entidades.  <\/p><p style=\"margin: 0px; padding: 0px 0px 1em; border: 0px; outline: 0px; text-size-adjust: 100%; vertical-align: baseline; background: transparent;\">Gra\u00e7as a esta campanha e ao apoio e compromisso dos clientes da Clarel, em 2023 foram arrecadados 16.224\u20ac, destinados \u00e0 associa\u00e7\u00e3o sem fins lucrativos CromosomosX para o programa conjunto de luta contra a pobreza menstrual em \u00e1reas de exclus\u00e3o em Espanha. Al\u00e9m disso, a Clarel, atrav\u00e9s da sua iniciativa #28\u00edntimo, leva mais de quatro anos a eliminar o IVA dos produtos de higiene \u00edntima todos os dias 28 de cada m\u00eas para combater a pobreza menstrual. Estas iniciativas evidenciam o compromisso da empresa em lutar contra a pobreza menstrual, contribuindo ao mesmo tempo para melhorar a qualidade de vida das mulheres.  <\/p><p style=\"margin: 0px; padding: 0px 0px 1em; border: 0px; outline: 0px; text-size-adjust: 100%; vertical-align: baseline; background: transparent;\">Segundo os resultados do estudo Equidade e Sa\u00fade Menstrual, realizado pelo Instituto Universit\u00e1rio de Investiga\u00e7\u00e3o em Aten\u00e7\u00e3o Prim\u00e1ria Jordi Gol i Gurina (IDIAPJGol), at\u00e9 22,2% das mulheres espanholas j\u00e1 enfrentaram dificuldades para aceder a produtos menstruais devido a limita\u00e7\u00f5es econ\u00f3micas, e 39,9% n\u00e3o puderam comprar o produto da sua prefer\u00eancia. Estes n\u00fameros refletem uma realidade preocupante que evidencia a necessidade de interven\u00e7\u00f5es eficazes para garantir a dignidade e a sa\u00fade de todas as mulheres. Por esse motivo, a Clarel antecipa-se \u00e0 celebra\u00e7\u00e3o do Dia da Higiene Menstrual com v\u00e1rias iniciativas para reduzir o impacto da pobreza menstrual em Espanha.  <\/p><p style=\"margin: 0px; padding: 0px 0px 1em; border: 0px; outline: 0px; text-size-adjust: 100%; vertical-align: baseline; background: transparent;\">\u201cEm conformidade com os nossos valores de Proximidade e Compromisso com o Futuro, a Clarel colabora para ajudar a combater a pobreza menstrual e a desestigmatizar a menstrua\u00e7\u00e3o. Os tabus associados a este processo natural condicionam-nos a entender a fun\u00e7\u00e3o menstrual como algo que deve ser ocultado. Queremos garantir que as nossas clientes vivam o seu ciclo menstrual livremente, sem barreiras e sem preconceitos. A Clarel quer deixar as regras claras e que todos joguemos, na medida do poss\u00edvel, com os mesmos recursos e facilidades\u201d, destaca Alejandra Pulido, diretora de Sustentabilidade e Qualidade da Clarel.<br>\n  <br>\n    <br>\n  \n   <\/p><p style=\"margin: 0px; padding: 0px 0px 1em; border: 0px; outline: 0px; text-size-adjust: 100%; vertical-align: baseline; background: transparent;\">Por sua vez, Mari\u00f1a Escariz, fundadora da Cromosomos X, afirma: \u00abSentimo-nos muito afortunadas por continuar a trabalhar de m\u00e3os dadas com a Clarel na luta contra a pobreza e o estigma menstrual. Com esta campanha damos visibilidade \u00e0 emerg\u00eancia que significa menstruar para mulheres em contextos vulner\u00e1veis, um problema que afeta mais de 500 milh\u00f5es de mulheres no mundo e 20% das mulheres em Espanha\u00bb. <\/p><p style=\"margin: 0px; padding: 0px 0px 1em; border: 0px; outline: 0px; text-size-adjust: 100%; vertical-align: baseline; background: transparent;\">Al\u00e9m disso, em muitas \u00e1reas menos povoadas, as pessoas podem enfrentar dificuldades para aceder a produtos menstruais de qualidade devido \u00e0 falta de disponibilidade nas lojas locais. Por isso, a Clarel, em linha com o seu objetivo de estar Sempre Perto, conta com mais de 500 lojas situadas em localidades com menos de 25.000 habitantes, para ajudar a garantir que as mulheres possam dispor de produtos menstruais essenciais onde o acesso \u00e9 limitado. Al\u00e9m disso, a linha de higiene feminina bont\u00e9 tem um pre\u00e7o at\u00e9 30% inferior ao de outras marcas l\u00edderes do mercado.  <\/p><p style=\"margin: 0px; padding: 0px; border: 0px; outline: 0px; text-size-adjust: 100%; vertical-align: baseline; background: transparent;\">Para al\u00e9m da campanha #28\u00edntimo n\u00e3o t\u00e3o \u00edntimo, este m\u00eas a Clarel incorpora um desconto escalonado em higiene feminina para combater a pobreza menstrual em Espanha. Ao comprar uma unidade, o consumidor obter\u00e1 10% de desconto na pr\u00f3xima compra. Da mesma forma, se adquirir 2 ou mais unidades destes produtos, poder\u00e1 obter at\u00e9 20% de desconto. Al\u00e9m disso, estes descontos s\u00e3o acumul\u00e1veis a outras promo\u00e7\u00f5es de higiene menstrual.   <\/p><\/div><\/div><div class=\"et_pb_module et_pb_text et_pb_text_4 et_pb_text_align_left et_pb_bg_layout_light\" style=\"margin: 0px 0px 4px; padding: 0px; border: 0px; outline: 0px; font-size: 14px; text-size-adjust: 100%; vertical-align: baseline; background-image: initial; background-position: 50% center; background-size: cover; background-repeat: no-repeat; background-attachment: initial; background-origin: initial; background-clip: initial; position: relative; animation-timing-function: linear; animation-duration: 0.2s; overflow-wrap: break-word; font-family: Poppins, Helvetica, Arial, Lucida, sans-serif; color: #f5a573 !important;\"><div class=\"et_pb_text_inner\" style=\"margin: 0px; padding: 0px; border: 0px; outline: 0px; text-size-adjust: 100%; vertical-align: baseline; background: transparent; position: relative;\"><p style=\"margin: 0px; padding: 0px; border: 0px; outline: 0px; text-size-adjust: 100%; vertical-align: baseline; background: transparent;\">SOBRE A CLAREL:<\/p><\/div><\/div><div class=\"et_pb_module et_pb_text et_pb_text_5 et_pb_text_align_left et_pb_bg_layout_light\" style=\"margin: 0px; border: 0px; outline: 0px; font-size: 14px; text-size-adjust: 100%; vertical-align: baseline; background-image: initial; background-position: 50% center; background-size: cover; background-repeat: no-repeat; background-attachment: initial; background-origin: initial; background-clip: initial; position: relative; animation-timing-function: linear; animation-duration: 0.2s; overflow-wrap: break-word; color: #666666; font-family: Poppins, Helvetica, Arial, Lucida, sans-serif; padding: 0px 0px 0px !important 0px;\"><div class=\"et_pb_text_inner\" style=\"margin: 0px; padding: 0px; border: 0px; outline: 0px; text-size-adjust: 100%; vertical-align: baseline; background: transparent; position: relative;\"><p style=\"margin: 0px; padding: 0px; border: 0px; outline: 0px; text-size-adjust: 100%; vertical-align: baseline; background: transparent;\">A Clarel afirma-se como a loja l\u00edder em proximidade de beleza, cuidados pessoais e do lar, fundamentando a sua identidade na import\u00e2ncia de estar perto, com estabelecimentos estrategicamente posicionados a apenas um passo dos seus clientes. A Clarel tem uma trajet\u00f3ria de mais de 11 anos no mercado e oferece uma ampla gama de produtos que abrangem desde cosm\u00e9ticos at\u00e9 solu\u00e7\u00f5es de higiene pessoal e cuidado do lar. O seu prop\u00f3sito \u00e9 aproximar o cuidado pessoal e do lar, valorizando o bem-estar e a beleza do quotidiano.  <\/p><\/div><\/div>\t\t\t\t\t\t\t\t<\/div>\n\t\t\t\t<\/div>\n\t\t\t\t\t<\/div>\n\t\t\t\t<\/div>\n\t\t<div class=\"elementor-element elementor-element-872552f e-flex e-con-boxed e-con e-parent\" data-id=\"872552f\" data-element_type=\"container\">\n\t\t\t\t\t<div class=\"e-con-inner\">\n\t\t<div class=\"elementor-element elementor-element-b457ccd e-con-full e-flex e-con e-child\" data-id=\"b457ccd\" data-element_type=\"container\">\n\t\t\t\t<div class=\"elementor-element elementor-element-98d195a elementor-widget elementor-widget-image\" data-id=\"98d195a\" data-element_type=\"widget\" data-widget_type=\"image.default\">\n\t\t\t\t<div class=\"elementor-widget-container\">\n\t\t\t\t\t\t\t\t\t\t\t\t\t\t\t<img decoding=\"async\" src=\"https:\/\/blog-clarel.imgix.net\/2024\/05\/1.png?auto=format%2Ccompress&amp;ixlib=php-3.3.0&amp;w=508\" title=\"\" alt=\"\" loading=\"lazy\" \/>\t\t\t\t\t\t\t\t\t\t\t\t\t\t\t<\/div>\n\t\t\t\t<\/div>\n\t\t\t\t<\/div>\n\t\t<div class=\"elementor-element elementor-element-1d8cbc5 e-con-full e-flex e-con e-child\" data-id=\"1d8cbc5\" data-element_type=\"container\">\n\t\t\t\t<div class=\"elementor-element elementor-element-2938562 elementor-widget elementor-widget-image\" data-id=\"2938562\" data-element_type=\"widget\" data-widget_type=\"image.default\">\n\t\t\t\t<div class=\"elementor-widget-container\">\n\t\t\t\t\t\t\t\t\t\t\t\t\t\t\t<img decoding=\"async\" src=\"https:\/\/blog-clarel.imgix.net\/2024\/05\/2.png?auto=format%2Ccompress&amp;ixlib=php-3.3.0&amp;w=507\" title=\"\" alt=\"\" loading=\"lazy\" \/>\t\t\t\t\t\t\t\t\t\t\t\t\t\t\t<\/div>\n\t\t\t\t<\/div>\n\t\t\t\t<\/div>\n\t\t\t\t\t<\/div>\n\t\t\t\t<\/div>\n\t\t\t\t<\/div>\n\t\t","protected":false},"excerpt":{"rendered":"<p>Clarel reafirma o seu compromisso com a sa\u00fade menstrual das mulheres e doa 100% dos lucros dos produtos bont\u00e9 \u00e0 Cromosomos X At\u00e9 22,2% das mulheres espanholas j\u00e1 enfrentaram dificuldades para aceder a produtos menstruais devido a limita\u00e7\u00f5es econ\u00f3micas, e 39,9% n\u00e3o puderam comprar o produto menstrual da sua prefer\u00eancia. A Clarel antecipa-se ao Dia [&hellip;]<\/p>\n","protected":false},"author":5,"featured_media":0,"parent":0,"menu_order":0,"comment_status":"closed","ping_status":"closed","template":"elementor_header_footer","meta":{"footnotes":""},"class_list":["post-16262","page","type-page","status-publish","hentry"],"yoast_head":"<!-- This site is optimized with the Yoast SEO plugin v25.4 - https:\/\/yoast.com\/wordpress\/plugins\/seo\/ -->\n<title>28 \u00cdntimo n\u00e3o t\u00e3o \u00cdntimo | Clarel<\/title>\n<meta name=\"description\" content=\"Clarel reafirma o seu compromisso com a sa\u00fade menstrual das mulheres e doa 100% dos lucros dos produtos bont\u00e9 \u00e0 Cromosomos X\" \/>\n<meta name=\"robots\" content=\"index, follow, max-snippet:-1, max-image-preview:large, max-video-preview:-1\" \/>\n<link rel=\"canonical\" href=\"https:\/\/www.clarel.es\/blog\/pt-pt\/clarel-doacao-cromosomosx\/\" \/>\n<meta property=\"og:locale\" content=\"pt_PT\" \/>\n<meta property=\"og:type\" content=\"article\" \/>\n<meta property=\"og:title\" content=\"28 \u00cdntimo n\u00e3o t\u00e3o \u00cdntimo | Clarel\" \/>\n<meta property=\"og:description\" content=\"Clarel reafirma o seu compromisso com a sa\u00fade menstrual das mulheres e doa 100% dos lucros dos produtos bont\u00e9 \u00e0 Cromosomos X\" \/>\n<meta property=\"og:url\" content=\"https:\/\/www.clarel.es\/blog\/pt-pt\/clarel-doacao-cromosomosx\/\" \/>\n<meta property=\"og:site_name\" content=\"Clarel\" \/>\n<meta property=\"article:modified_time\" content=\"2025-10-08T14:05:03+00:00\" \/>\n<meta property=\"og:image\" content=\"https:\/\/blog-clarel.imgix.net\/2024\/05\/1.png?auto=format%2Ccompress&amp;ixlib=php-3.3.0&amp;w=508\" \/>\n<meta name=\"twitter:card\" content=\"summary_large_image\" \/>\n<script type=\"application\/ld+json\" class=\"yoast-schema-graph\">{\"@context\":\"https:\/\/schema.org\",\"@graph\":[{\"@type\":\"WebPage\",\"@id\":\"https:\/\/www.clarel.es\/blog\/pt-pt\/clarel-doacao-cromosomosx\/\",\"url\":\"https:\/\/www.clarel.es\/blog\/pt-pt\/clarel-doacao-cromosomosx\/\",\"name\":\"28 \u00cdntimo n\u00e3o t\u00e3o \u00cdntimo | Clarel\",\"isPartOf\":{\"@id\":\"https:\/\/www.clarel.es\/blog\/#website\"},\"primaryImageOfPage\":{\"@id\":\"https:\/\/www.clarel.es\/blog\/pt-pt\/clarel-doacao-cromosomosx\/#primaryimage\"},\"image\":{\"@id\":\"https:\/\/www.clarel.es\/blog\/pt-pt\/clarel-doacao-cromosomosx\/#primaryimage\"},\"thumbnailUrl\":\"https:\/\/blog-clarel.imgix.net\/2024\/05\/1.png?auto=format%2Ccompress&amp;ixlib=php-3.3.0&amp;w=508\",\"datePublished\":\"2024-05-29T10:32:25+00:00\",\"dateModified\":\"2025-10-08T14:05:03+00:00\",\"description\":\"Clarel reafirma o seu compromisso com a sa\u00fade menstrual das mulheres e doa 100% dos lucros dos produtos bont\u00e9 \u00e0 Cromosomos X\",\"breadcrumb\":{\"@id\":\"https:\/\/www.clarel.es\/blog\/pt-pt\/clarel-doacao-cromosomosx\/#breadcrumb\"},\"inLanguage\":\"pt-PT\",\"potentialAction\":[{\"@type\":\"ReadAction\",\"target\":[\"https:\/\/www.clarel.es\/blog\/pt-pt\/clarel-doacao-cromosomosx\/\"]}]},{\"@type\":\"ImageObject\",\"inLanguage\":\"pt-PT\",\"@id\":\"https:\/\/www.clarel.es\/blog\/pt-pt\/clarel-doacao-cromosomosx\/#primaryimage\",\"url\":\"https:\/\/blog-clarel.imgix.net\/2024\/05\/1.png?auto=format%2Ccompress&amp;ixlib=php-3.3.0&amp;w=508\",\"contentUrl\":\"https:\/\/blog-clarel.imgix.net\/2024\/05\/1.png?auto=format%2Ccompress&amp;ixlib=php-3.3.0&amp;w=508\"},{\"@type\":\"BreadcrumbList\",\"@id\":\"https:\/\/www.clarel.es\/blog\/pt-pt\/clarel-doacao-cromosomosx\/#breadcrumb\",\"itemListElement\":[{\"@type\":\"ListItem\",\"position\":1,\"name\":\"Portada\",\"item\":\"https:\/\/www.clarel.es\/blog\/\"},{\"@type\":\"ListItem\",\"position\":2,\"name\":\"Clarel doa\u00e7\u00e3o CromosomosX\"}]},{\"@type\":\"WebSite\",\"@id\":\"https:\/\/www.clarel.es\/blog\/#website\",\"url\":\"https:\/\/www.clarel.es\/blog\/\",\"name\":\"Clarel\",\"description\":\"Tienda Online de perfumeria, cosmetica, maquillaje y hogar.\",\"publisher\":{\"@id\":\"https:\/\/www.clarel.es\/blog\/#organization\"},\"potentialAction\":[{\"@type\":\"SearchAction\",\"target\":{\"@type\":\"EntryPoint\",\"urlTemplate\":\"https:\/\/www.clarel.es\/blog\/?s={search_term_string}\"},\"query-input\":{\"@type\":\"PropertyValueSpecification\",\"valueRequired\":true,\"valueName\":\"search_term_string\"}}],\"inLanguage\":\"pt-PT\"},{\"@type\":\"Organization\",\"@id\":\"https:\/\/www.clarel.es\/blog\/#organization\",\"name\":\"Clarel\",\"url\":\"https:\/\/www.clarel.es\/blog\/\",\"logo\":{\"@type\":\"ImageObject\",\"inLanguage\":\"pt-PT\",\"@id\":\"https:\/\/www.clarel.es\/blog\/#\/schema\/logo\/image\/\",\"url\":\"https:\/\/clarel-test.ezenit.link\/blog\/wp-content\/uploads\/2022\/08\/logo_clarel.png\",\"contentUrl\":\"https:\/\/clarel-test.ezenit.link\/blog\/wp-content\/uploads\/2022\/08\/logo_clarel.png\",\"width\":432,\"height\":101,\"caption\":\"Clarel\"},\"image\":{\"@id\":\"https:\/\/www.clarel.es\/blog\/#\/schema\/logo\/image\/\"}}]}<\/script>\n<!-- \/ Yoast SEO plugin. -->","yoast_head_json":{"title":"28 \u00cdntimo n\u00e3o t\u00e3o \u00cdntimo | Clarel","description":"Clarel reafirma o seu compromisso com a sa\u00fade menstrual das mulheres e doa 100% dos lucros dos produtos bont\u00e9 \u00e0 Cromosomos X","robots":{"index":"index","follow":"follow","max-snippet":"max-snippet:-1","max-image-preview":"max-image-preview:large","max-video-preview":"max-video-preview:-1"},"canonical":"https:\/\/www.clarel.es\/blog\/pt-pt\/clarel-doacao-cromosomosx\/","og_locale":"pt_PT","og_type":"article","og_title":"28 \u00cdntimo n\u00e3o t\u00e3o \u00cdntimo | Clarel","og_description":"Clarel reafirma o seu compromisso com a sa\u00fade menstrual das mulheres e doa 100% dos lucros dos produtos bont\u00e9 \u00e0 Cromosomos X","og_url":"https:\/\/www.clarel.es\/blog\/pt-pt\/clarel-doacao-cromosomosx\/","og_site_name":"Clarel","article_modified_time":"2025-10-08T14:05:03+00:00","og_image":[{"url":"https:\/\/blog-clarel.imgix.net\/2024\/05\/1.png?auto=format%2Ccompress&amp;ixlib=php-3.3.0&amp;w=508","type":"","width":"","height":""}],"twitter_card":"summary_large_image","schema":{"@context":"https:\/\/schema.org","@graph":[{"@type":"WebPage","@id":"https:\/\/www.clarel.es\/blog\/pt-pt\/clarel-doacao-cromosomosx\/","url":"https:\/\/www.clarel.es\/blog\/pt-pt\/clarel-doacao-cromosomosx\/","name":"28 \u00cdntimo n\u00e3o t\u00e3o \u00cdntimo | Clarel","isPartOf":{"@id":"https:\/\/www.clarel.es\/blog\/#website"},"primaryImageOfPage":{"@id":"https:\/\/www.clarel.es\/blog\/pt-pt\/clarel-doacao-cromosomosx\/#primaryimage"},"image":{"@id":"https:\/\/www.clarel.es\/blog\/pt-pt\/clarel-doacao-cromosomosx\/#primaryimage"},"thumbnailUrl":"https:\/\/blog-clarel.imgix.net\/2024\/05\/1.png?auto=format%2Ccompress&amp;ixlib=php-3.3.0&amp;w=508","datePublished":"2024-05-29T10:32:25+00:00","dateModified":"2025-10-08T14:05:03+00:00","description":"Clarel reafirma o seu compromisso com a sa\u00fade menstrual das mulheres e doa 100% dos lucros dos produtos bont\u00e9 \u00e0 Cromosomos X","breadcrumb":{"@id":"https:\/\/www.clarel.es\/blog\/pt-pt\/clarel-doacao-cromosomosx\/#breadcrumb"},"inLanguage":"pt-PT","potentialAction":[{"@type":"ReadAction","target":["https:\/\/www.clarel.es\/blog\/pt-pt\/clarel-doacao-cromosomosx\/"]}]},{"@type":"ImageObject","inLanguage":"pt-PT","@id":"https:\/\/www.clarel.es\/blog\/pt-pt\/clarel-doacao-cromosomosx\/#primaryimage","url":"https:\/\/blog-clarel.imgix.net\/2024\/05\/1.png?auto=format%2Ccompress&amp;ixlib=php-3.3.0&amp;w=508","contentUrl":"https:\/\/blog-clarel.imgix.net\/2024\/05\/1.png?auto=format%2Ccompress&amp;ixlib=php-3.3.0&amp;w=508"},{"@type":"BreadcrumbList","@id":"https:\/\/www.clarel.es\/blog\/pt-pt\/clarel-doacao-cromosomosx\/#breadcrumb","itemListElement":[{"@type":"ListItem","position":1,"name":"Portada","item":"https:\/\/www.clarel.es\/blog\/"},{"@type":"ListItem","position":2,"name":"Clarel doa\u00e7\u00e3o CromosomosX"}]},{"@type":"WebSite","@id":"https:\/\/www.clarel.es\/blog\/#website","url":"https:\/\/www.clarel.es\/blog\/","name":"Clarel","description":"Tienda Online de perfumeria, cosmetica, maquillaje y hogar.","publisher":{"@id":"https:\/\/www.clarel.es\/blog\/#organization"},"potentialAction":[{"@type":"SearchAction","target":{"@type":"EntryPoint","urlTemplate":"https:\/\/www.clarel.es\/blog\/?s={search_term_string}"},"query-input":{"@type":"PropertyValueSpecification","valueRequired":true,"valueName":"search_term_string"}}],"inLanguage":"pt-PT"},{"@type":"Organization","@id":"https:\/\/www.clarel.es\/blog\/#organization","name":"Clarel","url":"https:\/\/www.clarel.es\/blog\/","logo":{"@type":"ImageObject","inLanguage":"pt-PT","@id":"https:\/\/www.clarel.es\/blog\/#\/schema\/logo\/image\/","url":"https:\/\/clarel-test.ezenit.link\/blog\/wp-content\/uploads\/2022\/08\/logo_clarel.png","contentUrl":"https:\/\/clarel-test.ezenit.link\/blog\/wp-content\/uploads\/2022\/08\/logo_clarel.png","width":432,"height":101,"caption":"Clarel"},"image":{"@id":"https:\/\/www.clarel.es\/blog\/#\/schema\/logo\/image\/"}}]}},"_links":{"self":[{"href":"https:\/\/www.clarel.es\/blog\/pt-pt\/wp-json\/wp\/v2\/pages\/16262","targetHints":{"allow":["GET"]}}],"collection":[{"href":"https:\/\/www.clarel.es\/blog\/pt-pt\/wp-json\/wp\/v2\/pages"}],"about":[{"href":"https:\/\/www.clarel.es\/blog\/pt-pt\/wp-json\/wp\/v2\/types\/page"}],"author":[{"embeddable":true,"href":"https:\/\/www.clarel.es\/blog\/pt-pt\/wp-json\/wp\/v2\/users\/5"}],"replies":[{"embeddable":true,"href":"https:\/\/www.clarel.es\/blog\/pt-pt\/wp-json\/wp\/v2\/comments?post=16262"}],"version-history":[{"count":2,"href":"https:\/\/www.clarel.es\/blog\/pt-pt\/wp-json\/wp\/v2\/pages\/16262\/revisions"}],"predecessor-version":[{"id":16331,"href":"https:\/\/www.clarel.es\/blog\/pt-pt\/wp-json\/wp\/v2\/pages\/16262\/revisions\/16331"}],"wp:attachment":[{"href":"https:\/\/www.clarel.es\/blog\/pt-pt\/wp-json\/wp\/v2\/media?parent=16262"}],"curies":[{"name":"wp","href":"https:\/\/api.w.org\/{rel}","templated":true}]}}