{"id":16243,"date":"2024-05-10T10:55:16","date_gmt":"2024-05-10T10:55:16","guid":{"rendered":"https:\/\/clarel-test.ezenit.link\/blog\/grupo-trinity-e-clarel\/"},"modified":"2025-10-17T08:24:47","modified_gmt":"2025-10-17T08:24:47","slug":"grupo-trinity-e-clarel","status":"publish","type":"page","link":"https:\/\/www.clarel.es\/blog\/pt-pt\/grupo-trinity-e-clarel\/","title":{"rendered":"Grupo Trinity e Clarel"},"content":{"rendered":"\t\t<div data-elementor-type=\"wp-page\" data-elementor-id=\"16243\" class=\"elementor elementor-16243 elementor-8394\" data-elementor-post-type=\"page\">\n\t\t\t\t<div class=\"elementor-element elementor-element-609f4d39 e-flex e-con-boxed e-con e-parent\" data-id=\"609f4d39\" data-element_type=\"container\">\n\t\t\t\t\t<div class=\"e-con-inner\">\n\t\t\t\t<div class=\"elementor-element elementor-element-262e740 elementor-widget elementor-widget-text-editor\" data-id=\"262e740\" data-element_type=\"widget\" data-widget_type=\"text-editor.default\">\n\t\t\t\t<div class=\"elementor-widget-container\">\n\t\t\t\t\t\t\t\t\t<div style=\"margin: 0px 0px 29.6944px;padding: 0px;border: 0px;font-size: 31px;vertical-align: baseline;background-image: initial;background-position: 50% center;background-size: cover;background-repeat: no-repeat;background-attachment: initial;position: relative;font-family: 'Gelica Light', Helvetica, Arial, Lucida, sans-serif;line-height: 1em;color: #f5a573 !important\"><div style=\"margin: 0px;padding: 0px;border: 0px;vertical-align: baseline;background: transparent;position: relative\"><p style=\"margin: 0px;padding: 0px;border: 0px;vertical-align: baseline;background: transparent\">Grupo Trinity e Clarel anunciam um plano que multiplicar\u00e1 o investimento em loja e resultar\u00e1 num aumento do emprego.<\/p><\/div><\/div>\t\t\t\t\t\t\t\t<\/div>\n\t\t\t\t<\/div>\n\t\t\t\t<div class=\"elementor-element elementor-element-fcb396d elementor-widget elementor-widget-image\" data-id=\"fcb396d\" data-element_type=\"widget\" data-widget_type=\"image.default\">\n\t\t\t\t<div class=\"elementor-widget-container\">\n\t\t\t\t\t\t\t\t\t\t\t\t\t\t\t<img decoding=\"async\" src=\"https:\/\/blog-clarel.imgix.net\/2024\/05\/clarel-trinity_acuerdo.png?auto=format%2Ccompress&amp;ixlib=php-3.3.0&amp;w=1296\" title=\"\" alt=\"\" loading=\"lazy\" \/>\t\t\t\t\t\t\t\t\t\t\t\t\t\t\t<\/div>\n\t\t\t\t<\/div>\n\t\t\t\t<div class=\"elementor-element elementor-element-19ed49f elementor-widget elementor-widget-text-editor\" data-id=\"19ed49f\" data-element_type=\"widget\" data-widget_type=\"text-editor.default\">\n\t\t\t\t<div class=\"elementor-widget-container\">\n\t\t\t\t\t\t\t\t\t<div class=\"et_pb_module et_pb_text et_pb_text_1 et_pb_text_align_left et_pb_bg_layout_light\" style=\"margin: 0px 0px 29.6944px;padding: 0px;border: 0px;font-size: 14px;vertical-align: baseline;background-image: initial;background-position: 50% center;background-size: cover;background-repeat: no-repeat;background-attachment: initial;position: relative;color: #666666;font-family: Poppins, Helvetica, Arial, Lucida, sans-serif\"><div class=\"et_pb_text_inner\" style=\"margin: 0px;padding: 0px;border: 0px;vertical-align: baseline;background: transparent;position: relative\"><ul style=\"margin: 0px;padding: 0px 0px 1em 1em;font-size: 14px;line-height: 26px\"><li style=\"margin: 0px;padding: 0px;font-size: 14px\">O Grupo Trinity ratificou o CEO da Clarel, Jos\u00e9 Mar\u00eda Jim\u00e9nez, que liderar\u00e1 a nova estrat\u00e9gia da companhia.<\/li><li style=\"margin: 0px;padding: 0px;font-size: 14px\">O apoio do Grupo Trinity permitir\u00e1 \u00e0 Clarel p\u00f4r em marcha um plano ambicioso como l\u00edder em proximidade de beleza, cuidados pessoais e do lar.<\/li><li style=\"margin: 0px;padding: 0px;font-size: 14px\">Os dirigentes de ambas as empresas insistiram na sua vontade de \u201cconstruir sobre o constru\u00eddo\u201d para continuar a crescer e, consequentemente, criar emprego.<\/li><\/ul><\/div><\/div><div class=\"et_pb_module et_pb_text et_pb_text_2 et_pb_text_align_left et_pb_bg_layout_light\" style=\"margin: 0px 0px 29.6944px;padding: 0px;border: 0px;font-size: 14px;vertical-align: baseline;background-image: initial;background-position: 50% center;background-size: cover;background-repeat: no-repeat;background-attachment: initial;position: relative;font-family: Poppins, Helvetica, Arial, Lucida, sans-serif;color: #666666\"><div class=\"et_pb_text_inner\" style=\"margin: 0px;padding: 0px;border: 0px;vertical-align: baseline;background: transparent;position: relative\"><p style=\"margin: 0px;padding: 0px;border: 0px;vertical-align: baseline;background: transparent\"><span style=\"margin: 0px;padding: 0px;border: 0px;vertical-align: baseline;background: transparent;font-weight: bold\">Madrid, 10 de abril de 2024<\/span><\/p><\/div><\/div><div class=\"et_pb_module et_pb_text et_pb_text_3 et_pb_text_align_left et_pb_bg_layout_light\" style=\"margin: 0px 0px 29.6944px;border: 0px;font-size: 14px;vertical-align: baseline;background-image: initial;background-position: 50% center;background-size: cover;background-repeat: no-repeat;background-attachment: initial;position: relative;color: #666666;font-family: Poppins, Helvetica, Arial, Lucida, sans-serif;padding: 0px 0px 0px !important 0px\"><div class=\"et_pb_text_inner\" style=\"margin: 0px;padding: 0px;border: 0px;vertical-align: baseline;background: transparent;position: relative\"><p style=\"margin: 0px;padding: 0px 0px 1em;border: 0px;vertical-align: baseline;background: transparent\">A Clarel deu esta quarta-feira o pontap\u00e9 de sa\u00edda para uma nova e entusiasmante etapa ap\u00f3s a sua aquisi\u00e7\u00e3o pelo Grupo Trinity. Ambas as companhias anunciaram que ir\u00e3o multiplicar o investimento em loja, o que resultar\u00e1 num aumento do emprego. Este plano consolidar\u00e1 a Clarel, com as suas quase 1.000 lojas, como l\u00edder em proximidade de beleza, cuidados pessoais e do lar. Al\u00e9m disso, o Grupo Trinity ratificou Jos\u00e9 Mar\u00eda Jim\u00e9nez como CEO da Clarel, uma decis\u00e3o que confirma o apoio \u00e0 experi\u00eancia e conhecimento no desenvolvimento da marca. Nesta nova fase, a Clarel continuar\u00e1 a honrar o seu prop\u00f3sito de orientar-se para o bem-estar dos seus clientes e manter-se fiel \u00e0 sua proposta de valor centrada na proximidade.   <br>\u201cPara o Grupo Trinity a aquisi\u00e7\u00e3o da Clarel simboliza a nossa chegada a Espanha e enche-nos de entusiasmo e compromisso. Vimos trazer a nossa vis\u00e3o empresarial sustentada no respeito, na inspira\u00e7\u00e3o e na gera\u00e7\u00e3o de valor. Acreditamos no valor da experi\u00eancia; por isso vimos construir sobre o constru\u00eddo. Juntos faremos da Clarel uma das marcas mais queridas pelos espanh\u00f3is\u201d, afirmou Iv\u00e1n Trujillo, CEO do Grupo Trinity.<br>\u201cInici\u00e1mos um plano muito importante para o futuro da Clarel e as possibilidades de crescimento est\u00e3o apenas a come\u00e7ar: vamos multiplicar o investimento em loja, o que resultar\u00e1 num aumento do emprego\u201d, declarou Jos\u00e9 Mar\u00eda Jim\u00e9nez, CEO da Clarel. \u201cTrabalhamos todos os dias para que os mais de 110.000 consumidores que visitam as nossas lojas encontrem um sortido de 7.800 refer\u00eancias de artigos de beleza e cuidado de grande qualidade com o melhor equil\u00edbrio para a sua economia\u201d. <br>A incorpora\u00e7\u00e3o da Clarel no Grupo Trinity representa um marco na rela\u00e7\u00e3o econ\u00f3mica entre Espanha e Col\u00f4mbia, sendo at\u00e9 \u00e0 data o maior investimento de um grupo colombiano no pa\u00eds. Esta opera\u00e7\u00e3o \u00e9 tamb\u00e9m um impulso para a constru\u00e7\u00e3o do futuro de uma marca que se tem vindo a posicionar como refer\u00eancia no seu segmento. O fecho da compra foi anunciado ao mercado no passado dia 1 de abril, ap\u00f3s cumprir todos os requisitos legais. A Clarel junta-se ao Grupo Trinity como uma empresa consolidada e rent\u00e1vel, com um EBITDA em 2023 de 11,6 milh\u00f5es de euros \u2013 o dobro de 2022 \u2013, 5,4 milh\u00f5es de euros de lucro e um crescimento de 3,1% nas vendas, que atingiram um total de 263 milh\u00f5es de euros.  <\/p><p style=\"margin: 0px;padding: 0px;border: 0px;vertical-align: baseline;background: transparent\">A apresenta\u00e7\u00e3o oficial desta nova etapa da Clarel, agora liderada pelo Grupo Trinity, teve lugar hoje num evento realizado na Resid\u00eancia da Embaixada da Col\u00f4mbia em Espanha, que contou com cerca de 200 participantes, entre l\u00edderes empresariais, governamentais e outras personalidades. A apresenta\u00e7\u00e3o oficial desta nova etapa da Clarel, agora liderada pelo Grupo Trinity, teve lugar hoje num evento realizado na Resid\u00eancia da Embaixada da Col\u00f4mbia em Espanha, que contou com cerca de 200 participantes, entre l\u00edderes empresariais, governamentais e outras personalidades. <\/p><\/div><\/div><div class=\"et_pb_module et_pb_text et_pb_text_4 et_pb_text_align_left et_pb_bg_layout_light\" style=\"margin: 0px 0px 4px;padding: 0px;border: 0px;font-size: 14px;vertical-align: baseline;background-image: initial;background-position: 50% center;background-size: cover;background-repeat: no-repeat;background-attachment: initial;position: relative;font-family: Poppins, Helvetica, Arial, Lucida, sans-serif;color: #f5a573 !important\"><div class=\"et_pb_text_inner\" style=\"margin: 0px;padding: 0px;border: 0px;vertical-align: baseline;background: transparent;position: relative\"><p style=\"margin: 0px;padding: 0px;border: 0px;vertical-align: baseline;background: transparent\">SOBRE AS EMPRESAS:<\/p><\/div><\/div><div class=\"et_pb_module et_pb_text et_pb_text_5 et_pb_text_align_left et_pb_bg_layout_light\" style=\"margin: 0px;border: 0px;font-size: 14px;vertical-align: baseline;background-image: initial;background-position: 50% center;background-size: cover;background-repeat: no-repeat;background-attachment: initial;position: relative;color: #666666;font-family: Poppins, Helvetica, Arial, Lucida, sans-serif;padding: 0px 0px 0px !important 0px\"><div class=\"et_pb_text_inner\" style=\"margin: 0px;padding: 0px;border: 0px;vertical-align: baseline;background: transparent;position: relative\"><p style=\"margin: 0px;padding: 0px 0px 1em;border: 0px;vertical-align: baseline;background: transparent\">O Grupo Trinity \u00e9 um grupo empresarial origin\u00e1rio da Col\u00f4mbia, com presen\u00e7a atualmente em quatro pa\u00edses, incluindo Espanha. Investe em setores estrat\u00e9gicos em quatro \u00e1reas de neg\u00f3cio: ind\u00fastria, retalho, hospitality (turismo de aventura, de neg\u00f3cios e restaura\u00e7\u00e3o) e venture capital. A partir das empresas que fazem parte do seu portef\u00f3lio, o Grupo Trinity gera 14.500 empregos na Am\u00e9rica e Europa. Ap\u00f3s a aquisi\u00e7\u00e3o da Clarel, tornou-se o maior investidor empresarial colombiano no mercado espanhol de fus\u00f5es e aquisi\u00e7\u00f5es (M&amp;A).   <\/p><p style=\"margin: 0px;padding: 0px 0px 1em;border: 0px;vertical-align: baseline;background: transparent\">Prop\u00f3sito corporativo: \u2018Grupo Trinity, gerando esperan\u00e7a no progresso\u2019.<\/p><p style=\"margin: 0px;padding: 0px 0px 1em;border: 0px;vertical-align: baseline;background: transparent\"><a style=\"margin: 0px;padding: 0px;border: 0px;vertical-align: baseline;background-image: initial;background-position: initial;background-size: initial;background-repeat: initial;background-attachment: initial;color: #edb059\" href=\"http:\/\/www.grupotrinity.co\/\" target=\"_blank\" rel=\"noopener\">www.grupotrinity.co<\/a><\/p><p style=\"margin: 0px;padding: 0px 0px 1em;border: 0px;vertical-align: baseline;background: transparent\">A Clarel afirma-se como a loja l\u00edder em proximidade de beleza, cuidados pessoais e do lar, fundamentando a sua identidade na import\u00e2ncia de estar perto, com estabelecimentos estrategicamente posicionados a apenas um passo dos seus clientes. A Clarel conta com uma trajet\u00f3ria de mais de 11 anos no mercado e oferece uma ampla gama de produtos que abrangem desde cosm\u00e9ticos at\u00e9 solu\u00e7\u00f5es de higiene pessoal e cuidado do lar. <\/p><p style=\"margin: 0px;padding: 0px 0px 1em;border: 0px;vertical-align: baseline;background: transparent\">A empresa distingue-se gra\u00e7as \u00e0s suas marcas exclusivas, como bont\u00e9, NeSk, Hogarel e AS, que acrescentam um elemento diferenciador \u00e0 sua proposta. Consolidando a sua posi\u00e7\u00e3o em Espanha, com uma extensa rede que alcan\u00e7a quase 1.000 lojas, a miss\u00e3o da Clarel \u00e9 aproximar dos seus clientes o cuidado pessoal e do lar, valorizando o bem-estar e a beleza do quotidiano. <\/p><p style=\"margin: 0px;padding: 0px 0px 1em;border: 0px;vertical-align: baseline;background: transparent\">Prop\u00f3sito corporativo: \u2018Aproximar o cuidado pessoal e do lar, valorizando o bem-estar e a beleza do quotidiano\u2019.<\/p><p style=\"margin: 0px;padding: 0px;border: 0px;vertical-align: baseline;background: transparent\"><a style=\"margin: 0px;padding: 0px;border: 0px;vertical-align: baseline;background-image: initial;background-position: initial;background-size: initial;background-repeat: initial;background-attachment: initial;color: #edb059\" href=\"http:\/\/www.clarel.es\/\" target=\"_blank\" rel=\"noopener\">www.clarel.es<\/a><\/p><\/div><\/div>\t\t\t\t\t\t\t\t<\/div>\n\t\t\t\t<\/div>\n\t\t\t\t\t<\/div>\n\t\t\t\t<\/div>\n\t\t<div class=\"elementor-element elementor-element-8a01ea5 e-flex e-con-boxed e-con e-parent\" data-id=\"8a01ea5\" data-element_type=\"container\">\n\t\t\t\t\t<div class=\"e-con-inner\">\n\t\t<div class=\"elementor-element elementor-element-47b2786 e-con-full e-flex e-con e-child\" data-id=\"47b2786\" data-element_type=\"container\">\n\t\t\t\t<div class=\"elementor-element elementor-element-3577e91 elementor-widget elementor-widget-image\" data-id=\"3577e91\" data-element_type=\"widget\" data-widget_type=\"image.default\">\n\t\t\t\t<div class=\"elementor-widget-container\">\n\t\t\t\t\t\t\t\t\t\t\t\t\t\t\t<img decoding=\"async\" src=\"https:\/\/blog-clarel.imgix.net\/2024\/05\/Impacto-10.png?\" title=\"\" alt=\"\" loading=\"lazy\" \/>\t\t\t\t\t\t\t\t\t\t\t\t\t\t\t<\/div>\n\t\t\t\t<\/div>\n\t\t\t\t<\/div>\n\t\t<div class=\"elementor-element elementor-element-f4ca8e7 e-con-full e-flex e-con e-child\" data-id=\"f4ca8e7\" data-element_type=\"container\">\n\t\t\t\t<div class=\"elementor-element elementor-element-b495835 elementor-widget elementor-widget-image\" data-id=\"b495835\" data-element_type=\"widget\" data-widget_type=\"image.default\">\n\t\t\t\t<div class=\"elementor-widget-container\">\n\t\t\t\t\t\t\t\t\t\t\t\t\t\t\t<img decoding=\"async\" src=\"https:\/\/blog-clarel.imgix.net\/2024\/05\/Impacto-13.png?\" title=\"\" alt=\"\" loading=\"lazy\" \/>\t\t\t\t\t\t\t\t\t\t\t\t\t\t\t<\/div>\n\t\t\t\t<\/div>\n\t\t\t\t<\/div>\n\t\t<div class=\"elementor-element elementor-element-a345ad2 e-con-full e-flex e-con e-child\" data-id=\"a345ad2\" data-element_type=\"container\">\n\t\t\t\t<div class=\"elementor-element elementor-element-22bb039 elementor-widget elementor-widget-image\" data-id=\"22bb039\" data-element_type=\"widget\" data-widget_type=\"image.default\">\n\t\t\t\t<div class=\"elementor-widget-container\">\n\t\t\t\t\t\t\t\t\t\t\t\t\t\t\t<img decoding=\"async\" src=\"https:\/\/blog-clarel.imgix.net\/2024\/05\/Impacto-8.png\" title=\"\" alt=\"\" loading=\"lazy\" \/>\t\t\t\t\t\t\t\t\t\t\t\t\t\t\t<\/div>\n\t\t\t\t<\/div>\n\t\t\t\t<\/div>\n\t\t\t\t\t<\/div>\n\t\t\t\t<\/div>\n\t\t\t\t<\/div>\n\t\t","protected":false},"excerpt":{"rendered":"<p>Grupo Trinity e Clarel anunciam um plano que multiplicar\u00e1 o investimento em loja e resultar\u00e1 num aumento do emprego. O Grupo Trinity ratificou o CEO da Clarel, Jos\u00e9 Mar\u00eda Jim\u00e9nez, que liderar\u00e1 a nova estrat\u00e9gia da companhia. O apoio do Grupo Trinity permitir\u00e1 \u00e0 Clarel p\u00f4r em marcha um plano ambicioso como l\u00edder em proximidade [&hellip;]<\/p>\n","protected":false},"author":5,"featured_media":0,"parent":0,"menu_order":0,"comment_status":"closed","ping_status":"closed","template":"elementor_header_footer","meta":{"footnotes":""},"class_list":["post-16243","page","type-page","status-publish","hentry"],"yoast_head":"<!-- This site is optimized with the Yoast SEO plugin v25.4 - https:\/\/yoast.com\/wordpress\/plugins\/seo\/ -->\n<title>Grupo Trinity e Clarel anunciam um novo plano.<\/title>\n<meta name=\"description\" content=\"Grupo Trinity e Clarel anunciam um plano que multiplicar\u00e1 o investimento em loja e resultar\u00e1 num aumento do emprego\" \/>\n<meta name=\"robots\" content=\"index, follow, max-snippet:-1, max-image-preview:large, max-video-preview:-1\" \/>\n<link rel=\"canonical\" href=\"https:\/\/www.clarel.es\/blog\/pt-pt\/grupo-trinity-e-clarel\/\" \/>\n<meta property=\"og:locale\" content=\"pt_PT\" \/>\n<meta property=\"og:type\" content=\"article\" \/>\n<meta property=\"og:title\" content=\"Grupo Trinity e Clarel anunciam um novo plano.\" \/>\n<meta property=\"og:description\" content=\"Grupo Trinity e Clarel anunciam um plano que multiplicar\u00e1 o investimento em loja e resultar\u00e1 num aumento do emprego\" \/>\n<meta property=\"og:url\" content=\"https:\/\/www.clarel.es\/blog\/pt-pt\/grupo-trinity-e-clarel\/\" \/>\n<meta property=\"og:site_name\" content=\"Clarel\" \/>\n<meta property=\"article:modified_time\" content=\"2025-10-17T08:24:47+00:00\" \/>\n<meta property=\"og:image\" content=\"https:\/\/blog-clarel.imgix.net\/2024\/05\/clarel-trinity_acuerdo.png?auto=format%2Ccompress&amp;ixlib=php-3.3.0&amp;w=1296\" \/>\n<meta name=\"twitter:card\" content=\"summary_large_image\" \/>\n<script type=\"application\/ld+json\" class=\"yoast-schema-graph\">{\"@context\":\"https:\/\/schema.org\",\"@graph\":[{\"@type\":\"WebPage\",\"@id\":\"https:\/\/www.clarel.es\/blog\/pt-pt\/grupo-trinity-e-clarel\/\",\"url\":\"https:\/\/www.clarel.es\/blog\/pt-pt\/grupo-trinity-e-clarel\/\",\"name\":\"Grupo Trinity e Clarel anunciam um novo plano.\",\"isPartOf\":{\"@id\":\"https:\/\/www.clarel.es\/blog\/#website\"},\"primaryImageOfPage\":{\"@id\":\"https:\/\/www.clarel.es\/blog\/pt-pt\/grupo-trinity-e-clarel\/#primaryimage\"},\"image\":{\"@id\":\"https:\/\/www.clarel.es\/blog\/pt-pt\/grupo-trinity-e-clarel\/#primaryimage\"},\"thumbnailUrl\":\"https:\/\/blog-clarel.imgix.net\/2024\/05\/clarel-trinity_acuerdo.png?auto=format%2Ccompress&amp;ixlib=php-3.3.0&amp;w=1296\",\"datePublished\":\"2024-05-10T10:55:16+00:00\",\"dateModified\":\"2025-10-17T08:24:47+00:00\",\"description\":\"Grupo Trinity e Clarel anunciam um plano que multiplicar\u00e1 o investimento em loja e resultar\u00e1 num aumento do emprego\",\"breadcrumb\":{\"@id\":\"https:\/\/www.clarel.es\/blog\/pt-pt\/grupo-trinity-e-clarel\/#breadcrumb\"},\"inLanguage\":\"pt-PT\",\"potentialAction\":[{\"@type\":\"ReadAction\",\"target\":[\"https:\/\/www.clarel.es\/blog\/pt-pt\/grupo-trinity-e-clarel\/\"]}]},{\"@type\":\"ImageObject\",\"inLanguage\":\"pt-PT\",\"@id\":\"https:\/\/www.clarel.es\/blog\/pt-pt\/grupo-trinity-e-clarel\/#primaryimage\",\"url\":\"https:\/\/blog-clarel.imgix.net\/2024\/05\/clarel-trinity_acuerdo.png?auto=format%2Ccompress&amp;ixlib=php-3.3.0&amp;w=1296\",\"contentUrl\":\"https:\/\/blog-clarel.imgix.net\/2024\/05\/clarel-trinity_acuerdo.png?auto=format%2Ccompress&amp;ixlib=php-3.3.0&amp;w=1296\"},{\"@type\":\"BreadcrumbList\",\"@id\":\"https:\/\/www.clarel.es\/blog\/pt-pt\/grupo-trinity-e-clarel\/#breadcrumb\",\"itemListElement\":[{\"@type\":\"ListItem\",\"position\":1,\"name\":\"Portada\",\"item\":\"https:\/\/www.clarel.es\/blog\/\"},{\"@type\":\"ListItem\",\"position\":2,\"name\":\"Grupo Trinity e Clarel\"}]},{\"@type\":\"WebSite\",\"@id\":\"https:\/\/www.clarel.es\/blog\/#website\",\"url\":\"https:\/\/www.clarel.es\/blog\/\",\"name\":\"Clarel\",\"description\":\"Tienda Online de perfumeria, cosmetica, maquillaje y hogar.\",\"publisher\":{\"@id\":\"https:\/\/www.clarel.es\/blog\/#organization\"},\"potentialAction\":[{\"@type\":\"SearchAction\",\"target\":{\"@type\":\"EntryPoint\",\"urlTemplate\":\"https:\/\/www.clarel.es\/blog\/?s={search_term_string}\"},\"query-input\":{\"@type\":\"PropertyValueSpecification\",\"valueRequired\":true,\"valueName\":\"search_term_string\"}}],\"inLanguage\":\"pt-PT\"},{\"@type\":\"Organization\",\"@id\":\"https:\/\/www.clarel.es\/blog\/#organization\",\"name\":\"Clarel\",\"url\":\"https:\/\/www.clarel.es\/blog\/\",\"logo\":{\"@type\":\"ImageObject\",\"inLanguage\":\"pt-PT\",\"@id\":\"https:\/\/www.clarel.es\/blog\/#\/schema\/logo\/image\/\",\"url\":\"https:\/\/clarel-test.ezenit.link\/blog\/wp-content\/uploads\/2022\/08\/logo_clarel.png\",\"contentUrl\":\"https:\/\/clarel-test.ezenit.link\/blog\/wp-content\/uploads\/2022\/08\/logo_clarel.png\",\"width\":432,\"height\":101,\"caption\":\"Clarel\"},\"image\":{\"@id\":\"https:\/\/www.clarel.es\/blog\/#\/schema\/logo\/image\/\"}}]}<\/script>\n<!-- \/ Yoast SEO plugin. -->","yoast_head_json":{"title":"Grupo Trinity e Clarel anunciam um novo plano.","description":"Grupo Trinity e Clarel anunciam um plano que multiplicar\u00e1 o investimento em loja e resultar\u00e1 num aumento do emprego","robots":{"index":"index","follow":"follow","max-snippet":"max-snippet:-1","max-image-preview":"max-image-preview:large","max-video-preview":"max-video-preview:-1"},"canonical":"https:\/\/www.clarel.es\/blog\/pt-pt\/grupo-trinity-e-clarel\/","og_locale":"pt_PT","og_type":"article","og_title":"Grupo Trinity e Clarel anunciam um novo plano.","og_description":"Grupo Trinity e Clarel anunciam um plano que multiplicar\u00e1 o investimento em loja e resultar\u00e1 num aumento do emprego","og_url":"https:\/\/www.clarel.es\/blog\/pt-pt\/grupo-trinity-e-clarel\/","og_site_name":"Clarel","article_modified_time":"2025-10-17T08:24:47+00:00","og_image":[{"url":"https:\/\/blog-clarel.imgix.net\/2024\/05\/clarel-trinity_acuerdo.png?auto=format%2Ccompress&amp;ixlib=php-3.3.0&amp;w=1296","type":"","width":"","height":""}],"twitter_card":"summary_large_image","schema":{"@context":"https:\/\/schema.org","@graph":[{"@type":"WebPage","@id":"https:\/\/www.clarel.es\/blog\/pt-pt\/grupo-trinity-e-clarel\/","url":"https:\/\/www.clarel.es\/blog\/pt-pt\/grupo-trinity-e-clarel\/","name":"Grupo Trinity e Clarel anunciam um novo plano.","isPartOf":{"@id":"https:\/\/www.clarel.es\/blog\/#website"},"primaryImageOfPage":{"@id":"https:\/\/www.clarel.es\/blog\/pt-pt\/grupo-trinity-e-clarel\/#primaryimage"},"image":{"@id":"https:\/\/www.clarel.es\/blog\/pt-pt\/grupo-trinity-e-clarel\/#primaryimage"},"thumbnailUrl":"https:\/\/blog-clarel.imgix.net\/2024\/05\/clarel-trinity_acuerdo.png?auto=format%2Ccompress&amp;ixlib=php-3.3.0&amp;w=1296","datePublished":"2024-05-10T10:55:16+00:00","dateModified":"2025-10-17T08:24:47+00:00","description":"Grupo Trinity e Clarel anunciam um plano que multiplicar\u00e1 o investimento em loja e resultar\u00e1 num aumento do emprego","breadcrumb":{"@id":"https:\/\/www.clarel.es\/blog\/pt-pt\/grupo-trinity-e-clarel\/#breadcrumb"},"inLanguage":"pt-PT","potentialAction":[{"@type":"ReadAction","target":["https:\/\/www.clarel.es\/blog\/pt-pt\/grupo-trinity-e-clarel\/"]}]},{"@type":"ImageObject","inLanguage":"pt-PT","@id":"https:\/\/www.clarel.es\/blog\/pt-pt\/grupo-trinity-e-clarel\/#primaryimage","url":"https:\/\/blog-clarel.imgix.net\/2024\/05\/clarel-trinity_acuerdo.png?auto=format%2Ccompress&amp;ixlib=php-3.3.0&amp;w=1296","contentUrl":"https:\/\/blog-clarel.imgix.net\/2024\/05\/clarel-trinity_acuerdo.png?auto=format%2Ccompress&amp;ixlib=php-3.3.0&amp;w=1296"},{"@type":"BreadcrumbList","@id":"https:\/\/www.clarel.es\/blog\/pt-pt\/grupo-trinity-e-clarel\/#breadcrumb","itemListElement":[{"@type":"ListItem","position":1,"name":"Portada","item":"https:\/\/www.clarel.es\/blog\/"},{"@type":"ListItem","position":2,"name":"Grupo Trinity e Clarel"}]},{"@type":"WebSite","@id":"https:\/\/www.clarel.es\/blog\/#website","url":"https:\/\/www.clarel.es\/blog\/","name":"Clarel","description":"Tienda Online de perfumeria, cosmetica, maquillaje y hogar.","publisher":{"@id":"https:\/\/www.clarel.es\/blog\/#organization"},"potentialAction":[{"@type":"SearchAction","target":{"@type":"EntryPoint","urlTemplate":"https:\/\/www.clarel.es\/blog\/?s={search_term_string}"},"query-input":{"@type":"PropertyValueSpecification","valueRequired":true,"valueName":"search_term_string"}}],"inLanguage":"pt-PT"},{"@type":"Organization","@id":"https:\/\/www.clarel.es\/blog\/#organization","name":"Clarel","url":"https:\/\/www.clarel.es\/blog\/","logo":{"@type":"ImageObject","inLanguage":"pt-PT","@id":"https:\/\/www.clarel.es\/blog\/#\/schema\/logo\/image\/","url":"https:\/\/clarel-test.ezenit.link\/blog\/wp-content\/uploads\/2022\/08\/logo_clarel.png","contentUrl":"https:\/\/clarel-test.ezenit.link\/blog\/wp-content\/uploads\/2022\/08\/logo_clarel.png","width":432,"height":101,"caption":"Clarel"},"image":{"@id":"https:\/\/www.clarel.es\/blog\/#\/schema\/logo\/image\/"}}]}},"_links":{"self":[{"href":"https:\/\/www.clarel.es\/blog\/pt-pt\/wp-json\/wp\/v2\/pages\/16243","targetHints":{"allow":["GET"]}}],"collection":[{"href":"https:\/\/www.clarel.es\/blog\/pt-pt\/wp-json\/wp\/v2\/pages"}],"about":[{"href":"https:\/\/www.clarel.es\/blog\/pt-pt\/wp-json\/wp\/v2\/types\/page"}],"author":[{"embeddable":true,"href":"https:\/\/www.clarel.es\/blog\/pt-pt\/wp-json\/wp\/v2\/users\/5"}],"replies":[{"embeddable":true,"href":"https:\/\/www.clarel.es\/blog\/pt-pt\/wp-json\/wp\/v2\/comments?post=16243"}],"version-history":[{"count":2,"href":"https:\/\/www.clarel.es\/blog\/pt-pt\/wp-json\/wp\/v2\/pages\/16243\/revisions"}],"predecessor-version":[{"id":16371,"href":"https:\/\/www.clarel.es\/blog\/pt-pt\/wp-json\/wp\/v2\/pages\/16243\/revisions\/16371"}],"wp:attachment":[{"href":"https:\/\/www.clarel.es\/blog\/pt-pt\/wp-json\/wp\/v2\/media?parent=16243"}],"curies":[{"name":"wp","href":"https:\/\/api.w.org\/{rel}","templated":true}]}}