{"id":16239,"date":"2022-12-14T16:42:30","date_gmt":"2022-12-14T16:42:30","guid":{"rendered":"https:\/\/clarel-test.ezenit.link\/blog\/blog-clarel\/"},"modified":"2025-11-19T16:30:25","modified_gmt":"2025-11-19T16:30:25","slug":"blog-clarel","status":"publish","type":"page","link":"https:\/\/www.clarel.es\/blog\/pt-pt\/","title":{"rendered":"Blog Clarel"},"content":{"rendered":"\t\t<div data-elementor-type=\"wp-page\" data-elementor-id=\"16239\" class=\"elementor elementor-16239 elementor-3357\" data-elementor-post-type=\"page\">\n\t\t\t\t<div class=\"elementor-element elementor-element-13c034b e-con-full elementor-hidden-tablet elementor-hidden-mobile e-flex e-con e-parent\" data-id=\"13c034b\" data-element_type=\"container\">\n\t\t\t\t<div class=\"elementor-element elementor-element-48cbc7f elementor-widget elementor-widget-image\" data-id=\"48cbc7f\" data-element_type=\"widget\" data-widget_type=\"image.default\">\n\t\t\t\t<div class=\"elementor-widget-container\">\n\t\t\t\t\t\t\t\t\t\t\t\t\t\t\t<img fetchpriority=\"high\" decoding=\"async\" width=\"2560\" height=\"818\" src=\"https:\/\/blog-clarel.imgix.net\/uploads\/2025\/11\/19162905\/blog_clarel_header_oct25_PT-02-04-scaled.png\" class=\"attachment-full size-full wp-image-16821\" alt=\"\" srcset=\"https:\/\/blog-clarel.imgix.net\/uploads\/2025\/11\/19162905\/blog_clarel_header_oct25_PT-02-04-scaled.png 2560w, https:\/\/blog-clarel.imgix.net\/uploads\/2025\/11\/19162905\/blog_clarel_header_oct25_PT-02-04-300x96.png 300w, https:\/\/blog-clarel.imgix.net\/uploads\/2025\/11\/19162905\/blog_clarel_header_oct25_PT-02-04-1024x327.png 1024w, https:\/\/blog-clarel.imgix.net\/uploads\/2025\/11\/19162905\/blog_clarel_header_oct25_PT-02-04-768x246.png 768w, https:\/\/blog-clarel.imgix.net\/uploads\/2025\/11\/19162905\/blog_clarel_header_oct25_PT-02-04-1536x491.png 1536w, https:\/\/blog-clarel.imgix.net\/uploads\/2025\/11\/19162905\/blog_clarel_header_oct25_PT-02-04-2048x655.png 2048w\" sizes=\"(max-width: 2560px) 100vw, 2560px\" \/>\t\t\t\t\t\t\t\t\t\t\t\t\t\t\t<\/div>\n\t\t\t\t<\/div>\n\t\t\t\t<\/div>\n\t\t<div class=\"elementor-element elementor-element-69246e9 e-con-full elementor-hidden-desktop e-flex e-con e-parent\" data-id=\"69246e9\" data-element_type=\"container\">\n\t\t<div class=\"elementor-element elementor-element-43d58e2 e-con-full e-flex e-con e-child\" data-id=\"43d58e2\" data-element_type=\"container\">\n\t\t\t\t<div class=\"elementor-element elementor-element-1ef8586 elementor-widget elementor-widget-image\" data-id=\"1ef8586\" data-element_type=\"widget\" data-widget_type=\"image.default\">\n\t\t\t\t<div class=\"elementor-widget-container\">\n\t\t\t\t\t\t\t\t\t\t\t\t\t\t\t<img decoding=\"async\" width=\"1250\" height=\"605\" src=\"https:\/\/blog-clarel.imgix.net\/uploads\/2025\/11\/19162907\/blog_clarel_header_oct25_PT-03.png\" class=\"attachment-full size-full wp-image-16823\" alt=\"\" srcset=\"https:\/\/blog-clarel.imgix.net\/uploads\/2025\/11\/19162907\/blog_clarel_header_oct25_PT-03.png 1250w, https:\/\/blog-clarel.imgix.net\/uploads\/2025\/11\/19162907\/blog_clarel_header_oct25_PT-03-300x145.png 300w, https:\/\/blog-clarel.imgix.net\/uploads\/2025\/11\/19162907\/blog_clarel_header_oct25_PT-03-1024x496.png 1024w, https:\/\/blog-clarel.imgix.net\/uploads\/2025\/11\/19162907\/blog_clarel_header_oct25_PT-03-768x372.png 768w\" sizes=\"(max-width: 1250px) 100vw, 1250px\" \/>\t\t\t\t\t\t\t\t\t\t\t\t\t\t\t<\/div>\n\t\t\t\t<\/div>\n\t\t\t\t<\/div>\n\t\t\t\t<\/div>\n\t\t<div class=\"elementor-element elementor-element-0ac3bfe e-flex e-con-boxed e-con e-parent\" data-id=\"0ac3bfe\" data-element_type=\"container\">\n\t\t\t\t\t<div class=\"e-con-inner\">\n\t\t\t\t<div class=\"elementor-element elementor-element-17291fc elementor-widget elementor-widget-text-editor\" data-id=\"17291fc\" data-element_type=\"widget\" data-widget_type=\"text-editor.default\">\n\t\t\t\t<div class=\"elementor-widget-container\">\n\t\t\t\t\t\t\t\t\t<div style=\"margin: auto;padding: 27px 0px;border: 0px;font-size: 14px;vertical-align: baseline;background: 50% center \/ cover no-repeat transparent;width: 1080px;max-width: 1080px;position: relative;color: #666666;font-family: Poppins, Helvetica, Arial, Lucida, sans-serif\"><div style=\"padding: 0px;border: 0px;vertical-align: baseline;background: 50% center \/ cover no-repeat transparent;float: left;position: relative;z-index: 2;min-height: 1px;width: 1080px;margin: 0px 0px !important 0px 0px\"><div style=\"margin: 0px;padding: 0px;border: 0px;font-size: 37px;vertical-align: baseline;background: 50% center \/ cover no-repeat transparent;position: relative;font-family: 'Gelica Light', Helvetica, Arial, Lucida, sans-serif;min-height: 22.8px;text-align: center;color: #f5a573 !important\"><div style=\"margin: 0px;padding: 0px;border: 0px;vertical-align: baseline;background: transparent;position: relative\"><p style=\"margin: 0px;padding: 0px;border: 0px;vertical-align: baseline;background: transparent\">\u00daltimas publica\u00e7\u00f5es<\/p><\/div><\/div><\/div><\/div>\t\t\t\t\t\t\t\t<\/div>\n\t\t\t\t<\/div>\n\t\t\t\t<div class=\"elementor-element elementor-element-24394ba elementor-widget elementor-widget-upk-post-accordion\" data-id=\"24394ba\" data-element_type=\"widget\" data-settings=\"{&quot;upk_link_new_tab&quot;:&quot;yes&quot;}\" data-widget_type=\"upk-post-accordion.default\">\n\t\t\t\t<div class=\"elementor-widget-container\">\n\t\t\t\t\t\t\t<div class=\"upk-accordion\">\n\t\t\t<div class=\"upk-accordion-wrapper upk-accordion-contentstyle-1 upk-accordion-style-1\">\n\n\t\t\t\t\n\t\t\t\t\t\n\t\t<div class=\"upk-accordion-item\">\n\t\t\t<div class=\"upk-accordion-item-box\">\n\n\t\t\t\t<div class=\"upk-accordion-image\">\n\t\t\t\t\t<img decoding=\"async\" width=\"800\" height=\"387\" src=\"https:\/\/blog-clarel.imgix.net\/uploads\/2025\/12\/05150110\/como-tener-el-pelo-perfecto-1024x495.jpg\" class=\"upk-img\" alt=\"Como conseguir um cabelo perfeito: o guia completo | Clarel\" srcset=\"https:\/\/blog-clarel.imgix.net\/uploads\/2025\/12\/05150110\/como-tener-el-pelo-perfecto-1024x495.jpg 1024w, https:\/\/blog-clarel.imgix.net\/uploads\/2025\/12\/05150110\/como-tener-el-pelo-perfecto-300x145.jpg 300w, https:\/\/blog-clarel.imgix.net\/uploads\/2025\/12\/05150110\/como-tener-el-pelo-perfecto-768x372.jpg 768w, https:\/\/blog-clarel.imgix.net\/uploads\/2025\/12\/05150110\/como-tener-el-pelo-perfecto-1536x743.jpg 1536w, https:\/\/blog-clarel.imgix.net\/uploads\/2025\/12\/05150110\/como-tener-el-pelo-perfecto.jpg 2032w\" sizes=\"(max-width: 800px) 100vw, 800px\" \/>\t\t\t\t<\/div>\n\t\t\t\t\n\t\t\t\t<div class=\"upk-accordion-content\">\n\t\t\t\t\t\t\t\t\t\t<h3 class=\"upk-title\"><a  data-hover=\"Como conseguir um cabelo perfeito: o guia completo | Clarel\" href=\"https:\/\/www.clarel.es\/blog\/pt-pt\/como-conseguir-um-cabelo-perfeito-o-guia-completo-clarel\/\" title=\"Como conseguir um cabelo perfeito: o guia completo | Clarel\" class=\"title-animation-\">Como conseguir um cabelo perfeito: o guia completo | Clarel<\/a><\/h3>\t\t\t\t\t\n\t\t\t\t\t\n\t\t\t\t<\/div>\n\n\t\t\t<\/div>\n\t\t<\/div>\n\n\t\n\t\t\t\t\n\t\t\t\t\t\n\t\t<div class=\"upk-accordion-item\">\n\t\t\t<div class=\"upk-accordion-item-box\">\n\n\t\t\t\t<div class=\"upk-accordion-image\">\n\t\t\t\t\t<img loading=\"lazy\" decoding=\"async\" width=\"800\" height=\"387\" src=\"https:\/\/blog-clarel.imgix.net\/uploads\/2026\/02\/05115632\/niacinamida-para-que-sirve-1024x495.jpg\" class=\"upk-img\" alt=\"Niacinamida na pele: para que serve?\" srcset=\"https:\/\/blog-clarel.imgix.net\/uploads\/2026\/02\/05115632\/niacinamida-para-que-sirve-1024x495.jpg 1024w, https:\/\/blog-clarel.imgix.net\/uploads\/2026\/02\/05115632\/niacinamida-para-que-sirve-300x145.jpg 300w, https:\/\/blog-clarel.imgix.net\/uploads\/2026\/02\/05115632\/niacinamida-para-que-sirve-768x372.jpg 768w, https:\/\/blog-clarel.imgix.net\/uploads\/2026\/02\/05115632\/niacinamida-para-que-sirve-1536x743.jpg 1536w, https:\/\/blog-clarel.imgix.net\/uploads\/2026\/02\/05115632\/niacinamida-para-que-sirve.jpg 2032w\" sizes=\"(max-width: 800px) 100vw, 800px\" \/>\t\t\t\t<\/div>\n\t\t\t\t\n\t\t\t\t<div class=\"upk-accordion-content\">\n\t\t\t\t\t\t\t\t\t\t<h3 class=\"upk-title\"><a  data-hover=\"Niacinamida na pele: para que serve?\" href=\"https:\/\/www.clarel.es\/blog\/pt-pt\/niacinamida-na-pele-para-que-serve\/\" title=\"Niacinamida na pele: para que serve?\" class=\"title-animation-\">Niacinamida na pele: para que serve?<\/a><\/h3>\t\t\t\t\t\n\t\t\t\t\t\n\t\t\t\t<\/div>\n\n\t\t\t<\/div>\n\t\t<\/div>\n\n\t\n\t\t\t\t\n\t\t\t\t\t\n\t\t<div class=\"upk-accordion-item\">\n\t\t\t<div class=\"upk-accordion-item-box\">\n\n\t\t\t\t<div class=\"upk-accordion-image\">\n\t\t\t\t\t<img loading=\"lazy\" decoding=\"async\" width=\"800\" height=\"387\" src=\"https:\/\/blog-clarel.imgix.net\/uploads\/2025\/12\/05113619\/hidratacion-capilar-1024x495.jpg\" class=\"upk-img\" alt=\"Como hidratar o cabelo seco: conselhos e tratamentos | Clarel\" srcset=\"https:\/\/blog-clarel.imgix.net\/uploads\/2025\/12\/05113619\/hidratacion-capilar-1024x495.jpg 1024w, https:\/\/blog-clarel.imgix.net\/uploads\/2025\/12\/05113619\/hidratacion-capilar-300x145.jpg 300w, https:\/\/blog-clarel.imgix.net\/uploads\/2025\/12\/05113619\/hidratacion-capilar-768x372.jpg 768w, https:\/\/blog-clarel.imgix.net\/uploads\/2025\/12\/05113619\/hidratacion-capilar-1536x743.jpg 1536w, https:\/\/blog-clarel.imgix.net\/uploads\/2025\/12\/05113619\/hidratacion-capilar.jpg 2032w\" sizes=\"(max-width: 800px) 100vw, 800px\" \/>\t\t\t\t<\/div>\n\t\t\t\t\n\t\t\t\t<div class=\"upk-accordion-content\">\n\t\t\t\t\t\t\t\t\t\t<h3 class=\"upk-title\"><a  data-hover=\"Como hidratar o cabelo seco: conselhos e tratamentos | Clarel\" href=\"https:\/\/www.clarel.es\/blog\/pt-pt\/como-hidratar-o-cabelo-seco-conselhos-e-tratamentos-clarel\/\" title=\"Como hidratar o cabelo seco: conselhos e tratamentos | Clarel\" class=\"title-animation-\">Como hidratar o cabelo seco: conselhos e tratamentos | Clarel<\/a><\/h3>\t\t\t\t\t\n\t\t\t\t\t\n\t\t\t\t<\/div>\n\n\t\t\t<\/div>\n\t\t<\/div>\n\n\t\n\t\t\t\t\n\t\t\t<\/div>\n\t\t<\/div>\n\n\t\t\t\t\t<div class=\"ep-pagination\">\n\t\t\t\t<ul class=\"upk-pagination\" data-widget-id=\"24394ba\" >\n<li class=\"upk-active\"><a href=\"https:\/\/www.clarel.es\/blog\/pt-pt\/wp-json\/wp\/v2\/pages\/16239\/\">1<\/a><\/li>\n<li><a href=\"https:\/\/www.clarel.es\/blog\/pt-pt\/wp-json\/wp\/v2\/pages\/16239\/page\/2\/\">2<\/a><\/li>\n<li><a href=\"https:\/\/www.clarel.es\/blog\/pt-pt\/wp-json\/wp\/v2\/pages\/16239\/page\/3\/\">3<\/a><\/li>\n<li class=\"upk-pagination-dot-dot\"><span>...<\/span><\/li>\n<li><a href=\"https:\/\/www.clarel.es\/blog\/pt-pt\/wp-json\/wp\/v2\/pages\/16239\/page\/19\/\">19<\/a><\/li>\n<li class=\"upk-pagination-next\"><a href=\"https:\/\/www.clarel.es\/blog\/pt-pt\/wp-json\/wp\/v2\/pages\/16239\/page\/2\/\"><span data-upk-pagination-next><i class=\"upk-icon-arrow-right-5\" aria-hidden=\"true\"><\/i><\/span><\/a><\/li>\n<\/ul>\n\t\t\t<\/div>\n\t\t\t\t<\/div>\n\t\t\t\t<\/div>\n\t\t<div class=\"elementor-element elementor-element-ff28172 e-con-full e-flex e-con e-child\" data-id=\"ff28172\" data-element_type=\"container\">\n\t\t\t\t<div class=\"elementor-element elementor-element-29fa6dd elementor-widget elementor-widget-text-editor\" data-id=\"29fa6dd\" data-element_type=\"widget\" data-widget_type=\"text-editor.default\">\n\t\t\t\t<div class=\"elementor-widget-container\">\n\t\t\t\t\t\t\t\t\t<div style=\"margin: auto;padding: 27px 0px;border: 0px;font-size: 14px;vertical-align: baseline;background: 50% center \/ cover no-repeat transparent;width: 1080px;max-width: 1080px;position: relative;color: #666666;font-family: Poppins, Helvetica, Arial, Lucida, sans-serif\"><div style=\"padding: 0px;border: 0px;vertical-align: baseline;background: 50% center \/ cover no-repeat transparent;float: left;position: relative;z-index: 2;min-height: 1px;width: 1080px;margin: 0px 0px !important 0px 0px\"><div style=\"margin: 0px;padding: 0px;border: 0px;font-size: 37px;vertical-align: baseline;background: 50% center \/ cover no-repeat transparent;position: relative;font-family: 'Gelica Light', Helvetica, Arial, Lucida, sans-serif;min-height: 22.8px;text-align: center;color: #f5a573 !important\"><div style=\"margin: 0px;padding: 0px;border: 0px;vertical-align: baseline;background: transparent;position: relative\"><div style=\"margin: auto;padding: 27px 0px;border: 0px;font-size: 14px;vertical-align: baseline;background: 50% center \/ cover no-repeat transparent;width: 1080px;max-width: 1080px;position: relative;color: #666666;font-family: Poppins, Helvetica, Arial, Lucida, sans-serif;text-align: start\"><div style=\"padding: 0px;border: 0px;vertical-align: baseline;background: 50% center \/ cover no-repeat transparent;float: left;position: relative;z-index: 2;min-height: 1px;width: 1080px;margin: 0px 0px !important 0px 0px\"><div style=\"margin: 0px;padding: 0px;border: 0px;font-size: 37px;vertical-align: baseline;background: 50% center \/ cover no-repeat transparent;position: relative;font-family: 'Gelica Light', Helvetica, Arial, Lucida, sans-serif;min-height: 22.8px;text-align: center;color: #f5a573 !important\"><div style=\"margin: 0px;padding: 0px;border: 0px;vertical-align: baseline;background: transparent;position: relative\"><p style=\"margin: 0px;padding: 0px;border: 0px;vertical-align: baseline;background: transparent\">O que est\u00e1s a procurar?<\/p><p style=\"margin: 0px;padding: 0px;border: 0px;vertical-align: baseline;background: transparent\"> <\/p><\/div><\/div><\/div><\/div><\/div><\/div><\/div><\/div>\t\t\t\t\t\t\t\t<\/div>\n\t\t\t\t<\/div>\n\t\t\t\t<div class=\"elementor-element elementor-element-4c46a65 elementor-widget elementor-widget-upk-post-category\" data-id=\"4c46a65\" data-element_type=\"widget\" data-widget_type=\"upk-post-category.default\">\n\t\t\t\t<div class=\"elementor-widget-container\">\n\t\t\t\t\t\t\t\t<div class=\"upk-post-category upk-category-style-2\">\n\t\t\t\t\n\t\t\t\t\t<a class=\"upk-category-item\" href=\"https:\/\/www.clarel.es\/blog\/pt-pt\/category\/cuidado-capilar\/\" style=\"background-color: #81152b\">\n\t\t\t\t\t\t<!-- display image  -->\n\t\t\t\t\t\t\t\t\t\t\t\t<div class=\"upk-content\">\n\t\t\t\t\t\t\t<span class=\"upk-category-name\">\n\t\t\t\t\t\t\t\tCuidado capilar\t\t\t\t\t\t\t<\/span>\n\n\t\t\t\t\t\t\t\n\t\t\t\t\t\t\t\n\t\t\t\t\t\t\t\t<span class=\"upk-category-count\">\n\t\t\t\t\t\t\t\t\t3\t\t\t\t\t\t\t\t<\/span>\n\t\t\t\t\t\t\t\t\t\t\t\t\t<\/div>\n\n\t\t\t\t\t\t\n\t\t\t\t\t<\/a>\n\t\t\t\t\t\n\t\t\t\t\t<a class=\"upk-category-item\" href=\"https:\/\/www.clarel.es\/blog\/pt-pt\/category\/cuidados-faciais\/\" style=\"background-color: #81152b\">\n\t\t\t\t\t\t<!-- display image  -->\n\t\t\t\t\t\t\t\t\t\t\t\t<div class=\"upk-content\">\n\t\t\t\t\t\t\t<span class=\"upk-category-name\">\n\t\t\t\t\t\t\t\tCuidados faciais\t\t\t\t\t\t\t<\/span>\n\n\t\t\t\t\t\t\t\n\t\t\t\t\t\t\t\n\t\t\t\t\t\t\t\t<span class=\"upk-category-count\">\n\t\t\t\t\t\t\t\t\t7\t\t\t\t\t\t\t\t<\/span>\n\t\t\t\t\t\t\t\t\t\t\t\t\t<\/div>\n\n\t\t\t\t\t\t\n\t\t\t\t\t<\/a>\n\t\t\t\t\t\n\t\t\t\t\t<a class=\"upk-category-item\" href=\"https:\/\/www.clarel.es\/blog\/pt-pt\/category\/dicas-de-maquilhagem\/\" style=\"background-color: #81152b\">\n\t\t\t\t\t\t<!-- display image  -->\n\t\t\t\t\t\t\t\t\t\t\t\t<div class=\"upk-content\">\n\t\t\t\t\t\t\t<span class=\"upk-category-name\">\n\t\t\t\t\t\t\t\tDicas de maquilhagem\t\t\t\t\t\t\t<\/span>\n\n\t\t\t\t\t\t\t\n\t\t\t\t\t\t\t\n\t\t\t\t\t\t\t\t<span class=\"upk-category-count\">\n\t\t\t\t\t\t\t\t\t9\t\t\t\t\t\t\t\t<\/span>\n\t\t\t\t\t\t\t\t\t\t\t\t\t<\/div>\n\n\t\t\t\t\t\t\n\t\t\t\t\t<\/a>\n\t\t\t\t\t\n\t\t\t\t\t<a class=\"upk-category-item\" href=\"https:\/\/www.clarel.es\/blog\/pt-pt\/category\/dicas-e-rotinas\/\" style=\"background-color: #81152b\">\n\t\t\t\t\t\t<!-- display image  -->\n\t\t\t\t\t\t\t\t\t\t\t\t<div class=\"upk-content\">\n\t\t\t\t\t\t\t<span class=\"upk-category-name\">\n\t\t\t\t\t\t\t\tDicas e rotinas\t\t\t\t\t\t\t<\/span>\n\n\t\t\t\t\t\t\t\n\t\t\t\t\t\t\t\n\t\t\t\t\t\t\t\t<span class=\"upk-category-count\">\n\t\t\t\t\t\t\t\t\t7\t\t\t\t\t\t\t\t<\/span>\n\t\t\t\t\t\t\t\t\t\t\t\t\t<\/div>\n\n\t\t\t\t\t\t\n\t\t\t\t\t<\/a>\n\t\t\t\t\t\n\t\t\t\t\t<a class=\"upk-category-item\" href=\"https:\/\/www.clarel.es\/blog\/pt-pt\/category\/saude-e-bem-estar\/\" style=\"background-color: #81152b\">\n\t\t\t\t\t\t<!-- display image  -->\n\t\t\t\t\t\t\t\t\t\t\t\t<div class=\"upk-content\">\n\t\t\t\t\t\t\t<span class=\"upk-category-name\">\n\t\t\t\t\t\t\t\tSa\u00fade e Bem-Estar\t\t\t\t\t\t\t<\/span>\n\n\t\t\t\t\t\t\t\n\t\t\t\t\t\t\t\n\t\t\t\t\t\t\t\t<span class=\"upk-category-count\">\n\t\t\t\t\t\t\t\t\t2\t\t\t\t\t\t\t\t<\/span>\n\t\t\t\t\t\t\t\t\t\t\t\t\t<\/div>\n\n\t\t\t\t\t\t\n\t\t\t\t\t<\/a>\n\t\t\t\t\t\n\t\t\t\t\t<a class=\"upk-category-item\" href=\"https:\/\/www.clarel.es\/blog\/pt-pt\/category\/sem-categoria\/\" style=\"background-color: #81152b\">\n\t\t\t\t\t\t<!-- display image  -->\n\t\t\t\t\t\t\t\t\t\t\t\t<div class=\"upk-content\">\n\t\t\t\t\t\t\t<span class=\"upk-category-name\">\n\t\t\t\t\t\t\t\tSem categoria\t\t\t\t\t\t\t<\/span>\n\n\t\t\t\t\t\t\t\n\t\t\t\t\t\t\t\n\t\t\t\t\t\t\t\t<span class=\"upk-category-count\">\n\t\t\t\t\t\t\t\t\t4\t\t\t\t\t\t\t\t<\/span>\n\t\t\t\t\t\t\t\t\t\t\t\t\t<\/div>\n\n\t\t\t\t\t\t\n\t\t\t\t\t<\/a>\n\t\t\t\t\t\t\t\t<\/div>\n\t\t\t\t\t\t\t<\/div>\n\t\t\t\t<\/div>\n\t\t\t\t<\/div>\n\t\t\t\t<div class=\"elementor-element elementor-element-cf3c855 elementor-widget elementor-widget-spacer\" data-id=\"cf3c855\" data-element_type=\"widget\" data-widget_type=\"spacer.default\">\n\t\t\t\t<div class=\"elementor-widget-container\">\n\t\t\t\t\t\t\t<div class=\"elementor-spacer\">\n\t\t\t<div class=\"elementor-spacer-inner\"><\/div>\n\t\t<\/div>\n\t\t\t\t\t\t<\/div>\n\t\t\t\t<\/div>\n\t\t\t\t\t<\/div>\n\t\t\t\t<\/div>\n\t\t\t\t<\/div>\n\t\t","protected":false},"excerpt":{"rendered":"<p>\u00daltimas publica\u00e7\u00f5es Trucos de limpieza: los mejores tips y consejos para tu hogar Pasos Cosm\u00e9tica Coreana La mejor cosm\u00e9tica coreana: Nuestros imprescindibles 1 2 3 &#8230; 19 O que est\u00e1s a procurar? Consejos de maquillaje 19 Cuidado cabello 15 Cuidado facial 42 Salud y Bienestar 24 Tendencias de belleza 21 Tips y rutinas 36<\/p>\n","protected":false},"author":5,"featured_media":0,"parent":0,"menu_order":0,"comment_status":"closed","ping_status":"closed","template":"elementor_header_footer","meta":{"footnotes":""},"class_list":["post-16239","page","type-page","status-publish","hentry"],"yoast_head":"<!-- This site is optimized with the Yoast SEO plugin v25.4 - https:\/\/yoast.com\/wordpress\/plugins\/seo\/ -->\n<title>Loja Clarel<\/title>\n<meta name=\"description\" content=\"Blog Clarel de tend\u00eancias em cosm\u00e9tica, beleza e cuidados pessoais. Descobre todas as novidades e produtos que podes encontrar na Clarel.\" \/>\n<meta name=\"robots\" content=\"index, follow, max-snippet:-1, max-image-preview:large, max-video-preview:-1\" \/>\n<link rel=\"canonical\" href=\"https:\/\/www.clarel.es\/blog\/\" \/>\n<meta property=\"og:locale\" content=\"pt_PT\" \/>\n<meta property=\"og:type\" content=\"article\" \/>\n<meta property=\"og:title\" content=\"Loja Clarel\" \/>\n<meta property=\"og:description\" content=\"Blog Clarel de tend\u00eancias em cosm\u00e9tica, beleza e cuidados pessoais. Descobre todas as novidades e produtos que podes encontrar na Clarel.\" \/>\n<meta property=\"og:url\" content=\"https:\/\/www.clarel.es\/blog\/\" \/>\n<meta property=\"og:site_name\" content=\"Clarel\" \/>\n<meta property=\"article:modified_time\" content=\"2025-11-19T16:30:25+00:00\" \/>\n<meta property=\"og:image\" content=\"https:\/\/www.clarel.es\/blog\/wp-content\/uploads\/2025\/11\/blog_clarel_header_oct25_PT-02-04-scaled.png\" \/>\n<meta name=\"twitter:card\" content=\"summary_large_image\" \/>\n<script type=\"application\/ld+json\" class=\"yoast-schema-graph\">{\"@context\":\"https:\/\/schema.org\",\"@graph\":[{\"@type\":\"WebPage\",\"@id\":\"https:\/\/www.clarel.es\/blog\/\",\"url\":\"https:\/\/www.clarel.es\/blog\/\",\"name\":\"Loja Clarel\",\"isPartOf\":{\"@id\":\"https:\/\/www.clarel.es\/blog\/#website\"},\"primaryImageOfPage\":{\"@id\":\"https:\/\/www.clarel.es\/blog\/#primaryimage\"},\"image\":{\"@id\":\"https:\/\/www.clarel.es\/blog\/#primaryimage\"},\"thumbnailUrl\":\"https:\/\/www.clarel.es\/blog\/wp-content\/uploads\/2025\/11\/blog_clarel_header_oct25_PT-02-04-scaled.png\",\"datePublished\":\"2022-12-14T16:42:30+00:00\",\"dateModified\":\"2025-11-19T16:30:25+00:00\",\"description\":\"Blog Clarel de tend\u00eancias em cosm\u00e9tica, beleza e cuidados pessoais. Descobre todas as novidades e produtos que podes encontrar na Clarel.\",\"breadcrumb\":{\"@id\":\"https:\/\/www.clarel.es\/blog\/#breadcrumb\"},\"inLanguage\":\"pt-PT\",\"potentialAction\":[{\"@type\":\"ReadAction\",\"target\":[\"https:\/\/www.clarel.es\/blog\/\"]}]},{\"@type\":\"ImageObject\",\"inLanguage\":\"pt-PT\",\"@id\":\"https:\/\/www.clarel.es\/blog\/#primaryimage\",\"url\":\"https:\/\/www.clarel.es\/blog\/wp-content\/uploads\/2025\/11\/blog_clarel_header_oct25_PT-02-04-scaled.png\",\"contentUrl\":\"https:\/\/www.clarel.es\/blog\/wp-content\/uploads\/2025\/11\/blog_clarel_header_oct25_PT-02-04-scaled.png\"},{\"@type\":\"BreadcrumbList\",\"@id\":\"https:\/\/www.clarel.es\/blog\/#breadcrumb\",\"itemListElement\":[{\"@type\":\"ListItem\",\"position\":1,\"name\":\"Portada\",\"item\":\"https:\/\/www.clarel.es\/blog\/\"},{\"@type\":\"ListItem\",\"position\":2,\"name\":\"Blog Clarel\"}]},{\"@type\":\"WebSite\",\"@id\":\"https:\/\/www.clarel.es\/blog\/#website\",\"url\":\"https:\/\/www.clarel.es\/blog\/\",\"name\":\"Clarel\",\"description\":\"Tienda Online de perfumeria, cosmetica, maquillaje y hogar.\",\"publisher\":{\"@id\":\"https:\/\/www.clarel.es\/blog\/#organization\"},\"potentialAction\":[{\"@type\":\"SearchAction\",\"target\":{\"@type\":\"EntryPoint\",\"urlTemplate\":\"https:\/\/www.clarel.es\/blog\/?s={search_term_string}\"},\"query-input\":{\"@type\":\"PropertyValueSpecification\",\"valueRequired\":true,\"valueName\":\"search_term_string\"}}],\"inLanguage\":\"pt-PT\"},{\"@type\":\"Organization\",\"@id\":\"https:\/\/www.clarel.es\/blog\/#organization\",\"name\":\"Clarel\",\"url\":\"https:\/\/www.clarel.es\/blog\/\",\"logo\":{\"@type\":\"ImageObject\",\"inLanguage\":\"pt-PT\",\"@id\":\"https:\/\/www.clarel.es\/blog\/#\/schema\/logo\/image\/\",\"url\":\"https:\/\/clarel-test.ezenit.link\/blog\/wp-content\/uploads\/2022\/08\/logo_clarel.png\",\"contentUrl\":\"https:\/\/clarel-test.ezenit.link\/blog\/wp-content\/uploads\/2022\/08\/logo_clarel.png\",\"width\":432,\"height\":101,\"caption\":\"Clarel\"},\"image\":{\"@id\":\"https:\/\/www.clarel.es\/blog\/#\/schema\/logo\/image\/\"}}]}<\/script>\n<!-- \/ Yoast SEO plugin. -->","yoast_head_json":{"title":"Loja Clarel","description":"Blog Clarel de tend\u00eancias em cosm\u00e9tica, beleza e cuidados pessoais. Descobre todas as novidades e produtos que podes encontrar na Clarel.","robots":{"index":"index","follow":"follow","max-snippet":"max-snippet:-1","max-image-preview":"max-image-preview:large","max-video-preview":"max-video-preview:-1"},"canonical":"https:\/\/www.clarel.es\/blog\/","og_locale":"pt_PT","og_type":"article","og_title":"Loja Clarel","og_description":"Blog Clarel de tend\u00eancias em cosm\u00e9tica, beleza e cuidados pessoais. Descobre todas as novidades e produtos que podes encontrar na Clarel.","og_url":"https:\/\/www.clarel.es\/blog\/","og_site_name":"Clarel","article_modified_time":"2025-11-19T16:30:25+00:00","og_image":[{"url":"https:\/\/www.clarel.es\/blog\/wp-content\/uploads\/2025\/11\/blog_clarel_header_oct25_PT-02-04-scaled.png","type":"","width":"","height":""}],"twitter_card":"summary_large_image","schema":{"@context":"https:\/\/schema.org","@graph":[{"@type":"WebPage","@id":"https:\/\/www.clarel.es\/blog\/","url":"https:\/\/www.clarel.es\/blog\/","name":"Loja Clarel","isPartOf":{"@id":"https:\/\/www.clarel.es\/blog\/#website"},"primaryImageOfPage":{"@id":"https:\/\/www.clarel.es\/blog\/#primaryimage"},"image":{"@id":"https:\/\/www.clarel.es\/blog\/#primaryimage"},"thumbnailUrl":"https:\/\/www.clarel.es\/blog\/wp-content\/uploads\/2025\/11\/blog_clarel_header_oct25_PT-02-04-scaled.png","datePublished":"2022-12-14T16:42:30+00:00","dateModified":"2025-11-19T16:30:25+00:00","description":"Blog Clarel de tend\u00eancias em cosm\u00e9tica, beleza e cuidados pessoais. Descobre todas as novidades e produtos que podes encontrar na Clarel.","breadcrumb":{"@id":"https:\/\/www.clarel.es\/blog\/#breadcrumb"},"inLanguage":"pt-PT","potentialAction":[{"@type":"ReadAction","target":["https:\/\/www.clarel.es\/blog\/"]}]},{"@type":"ImageObject","inLanguage":"pt-PT","@id":"https:\/\/www.clarel.es\/blog\/#primaryimage","url":"https:\/\/www.clarel.es\/blog\/wp-content\/uploads\/2025\/11\/blog_clarel_header_oct25_PT-02-04-scaled.png","contentUrl":"https:\/\/www.clarel.es\/blog\/wp-content\/uploads\/2025\/11\/blog_clarel_header_oct25_PT-02-04-scaled.png"},{"@type":"BreadcrumbList","@id":"https:\/\/www.clarel.es\/blog\/#breadcrumb","itemListElement":[{"@type":"ListItem","position":1,"name":"Portada","item":"https:\/\/www.clarel.es\/blog\/"},{"@type":"ListItem","position":2,"name":"Blog Clarel"}]},{"@type":"WebSite","@id":"https:\/\/www.clarel.es\/blog\/#website","url":"https:\/\/www.clarel.es\/blog\/","name":"Clarel","description":"Tienda Online de perfumeria, cosmetica, maquillaje y hogar.","publisher":{"@id":"https:\/\/www.clarel.es\/blog\/#organization"},"potentialAction":[{"@type":"SearchAction","target":{"@type":"EntryPoint","urlTemplate":"https:\/\/www.clarel.es\/blog\/?s={search_term_string}"},"query-input":{"@type":"PropertyValueSpecification","valueRequired":true,"valueName":"search_term_string"}}],"inLanguage":"pt-PT"},{"@type":"Organization","@id":"https:\/\/www.clarel.es\/blog\/#organization","name":"Clarel","url":"https:\/\/www.clarel.es\/blog\/","logo":{"@type":"ImageObject","inLanguage":"pt-PT","@id":"https:\/\/www.clarel.es\/blog\/#\/schema\/logo\/image\/","url":"https:\/\/clarel-test.ezenit.link\/blog\/wp-content\/uploads\/2022\/08\/logo_clarel.png","contentUrl":"https:\/\/clarel-test.ezenit.link\/blog\/wp-content\/uploads\/2022\/08\/logo_clarel.png","width":432,"height":101,"caption":"Clarel"},"image":{"@id":"https:\/\/www.clarel.es\/blog\/#\/schema\/logo\/image\/"}}]}},"_links":{"self":[{"href":"https:\/\/www.clarel.es\/blog\/pt-pt\/wp-json\/wp\/v2\/pages\/16239","targetHints":{"allow":["GET"]}}],"collection":[{"href":"https:\/\/www.clarel.es\/blog\/pt-pt\/wp-json\/wp\/v2\/pages"}],"about":[{"href":"https:\/\/www.clarel.es\/blog\/pt-pt\/wp-json\/wp\/v2\/types\/page"}],"author":[{"embeddable":true,"href":"https:\/\/www.clarel.es\/blog\/pt-pt\/wp-json\/wp\/v2\/users\/5"}],"replies":[{"embeddable":true,"href":"https:\/\/www.clarel.es\/blog\/pt-pt\/wp-json\/wp\/v2\/comments?post=16239"}],"version-history":[{"count":4,"href":"https:\/\/www.clarel.es\/blog\/pt-pt\/wp-json\/wp\/v2\/pages\/16239\/revisions"}],"predecessor-version":[{"id":16826,"href":"https:\/\/www.clarel.es\/blog\/pt-pt\/wp-json\/wp\/v2\/pages\/16239\/revisions\/16826"}],"wp:attachment":[{"href":"https:\/\/www.clarel.es\/blog\/pt-pt\/wp-json\/wp\/v2\/media?parent=16239"}],"curies":[{"name":"wp","href":"https:\/\/api.w.org\/{rel}","templated":true}]}}