{"id":16198,"date":"2023-04-03T15:37:58","date_gmt":"2023-04-03T15:37:58","guid":{"rendered":"https:\/\/clarel-test.ezenit.link\/blog\/quem-somos\/"},"modified":"2025-10-07T10:57:16","modified_gmt":"2025-10-07T10:57:16","slug":"quem-somos","status":"publish","type":"page","link":"https:\/\/www.clarel.es\/blog\/pt-pt\/quem-somos\/","title":{"rendered":"Quem somos"},"content":{"rendered":"\t\t<div data-elementor-type=\"wp-page\" data-elementor-id=\"16198\" class=\"elementor elementor-16198 elementor-4739\" data-elementor-post-type=\"page\">\n\t\t\t\t<div class=\"elementor-element elementor-element-53027c07 e-con-full e-flex e-con e-parent\" data-id=\"53027c07\" data-element_type=\"container\">\n\t\t\t\t<div class=\"elementor-element elementor-element-0786c02 elementor-hidden-tablet elementor-hidden-mobile elementor-widget elementor-widget-image\" data-id=\"0786c02\" data-element_type=\"widget\" data-widget_type=\"image.default\">\n\t\t\t\t<div class=\"elementor-widget-container\">\n\t\t\t\t\t\t\t\t\t\t\t\t\t\t\t<img decoding=\"async\" src=\"https:\/\/blog-clarel.imgix.net\/2025\/07\/header_qs_25-scaled.jpg?auto=format%2Ccompress&amp;fit=crop&amp;h=541&amp;ixlib=php-3.3.0&amp;w=2048\" title=\"\" alt=\"\" loading=\"lazy\" \/>\t\t\t\t\t\t\t\t\t\t\t\t\t\t\t<\/div>\n\t\t\t\t<\/div>\n\t\t\t\t<div class=\"elementor-element elementor-element-cab5fef elementor-hidden-desktop elementor-widget__width-inherit elementor-widget elementor-widget-image\" data-id=\"cab5fef\" data-element_type=\"widget\" data-widget_type=\"image.default\">\n\t\t\t\t<div class=\"elementor-widget-container\">\n\t\t\t\t\t\t\t\t\t\t\t\t\t\t\t<img decoding=\"async\" src=\"https:\/\/blog-clarel.imgix.net\/2025\/07\/header_qs_25_mo.png?auto=format%2Ccompress&amp;fit=crop&amp;h=376&amp;ixlib=php-3.3.0&amp;w=980\" title=\"\" alt=\"\" loading=\"lazy\" \/>\t\t\t\t\t\t\t\t\t\t\t\t\t\t\t<\/div>\n\t\t\t\t<\/div>\n\t\t\t\t<\/div>\n\t\t<div class=\"elementor-element elementor-element-485bcb7 e-flex e-con-boxed e-con e-parent\" data-id=\"485bcb7\" data-element_type=\"container\">\n\t\t\t\t\t<div class=\"e-con-inner\">\n\t\t<div class=\"elementor-element elementor-element-434bf81 e-con-full e-flex e-con e-child\" data-id=\"434bf81\" data-element_type=\"container\">\n\t\t\t\t<div class=\"elementor-element elementor-element-e5a902b elementor-widget elementor-widget-image\" data-id=\"e5a902b\" data-element_type=\"widget\" data-widget_type=\"image.default\">\n\t\t\t\t<div class=\"elementor-widget-container\">\n\t\t\t\t\t\t\t\t\t\t\t\t\t\t\t<img decoding=\"async\" src=\"https:\/\/blog-clarel.imgix.net\/2025\/07\/logo_clarel_qs_pc.png?auto=format%2Ccompress&amp;fit=crop&amp;h=120&amp;ixlib=php-3.3.0&amp;w=2048\" title=\"\" alt=\"\" loading=\"lazy\" \/>\t\t\t\t\t\t\t\t\t\t\t\t\t\t\t<\/div>\n\t\t\t\t<\/div>\n\t\t\t\t<\/div>\n\t\t\t\t<div class=\"elementor-element elementor-element-bf12963 elementor-widget elementor-widget-text-editor\" data-id=\"bf12963\" data-element_type=\"widget\" data-widget_type=\"text-editor.default\">\n\t\t\t\t<div class=\"elementor-widget-container\">\n\t\t\t\t\t\t\t\t\t<p style=\"text-align: left\">A Clarel nasceu em 2013 ap\u00f3s a compra do neg\u00f3cio em Espanha e Portugal da empresa alem\u00e3 Schlecker por parte do Dia.<\/p><p style=\"text-align: left\">Ap\u00f3s a aquisi\u00e7\u00e3o, renome\u00e1mos e redecor\u00e1mos com a voca\u00e7\u00e3o de nos tornarmos numa ins\u00edgnia especialista de refer\u00eancia nas categorias de beleza, lar, higiene e cuidado, destacando-nos pela qualidade, variedade e pre\u00e7o dos nossos produtos e marcas.<\/p><p style=\"text-align: left\">O nosso nome Clarel e o nosso log\u00f3tipo (uma gota com um sorriso no seu interior) re\u00fanem a ideia de otimismo, proximidade e limpeza que a marca representa.<\/p><p style=\"text-align: left\">Atualmente contamos com mais de 1000 lojas pr\u00f3prias em toda a Espanha e com equipas de mais de 3500 pessoas.<\/p>\t\t\t\t\t\t\t\t<\/div>\n\t\t\t\t<\/div>\n\t\t\t\t\t<\/div>\n\t\t\t\t<\/div>\n\t\t<div class=\"elementor-element elementor-element-6add0e5 e-flex e-con-boxed e-con e-parent\" data-id=\"6add0e5\" data-element_type=\"container\">\n\t\t\t\t\t<div class=\"e-con-inner\">\n\t\t<div class=\"elementor-element elementor-element-2c456ee e-con-full e-flex e-con e-child\" data-id=\"2c456ee\" data-element_type=\"container\">\n\t\t\t\t<div class=\"elementor-element elementor-element-d6542f3 elementor-widget elementor-widget-text-editor\" data-id=\"d6542f3\" data-element_type=\"widget\" data-widget_type=\"text-editor.default\">\n\t\t\t\t<div class=\"elementor-widget-container\">\n\t\t\t\t\t\t\t\t\t<div style=\"font-family: 'Poppins', sans-serif;font-size: 17px;line-height: 1.6;color: #2d2d2d\">\n<h2 style=\"font-family: 'Gelica', serif;color: #f37b30;font-weight: 600;font-size: 24px\">Quem somos?<\/h2>\nA Clarel \u00e9 especialista em <strong>beleza<\/strong>, <strong>cuidado pessoal <\/strong>e <strong>bem-estar<\/strong> do dia a dia.\n\nSomos esa compa\u00f1era amiga experta que te ayuda a cuidarte mejor todos los d\u00edas, para descubrirte lo m\u00e1s importante, <strong>ser t\u00fa mismo<\/strong>.\n\nSomos a resposta especializada e pr\u00f3xima que qualquer pessoa pode encontrar sempre que necessitar.\n\nTornamos especial aquilo que consideras quotidiano, porque acreditamos na verdadeira beleza das rotinas, aquelas que te fazem sentir bem, porque cada dia pode ser maravilhoso e as suas rotinas tamb\u00e9m.\n<p style=\"color: #f37b30;font-weight: 600\">#BenditaRutina<\/p>\n\n<\/div>\t\t\t\t\t\t\t\t<\/div>\n\t\t\t\t<\/div>\n\t\t\t\t<\/div>\n\t\t<div class=\"elementor-element elementor-element-6afbb85 e-con-full e-flex e-con e-child\" data-id=\"6afbb85\" data-element_type=\"container\">\n\t\t\t\t<div class=\"elementor-element elementor-element-6e91f68 elementor-widget elementor-widget-image\" data-id=\"6e91f68\" data-element_type=\"widget\" data-widget_type=\"image.default\">\n\t\t\t\t<div class=\"elementor-widget-container\">\n\t\t\t\t\t\t\t\t\t\t\t\t\t\t\t<img decoding=\"async\" src=\"https:\/\/blog-clarel.imgix.net\/2023\/07\/bendita_rutina_02.jpg?auto=format%2Ccompress&amp;ixlib=php-3.3.0&amp;w=900\" title=\"\" alt=\"\" loading=\"lazy\" \/>\t\t\t\t\t\t\t\t\t\t\t\t\t\t\t<\/div>\n\t\t\t\t<\/div>\n\t\t\t\t<\/div>\n\t\t\t\t\t<\/div>\n\t\t\t\t<\/div>\n\t\t<div class=\"elementor-element elementor-element-48e7f18 e-flex e-con-boxed e-con e-parent\" data-id=\"48e7f18\" data-element_type=\"container\">\n\t\t\t\t\t<div class=\"e-con-inner\">\n\t\t<div class=\"elementor-element elementor-element-5689e2b e-grid e-con-full e-con e-child\" data-id=\"5689e2b\" data-element_type=\"container\">\n\t\t\t\t<div class=\"elementor-element elementor-element-425cad8 elementor-widget elementor-widget-image\" data-id=\"425cad8\" data-element_type=\"widget\" data-widget_type=\"image.default\">\n\t\t\t\t<div class=\"elementor-widget-container\">\n\t\t\t\t\t\t\t\t\t\t\t\t\t\t\t<img decoding=\"async\" src=\"https:\/\/blog-clarel.imgix.net\/2022\/10\/pruebas_producto_clarel_senses.jpg?auto=format%2Ccompress&amp;ixlib=php-3.3.0&amp;w=1000\" title=\"\" alt=\"\" loading=\"lazy\" \/>\t\t\t\t\t\t\t\t\t\t\t\t\t\t\t<\/div>\n\t\t\t\t<\/div>\n\t\t\t\t<div class=\"elementor-element elementor-element-ee2f4ec elementor-widget elementor-widget-text-editor\" data-id=\"ee2f4ec\" data-element_type=\"widget\" data-widget_type=\"text-editor.default\">\n\t\t\t\t<div class=\"elementor-widget-container\">\n\t\t\t\t\t\t\t\t\t<div style=\"font-family: 'Poppins', sans-serif;font-size: 16px;line-height: 1.6;color: #2d2d2d\"><h2 style=\"font-family: 'Gelica', serif;color: #f37b30;font-weight: 600;font-size: 24px\">O que queremos?<\/h2><p>Queremos que encontres todos os dias aqueles momentos que te fazem sentir bem, n\u00e3o importa se \u00e9 segunda-feira ou s\u00e1bado.<\/p><p>Porque o que \u00e9 verdadeiramente belo na vida pode encontrar-se nas pequenas rotinas, mostramos-te como cultivar a beleza do quotidiano para teres a oportunidade de desfrutar de um momento agrad\u00e1vel todos os dias.<\/p><p>Estamos aqui, agora e sempre contigo, oferecendo o melhor de n\u00f3s.<\/p><p>Acreditamos na beleza de um lar perfeitamente imperfeito. Numa pele que fala da passagem do tempo. Em cuidar mais para amar melhor.  <\/p><p>Acreditamos no poder desses pequenos rituais de cuidado, nessas pequenas rotinas capazes de dar um novo significado ao teu dia.<\/p><\/div>\t\t\t\t\t\t\t\t<\/div>\n\t\t\t\t<\/div>\n\t\t\t\t<\/div>\n\t\t\t\t\t<\/div>\n\t\t\t\t<\/div>\n\t\t<div class=\"elementor-element elementor-element-af3c742 e-flex e-con-boxed e-con e-parent\" data-id=\"af3c742\" data-element_type=\"container\">\n\t\t\t\t\t<div class=\"e-con-inner\">\n\t\t\t\t<div class=\"elementor-element elementor-element-95d4816 elementor-widget elementor-widget-text-editor\" data-id=\"95d4816\" data-element_type=\"widget\" data-widget_type=\"text-editor.default\">\n\t\t\t\t<div class=\"elementor-widget-container\">\n\t\t\t\t\t\t\t\t\t<div class=\"et_pb_module et_pb_text et_pb_text_2 et_pb_text_align_left et_pb_bg_layout_light\" style=\"margin: 0px;padding: 0px;border: 0px;font-size: 14px;vertical-align: baseline;background: 50% center \/ cover no-repeat #ffffff;position: relative;font-family: Poppins, Helvetica, Arial, Lucida, sans-serif;text-align: left;color: #666666;font-style: normal;font-weight: 500;letter-spacing: normal;text-indent: 0px;text-transform: none\"><div class=\"et_pb_text_inner\" style=\"margin: 0px;padding: 0px;border: 0px;font-size: 14px;vertical-align: baseline;background: transparent;position: relative\"><span style=\"background-color: transparent;color: #ef7a50;font-family: 'Gelica Light', Helvetica, Arial, Lucida, sans-serif;font-size: 26px;font-weight: 600;text-align: justify\">Prop\u00f3sito | O que e para que trabalhamos?<\/span><\/div><\/div>\t\t\t\t\t\t\t\t<\/div>\n\t\t\t\t<\/div>\n\t\t\t\t<div class=\"elementor-element elementor-element-5617a1e elementor-widget elementor-widget-text-editor\" data-id=\"5617a1e\" data-element_type=\"widget\" data-widget_type=\"text-editor.default\">\n\t\t\t\t<div class=\"elementor-widget-container\">\n\t\t\t\t\t\t\t\t\t<div class=\"et_pb_module et_pb_text et_pb_text_2 et_pb_text_align_left et_pb_bg_layout_light\" style=\"margin: 0px;padding: 0px;border: 0px;font-size: 14px;vertical-align: baseline;background: 50% center \/ cover no-repeat #ffffff;position: relative;font-family: Poppins, Helvetica, Arial, Lucida, sans-serif;text-align: left;color: #666666;font-style: normal;font-weight: 500;letter-spacing: normal;text-indent: 0px;text-transform: none\"><div class=\"et_pb_text_inner\" style=\"margin: 0px;padding: 0px;border: 0px;font-size: 14px;vertical-align: baseline;background: transparent;position: relative\"><span style=\"background-color: transparent;color: #800000;font-family: 'Gelica Light', Helvetica, Arial, Lucida, sans-serif;font-size: 21px;font-weight: bold;text-align: justify\">Trabalhamos para aproximar o cuidado pessoal e do lar, tornando especial o bem-estar e a beleza do quotidiano.<\/span><\/div><\/div>\t\t\t\t\t\t\t\t<\/div>\n\t\t\t\t<\/div>\n\t\t\t\t<div class=\"elementor-element elementor-element-3272dde elementor-widget elementor-widget-text-editor\" data-id=\"3272dde\" data-element_type=\"widget\" data-widget_type=\"text-editor.default\">\n\t\t\t\t<div class=\"elementor-widget-container\">\n\t\t\t\t\t\t\t\t\t<p>Os nossos produtos ajudam os nossos clientes a sentirem-se melhor consigo pr\u00f3prios. A ganhar autoestima ou simplesmente a resolver uma necessidade b\u00e1sica di\u00e1ria. <\/p><p>Por isso, enquanto organiza\u00e7\u00e3o, esfor\u00e7amo-nos por contribuir para a constru\u00e7\u00e3o de uma sociedade mais feliz, mais saud\u00e1vel e mais plena. Esta \u00e9 a nossa miss\u00e3o: proporcionar beleza e bem-estar em cada momento, fazendo com que cada dia conte. <\/p>\t\t\t\t\t\t\t\t<\/div>\n\t\t\t\t<\/div>\n\t\t\t\t<div class=\"elementor-element elementor-element-1723bcb elementor-widget elementor-widget-text-editor\" data-id=\"1723bcb\" data-element_type=\"widget\" data-widget_type=\"text-editor.default\">\n\t\t\t\t<div class=\"elementor-widget-container\">\n\t\t\t\t\t\t\t\t\t<div class=\"et_pb_module et_pb_text et_pb_text_2 et_pb_text_align_left et_pb_bg_layout_light\" style=\"margin: 0px;padding: 0px;border: 0px;font-size: 14px;vertical-align: baseline;background: 50% center \/ cover no-repeat #ffffff;position: relative;font-family: Poppins, Helvetica, Arial, Lucida, sans-serif;text-align: left;color: #666666;font-style: normal;font-weight: 500;letter-spacing: normal;text-indent: 0px;text-transform: none\"><div class=\"et_pb_text_inner\" style=\"margin: 0px;padding: 0px;border: 0px;font-size: 14px;vertical-align: baseline;background: transparent;position: relative\"><h2 style=\"margin: 0px;padding: 0px 0px 10px;border: 0px;font-size: 26px;vertical-align: baseline;background-image: initial;background-position: initial;background-size: initial;background-repeat: initial;background-attachment: initial;line-height: 1em;font-weight: 600;font-family: 'Gelica Light', Helvetica, Arial, Lucida, sans-serif;text-align: justify;color: #ef7a50 !important\"><span style=\"margin: 0px;padding: 0px;border: 0px;vertical-align: baseline;background: transparent\">Conhece os nossos valores<\/span><\/h2><\/div><\/div>\t\t\t\t\t\t\t\t<\/div>\n\t\t\t\t<\/div>\n\t\t\t\t<div class=\"elementor-element elementor-element-403aa8f elementor-widget elementor-widget-text-editor\" data-id=\"403aa8f\" data-element_type=\"widget\" data-widget_type=\"text-editor.default\">\n\t\t\t\t<div class=\"elementor-widget-container\">\n\t\t\t\t\t\t\t\t\t<p>Somos \u00fanicos em muitos sentidos\u2026 S\u00e3o os nossos valores que nos diferenciam das restantes organiza\u00e7\u00f5es, representam a nossa \u00e9tica de trabalho e o nosso selo de garantia. Reflexo fiel disso s\u00e3o os nossos comportamentos di\u00e1rios nas lojas, armaz\u00e9ns e escrit\u00f3rios. <\/p>\t\t\t\t\t\t\t\t<\/div>\n\t\t\t\t<\/div>\n\t\t\t\t\t<\/div>\n\t\t\t\t<\/div>\n\t\t<div class=\"elementor-element elementor-element-b1e3bc0 e-grid e-con-boxed e-con e-parent\" data-id=\"b1e3bc0\" data-element_type=\"container\">\n\t\t\t\t\t<div class=\"e-con-inner\">\n\t\t\t\t<div class=\"elementor-element elementor-element-06d36b0 elementor-widget elementor-widget-image\" data-id=\"06d36b0\" data-element_type=\"widget\" data-widget_type=\"image.default\">\n\t\t\t\t<div class=\"elementor-widget-container\">\n\t\t\t\t\t\t\t\t\t\t\t\t\t\t\t<img decoding=\"async\" src=\"https:\/\/blog-clarel.imgix.net\/2024\/04\/BLOG-SERVICIOS.png?auto=format%2Ccompress&amp;ixlib=php-3.3.0&amp;w=1300\" title=\"\" alt=\"\" loading=\"lazy\" \/>\t\t\t\t\t\t\t\t\t\t\t\t\t\t\t<\/div>\n\t\t\t\t<\/div>\n\t\t\t\t\t<\/div>\n\t\t\t\t<\/div>\n\t\t\t\t<\/div>\n\t\t","protected":false},"excerpt":{"rendered":"<p>A Clarel nasceu em 2013 ap\u00f3s a compra do neg\u00f3cio em Espanha e Portugal da empresa alem\u00e3 Schlecker por parte do Dia. Ap\u00f3s a aquisi\u00e7\u00e3o, renome\u00e1mos e redecor\u00e1mos com a voca\u00e7\u00e3o de nos tornarmos numa ins\u00edgnia especialista de refer\u00eancia nas categorias de beleza, lar, higiene e cuidado, destacando-nos pela qualidade, variedade e pre\u00e7o dos nossos [&hellip;]<\/p>\n","protected":false},"author":3,"featured_media":0,"parent":0,"menu_order":0,"comment_status":"closed","ping_status":"closed","template":"elementor_header_footer","meta":{"footnotes":""},"class_list":["post-16198","page","type-page","status-publish","hentry"],"yoast_head":"<!-- This site is optimized with the Yoast SEO plugin v25.4 - https:\/\/yoast.com\/wordpress\/plugins\/seo\/ -->\n<title>Quem somos - Tienda Oline Clarel<\/title>\n<meta name=\"description\" content=\"Clarel es mas que una tienda de cosmetica, maquillaje y cuidado personal. Clarel es cercania, compromiso con el futuro. Conoce mas de cerca a Clarel.\" \/>\n<meta name=\"robots\" content=\"index, follow, max-snippet:-1, max-image-preview:large, max-video-preview:-1\" \/>\n<link rel=\"canonical\" href=\"https:\/\/www.clarel.es\/blog\/pt-pt\/quem-somos\/\" \/>\n<meta property=\"og:locale\" content=\"pt_PT\" \/>\n<meta property=\"og:type\" content=\"article\" \/>\n<meta property=\"og:title\" content=\"Quem somos - Tienda Oline Clarel\" \/>\n<meta property=\"og:description\" content=\"Clarel es mas que una tienda de cosmetica, maquillaje y cuidado personal. Clarel es cercania, compromiso con el futuro. Conoce mas de cerca a Clarel.\" \/>\n<meta property=\"og:url\" content=\"https:\/\/www.clarel.es\/blog\/pt-pt\/quem-somos\/\" \/>\n<meta property=\"og:site_name\" content=\"Clarel\" \/>\n<meta property=\"article:modified_time\" content=\"2025-10-07T10:57:16+00:00\" \/>\n<meta property=\"og:image\" content=\"https:\/\/blog-clarel.imgix.net\/2025\/07\/header_qs_25-scaled.jpg?auto=format%2Ccompress&amp;fit=crop&amp;h=541&amp;ixlib=php-3.3.0&amp;w=2048\" \/>\n<meta name=\"twitter:card\" content=\"summary_large_image\" \/>\n<script type=\"application\/ld+json\" class=\"yoast-schema-graph\">{\"@context\":\"https:\/\/schema.org\",\"@graph\":[{\"@type\":\"WebPage\",\"@id\":\"https:\/\/www.clarel.es\/blog\/pt-pt\/quem-somos\/\",\"url\":\"https:\/\/www.clarel.es\/blog\/pt-pt\/quem-somos\/\",\"name\":\"Quem somos - Tienda Oline Clarel\",\"isPartOf\":{\"@id\":\"https:\/\/www.clarel.es\/blog\/#website\"},\"primaryImageOfPage\":{\"@id\":\"https:\/\/www.clarel.es\/blog\/pt-pt\/quem-somos\/#primaryimage\"},\"image\":{\"@id\":\"https:\/\/www.clarel.es\/blog\/pt-pt\/quem-somos\/#primaryimage\"},\"thumbnailUrl\":\"https:\/\/blog-clarel.imgix.net\/2025\/07\/header_qs_25-scaled.jpg?auto=format%2Ccompress&amp;fit=crop&amp;h=541&amp;ixlib=php-3.3.0&amp;w=2048\",\"datePublished\":\"2023-04-03T15:37:58+00:00\",\"dateModified\":\"2025-10-07T10:57:16+00:00\",\"description\":\"Clarel es mas que una tienda de cosmetica, maquillaje y cuidado personal. Clarel es cercania, compromiso con el futuro. Conoce mas de cerca a Clarel.\",\"breadcrumb\":{\"@id\":\"https:\/\/www.clarel.es\/blog\/pt-pt\/quem-somos\/#breadcrumb\"},\"inLanguage\":\"pt-PT\",\"potentialAction\":[{\"@type\":\"ReadAction\",\"target\":[\"https:\/\/www.clarel.es\/blog\/pt-pt\/quem-somos\/\"]}]},{\"@type\":\"ImageObject\",\"inLanguage\":\"pt-PT\",\"@id\":\"https:\/\/www.clarel.es\/blog\/pt-pt\/quem-somos\/#primaryimage\",\"url\":\"https:\/\/blog-clarel.imgix.net\/2025\/07\/header_qs_25-scaled.jpg?auto=format%2Ccompress&amp;fit=crop&amp;h=541&amp;ixlib=php-3.3.0&amp;w=2048\",\"contentUrl\":\"https:\/\/blog-clarel.imgix.net\/2025\/07\/header_qs_25-scaled.jpg?auto=format%2Ccompress&amp;fit=crop&amp;h=541&amp;ixlib=php-3.3.0&amp;w=2048\"},{\"@type\":\"BreadcrumbList\",\"@id\":\"https:\/\/www.clarel.es\/blog\/pt-pt\/quem-somos\/#breadcrumb\",\"itemListElement\":[{\"@type\":\"ListItem\",\"position\":1,\"name\":\"Portada\",\"item\":\"https:\/\/www.clarel.es\/blog\/\"},{\"@type\":\"ListItem\",\"position\":2,\"name\":\"Quem somos\"}]},{\"@type\":\"WebSite\",\"@id\":\"https:\/\/www.clarel.es\/blog\/#website\",\"url\":\"https:\/\/www.clarel.es\/blog\/\",\"name\":\"Clarel\",\"description\":\"Tienda Online de perfumeria, cosmetica, maquillaje y hogar.\",\"publisher\":{\"@id\":\"https:\/\/www.clarel.es\/blog\/#organization\"},\"potentialAction\":[{\"@type\":\"SearchAction\",\"target\":{\"@type\":\"EntryPoint\",\"urlTemplate\":\"https:\/\/www.clarel.es\/blog\/?s={search_term_string}\"},\"query-input\":{\"@type\":\"PropertyValueSpecification\",\"valueRequired\":true,\"valueName\":\"search_term_string\"}}],\"inLanguage\":\"pt-PT\"},{\"@type\":\"Organization\",\"@id\":\"https:\/\/www.clarel.es\/blog\/#organization\",\"name\":\"Clarel\",\"url\":\"https:\/\/www.clarel.es\/blog\/\",\"logo\":{\"@type\":\"ImageObject\",\"inLanguage\":\"pt-PT\",\"@id\":\"https:\/\/www.clarel.es\/blog\/#\/schema\/logo\/image\/\",\"url\":\"https:\/\/clarel-test.ezenit.link\/blog\/wp-content\/uploads\/2022\/08\/logo_clarel.png\",\"contentUrl\":\"https:\/\/clarel-test.ezenit.link\/blog\/wp-content\/uploads\/2022\/08\/logo_clarel.png\",\"width\":432,\"height\":101,\"caption\":\"Clarel\"},\"image\":{\"@id\":\"https:\/\/www.clarel.es\/blog\/#\/schema\/logo\/image\/\"}}]}<\/script>\n<!-- \/ Yoast SEO plugin. -->","yoast_head_json":{"title":"Quem somos - Tienda Oline Clarel","description":"Clarel es mas que una tienda de cosmetica, maquillaje y cuidado personal. Clarel es cercania, compromiso con el futuro. Conoce mas de cerca a Clarel.","robots":{"index":"index","follow":"follow","max-snippet":"max-snippet:-1","max-image-preview":"max-image-preview:large","max-video-preview":"max-video-preview:-1"},"canonical":"https:\/\/www.clarel.es\/blog\/pt-pt\/quem-somos\/","og_locale":"pt_PT","og_type":"article","og_title":"Quem somos - Tienda Oline Clarel","og_description":"Clarel es mas que una tienda de cosmetica, maquillaje y cuidado personal. Clarel es cercania, compromiso con el futuro. Conoce mas de cerca a Clarel.","og_url":"https:\/\/www.clarel.es\/blog\/pt-pt\/quem-somos\/","og_site_name":"Clarel","article_modified_time":"2025-10-07T10:57:16+00:00","og_image":[{"url":"https:\/\/blog-clarel.imgix.net\/2025\/07\/header_qs_25-scaled.jpg?auto=format%2Ccompress&amp;fit=crop&amp;h=541&amp;ixlib=php-3.3.0&amp;w=2048","type":"","width":"","height":""}],"twitter_card":"summary_large_image","schema":{"@context":"https:\/\/schema.org","@graph":[{"@type":"WebPage","@id":"https:\/\/www.clarel.es\/blog\/pt-pt\/quem-somos\/","url":"https:\/\/www.clarel.es\/blog\/pt-pt\/quem-somos\/","name":"Quem somos - Tienda Oline Clarel","isPartOf":{"@id":"https:\/\/www.clarel.es\/blog\/#website"},"primaryImageOfPage":{"@id":"https:\/\/www.clarel.es\/blog\/pt-pt\/quem-somos\/#primaryimage"},"image":{"@id":"https:\/\/www.clarel.es\/blog\/pt-pt\/quem-somos\/#primaryimage"},"thumbnailUrl":"https:\/\/blog-clarel.imgix.net\/2025\/07\/header_qs_25-scaled.jpg?auto=format%2Ccompress&amp;fit=crop&amp;h=541&amp;ixlib=php-3.3.0&amp;w=2048","datePublished":"2023-04-03T15:37:58+00:00","dateModified":"2025-10-07T10:57:16+00:00","description":"Clarel es mas que una tienda de cosmetica, maquillaje y cuidado personal. Clarel es cercania, compromiso con el futuro. Conoce mas de cerca a Clarel.","breadcrumb":{"@id":"https:\/\/www.clarel.es\/blog\/pt-pt\/quem-somos\/#breadcrumb"},"inLanguage":"pt-PT","potentialAction":[{"@type":"ReadAction","target":["https:\/\/www.clarel.es\/blog\/pt-pt\/quem-somos\/"]}]},{"@type":"ImageObject","inLanguage":"pt-PT","@id":"https:\/\/www.clarel.es\/blog\/pt-pt\/quem-somos\/#primaryimage","url":"https:\/\/blog-clarel.imgix.net\/2025\/07\/header_qs_25-scaled.jpg?auto=format%2Ccompress&amp;fit=crop&amp;h=541&amp;ixlib=php-3.3.0&amp;w=2048","contentUrl":"https:\/\/blog-clarel.imgix.net\/2025\/07\/header_qs_25-scaled.jpg?auto=format%2Ccompress&amp;fit=crop&amp;h=541&amp;ixlib=php-3.3.0&amp;w=2048"},{"@type":"BreadcrumbList","@id":"https:\/\/www.clarel.es\/blog\/pt-pt\/quem-somos\/#breadcrumb","itemListElement":[{"@type":"ListItem","position":1,"name":"Portada","item":"https:\/\/www.clarel.es\/blog\/"},{"@type":"ListItem","position":2,"name":"Quem somos"}]},{"@type":"WebSite","@id":"https:\/\/www.clarel.es\/blog\/#website","url":"https:\/\/www.clarel.es\/blog\/","name":"Clarel","description":"Tienda Online de perfumeria, cosmetica, maquillaje y hogar.","publisher":{"@id":"https:\/\/www.clarel.es\/blog\/#organization"},"potentialAction":[{"@type":"SearchAction","target":{"@type":"EntryPoint","urlTemplate":"https:\/\/www.clarel.es\/blog\/?s={search_term_string}"},"query-input":{"@type":"PropertyValueSpecification","valueRequired":true,"valueName":"search_term_string"}}],"inLanguage":"pt-PT"},{"@type":"Organization","@id":"https:\/\/www.clarel.es\/blog\/#organization","name":"Clarel","url":"https:\/\/www.clarel.es\/blog\/","logo":{"@type":"ImageObject","inLanguage":"pt-PT","@id":"https:\/\/www.clarel.es\/blog\/#\/schema\/logo\/image\/","url":"https:\/\/clarel-test.ezenit.link\/blog\/wp-content\/uploads\/2022\/08\/logo_clarel.png","contentUrl":"https:\/\/clarel-test.ezenit.link\/blog\/wp-content\/uploads\/2022\/08\/logo_clarel.png","width":432,"height":101,"caption":"Clarel"},"image":{"@id":"https:\/\/www.clarel.es\/blog\/#\/schema\/logo\/image\/"}}]}},"_links":{"self":[{"href":"https:\/\/www.clarel.es\/blog\/pt-pt\/wp-json\/wp\/v2\/pages\/16198","targetHints":{"allow":["GET"]}}],"collection":[{"href":"https:\/\/www.clarel.es\/blog\/pt-pt\/wp-json\/wp\/v2\/pages"}],"about":[{"href":"https:\/\/www.clarel.es\/blog\/pt-pt\/wp-json\/wp\/v2\/types\/page"}],"author":[{"embeddable":true,"href":"https:\/\/www.clarel.es\/blog\/pt-pt\/wp-json\/wp\/v2\/users\/3"}],"replies":[{"embeddable":true,"href":"https:\/\/www.clarel.es\/blog\/pt-pt\/wp-json\/wp\/v2\/comments?post=16198"}],"version-history":[{"count":2,"href":"https:\/\/www.clarel.es\/blog\/pt-pt\/wp-json\/wp\/v2\/pages\/16198\/revisions"}],"predecessor-version":[{"id":16228,"href":"https:\/\/www.clarel.es\/blog\/pt-pt\/wp-json\/wp\/v2\/pages\/16198\/revisions\/16228"}],"wp:attachment":[{"href":"https:\/\/www.clarel.es\/blog\/pt-pt\/wp-json\/wp\/v2\/media?parent=16198"}],"curies":[{"name":"wp","href":"https:\/\/api.w.org\/{rel}","templated":true}]}}