{"id":15275,"date":"2025-09-04T15:15:59","date_gmt":"2025-09-04T15:15:59","guid":{"rendered":"https:\/\/clarel-test.ezenit.link\/blog\/?page_id=15275"},"modified":"2025-09-04T15:16:58","modified_gmt":"2025-09-04T15:16:58","slug":"como-mantener-un-cabello-largo-y-sano","status":"publish","type":"page","link":"https:\/\/www.clarel.es\/blog\/pt-pt\/como-mantener-un-cabello-largo-y-sano\/","title":{"rendered":"\u00bfC\u00f3mo mantener un cabello largo y sano?"},"content":{"rendered":"\t\t<div data-elementor-type=\"wp-page\" data-elementor-id=\"15275\" class=\"elementor elementor-15275\" data-elementor-post-type=\"page\">\n\t\t\t\t<div class=\"elementor-element elementor-element-ce95d67 e-flex e-con-boxed e-con e-parent\" data-id=\"ce95d67\" data-element_type=\"container\">\n\t\t\t\t\t<div class=\"e-con-inner\">\n\t\t\t\t<div class=\"elementor-element elementor-element-f9da14a elementor-widget elementor-widget-image\" data-id=\"f9da14a\" data-element_type=\"widget\" data-widget_type=\"image.default\">\n\t\t\t\t<div class=\"elementor-widget-container\">\n\t\t\t\t\t\t\t\t\t\t\t\t\t\t\t<img decoding=\"async\" src=\"https:\/\/clarel.imgix.net\/media\/home\/CORRECCION_BLOG_CABELLO.jpg?auto=format&amp;fit=max&amp;w=1700&amp;q=100\" title=\"\" alt=\"\" loading=\"lazy\" \/>\t\t\t\t\t\t\t\t\t\t\t\t\t\t\t<\/div>\n\t\t\t\t<\/div>\n\t\t\t\t\t<\/div>\n\t\t\t\t<\/div>\n\t\t<div class=\"elementor-element elementor-element-f165b2b e-flex e-con-boxed e-con e-parent\" data-id=\"f165b2b\" data-element_type=\"container\">\n\t\t\t\t\t<div class=\"e-con-inner\">\n\t\t\t\t<div class=\"elementor-element elementor-element-1223a20 elementor-widget elementor-widget-text-editor\" data-id=\"1223a20\" data-element_type=\"widget\" data-widget_type=\"text-editor.default\">\n\t\t\t\t<div class=\"elementor-widget-container\">\n\t\t\t\t\t\t\t\t\t<div class=\"text-align_banner-text-align__6E6JU banner-text-align text-align_center__pj2Ab center \" style=\"margin: 0.5rem auto; width: 983.623px; text-align: center; color: #303030; font-family: PoppinsLight; font-size: 14px;\"><h1>\u00bfC\u00f3mo mantener un cabello largo y sano?<\/h1><\/div><div class=\"text-align_banner-text-align__6E6JU banner-text-align text-align_justify__DIIjY justify \" style=\"margin: 0.5rem auto; width: 983.623px; text-align: justify; color: #303030; font-family: PoppinsLight; font-size: 14px;\"><p>\u00a0<\/p><p>Cu\u00e1ntas veces has pensado, \u00bfpor qu\u00e9 tengo el pelo tan opaco, seco y da\u00f1ado? \u00bfQu\u00e9 tengo que hacer para tener un pelo bonito y brillante? \u00bfExiste una rutina para conseguir el pelo que deseo? Es totalmente normal preguntarse esto porque con el paso del tiempo, nuestro cabello tiende a apagarse, a perder ese brillo y vitalidad que lo hacen tan deseable, pero gracias a una buena hidrataci\u00f3n del cabello, \u00a1todos estos problemas desaparecer\u00e1n!<\/p><p>\u00a0<\/p><h2>\u00bfCu\u00e1ndo hay que empezar?<\/h2><p>\u00a0<\/p>A medida que nos hacemos mayores la piel empieza a perder mucho col\u00e1geno. A partir de los 20 es recomendable iniciarse con una rutina e ir personaliz\u00e1ndola por cada una de las etapas de nuestra vida. Los 40 y 50 nuestra piel necesita otros cuidados y es importante ir conociendo que productos son los m\u00e1s adecuados para el cuidado de tu piel. Descubrir cuales ayudan a eliminar las patas de gallo, a minimizar las l\u00edneas de expresi\u00f3n\u2026<p>\u00a0<\/p><p>Al igual que cuidas, limpias e hidratas tu piel, con tu melena pasa exactamente lo mismo.<\/p><p>\u00a0<\/p><h2>Un pelo al que dedicas tiempo, que tratas con los productos de calidad adecuados y que hidratas con mimo, ser\u00e1 un pelo envidiable.<\/h2><p>\u00a0<\/p><p>Por eso es imprescindible tener de aliadas los mejores productos para hidratar y proteger tu cabello. El\u00a0<a href=\"https:\/\/www.clarel.es\/es\/cabello-champu-cabello-seco-y-danado-p-216494\"><strong>Champ\u00fa para cabello da\u00f1ado ELVIVE total repair 5<\/strong><\/a>\u00a0junto al\u00a0<a href=\"https:\/\/www.clarel.es\/es\/acondicionador-elvive-total-repair-5-cabello-da-ado-300-ml\"><strong>acondicionador para cabello largo y da\u00f1ado ELVIVE<\/strong><\/a>\u00a0ser\u00e1 esencial para conseguir ese brillo y suavidad que buscas.<\/p><p>\u00a0<\/p><h2>\u00bfCu\u00e1les son los pasos para una hidrataci\u00f3n perfecta?<\/h2><p>\u00a0<\/p><p>El acondicionador se aplica siempre en cada lavado \u00a1que no se te olvide! No solo favorece el momento desenredado y aporta brillo, sino que tambi\u00e9n mejora el nivel de humedad del pelo da\u00f1ado y suaviza la cut\u00edcula para ayudar a revivir su aspecto.<\/p><p>\u00a0<\/p><h2>Y para terminar con un extra de hidrataci\u00f3n&#8230;<\/h2><p>\u00a0<\/p><p>A esto s\u00famale una mascarilla despu\u00e9s del acondicionador por lo menos un d\u00eda o dos a la semana. Normalmente una mascarilla dura entre 3 a 5 minutos para generar el mayor efecto en tu cabello pero con la\u00a0<strong>Mascarilla repara y protege de PANTENE<\/strong>\u00a0con su f\u00f3rmula Pro-V combatir\u00e1s los da\u00f1os de tu cabello en tan solo 2 minutos.<\/p><p>\u00a1Ah! Y si vas siempre a mil y con poco tiempo usa la\u00a0<strong>Crema sin aclarado ELVIVE stop tijeras\/corte<\/strong>\u00a0y consigue mantener una melena larga y saludable sin puntas abiertas.<\/p><p>\u00a0<\/p><h3>Ahora que conoces nuestros productos top para cabellos secos y da\u00f1ados no dudes en visitar nuestra tienda online y disfrutar de sus beneficios. \u00a1Dale brillo a tu melena!<\/h3><\/div>\t\t\t\t\t\t\t\t<\/div>\n\t\t\t\t<\/div>\n\t\t\t\t\t<\/div>\n\t\t\t\t<\/div>\n\t\t\t\t<\/div>\n\t\t","protected":false},"excerpt":{"rendered":"<p>\u00bfC\u00f3mo mantener un cabello largo y sano? \u00a0 Cu\u00e1ntas veces has pensado, \u00bfpor qu\u00e9 tengo el pelo tan opaco, seco y da\u00f1ado? \u00bfQu\u00e9 tengo que hacer para tener un pelo bonito y brillante? \u00bfExiste una rutina para conseguir el pelo que deseo? Es totalmente normal preguntarse esto porque con el paso del tiempo, nuestro cabello [&hellip;]<\/p>\n","protected":false},"author":17,"featured_media":0,"parent":0,"menu_order":0,"comment_status":"closed","ping_status":"closed","template":"elementor_header_footer","meta":{"footnotes":""},"class_list":["post-15275","page","type-page","status-publish","hentry"],"yoast_head":"<!-- This site is optimized with the Yoast SEO plugin v25.4 - https:\/\/yoast.com\/wordpress\/plugins\/seo\/ -->\n<title>\u00bfC\u00f3mo mantener un cabello largo y sano? - Clarel<\/title>\n<meta name=\"robots\" content=\"index, follow, max-snippet:-1, max-image-preview:large, max-video-preview:-1\" \/>\n<link rel=\"canonical\" href=\"https:\/\/www.clarel.es\/blog\/pt-pt\/como-mantener-un-cabello-largo-y-sano\/\" \/>\n<meta property=\"og:locale\" content=\"pt_PT\" \/>\n<meta property=\"og:type\" content=\"article\" \/>\n<meta property=\"og:title\" content=\"\u00bfC\u00f3mo mantener un cabello largo y sano? - Clarel\" \/>\n<meta property=\"og:description\" content=\"\u00bfC\u00f3mo mantener un cabello largo y sano? \u00a0 Cu\u00e1ntas veces has pensado, \u00bfpor qu\u00e9 tengo el pelo tan opaco, seco y da\u00f1ado? \u00bfQu\u00e9 tengo que hacer para tener un pelo bonito y brillante? \u00bfExiste una rutina para conseguir el pelo que deseo? Es totalmente normal preguntarse esto porque con el paso del tiempo, nuestro cabello [&hellip;]\" \/>\n<meta property=\"og:url\" content=\"https:\/\/www.clarel.es\/blog\/pt-pt\/como-mantener-un-cabello-largo-y-sano\/\" \/>\n<meta property=\"og:site_name\" content=\"Clarel\" \/>\n<meta property=\"article:modified_time\" content=\"2025-09-04T15:16:58+00:00\" \/>\n<meta property=\"og:image\" content=\"https:\/\/clarel.imgix.net\/media\/home\/CORRECCION_BLOG_CABELLO.jpg?auto=format&amp;fit=max&amp;w=1700&amp;q=100\" \/>\n<meta name=\"twitter:card\" content=\"summary_large_image\" \/>\n<script type=\"application\/ld+json\" class=\"yoast-schema-graph\">{\"@context\":\"https:\/\/schema.org\",\"@graph\":[{\"@type\":\"WebPage\",\"@id\":\"https:\/\/www.clarel.es\/blog\/pt-pt\/como-mantener-un-cabello-largo-y-sano\/\",\"url\":\"https:\/\/www.clarel.es\/blog\/pt-pt\/como-mantener-un-cabello-largo-y-sano\/\",\"name\":\"\u00bfC\u00f3mo mantener un cabello largo y sano? - Clarel\",\"isPartOf\":{\"@id\":\"https:\/\/www.clarel.es\/blog\/#website\"},\"primaryImageOfPage\":{\"@id\":\"https:\/\/www.clarel.es\/blog\/pt-pt\/como-mantener-un-cabello-largo-y-sano\/#primaryimage\"},\"image\":{\"@id\":\"https:\/\/www.clarel.es\/blog\/pt-pt\/como-mantener-un-cabello-largo-y-sano\/#primaryimage\"},\"thumbnailUrl\":\"https:\/\/clarel.imgix.net\/media\/home\/CORRECCION_BLOG_CABELLO.jpg?auto=format&amp;fit=max&amp;w=1700&amp;q=100\",\"datePublished\":\"2025-09-04T15:15:59+00:00\",\"dateModified\":\"2025-09-04T15:16:58+00:00\",\"breadcrumb\":{\"@id\":\"https:\/\/www.clarel.es\/blog\/pt-pt\/como-mantener-un-cabello-largo-y-sano\/#breadcrumb\"},\"inLanguage\":\"pt-PT\",\"potentialAction\":[{\"@type\":\"ReadAction\",\"target\":[\"https:\/\/www.clarel.es\/blog\/pt-pt\/como-mantener-un-cabello-largo-y-sano\/\"]}]},{\"@type\":\"ImageObject\",\"inLanguage\":\"pt-PT\",\"@id\":\"https:\/\/www.clarel.es\/blog\/pt-pt\/como-mantener-un-cabello-largo-y-sano\/#primaryimage\",\"url\":\"https:\/\/clarel.imgix.net\/media\/home\/CORRECCION_BLOG_CABELLO.jpg?auto=format&amp;fit=max&amp;w=1700&amp;q=100\",\"contentUrl\":\"https:\/\/clarel.imgix.net\/media\/home\/CORRECCION_BLOG_CABELLO.jpg?auto=format&amp;fit=max&amp;w=1700&amp;q=100\"},{\"@type\":\"BreadcrumbList\",\"@id\":\"https:\/\/www.clarel.es\/blog\/pt-pt\/como-mantener-un-cabello-largo-y-sano\/#breadcrumb\",\"itemListElement\":[{\"@type\":\"ListItem\",\"position\":1,\"name\":\"Portada\",\"item\":\"https:\/\/www.clarel.es\/blog\/\"},{\"@type\":\"ListItem\",\"position\":2,\"name\":\"\u00bfC\u00f3mo mantener un cabello largo y sano?\"}]},{\"@type\":\"WebSite\",\"@id\":\"https:\/\/www.clarel.es\/blog\/#website\",\"url\":\"https:\/\/www.clarel.es\/blog\/\",\"name\":\"Clarel\",\"description\":\"Tienda Online de perfumeria, cosmetica, maquillaje y hogar.\",\"publisher\":{\"@id\":\"https:\/\/www.clarel.es\/blog\/#organization\"},\"potentialAction\":[{\"@type\":\"SearchAction\",\"target\":{\"@type\":\"EntryPoint\",\"urlTemplate\":\"https:\/\/www.clarel.es\/blog\/?s={search_term_string}\"},\"query-input\":{\"@type\":\"PropertyValueSpecification\",\"valueRequired\":true,\"valueName\":\"search_term_string\"}}],\"inLanguage\":\"pt-PT\"},{\"@type\":\"Organization\",\"@id\":\"https:\/\/www.clarel.es\/blog\/#organization\",\"name\":\"Clarel\",\"url\":\"https:\/\/www.clarel.es\/blog\/\",\"logo\":{\"@type\":\"ImageObject\",\"inLanguage\":\"pt-PT\",\"@id\":\"https:\/\/www.clarel.es\/blog\/#\/schema\/logo\/image\/\",\"url\":\"https:\/\/clarel-test.ezenit.link\/blog\/wp-content\/uploads\/2022\/08\/logo_clarel.png\",\"contentUrl\":\"https:\/\/clarel-test.ezenit.link\/blog\/wp-content\/uploads\/2022\/08\/logo_clarel.png\",\"width\":432,\"height\":101,\"caption\":\"Clarel\"},\"image\":{\"@id\":\"https:\/\/www.clarel.es\/blog\/#\/schema\/logo\/image\/\"}}]}<\/script>\n<!-- \/ Yoast SEO plugin. -->","yoast_head_json":{"title":"\u00bfC\u00f3mo mantener un cabello largo y sano? - Clarel","robots":{"index":"index","follow":"follow","max-snippet":"max-snippet:-1","max-image-preview":"max-image-preview:large","max-video-preview":"max-video-preview:-1"},"canonical":"https:\/\/www.clarel.es\/blog\/pt-pt\/como-mantener-un-cabello-largo-y-sano\/","og_locale":"pt_PT","og_type":"article","og_title":"\u00bfC\u00f3mo mantener un cabello largo y sano? - Clarel","og_description":"\u00bfC\u00f3mo mantener un cabello largo y sano? \u00a0 Cu\u00e1ntas veces has pensado, \u00bfpor qu\u00e9 tengo el pelo tan opaco, seco y da\u00f1ado? \u00bfQu\u00e9 tengo que hacer para tener un pelo bonito y brillante? \u00bfExiste una rutina para conseguir el pelo que deseo? Es totalmente normal preguntarse esto porque con el paso del tiempo, nuestro cabello [&hellip;]","og_url":"https:\/\/www.clarel.es\/blog\/pt-pt\/como-mantener-un-cabello-largo-y-sano\/","og_site_name":"Clarel","article_modified_time":"2025-09-04T15:16:58+00:00","og_image":[{"url":"https:\/\/clarel.imgix.net\/media\/home\/CORRECCION_BLOG_CABELLO.jpg?auto=format&amp;fit=max&amp;w=1700&amp;q=100","type":"","width":"","height":""}],"twitter_card":"summary_large_image","schema":{"@context":"https:\/\/schema.org","@graph":[{"@type":"WebPage","@id":"https:\/\/www.clarel.es\/blog\/pt-pt\/como-mantener-un-cabello-largo-y-sano\/","url":"https:\/\/www.clarel.es\/blog\/pt-pt\/como-mantener-un-cabello-largo-y-sano\/","name":"\u00bfC\u00f3mo mantener un cabello largo y sano? - Clarel","isPartOf":{"@id":"https:\/\/www.clarel.es\/blog\/#website"},"primaryImageOfPage":{"@id":"https:\/\/www.clarel.es\/blog\/pt-pt\/como-mantener-un-cabello-largo-y-sano\/#primaryimage"},"image":{"@id":"https:\/\/www.clarel.es\/blog\/pt-pt\/como-mantener-un-cabello-largo-y-sano\/#primaryimage"},"thumbnailUrl":"https:\/\/clarel.imgix.net\/media\/home\/CORRECCION_BLOG_CABELLO.jpg?auto=format&amp;fit=max&amp;w=1700&amp;q=100","datePublished":"2025-09-04T15:15:59+00:00","dateModified":"2025-09-04T15:16:58+00:00","breadcrumb":{"@id":"https:\/\/www.clarel.es\/blog\/pt-pt\/como-mantener-un-cabello-largo-y-sano\/#breadcrumb"},"inLanguage":"pt-PT","potentialAction":[{"@type":"ReadAction","target":["https:\/\/www.clarel.es\/blog\/pt-pt\/como-mantener-un-cabello-largo-y-sano\/"]}]},{"@type":"ImageObject","inLanguage":"pt-PT","@id":"https:\/\/www.clarel.es\/blog\/pt-pt\/como-mantener-un-cabello-largo-y-sano\/#primaryimage","url":"https:\/\/clarel.imgix.net\/media\/home\/CORRECCION_BLOG_CABELLO.jpg?auto=format&amp;fit=max&amp;w=1700&amp;q=100","contentUrl":"https:\/\/clarel.imgix.net\/media\/home\/CORRECCION_BLOG_CABELLO.jpg?auto=format&amp;fit=max&amp;w=1700&amp;q=100"},{"@type":"BreadcrumbList","@id":"https:\/\/www.clarel.es\/blog\/pt-pt\/como-mantener-un-cabello-largo-y-sano\/#breadcrumb","itemListElement":[{"@type":"ListItem","position":1,"name":"Portada","item":"https:\/\/www.clarel.es\/blog\/"},{"@type":"ListItem","position":2,"name":"\u00bfC\u00f3mo mantener un cabello largo y sano?"}]},{"@type":"WebSite","@id":"https:\/\/www.clarel.es\/blog\/#website","url":"https:\/\/www.clarel.es\/blog\/","name":"Clarel","description":"Tienda Online de perfumeria, cosmetica, maquillaje y hogar.","publisher":{"@id":"https:\/\/www.clarel.es\/blog\/#organization"},"potentialAction":[{"@type":"SearchAction","target":{"@type":"EntryPoint","urlTemplate":"https:\/\/www.clarel.es\/blog\/?s={search_term_string}"},"query-input":{"@type":"PropertyValueSpecification","valueRequired":true,"valueName":"search_term_string"}}],"inLanguage":"pt-PT"},{"@type":"Organization","@id":"https:\/\/www.clarel.es\/blog\/#organization","name":"Clarel","url":"https:\/\/www.clarel.es\/blog\/","logo":{"@type":"ImageObject","inLanguage":"pt-PT","@id":"https:\/\/www.clarel.es\/blog\/#\/schema\/logo\/image\/","url":"https:\/\/clarel-test.ezenit.link\/blog\/wp-content\/uploads\/2022\/08\/logo_clarel.png","contentUrl":"https:\/\/clarel-test.ezenit.link\/blog\/wp-content\/uploads\/2022\/08\/logo_clarel.png","width":432,"height":101,"caption":"Clarel"},"image":{"@id":"https:\/\/www.clarel.es\/blog\/#\/schema\/logo\/image\/"}}]}},"_links":{"self":[{"href":"https:\/\/www.clarel.es\/blog\/pt-pt\/wp-json\/wp\/v2\/pages\/15275","targetHints":{"allow":["GET"]}}],"collection":[{"href":"https:\/\/www.clarel.es\/blog\/pt-pt\/wp-json\/wp\/v2\/pages"}],"about":[{"href":"https:\/\/www.clarel.es\/blog\/pt-pt\/wp-json\/wp\/v2\/types\/page"}],"author":[{"embeddable":true,"href":"https:\/\/www.clarel.es\/blog\/pt-pt\/wp-json\/wp\/v2\/users\/17"}],"replies":[{"embeddable":true,"href":"https:\/\/www.clarel.es\/blog\/pt-pt\/wp-json\/wp\/v2\/comments?post=15275"}],"version-history":[{"count":7,"href":"https:\/\/www.clarel.es\/blog\/pt-pt\/wp-json\/wp\/v2\/pages\/15275\/revisions"}],"predecessor-version":[{"id":15282,"href":"https:\/\/www.clarel.es\/blog\/pt-pt\/wp-json\/wp\/v2\/pages\/15275\/revisions\/15282"}],"wp:attachment":[{"href":"https:\/\/www.clarel.es\/blog\/pt-pt\/wp-json\/wp\/v2\/media?parent=15275"}],"curies":[{"name":"wp","href":"https:\/\/api.w.org\/{rel}","templated":true}]}}