{"id":15271,"date":"2025-09-04T15:13:01","date_gmt":"2025-09-04T15:13:01","guid":{"rendered":"https:\/\/clarel-test.ezenit.link\/blog\/?page_id=15271"},"modified":"2025-09-04T15:13:49","modified_gmt":"2025-09-04T15:13:49","slug":"cosmetica-solida","status":"publish","type":"page","link":"https:\/\/www.clarel.es\/blog\/pt-pt\/cosmetica-solida\/","title":{"rendered":"COSM\u00c9TICA S\u00d3LIDA"},"content":{"rendered":"\t\t<div data-elementor-type=\"wp-page\" data-elementor-id=\"15271\" class=\"elementor elementor-15271\" data-elementor-post-type=\"page\">\n\t\t\t\t<div class=\"elementor-element elementor-element-2663df6 e-flex e-con-boxed e-con e-parent\" data-id=\"2663df6\" data-element_type=\"container\">\n\t\t\t\t\t<div class=\"e-con-inner\">\n\t\t\t\t<div class=\"elementor-element elementor-element-f8af820 elementor-widget elementor-widget-image\" data-id=\"f8af820\" data-element_type=\"widget\" data-widget_type=\"image.default\">\n\t\t\t\t<div class=\"elementor-widget-container\">\n\t\t\t\t\t\t\t\t\t\t\t\t\t\t\t<img decoding=\"async\" src=\"https:\/\/clarel.imgix.net\/media\/home\/solidos_web_01.jpg?auto=format&amp;fit=max&amp;w=1700&amp;q=100\" title=\"\" alt=\"\" loading=\"lazy\" \/>\t\t\t\t\t\t\t\t\t\t\t\t\t\t\t<\/div>\n\t\t\t\t<\/div>\n\t\t\t\t\t<\/div>\n\t\t\t\t<\/div>\n\t\t<div class=\"elementor-element elementor-element-4429a30 e-flex e-con-boxed e-con e-parent\" data-id=\"4429a30\" data-element_type=\"container\">\n\t\t\t\t\t<div class=\"e-con-inner\">\n\t\t\t\t<div class=\"elementor-element elementor-element-23741d2 elementor-widget elementor-widget-text-editor\" data-id=\"23741d2\" data-element_type=\"widget\" data-widget_type=\"text-editor.default\">\n\t\t\t\t<div class=\"elementor-widget-container\">\n\t\t\t\t\t\t\t\t\t<div class=\"text-align_banner-text-align__6E6JU banner-text-align text-align_center__pj2Ab center \" style=\"margin: 0.5rem auto; width: 983.623px; text-align: center; color: #303030; font-family: PoppinsLight; font-size: 14px;\"><h1>COSM\u00c9TICA S\u00d3LIDA<\/h1><h2>Razones por las que desear\u00e1s empezar a usarla<\/h2><\/div><div class=\"text-align_banner-text-align__6E6JU banner-text-align text-align_justify__DIIjY justify \" style=\"margin: 0.5rem auto; width: 983.623px; text-align: justify; color: #303030; font-family: PoppinsLight; font-size: 14px;\"><p>\u00a0<\/p><p>Sin residuos, con ingredientes naturales y respetuosos tanto contigo como con el medioambiente. Descubre por qu\u00e9 los cosm\u00e9ticos s\u00f3lidos tienen todo a su favor para engatusarte<\/p><p>\u00a0<\/p><h3>\u00bfQu\u00e9 es la cosm\u00e9tica s\u00f3lida?<\/h3><p>\u00a0<\/p>La cosm\u00e9tica s\u00f3lida es, en realidad, cosm\u00e9tica sin pl\u00e1sticos, sobre todo porque no requieren de un envase de pl\u00e1stico, ni de conservantes y antibacterianos. Adem\u00e1s, al no contener agua o contener una m\u00ednima cantidad, por lo general, son productos que no requieren de conservantes artificiales.<p>\u00a0<\/p><p>Hoy en d\u00eda, puedes encontrar en formato s\u00f3lido los mismos productos que en formato l\u00edquido:<\/p><p><strong>\u2022 Gel de ducha o jab\u00f3n<\/strong><\/p><p>Los jabones en pastilla ya las usaban tus abuelos de j\u00f3venes. Entonces \u00bfpor qu\u00e9 comprar lo empaquetado en pl\u00e1stico cuando ya hay la opci\u00f3n que respeta el medio ambiente? Adem\u00e1s, los jabones l\u00edquidos normalmente son un 90% agua \u00bfPorque pagar por agua? y el 10% restante son ingredientes concentrados que suelen ser con sulfatos, siliconas y parabenos. La alternativa en pastilla es 100% natural. Su f\u00f3rmula a menudo suele prescindir de componentes qu\u00edmicos y t\u00f3xicos y, en su lugar, apuesta por conservantes naturales.<\/p><p>Descubre de entre nuestros jabones el Jab\u00f3n Artesanal Aceite de Arg\u00e1n de BUBBLES&amp;COLORS y la MacaBomba de ba\u00f1o de Fruta de la Pasi\u00f3n de BUBBLES&amp;COLORS para disfrutar entre burbujas de la hora del ba\u00f1o.<\/p><p><strong>\u2022 Desodorante s\u00f3lido, en stick<\/strong><\/p><p><strong>\u2022 Espuma de afeitar,<\/strong>\u00a0puedes usar jabones adecuados para elaborar tu espuma de afeitado<\/p><p>\u2022 Adem\u00e1s de estas opciones tambi\u00e9n puede encontrar aceites y cremas en formatos m\u00e1s sostenibles como, por ejemplo, la Crema facial Hidratante con Almendras de la marca BEAUTY JAR con una composici\u00f3n de 95% ingredientes naturales y org\u00e1nicos.<\/p><p><strong>\u2022 Acondicionador\u00a0<\/strong>en s\u00f3lido y mascarillas de pelo como la Mascarilla Capilar &#8220;Reparaci\u00f3n Express&#8221; de BEAUTY JAR<\/p><p><strong>\u2022 Champ\u00fa,<\/strong>\u00a0cuya calidad y efectos ha evolucionado much\u00edsimo en los \u00faltimos a\u00f1os. Encuentra tu champ\u00fa solido de la marca BUBBLES&amp;COLORS para cada tipo de cabello: cabello natural, te\u00f1ido, graso, seco o para tratamiento anticaspa\u2026 Adem\u00e1s, \u00bfsab\u00edas que un champ\u00fa solido dura entre 80 a 100 lavados? Llegan a durar m\u00e1s que un bote de champ\u00fa l\u00edquido.<\/p><\/div>\t\t\t\t\t\t\t\t<\/div>\n\t\t\t\t<\/div>\n\t\t<div class=\"elementor-element elementor-element-8454e4b e-con-full e-flex e-con e-child\" data-id=\"8454e4b\" data-element_type=\"container\">\n\t\t\t\t<div class=\"elementor-element elementor-element-642575e elementor-widget elementor-widget-image\" data-id=\"642575e\" data-element_type=\"widget\" data-widget_type=\"image.default\">\n\t\t\t\t<div class=\"elementor-widget-container\">\n\t\t\t\t\t\t\t\t\t\t\t\t\t\t\t<img decoding=\"async\" src=\"https:\/\/clarel.imgix.net\/media\/home\/blog22\/jabon_solido_22_pc.jpg?auto=format&amp;fit=max&amp;w=1700&amp;q=100\" title=\"\" alt=\"\" loading=\"lazy\" \/>\t\t\t\t\t\t\t\t\t\t\t\t\t\t\t<\/div>\n\t\t\t\t<\/div>\n\t\t\t\t<\/div>\n\t\t\t\t\t<\/div>\n\t\t\t\t<\/div>\n\t\t<div class=\"elementor-element elementor-element-d0fc599 e-flex e-con-boxed e-con e-parent\" data-id=\"d0fc599\" data-element_type=\"container\">\n\t\t\t\t\t<div class=\"e-con-inner\">\n\t\t\t\t<div class=\"elementor-element elementor-element-86cf69e elementor-widget elementor-widget-text-editor\" data-id=\"86cf69e\" data-element_type=\"widget\" data-widget_type=\"text-editor.default\">\n\t\t\t\t<div class=\"elementor-widget-container\">\n\t\t\t\t\t\t\t\t\t<div class=\"text-align_banner-text-align__6E6JU banner-text-align text-align_center__pj2Ab center \" style=\"margin: 0.5rem auto; width: 983.623px; text-align: center; color: #303030; font-family: PoppinsLight; font-size: 14px;\"><h3 style=\"color: #303030; font-family: PoppinsLight; text-align: justify;\">Los pasos que tienes que tener en cuenta para conservar y utilizar el champ\u00fa s\u00f3lido son:<\/h3><p style=\"font-size: 14px; text-align: justify;\">\u00a0<\/p><p style=\"font-size: 14px; text-align: justify;\"><strong>Paso 1:<\/strong>\u00a0Frotar la pastilla de champ\u00fa s\u00f3lido sobre el cabello h\u00famedo hasta que haga espuma.<\/p><p style=\"font-size: 14px; text-align: justify;\"><strong>Paso 2:<\/strong>\u00a0Masajear el cabello con las manos para que el producto actu\u00e9.<\/p><p style=\"font-size: 14px; text-align: justify;\"><strong>Paso 3:<\/strong>\u00a0Aclarar con abundante agua para eliminar cualquier resto de champ\u00fa.<\/p><p style=\"font-size: 14px; text-align: justify;\"><strong>Paso 4:<\/strong>\u00a0Guardar en un recipiente para mantenerlo en seco.<\/p><p style=\"font-size: 14px; text-align: justify;\">En resumen: es natural, sin pl\u00e1sticos, biodegradable, m\u00e1s econ\u00f3mica y duradera, ya que no pagas por agua y te dura meses. Adem\u00e1s huele muy bien y casi ni ocupa espacio por lo que son ideales para viajar \u00a1Deja de volverte loca rellenando de champ\u00fa y gel botecitos peque\u00f1os antes de tu vuelo!<\/p><p style=\"font-size: 14px; text-align: justify;\">\u00bfTodav\u00eda dudas si pasarte por la cosm\u00e9tica s\u00f3lida? Si las razones por las que deber\u00edas empezar con la cosm\u00e9tica s\u00f3lida te han engatusado \u00a1No dudes en visitarnos y descubrir todas las alternativas m\u00e1s sostenibles que tenemos en Clarel!<\/p><\/div>\t\t\t\t\t\t\t\t<\/div>\n\t\t\t\t<\/div>\n\t\t\t\t\t<\/div>\n\t\t\t\t<\/div>\n\t\t\t\t<\/div>\n\t\t","protected":false},"excerpt":{"rendered":"<p>COSM\u00c9TICA S\u00d3LIDA Razones por las que desear\u00e1s empezar a usarla \u00a0 Sin residuos, con ingredientes naturales y respetuosos tanto contigo como con el medioambiente. Descubre por qu\u00e9 los cosm\u00e9ticos s\u00f3lidos tienen todo a su favor para engatusarte \u00a0 \u00bfQu\u00e9 es la cosm\u00e9tica s\u00f3lida? \u00a0 La cosm\u00e9tica s\u00f3lida es, en realidad, cosm\u00e9tica sin pl\u00e1sticos, sobre todo [&hellip;]<\/p>\n","protected":false},"author":17,"featured_media":0,"parent":0,"menu_order":0,"comment_status":"closed","ping_status":"closed","template":"elementor_header_footer","meta":{"footnotes":""},"class_list":["post-15271","page","type-page","status-publish","hentry"],"yoast_head":"<!-- This site is optimized with the Yoast SEO plugin v25.4 - https:\/\/yoast.com\/wordpress\/plugins\/seo\/ -->\n<title>COSM\u00c9TICA S\u00d3LIDA - Clarel<\/title>\n<meta name=\"robots\" content=\"index, follow, max-snippet:-1, max-image-preview:large, max-video-preview:-1\" \/>\n<link rel=\"canonical\" href=\"https:\/\/www.clarel.es\/blog\/pt-pt\/cosmetica-solida\/\" \/>\n<meta property=\"og:locale\" content=\"pt_PT\" \/>\n<meta property=\"og:type\" content=\"article\" \/>\n<meta property=\"og:title\" content=\"COSM\u00c9TICA S\u00d3LIDA - Clarel\" \/>\n<meta property=\"og:description\" content=\"COSM\u00c9TICA S\u00d3LIDA Razones por las que desear\u00e1s empezar a usarla \u00a0 Sin residuos, con ingredientes naturales y respetuosos tanto contigo como con el medioambiente. Descubre por qu\u00e9 los cosm\u00e9ticos s\u00f3lidos tienen todo a su favor para engatusarte \u00a0 \u00bfQu\u00e9 es la cosm\u00e9tica s\u00f3lida? \u00a0 La cosm\u00e9tica s\u00f3lida es, en realidad, cosm\u00e9tica sin pl\u00e1sticos, sobre todo [&hellip;]\" \/>\n<meta property=\"og:url\" content=\"https:\/\/www.clarel.es\/blog\/pt-pt\/cosmetica-solida\/\" \/>\n<meta property=\"og:site_name\" content=\"Clarel\" \/>\n<meta property=\"article:modified_time\" content=\"2025-09-04T15:13:49+00:00\" \/>\n<meta property=\"og:image\" content=\"https:\/\/clarel.imgix.net\/media\/home\/solidos_web_01.jpg?auto=format&amp;fit=max&amp;w=1700&amp;q=100\" \/>\n<meta name=\"twitter:card\" content=\"summary_large_image\" \/>\n<script type=\"application\/ld+json\" class=\"yoast-schema-graph\">{\"@context\":\"https:\/\/schema.org\",\"@graph\":[{\"@type\":\"WebPage\",\"@id\":\"https:\/\/www.clarel.es\/blog\/pt-pt\/cosmetica-solida\/\",\"url\":\"https:\/\/www.clarel.es\/blog\/pt-pt\/cosmetica-solida\/\",\"name\":\"COSM\u00c9TICA S\u00d3LIDA - Clarel\",\"isPartOf\":{\"@id\":\"https:\/\/www.clarel.es\/blog\/#website\"},\"primaryImageOfPage\":{\"@id\":\"https:\/\/www.clarel.es\/blog\/pt-pt\/cosmetica-solida\/#primaryimage\"},\"image\":{\"@id\":\"https:\/\/www.clarel.es\/blog\/pt-pt\/cosmetica-solida\/#primaryimage\"},\"thumbnailUrl\":\"https:\/\/clarel.imgix.net\/media\/home\/solidos_web_01.jpg?auto=format&amp;fit=max&amp;w=1700&amp;q=100\",\"datePublished\":\"2025-09-04T15:13:01+00:00\",\"dateModified\":\"2025-09-04T15:13:49+00:00\",\"breadcrumb\":{\"@id\":\"https:\/\/www.clarel.es\/blog\/pt-pt\/cosmetica-solida\/#breadcrumb\"},\"inLanguage\":\"pt-PT\",\"potentialAction\":[{\"@type\":\"ReadAction\",\"target\":[\"https:\/\/www.clarel.es\/blog\/pt-pt\/cosmetica-solida\/\"]}]},{\"@type\":\"ImageObject\",\"inLanguage\":\"pt-PT\",\"@id\":\"https:\/\/www.clarel.es\/blog\/pt-pt\/cosmetica-solida\/#primaryimage\",\"url\":\"https:\/\/clarel.imgix.net\/media\/home\/solidos_web_01.jpg?auto=format&amp;fit=max&amp;w=1700&amp;q=100\",\"contentUrl\":\"https:\/\/clarel.imgix.net\/media\/home\/solidos_web_01.jpg?auto=format&amp;fit=max&amp;w=1700&amp;q=100\"},{\"@type\":\"BreadcrumbList\",\"@id\":\"https:\/\/www.clarel.es\/blog\/pt-pt\/cosmetica-solida\/#breadcrumb\",\"itemListElement\":[{\"@type\":\"ListItem\",\"position\":1,\"name\":\"Portada\",\"item\":\"https:\/\/www.clarel.es\/blog\/\"},{\"@type\":\"ListItem\",\"position\":2,\"name\":\"COSM\u00c9TICA S\u00d3LIDA\"}]},{\"@type\":\"WebSite\",\"@id\":\"https:\/\/www.clarel.es\/blog\/#website\",\"url\":\"https:\/\/www.clarel.es\/blog\/\",\"name\":\"Clarel\",\"description\":\"Tienda Online de perfumeria, cosmetica, maquillaje y hogar.\",\"publisher\":{\"@id\":\"https:\/\/www.clarel.es\/blog\/#organization\"},\"potentialAction\":[{\"@type\":\"SearchAction\",\"target\":{\"@type\":\"EntryPoint\",\"urlTemplate\":\"https:\/\/www.clarel.es\/blog\/?s={search_term_string}\"},\"query-input\":{\"@type\":\"PropertyValueSpecification\",\"valueRequired\":true,\"valueName\":\"search_term_string\"}}],\"inLanguage\":\"pt-PT\"},{\"@type\":\"Organization\",\"@id\":\"https:\/\/www.clarel.es\/blog\/#organization\",\"name\":\"Clarel\",\"url\":\"https:\/\/www.clarel.es\/blog\/\",\"logo\":{\"@type\":\"ImageObject\",\"inLanguage\":\"pt-PT\",\"@id\":\"https:\/\/www.clarel.es\/blog\/#\/schema\/logo\/image\/\",\"url\":\"https:\/\/clarel-test.ezenit.link\/blog\/wp-content\/uploads\/2022\/08\/logo_clarel.png\",\"contentUrl\":\"https:\/\/clarel-test.ezenit.link\/blog\/wp-content\/uploads\/2022\/08\/logo_clarel.png\",\"width\":432,\"height\":101,\"caption\":\"Clarel\"},\"image\":{\"@id\":\"https:\/\/www.clarel.es\/blog\/#\/schema\/logo\/image\/\"}}]}<\/script>\n<!-- \/ Yoast SEO plugin. -->","yoast_head_json":{"title":"COSM\u00c9TICA S\u00d3LIDA - Clarel","robots":{"index":"index","follow":"follow","max-snippet":"max-snippet:-1","max-image-preview":"max-image-preview:large","max-video-preview":"max-video-preview:-1"},"canonical":"https:\/\/www.clarel.es\/blog\/pt-pt\/cosmetica-solida\/","og_locale":"pt_PT","og_type":"article","og_title":"COSM\u00c9TICA S\u00d3LIDA - Clarel","og_description":"COSM\u00c9TICA S\u00d3LIDA Razones por las que desear\u00e1s empezar a usarla \u00a0 Sin residuos, con ingredientes naturales y respetuosos tanto contigo como con el medioambiente. Descubre por qu\u00e9 los cosm\u00e9ticos s\u00f3lidos tienen todo a su favor para engatusarte \u00a0 \u00bfQu\u00e9 es la cosm\u00e9tica s\u00f3lida? \u00a0 La cosm\u00e9tica s\u00f3lida es, en realidad, cosm\u00e9tica sin pl\u00e1sticos, sobre todo [&hellip;]","og_url":"https:\/\/www.clarel.es\/blog\/pt-pt\/cosmetica-solida\/","og_site_name":"Clarel","article_modified_time":"2025-09-04T15:13:49+00:00","og_image":[{"url":"https:\/\/clarel.imgix.net\/media\/home\/solidos_web_01.jpg?auto=format&amp;fit=max&amp;w=1700&amp;q=100","type":"","width":"","height":""}],"twitter_card":"summary_large_image","schema":{"@context":"https:\/\/schema.org","@graph":[{"@type":"WebPage","@id":"https:\/\/www.clarel.es\/blog\/pt-pt\/cosmetica-solida\/","url":"https:\/\/www.clarel.es\/blog\/pt-pt\/cosmetica-solida\/","name":"COSM\u00c9TICA S\u00d3LIDA - Clarel","isPartOf":{"@id":"https:\/\/www.clarel.es\/blog\/#website"},"primaryImageOfPage":{"@id":"https:\/\/www.clarel.es\/blog\/pt-pt\/cosmetica-solida\/#primaryimage"},"image":{"@id":"https:\/\/www.clarel.es\/blog\/pt-pt\/cosmetica-solida\/#primaryimage"},"thumbnailUrl":"https:\/\/clarel.imgix.net\/media\/home\/solidos_web_01.jpg?auto=format&amp;fit=max&amp;w=1700&amp;q=100","datePublished":"2025-09-04T15:13:01+00:00","dateModified":"2025-09-04T15:13:49+00:00","breadcrumb":{"@id":"https:\/\/www.clarel.es\/blog\/pt-pt\/cosmetica-solida\/#breadcrumb"},"inLanguage":"pt-PT","potentialAction":[{"@type":"ReadAction","target":["https:\/\/www.clarel.es\/blog\/pt-pt\/cosmetica-solida\/"]}]},{"@type":"ImageObject","inLanguage":"pt-PT","@id":"https:\/\/www.clarel.es\/blog\/pt-pt\/cosmetica-solida\/#primaryimage","url":"https:\/\/clarel.imgix.net\/media\/home\/solidos_web_01.jpg?auto=format&amp;fit=max&amp;w=1700&amp;q=100","contentUrl":"https:\/\/clarel.imgix.net\/media\/home\/solidos_web_01.jpg?auto=format&amp;fit=max&amp;w=1700&amp;q=100"},{"@type":"BreadcrumbList","@id":"https:\/\/www.clarel.es\/blog\/pt-pt\/cosmetica-solida\/#breadcrumb","itemListElement":[{"@type":"ListItem","position":1,"name":"Portada","item":"https:\/\/www.clarel.es\/blog\/"},{"@type":"ListItem","position":2,"name":"COSM\u00c9TICA S\u00d3LIDA"}]},{"@type":"WebSite","@id":"https:\/\/www.clarel.es\/blog\/#website","url":"https:\/\/www.clarel.es\/blog\/","name":"Clarel","description":"Tienda Online de perfumeria, cosmetica, maquillaje y hogar.","publisher":{"@id":"https:\/\/www.clarel.es\/blog\/#organization"},"potentialAction":[{"@type":"SearchAction","target":{"@type":"EntryPoint","urlTemplate":"https:\/\/www.clarel.es\/blog\/?s={search_term_string}"},"query-input":{"@type":"PropertyValueSpecification","valueRequired":true,"valueName":"search_term_string"}}],"inLanguage":"pt-PT"},{"@type":"Organization","@id":"https:\/\/www.clarel.es\/blog\/#organization","name":"Clarel","url":"https:\/\/www.clarel.es\/blog\/","logo":{"@type":"ImageObject","inLanguage":"pt-PT","@id":"https:\/\/www.clarel.es\/blog\/#\/schema\/logo\/image\/","url":"https:\/\/clarel-test.ezenit.link\/blog\/wp-content\/uploads\/2022\/08\/logo_clarel.png","contentUrl":"https:\/\/clarel-test.ezenit.link\/blog\/wp-content\/uploads\/2022\/08\/logo_clarel.png","width":432,"height":101,"caption":"Clarel"},"image":{"@id":"https:\/\/www.clarel.es\/blog\/#\/schema\/logo\/image\/"}}]}},"_links":{"self":[{"href":"https:\/\/www.clarel.es\/blog\/pt-pt\/wp-json\/wp\/v2\/pages\/15271","targetHints":{"allow":["GET"]}}],"collection":[{"href":"https:\/\/www.clarel.es\/blog\/pt-pt\/wp-json\/wp\/v2\/pages"}],"about":[{"href":"https:\/\/www.clarel.es\/blog\/pt-pt\/wp-json\/wp\/v2\/types\/page"}],"author":[{"embeddable":true,"href":"https:\/\/www.clarel.es\/blog\/pt-pt\/wp-json\/wp\/v2\/users\/17"}],"replies":[{"embeddable":true,"href":"https:\/\/www.clarel.es\/blog\/pt-pt\/wp-json\/wp\/v2\/comments?post=15271"}],"version-history":[{"count":3,"href":"https:\/\/www.clarel.es\/blog\/pt-pt\/wp-json\/wp\/v2\/pages\/15271\/revisions"}],"predecessor-version":[{"id":15274,"href":"https:\/\/www.clarel.es\/blog\/pt-pt\/wp-json\/wp\/v2\/pages\/15271\/revisions\/15274"}],"wp:attachment":[{"href":"https:\/\/www.clarel.es\/blog\/pt-pt\/wp-json\/wp\/v2\/media?parent=15271"}],"curies":[{"name":"wp","href":"https:\/\/api.w.org\/{rel}","templated":true}]}}