{"id":15266,"date":"2025-09-04T14:58:05","date_gmt":"2025-09-04T14:58:05","guid":{"rendered":"https:\/\/clarel-test.ezenit.link\/blog\/?page_id=15266"},"modified":"2025-09-04T14:58:34","modified_gmt":"2025-09-04T14:58:34","slug":"todo-lo-que-tienes-que-saber-sobre-los-retinoides","status":"publish","type":"page","link":"https:\/\/www.clarel.es\/blog\/pt-pt\/todo-lo-que-tienes-que-saber-sobre-los-retinoides\/","title":{"rendered":"TODO LO QUE TIENES QUE SABER SOBRE LOS RETINOIDES"},"content":{"rendered":"\t\t<div data-elementor-type=\"wp-page\" data-elementor-id=\"15266\" class=\"elementor elementor-15266\" data-elementor-post-type=\"page\">\n\t\t\t\t<div class=\"elementor-element elementor-element-af0292d e-flex e-con-boxed e-con e-parent\" data-id=\"af0292d\" data-element_type=\"container\">\n\t\t\t\t\t<div class=\"e-con-inner\">\n\t\t\t\t<div class=\"elementor-element elementor-element-37d1be3 elementor-widget elementor-widget-image\" data-id=\"37d1be3\" data-element_type=\"widget\" data-widget_type=\"image.default\">\n\t\t\t\t<div class=\"elementor-widget-container\">\n\t\t\t\t\t\t\t\t\t\t\t\t\t\t\t<img decoding=\"async\" src=\"https:\/\/clarel.imgix.net\/media\/home\/CORRECCION_BLOG_RETINOL.jpg?auto=format&amp;fit=max&amp;w=1700&amp;q=100\" title=\"\" alt=\"\" loading=\"lazy\" \/>\t\t\t\t\t\t\t\t\t\t\t\t\t\t\t<\/div>\n\t\t\t\t<\/div>\n\t\t\t\t\t<\/div>\n\t\t\t\t<\/div>\n\t\t<div class=\"elementor-element elementor-element-5313c4d e-flex e-con-boxed e-con e-parent\" data-id=\"5313c4d\" data-element_type=\"container\">\n\t\t\t\t\t<div class=\"e-con-inner\">\n\t\t\t\t<div class=\"elementor-element elementor-element-19192e6 elementor-widget elementor-widget-text-editor\" data-id=\"19192e6\" data-element_type=\"widget\" data-widget_type=\"text-editor.default\">\n\t\t\t\t<div class=\"elementor-widget-container\">\n\t\t\t\t\t\t\t\t\t<div class=\"text-align_banner-text-align__6E6JU banner-text-align text-align_center__pj2Ab center \" style=\"margin: 0.5rem auto; width: 983.623px; text-align: center; color: #303030; font-family: PoppinsLight; font-size: 14px;\"><h1>TODO LO QUE TIENES QUE SABER SOBRE LOS RETINOIDES<\/h1><\/div><div class=\"text-align_banner-text-align__6E6JU banner-text-align text-align_justify__DIIjY justify \" style=\"margin: 0.5rem auto; width: 983.623px; text-align: justify; color: #303030; font-family: PoppinsLight; font-size: 14px;\"><p>\u00a0<\/p><p>Seguro que has o\u00eddo hablar de los retinoides y, si no no pasa nada porque aqu\u00ed descubrir\u00e1s todo lo necesario para empezar a usarlo y disfrutar de sus muchos beneficios.<\/p><p>\u00a0<\/p><h2>\u00bfQu\u00e9 son?<\/h2><p>\u00a0<\/p>Un retinoide es un compuesto derivado de la vitamina A o retinol que estimula la producci\u00f3n de col\u00e1geno, elastina y la renovaci\u00f3n celular.<p>\u00a0<\/p><p>El retinol o vitamina A reduce la apariencia de las arrugas, incrementa la firmeza e hidrataci\u00f3n y unifica el tono de la piel, revirtiendo el foto-envejecimiento. Adem\u00e1s, el retinol ha demostrado ser un producto muy eficaz para tratar el acn\u00e9.<\/p><p>El retinol puede ser de gran ayuda para\u00a0<strong>tres tipos de tratamientos:<\/strong><\/p><p>\u2022 Tratamiento de anti edad<\/p><p>\u2022 Tratamiento contra el acn\u00e9 y las imperfecciones<\/p><p>\u2022 Tratamiento que busca disminuir las cicatrices del acn\u00e9 y las manchas<\/p><p>\u00a0<\/p><h2>\u00bfQu\u00e9 tengo que tener en cuenta?<\/h2><p>\u00a0<\/p><p>Para todo tratamiento con retinol hay que tener en cuenta que el mejor momento de aplicaci\u00f3n es en la noche, ya que se inactiva con la luz solar. Es necesario acompa\u00f1arlo de un buen protector solar durante el d\u00eda y una crema hidratante despu\u00e9s de su aplicaci\u00f3n para evitar el re-secamiento y la irritaci\u00f3n de la piel. Adem\u00e1s, si reci\u00e9n empiezas a usar el retinol en tus rutinas es recomendable aplicarlo 1 o 2 d\u00edas a la semana e ir viendo c\u00f3mo reacciona en la piel.<\/p><p>\u00a0<\/p><h2>\u00bfA partir de qu\u00e9 edad conviene usar retinol?<\/h2><p>\u00a0<\/p><p>Por encima de los 25 a\u00f1os de edad, casi todas las pieles son candidatas a usar retinol y funciona bien a una concentraci\u00f3n por debajo del 0,5%.<\/p><p>\u00a0<\/p><h2>\u00bfCu\u00e1les son los beneficios de los retinoides?<\/h2><p>\u00a0<\/p><p>\u2022 Favorece la producci\u00f3n de col\u00e1geno ayudando a luchar contra la flacidez<\/p><p>\u2022 Mejora la textura de la piel<\/p><p>\u2022 Reduce las manchas de la piel al estimular la producci\u00f3n de nuevos vasos sangu\u00edneos<\/p><p>\u2022 Incrementa la hidrataci\u00f3n de la piel<\/p><p>\u2022 Revierte el fotoenvejecimiento<\/p><p>\u2022 Cierra el poro<\/p><p>\u2022 Es seborregulador<\/p><p>\u2022 Favorecen la renovaci\u00f3n celular<\/p><p>\u2022 Tiene efecto antioxidante<\/p><p>\u2022 Previene los comedones o puntos negros<\/p><p>\u2022 Mejora las arrugas finas y profundas<\/p><p>\u00a0<\/p><h2>\u00bfTe ha sido \u00fatil este art\u00edculo?<\/h2><p>\u00a0<\/p><p>\u00bfQuieres probar una rutina facial basada en el retinol? Te recomendamos el kit de retinol de Barbaria (sku:267210)<\/p><p>Descubre todos los beneficios del ritual dermocosm\u00e9tico de Retinol Babaria para pieles maduras o con primeros signos de envejecimiento y sigue estos 3 sencillos pasos:<\/p><p>\u00a0<\/p><h3>Paso 1:<\/h3>Comienza con las Ampollas Retinol, que estimulan la renovaci\u00f3n celular de tu piel<p>\u00a0<\/p><p>\u00a0<\/p><h3>Paso 2:<\/h3>Contin\u00faa con el S\u00e9rum Retinol, que ayuda a disminuir las arrugas y aporta firmeza a la piel.<p>\u00a0<\/p><p>\u00a0<\/p><h3>Paso 3:<\/h3>Termina el tratamiento con la Crema Retinol. Con esta crema antiarrugas conseguir\u00e1s aumentar la elasticidad de tu piel, disminuir la flacidez y unificar el tono.<p>\u00a0<\/p><p>Al combinar la ampolla, el s\u00e9rum y la crema facial de retinol conseguiras una piel renovada, sin arrugas y atenuada de manchas.<\/p><p>\u00a0<\/p><h2>\u00a1Sigue esta rutina si quieres que tu piel se vuelva m\u00e1s firme, el\u00e1stica y joven!<\/h2><\/div>\t\t\t\t\t\t\t\t<\/div>\n\t\t\t\t<\/div>\n\t\t\t\t\t<\/div>\n\t\t\t\t<\/div>\n\t\t\t\t<\/div>\n\t\t","protected":false},"excerpt":{"rendered":"<p>TODO LO QUE TIENES QUE SABER SOBRE LOS RETINOIDES \u00a0 Seguro que has o\u00eddo hablar de los retinoides y, si no no pasa nada porque aqu\u00ed descubrir\u00e1s todo lo necesario para empezar a usarlo y disfrutar de sus muchos beneficios. \u00a0 \u00bfQu\u00e9 son? \u00a0 Un retinoide es un compuesto derivado de la vitamina A o [&hellip;]<\/p>\n","protected":false},"author":17,"featured_media":0,"parent":0,"menu_order":0,"comment_status":"closed","ping_status":"closed","template":"elementor_header_footer","meta":{"footnotes":""},"class_list":["post-15266","page","type-page","status-publish","hentry"],"yoast_head":"<!-- This site is optimized with the Yoast SEO plugin v25.4 - https:\/\/yoast.com\/wordpress\/plugins\/seo\/ -->\n<title>TODO LO QUE TIENES QUE SABER SOBRE LOS RETINOIDES - Clarel<\/title>\n<meta name=\"robots\" content=\"index, follow, max-snippet:-1, max-image-preview:large, max-video-preview:-1\" \/>\n<link rel=\"canonical\" href=\"https:\/\/www.clarel.es\/blog\/pt-pt\/todo-lo-que-tienes-que-saber-sobre-los-retinoides\/\" \/>\n<meta property=\"og:locale\" content=\"pt_PT\" \/>\n<meta property=\"og:type\" content=\"article\" \/>\n<meta property=\"og:title\" content=\"TODO LO QUE TIENES QUE SABER SOBRE LOS RETINOIDES - Clarel\" \/>\n<meta property=\"og:description\" content=\"TODO LO QUE TIENES QUE SABER SOBRE LOS RETINOIDES \u00a0 Seguro que has o\u00eddo hablar de los retinoides y, si no no pasa nada porque aqu\u00ed descubrir\u00e1s todo lo necesario para empezar a usarlo y disfrutar de sus muchos beneficios. \u00a0 \u00bfQu\u00e9 son? \u00a0 Un retinoide es un compuesto derivado de la vitamina A o [&hellip;]\" \/>\n<meta property=\"og:url\" content=\"https:\/\/www.clarel.es\/blog\/pt-pt\/todo-lo-que-tienes-que-saber-sobre-los-retinoides\/\" \/>\n<meta property=\"og:site_name\" content=\"Clarel\" \/>\n<meta property=\"article:modified_time\" content=\"2025-09-04T14:58:34+00:00\" \/>\n<meta property=\"og:image\" content=\"https:\/\/clarel.imgix.net\/media\/home\/CORRECCION_BLOG_RETINOL.jpg?auto=format&amp;fit=max&amp;w=1700&amp;q=100\" \/>\n<meta name=\"twitter:card\" content=\"summary_large_image\" \/>\n<script type=\"application\/ld+json\" class=\"yoast-schema-graph\">{\"@context\":\"https:\/\/schema.org\",\"@graph\":[{\"@type\":\"WebPage\",\"@id\":\"https:\/\/www.clarel.es\/blog\/pt-pt\/todo-lo-que-tienes-que-saber-sobre-los-retinoides\/\",\"url\":\"https:\/\/www.clarel.es\/blog\/pt-pt\/todo-lo-que-tienes-que-saber-sobre-los-retinoides\/\",\"name\":\"TODO LO QUE TIENES QUE SABER SOBRE LOS RETINOIDES - Clarel\",\"isPartOf\":{\"@id\":\"https:\/\/www.clarel.es\/blog\/#website\"},\"primaryImageOfPage\":{\"@id\":\"https:\/\/www.clarel.es\/blog\/pt-pt\/todo-lo-que-tienes-que-saber-sobre-los-retinoides\/#primaryimage\"},\"image\":{\"@id\":\"https:\/\/www.clarel.es\/blog\/pt-pt\/todo-lo-que-tienes-que-saber-sobre-los-retinoides\/#primaryimage\"},\"thumbnailUrl\":\"https:\/\/clarel.imgix.net\/media\/home\/CORRECCION_BLOG_RETINOL.jpg?auto=format&amp;fit=max&amp;w=1700&amp;q=100\",\"datePublished\":\"2025-09-04T14:58:05+00:00\",\"dateModified\":\"2025-09-04T14:58:34+00:00\",\"breadcrumb\":{\"@id\":\"https:\/\/www.clarel.es\/blog\/pt-pt\/todo-lo-que-tienes-que-saber-sobre-los-retinoides\/#breadcrumb\"},\"inLanguage\":\"pt-PT\",\"potentialAction\":[{\"@type\":\"ReadAction\",\"target\":[\"https:\/\/www.clarel.es\/blog\/pt-pt\/todo-lo-que-tienes-que-saber-sobre-los-retinoides\/\"]}]},{\"@type\":\"ImageObject\",\"inLanguage\":\"pt-PT\",\"@id\":\"https:\/\/www.clarel.es\/blog\/pt-pt\/todo-lo-que-tienes-que-saber-sobre-los-retinoides\/#primaryimage\",\"url\":\"https:\/\/clarel.imgix.net\/media\/home\/CORRECCION_BLOG_RETINOL.jpg?auto=format&amp;fit=max&amp;w=1700&amp;q=100\",\"contentUrl\":\"https:\/\/clarel.imgix.net\/media\/home\/CORRECCION_BLOG_RETINOL.jpg?auto=format&amp;fit=max&amp;w=1700&amp;q=100\"},{\"@type\":\"BreadcrumbList\",\"@id\":\"https:\/\/www.clarel.es\/blog\/pt-pt\/todo-lo-que-tienes-que-saber-sobre-los-retinoides\/#breadcrumb\",\"itemListElement\":[{\"@type\":\"ListItem\",\"position\":1,\"name\":\"Portada\",\"item\":\"https:\/\/www.clarel.es\/blog\/\"},{\"@type\":\"ListItem\",\"position\":2,\"name\":\"TODO LO QUE TIENES QUE SABER SOBRE LOS RETINOIDES\"}]},{\"@type\":\"WebSite\",\"@id\":\"https:\/\/www.clarel.es\/blog\/#website\",\"url\":\"https:\/\/www.clarel.es\/blog\/\",\"name\":\"Clarel\",\"description\":\"Tienda Online de perfumeria, cosmetica, maquillaje y hogar.\",\"publisher\":{\"@id\":\"https:\/\/www.clarel.es\/blog\/#organization\"},\"potentialAction\":[{\"@type\":\"SearchAction\",\"target\":{\"@type\":\"EntryPoint\",\"urlTemplate\":\"https:\/\/www.clarel.es\/blog\/?s={search_term_string}\"},\"query-input\":{\"@type\":\"PropertyValueSpecification\",\"valueRequired\":true,\"valueName\":\"search_term_string\"}}],\"inLanguage\":\"pt-PT\"},{\"@type\":\"Organization\",\"@id\":\"https:\/\/www.clarel.es\/blog\/#organization\",\"name\":\"Clarel\",\"url\":\"https:\/\/www.clarel.es\/blog\/\",\"logo\":{\"@type\":\"ImageObject\",\"inLanguage\":\"pt-PT\",\"@id\":\"https:\/\/www.clarel.es\/blog\/#\/schema\/logo\/image\/\",\"url\":\"https:\/\/clarel-test.ezenit.link\/blog\/wp-content\/uploads\/2022\/08\/logo_clarel.png\",\"contentUrl\":\"https:\/\/clarel-test.ezenit.link\/blog\/wp-content\/uploads\/2022\/08\/logo_clarel.png\",\"width\":432,\"height\":101,\"caption\":\"Clarel\"},\"image\":{\"@id\":\"https:\/\/www.clarel.es\/blog\/#\/schema\/logo\/image\/\"}}]}<\/script>\n<!-- \/ Yoast SEO plugin. -->","yoast_head_json":{"title":"TODO LO QUE TIENES QUE SABER SOBRE LOS RETINOIDES - Clarel","robots":{"index":"index","follow":"follow","max-snippet":"max-snippet:-1","max-image-preview":"max-image-preview:large","max-video-preview":"max-video-preview:-1"},"canonical":"https:\/\/www.clarel.es\/blog\/pt-pt\/todo-lo-que-tienes-que-saber-sobre-los-retinoides\/","og_locale":"pt_PT","og_type":"article","og_title":"TODO LO QUE TIENES QUE SABER SOBRE LOS RETINOIDES - Clarel","og_description":"TODO LO QUE TIENES QUE SABER SOBRE LOS RETINOIDES \u00a0 Seguro que has o\u00eddo hablar de los retinoides y, si no no pasa nada porque aqu\u00ed descubrir\u00e1s todo lo necesario para empezar a usarlo y disfrutar de sus muchos beneficios. \u00a0 \u00bfQu\u00e9 son? \u00a0 Un retinoide es un compuesto derivado de la vitamina A o [&hellip;]","og_url":"https:\/\/www.clarel.es\/blog\/pt-pt\/todo-lo-que-tienes-que-saber-sobre-los-retinoides\/","og_site_name":"Clarel","article_modified_time":"2025-09-04T14:58:34+00:00","og_image":[{"url":"https:\/\/clarel.imgix.net\/media\/home\/CORRECCION_BLOG_RETINOL.jpg?auto=format&amp;fit=max&amp;w=1700&amp;q=100","type":"","width":"","height":""}],"twitter_card":"summary_large_image","schema":{"@context":"https:\/\/schema.org","@graph":[{"@type":"WebPage","@id":"https:\/\/www.clarel.es\/blog\/pt-pt\/todo-lo-que-tienes-que-saber-sobre-los-retinoides\/","url":"https:\/\/www.clarel.es\/blog\/pt-pt\/todo-lo-que-tienes-que-saber-sobre-los-retinoides\/","name":"TODO LO QUE TIENES QUE SABER SOBRE LOS RETINOIDES - Clarel","isPartOf":{"@id":"https:\/\/www.clarel.es\/blog\/#website"},"primaryImageOfPage":{"@id":"https:\/\/www.clarel.es\/blog\/pt-pt\/todo-lo-que-tienes-que-saber-sobre-los-retinoides\/#primaryimage"},"image":{"@id":"https:\/\/www.clarel.es\/blog\/pt-pt\/todo-lo-que-tienes-que-saber-sobre-los-retinoides\/#primaryimage"},"thumbnailUrl":"https:\/\/clarel.imgix.net\/media\/home\/CORRECCION_BLOG_RETINOL.jpg?auto=format&amp;fit=max&amp;w=1700&amp;q=100","datePublished":"2025-09-04T14:58:05+00:00","dateModified":"2025-09-04T14:58:34+00:00","breadcrumb":{"@id":"https:\/\/www.clarel.es\/blog\/pt-pt\/todo-lo-que-tienes-que-saber-sobre-los-retinoides\/#breadcrumb"},"inLanguage":"pt-PT","potentialAction":[{"@type":"ReadAction","target":["https:\/\/www.clarel.es\/blog\/pt-pt\/todo-lo-que-tienes-que-saber-sobre-los-retinoides\/"]}]},{"@type":"ImageObject","inLanguage":"pt-PT","@id":"https:\/\/www.clarel.es\/blog\/pt-pt\/todo-lo-que-tienes-que-saber-sobre-los-retinoides\/#primaryimage","url":"https:\/\/clarel.imgix.net\/media\/home\/CORRECCION_BLOG_RETINOL.jpg?auto=format&amp;fit=max&amp;w=1700&amp;q=100","contentUrl":"https:\/\/clarel.imgix.net\/media\/home\/CORRECCION_BLOG_RETINOL.jpg?auto=format&amp;fit=max&amp;w=1700&amp;q=100"},{"@type":"BreadcrumbList","@id":"https:\/\/www.clarel.es\/blog\/pt-pt\/todo-lo-que-tienes-que-saber-sobre-los-retinoides\/#breadcrumb","itemListElement":[{"@type":"ListItem","position":1,"name":"Portada","item":"https:\/\/www.clarel.es\/blog\/"},{"@type":"ListItem","position":2,"name":"TODO LO QUE TIENES QUE SABER SOBRE LOS RETINOIDES"}]},{"@type":"WebSite","@id":"https:\/\/www.clarel.es\/blog\/#website","url":"https:\/\/www.clarel.es\/blog\/","name":"Clarel","description":"Tienda Online de perfumeria, cosmetica, maquillaje y hogar.","publisher":{"@id":"https:\/\/www.clarel.es\/blog\/#organization"},"potentialAction":[{"@type":"SearchAction","target":{"@type":"EntryPoint","urlTemplate":"https:\/\/www.clarel.es\/blog\/?s={search_term_string}"},"query-input":{"@type":"PropertyValueSpecification","valueRequired":true,"valueName":"search_term_string"}}],"inLanguage":"pt-PT"},{"@type":"Organization","@id":"https:\/\/www.clarel.es\/blog\/#organization","name":"Clarel","url":"https:\/\/www.clarel.es\/blog\/","logo":{"@type":"ImageObject","inLanguage":"pt-PT","@id":"https:\/\/www.clarel.es\/blog\/#\/schema\/logo\/image\/","url":"https:\/\/clarel-test.ezenit.link\/blog\/wp-content\/uploads\/2022\/08\/logo_clarel.png","contentUrl":"https:\/\/clarel-test.ezenit.link\/blog\/wp-content\/uploads\/2022\/08\/logo_clarel.png","width":432,"height":101,"caption":"Clarel"},"image":{"@id":"https:\/\/www.clarel.es\/blog\/#\/schema\/logo\/image\/"}}]}},"_links":{"self":[{"href":"https:\/\/www.clarel.es\/blog\/pt-pt\/wp-json\/wp\/v2\/pages\/15266","targetHints":{"allow":["GET"]}}],"collection":[{"href":"https:\/\/www.clarel.es\/blog\/pt-pt\/wp-json\/wp\/v2\/pages"}],"about":[{"href":"https:\/\/www.clarel.es\/blog\/pt-pt\/wp-json\/wp\/v2\/types\/page"}],"author":[{"embeddable":true,"href":"https:\/\/www.clarel.es\/blog\/pt-pt\/wp-json\/wp\/v2\/users\/17"}],"replies":[{"embeddable":true,"href":"https:\/\/www.clarel.es\/blog\/pt-pt\/wp-json\/wp\/v2\/comments?post=15266"}],"version-history":[{"count":4,"href":"https:\/\/www.clarel.es\/blog\/pt-pt\/wp-json\/wp\/v2\/pages\/15266\/revisions"}],"predecessor-version":[{"id":15270,"href":"https:\/\/www.clarel.es\/blog\/pt-pt\/wp-json\/wp\/v2\/pages\/15266\/revisions\/15270"}],"wp:attachment":[{"href":"https:\/\/www.clarel.es\/blog\/pt-pt\/wp-json\/wp\/v2\/media?parent=15266"}],"curies":[{"name":"wp","href":"https:\/\/api.w.org\/{rel}","templated":true}]}}