{"id":14786,"date":"2023-08-01T12:51:58","date_gmt":"2023-08-01T12:51:58","guid":{"rendered":"https:\/\/clarel-test.ezenit.link\/blog\/app-clarel\/"},"modified":"2025-10-07T10:57:05","modified_gmt":"2025-10-07T10:57:05","slug":"app-clarel","status":"publish","type":"page","link":"https:\/\/www.clarel.es\/blog\/pt-pt\/app-clarel\/","title":{"rendered":"App Clarel"},"content":{"rendered":"\t\t<div data-elementor-type=\"wp-page\" data-elementor-id=\"14786\" class=\"elementor elementor-14786 elementor-6091\" data-elementor-post-type=\"page\">\n\t\t\t\t<div class=\"elementor-element elementor-element-2e3e496a e-con-full elementor-hidden-tablet elementor-hidden-mobile e-flex e-con e-parent\" data-id=\"2e3e496a\" data-element_type=\"container\">\n\t\t\t\t<div class=\"elementor-element elementor-element-5f54778 elementor-widget elementor-widget-image\" data-id=\"5f54778\" data-element_type=\"widget\" data-widget_type=\"image.default\">\n\t\t\t\t<div class=\"elementor-widget-container\">\n\t\t\t\t\t\t\t\t\t\t\t\t\t\t\t<img decoding=\"async\" src=\"https:\/\/blog-clarel.imgix.net\/2025\/06\/landing_app_pc.png\" title=\"\" alt=\"\" loading=\"lazy\" \/>\t\t\t\t\t\t\t\t\t\t\t\t\t\t\t<\/div>\n\t\t\t\t<\/div>\n\t\t\t\t<\/div>\n\t\t<div class=\"elementor-element elementor-element-8652158 e-con-full elementor-hidden-desktop e-flex e-con e-parent\" data-id=\"8652158\" data-element_type=\"container\">\n\t\t\t\t<div class=\"elementor-element elementor-element-2d9a342 elementor-widget elementor-widget-image\" data-id=\"2d9a342\" data-element_type=\"widget\" data-widget_type=\"image.default\">\n\t\t\t\t<div class=\"elementor-widget-container\">\n\t\t\t\t\t\t\t\t\t\t\t\t\t\t\t<img decoding=\"async\" src=\"https:\/\/blog-clarel.imgix.net\/2025\/06\/landing_app_mo.png\" title=\"\" alt=\"\" loading=\"lazy\" \/>\t\t\t\t\t\t\t\t\t\t\t\t\t\t\t<\/div>\n\t\t\t\t<\/div>\n\t\t\t\t<\/div>\n\t\t<div class=\"elementor-element elementor-element-0ccf9d9 e-flex e-con-boxed e-con e-parent\" data-id=\"0ccf9d9\" data-element_type=\"container\">\n\t\t\t\t\t<div class=\"e-con-inner\">\n\t\t<div class=\"elementor-element elementor-element-454bcb0 e-grid e-con-full e-con e-child\" data-id=\"454bcb0\" data-element_type=\"container\">\n\t\t\t\t<div class=\"elementor-element elementor-element-534ed8a elementor-widget elementor-widget-image\" data-id=\"534ed8a\" data-element_type=\"widget\" data-widget_type=\"image.default\">\n\t\t\t\t<div class=\"elementor-widget-container\">\n\t\t\t\t\t\t\t\t\t\t\t\t\t\t\t<img decoding=\"async\" src=\"https:\/\/blog-clarel.imgix.net\/2023\/08\/qr_app_clarel.png\" title=\"\" alt=\"\" loading=\"lazy\" \/>\t\t\t\t\t\t\t\t\t\t\t\t\t\t\t<\/div>\n\t\t\t\t<\/div>\n\t\t\t\t<div class=\"elementor-element elementor-element-4f7bf3c elementor-widget elementor-widget-text-editor\" data-id=\"4f7bf3c\" data-element_type=\"widget\" data-widget_type=\"text-editor.default\">\n\t\t\t\t<div class=\"elementor-widget-container\">\n\t\t\t\t\t\t\t\t\t<h2 style=\"margin: 0px;padding: 0px 0px 10px;border: 0px;font-size: 31px;vertical-align: baseline;background-image: initial;background-position: initial;background-size: initial;background-repeat: initial;background-attachment: initial;line-height: 1.3em;font-family: Poppins, Helvetica, Arial, Lucida, sans-serif;color: #eb7643 !important\">Como descarregar a App?<\/h2><p style=\"margin: 0px;padding: 0px;border: 0px;font-size: 24px;vertical-align: baseline;background-image: initial;background-position: initial;background-size: initial;background-repeat: initial;background-attachment: initial;color: #303030;font-family: Poppins, Helvetica, Arial, Lucida, sans-serif\">Digitalize o <span style=\"margin: 0px;padding: 0px;border: 0px;vertical-align: baseline;background: transparent;font-weight: bold\">c\u00f3digo QR<\/span> ou procure <span style=\"margin: 0px;padding: 0px;border: 0px;vertical-align: baseline;background: transparent;font-weight: bold\">Clarel <\/span>na loja de <span style=\"margin: 0px;padding: 0px;border: 0px;vertical-align: baseline;background: transparent;font-weight: bold\">aplica\u00e7\u00f5es <\/span>do seu smartphone. Tamb\u00e9m pode clicar na seguinte <a style=\"margin: 0px;padding: 0px;border: 0px;vertical-align: baseline;background-image: initial;background-position: initial;background-size: initial;background-repeat: initial;background-attachment: initial;color: #edb059\" title=\"App Clarel\" href=\"https:\/\/onelink.to\/t3ehrs\">\n  <span style=\"margin: 0px;padding: 0px;border: 0px;vertical-align: baseline;background: transparent;font-weight: bold\">liga\u00e7\u00e3o<\/span>\n<\/a> a partir do telem\u00f3vel.<\/p>\t\t\t\t\t\t\t\t<\/div>\n\t\t\t\t<\/div>\n\t\t\t\t<\/div>\n\t\t\t\t\t<\/div>\n\t\t\t\t<\/div>\n\t\t<div class=\"elementor-element elementor-element-61c92b5 e-flex e-con-boxed e-con e-parent\" data-id=\"61c92b5\" data-element_type=\"container\">\n\t\t\t\t\t<div class=\"e-con-inner\">\n\t\t\t\t<div class=\"elementor-element elementor-element-0c4356a elementor-widget-divider--view-line elementor-widget elementor-widget-divider\" data-id=\"0c4356a\" data-element_type=\"widget\" data-widget_type=\"divider.default\">\n\t\t\t\t<div class=\"elementor-widget-container\">\n\t\t\t\t\t\t\t<div class=\"elementor-divider\">\n\t\t\t<span class=\"elementor-divider-separator\">\n\t\t\t\t\t\t<\/span>\n\t\t<\/div>\n\t\t\t\t\t\t<\/div>\n\t\t\t\t<\/div>\n\t\t\t\t<div class=\"elementor-element elementor-element-0b55b66 elementor-widget elementor-widget-text-editor\" data-id=\"0b55b66\" data-element_type=\"widget\" data-widget_type=\"text-editor.default\">\n\t\t\t\t<div class=\"elementor-widget-container\">\n\t\t\t\t\t\t\t\t\t<div style=\"font-family: 'Poppins', sans-serif; font-size: 18px; line-height: 1.6; color: #2d2d2d;\">\n<h2 style=\"color: #f37b30; font-weight: 600; font-size: 24px;\">Como entrar na App?<\/h2>\n<p><strong>Inicie sess\u00e3o<\/strong> na App com a sua conta <strong>CLUB Dia<\/strong>.<\/p>\n<p>Se n\u00e3o se lembrar dos seus dados de acesso, consulte-os no <strong>seu perfil <\/strong>da App CLUB Dia.<\/p>\n<p>Se n\u00e3o tem conta no CLUB Dia, <strong>crie <\/strong>a sua conta facilmente na App da Clarel.<\/p>\n<p>Os dados de acesso da APP da Clarel s\u00e3o os mesmos da APP Dia e do site da DIA, mas s\u00e3o diferentes dos do site da Clarel.<\/p>\n<\/div>\t\t\t\t\t\t\t\t<\/div>\n\t\t\t\t<\/div>\n\t\t\t\t<div class=\"elementor-element elementor-element-8da7496 elementor-widget-divider--view-line elementor-widget elementor-widget-divider\" data-id=\"8da7496\" data-element_type=\"widget\" data-widget_type=\"divider.default\">\n\t\t\t\t<div class=\"elementor-widget-container\">\n\t\t\t\t\t\t\t<div class=\"elementor-divider\">\n\t\t\t<span class=\"elementor-divider-separator\">\n\t\t\t\t\t\t<\/span>\n\t\t<\/div>\n\t\t\t\t\t\t<\/div>\n\t\t\t\t<\/div>\n\t\t<div class=\"elementor-element elementor-element-de45a6a e-con-full e-flex e-con e-child\" data-id=\"de45a6a\" data-element_type=\"container\">\n\t\t\t\t<div class=\"elementor-element elementor-element-32b26e0 elementor-widget elementor-widget-text-editor\" data-id=\"32b26e0\" data-element_type=\"widget\" data-widget_type=\"text-editor.default\">\n\t\t\t\t<div class=\"elementor-widget-container\">\n\t\t\t\t\t\t\t\t\t<div style=\"font-family: 'Poppins', sans-serif;font-size: 18px;line-height: 1.6;color: #2d2d2d\">\n  <h2 style=\"color: #f37b30;font-weight: 600;font-size: 24px\">O cart\u00e3o f\u00edsico do CLUB Dia continua a funcionar?<\/h2>\n\n  <p>\n Sim, pode continuar a utilizar o cart\u00e3o f\u00edsico do <strong>CLUB Dia<\/strong> para as suas compras na Clarel. No entanto, recomendamos que <strong>descarregue a nova App<\/strong> para que possa levar tanto o cart\u00e3o como os cup\u00f5es no telem\u00f3vel de forma c\u00f3moda.\n  <\/p>\n<\/div>\n\t\t\t\t\t\t\t\t<\/div>\n\t\t\t\t<\/div>\n\t\t<div class=\"elementor-element elementor-element-5b09943 e-grid e-con-full e-con e-child\" data-id=\"5b09943\" data-element_type=\"container\">\n\t\t\t\t<div class=\"elementor-element elementor-element-ebf5ea0 elementor-widget elementor-widget-image\" data-id=\"ebf5ea0\" data-element_type=\"widget\" data-widget_type=\"image.default\">\n\t\t\t\t<div class=\"elementor-widget-container\">\n\t\t\t\t\t\t\t\t\t\t\t\t\t\t\t<img decoding=\"async\" src=\"https:\/\/blog-clarel.imgix.net\/2024\/09\/Android_App-P2.jpg?auto=format%2Ccompress&amp;ixlib=php-3.3.0&amp;w=1080\" title=\"\" alt=\"\" loading=\"lazy\" \/>\t\t\t\t\t\t\t\t\t\t\t\t\t\t\t<\/div>\n\t\t\t\t<\/div>\n\t\t\t\t<div class=\"elementor-element elementor-element-1150d6d elementor-widget elementor-widget-image\" data-id=\"1150d6d\" data-element_type=\"widget\" data-widget_type=\"image.default\">\n\t\t\t\t<div class=\"elementor-widget-container\">\n\t\t\t\t\t\t\t\t\t\t\t\t\t\t\t<img decoding=\"async\" src=\"https:\/\/blog-clarel.imgix.net\/2024\/09\/Android_App-P4.jpg?auto=format%2Ccompress&amp;ixlib=php-3.3.0&amp;w=1080\" title=\"\" alt=\"\" loading=\"lazy\" \/>\t\t\t\t\t\t\t\t\t\t\t\t\t\t\t<\/div>\n\t\t\t\t<\/div>\n\t\t\t\t<div class=\"elementor-element elementor-element-b96234f elementor-widget elementor-widget-image\" data-id=\"b96234f\" data-element_type=\"widget\" data-widget_type=\"image.default\">\n\t\t\t\t<div class=\"elementor-widget-container\">\n\t\t\t\t\t\t\t\t\t\t\t\t\t\t\t<img decoding=\"async\" src=\"https:\/\/blog-clarel.imgix.net\/2024\/09\/Android_App-P3.jpg?auto=format%2Ccompress&amp;ixlib=php-3.3.0&amp;w=1080\" title=\"\" alt=\"\" loading=\"lazy\" \/>\t\t\t\t\t\t\t\t\t\t\t\t\t\t\t<\/div>\n\t\t\t\t<\/div>\n\t\t\t\t<div class=\"elementor-element elementor-element-7f477c3 elementor-widget elementor-widget-image\" data-id=\"7f477c3\" data-element_type=\"widget\" data-widget_type=\"image.default\">\n\t\t\t\t<div class=\"elementor-widget-container\">\n\t\t\t\t\t\t\t\t\t\t\t\t\t\t\t<img decoding=\"async\" src=\"https:\/\/blog-clarel.imgix.net\/2024\/09\/Android_App-P5.jpg?auto=format%2Ccompress&amp;ixlib=php-3.3.0&amp;w=1080\" title=\"\" alt=\"\" loading=\"lazy\" \/>\t\t\t\t\t\t\t\t\t\t\t\t\t\t\t<\/div>\n\t\t\t\t<\/div>\n\t\t\t\t<\/div>\n\t\t<div class=\"elementor-element elementor-element-fc16eb1 e-con-full e-flex e-con e-child\" data-id=\"fc16eb1\" data-element_type=\"container\">\n\t\t\t\t<div class=\"elementor-element elementor-element-bc40d40 elementor-widget elementor-widget-text-editor\" data-id=\"bc40d40\" data-element_type=\"widget\" data-widget_type=\"text-editor.default\">\n\t\t\t\t<div class=\"elementor-widget-container\">\n\t\t\t\t\t\t\t\t\t<div style=\"font-family: 'Poppins', sans-serif;font-size: 18px;line-height: 1.6;color: #2d2d2d\">\n  <h2 style=\"color: #f37b30;font-weight: 600;font-size: 24px\">Que benef\u00edcios tem a nova App da Clarel?<\/h2>\n\n  <p>\n Permite-lhe levar tanto <strong>os seus cup\u00f5es<\/strong> como <strong>o cart\u00e3o<\/strong> no seu telem\u00f3vel, onde poder\u00e1 consultar <strong>tal\u00f5es de compra<\/strong>, <strong>folhetos<\/strong> e receber <strong>vantagens exclusivas<\/strong>.\n  <\/p>\n\n  <p>\n Al\u00e9m disso, <strong>se a descarregar agora, receber\u00e1 um cup\u00e3o de 3 \u20ac<\/strong> por compras superiores a 15 \u20ac!<\/p>\n<\/div>\n\t\t\t\t\t\t\t\t<\/div>\n\t\t\t\t<\/div>\n\t\t\t\t<\/div>\n\t\t\t\t<\/div>\n\t\t\t\t\t<\/div>\n\t\t\t\t<\/div>\n\t\t\t\t<\/div>\n\t\t","protected":false},"excerpt":{"rendered":"<p>Como descarregar a App? Digitalize o c\u00f3digo QR ou procure Clarel na loja de aplica\u00e7\u00f5es do seu smartphone. Tamb\u00e9m pode clicar na seguinte liga\u00e7\u00e3o a partir do telem\u00f3vel. Como entrar na App? Inicie sess\u00e3o na App com a sua conta CLUB Dia. Se n\u00e3o se lembrar dos seus dados de acesso, consulte-os no seu perfil [&hellip;]<\/p>\n","protected":false},"author":3,"featured_media":0,"parent":0,"menu_order":0,"comment_status":"closed","ping_status":"closed","template":"elementor_header_footer","meta":{"footnotes":""},"class_list":["post-14786","page","type-page","status-publish","hentry"],"yoast_head":"<!-- This site is optimized with the Yoast SEO plugin v25.4 - https:\/\/yoast.com\/wordpress\/plugins\/seo\/ -->\n<title>App Clarel - Clarel<\/title>\n<meta name=\"robots\" content=\"index, follow, max-snippet:-1, max-image-preview:large, max-video-preview:-1\" \/>\n<link rel=\"canonical\" href=\"https:\/\/www.clarel.es\/blog\/app-clarel\/\" \/>\n<meta property=\"og:locale\" content=\"pt_PT\" \/>\n<meta property=\"og:type\" content=\"article\" \/>\n<meta property=\"og:title\" content=\"App Clarel - Clarel\" \/>\n<meta property=\"og:description\" content=\"Como descarregar a App? Digitalize o c\u00f3digo QR ou procure Clarel na loja de aplica\u00e7\u00f5es do seu smartphone. Tamb\u00e9m pode clicar na seguinte liga\u00e7\u00e3o a partir do telem\u00f3vel. Como entrar na App? Inicie sess\u00e3o na App com a sua conta CLUB Dia. Se n\u00e3o se lembrar dos seus dados de acesso, consulte-os no seu perfil [&hellip;]\" \/>\n<meta property=\"og:url\" content=\"https:\/\/www.clarel.es\/blog\/app-clarel\/\" \/>\n<meta property=\"og:site_name\" content=\"Clarel\" \/>\n<meta property=\"article:modified_time\" content=\"2025-10-07T10:57:05+00:00\" \/>\n<meta property=\"og:image\" content=\"https:\/\/blog-clarel.imgix.net\/2025\/06\/landing_app_pc.png\" \/>\n<meta name=\"twitter:card\" content=\"summary_large_image\" \/>\n<script type=\"application\/ld+json\" class=\"yoast-schema-graph\">{\"@context\":\"https:\/\/schema.org\",\"@graph\":[{\"@type\":\"WebPage\",\"@id\":\"https:\/\/www.clarel.es\/blog\/app-clarel\/\",\"url\":\"https:\/\/www.clarel.es\/blog\/app-clarel\/\",\"name\":\"App Clarel - Clarel\",\"isPartOf\":{\"@id\":\"https:\/\/www.clarel.es\/blog\/#website\"},\"primaryImageOfPage\":{\"@id\":\"https:\/\/www.clarel.es\/blog\/app-clarel\/#primaryimage\"},\"image\":{\"@id\":\"https:\/\/www.clarel.es\/blog\/app-clarel\/#primaryimage\"},\"thumbnailUrl\":\"https:\/\/blog-clarel.imgix.net\/2025\/06\/landing_app_pc.png\",\"datePublished\":\"2023-08-01T12:51:58+00:00\",\"dateModified\":\"2025-10-07T10:57:05+00:00\",\"breadcrumb\":{\"@id\":\"https:\/\/www.clarel.es\/blog\/app-clarel\/#breadcrumb\"},\"inLanguage\":\"pt-PT\",\"potentialAction\":[{\"@type\":\"ReadAction\",\"target\":[\"https:\/\/www.clarel.es\/blog\/app-clarel\/\"]}]},{\"@type\":\"ImageObject\",\"inLanguage\":\"pt-PT\",\"@id\":\"https:\/\/www.clarel.es\/blog\/app-clarel\/#primaryimage\",\"url\":\"https:\/\/blog-clarel.imgix.net\/2025\/06\/landing_app_pc.png\",\"contentUrl\":\"https:\/\/blog-clarel.imgix.net\/2025\/06\/landing_app_pc.png\"},{\"@type\":\"BreadcrumbList\",\"@id\":\"https:\/\/www.clarel.es\/blog\/app-clarel\/#breadcrumb\",\"itemListElement\":[{\"@type\":\"ListItem\",\"position\":1,\"name\":\"Portada\",\"item\":\"https:\/\/www.clarel.es\/blog\/\"},{\"@type\":\"ListItem\",\"position\":2,\"name\":\"App Clarel\"}]},{\"@type\":\"WebSite\",\"@id\":\"https:\/\/www.clarel.es\/blog\/#website\",\"url\":\"https:\/\/www.clarel.es\/blog\/\",\"name\":\"Clarel\",\"description\":\"Tienda Online de perfumeria, cosmetica, maquillaje y hogar.\",\"publisher\":{\"@id\":\"https:\/\/www.clarel.es\/blog\/#organization\"},\"potentialAction\":[{\"@type\":\"SearchAction\",\"target\":{\"@type\":\"EntryPoint\",\"urlTemplate\":\"https:\/\/www.clarel.es\/blog\/?s={search_term_string}\"},\"query-input\":{\"@type\":\"PropertyValueSpecification\",\"valueRequired\":true,\"valueName\":\"search_term_string\"}}],\"inLanguage\":\"pt-PT\"},{\"@type\":\"Organization\",\"@id\":\"https:\/\/www.clarel.es\/blog\/#organization\",\"name\":\"Clarel\",\"url\":\"https:\/\/www.clarel.es\/blog\/\",\"logo\":{\"@type\":\"ImageObject\",\"inLanguage\":\"pt-PT\",\"@id\":\"https:\/\/www.clarel.es\/blog\/#\/schema\/logo\/image\/\",\"url\":\"https:\/\/clarel-test.ezenit.link\/blog\/wp-content\/uploads\/2022\/08\/logo_clarel.png\",\"contentUrl\":\"https:\/\/clarel-test.ezenit.link\/blog\/wp-content\/uploads\/2022\/08\/logo_clarel.png\",\"width\":432,\"height\":101,\"caption\":\"Clarel\"},\"image\":{\"@id\":\"https:\/\/www.clarel.es\/blog\/#\/schema\/logo\/image\/\"}}]}<\/script>\n<!-- \/ Yoast SEO plugin. -->","yoast_head_json":{"title":"App Clarel - Clarel","robots":{"index":"index","follow":"follow","max-snippet":"max-snippet:-1","max-image-preview":"max-image-preview:large","max-video-preview":"max-video-preview:-1"},"canonical":"https:\/\/www.clarel.es\/blog\/app-clarel\/","og_locale":"pt_PT","og_type":"article","og_title":"App Clarel - Clarel","og_description":"Como descarregar a App? Digitalize o c\u00f3digo QR ou procure Clarel na loja de aplica\u00e7\u00f5es do seu smartphone. Tamb\u00e9m pode clicar na seguinte liga\u00e7\u00e3o a partir do telem\u00f3vel. Como entrar na App? Inicie sess\u00e3o na App com a sua conta CLUB Dia. Se n\u00e3o se lembrar dos seus dados de acesso, consulte-os no seu perfil [&hellip;]","og_url":"https:\/\/www.clarel.es\/blog\/app-clarel\/","og_site_name":"Clarel","article_modified_time":"2025-10-07T10:57:05+00:00","og_image":[{"url":"https:\/\/blog-clarel.imgix.net\/2025\/06\/landing_app_pc.png","type":"","width":"","height":""}],"twitter_card":"summary_large_image","schema":{"@context":"https:\/\/schema.org","@graph":[{"@type":"WebPage","@id":"https:\/\/www.clarel.es\/blog\/app-clarel\/","url":"https:\/\/www.clarel.es\/blog\/app-clarel\/","name":"App Clarel - Clarel","isPartOf":{"@id":"https:\/\/www.clarel.es\/blog\/#website"},"primaryImageOfPage":{"@id":"https:\/\/www.clarel.es\/blog\/app-clarel\/#primaryimage"},"image":{"@id":"https:\/\/www.clarel.es\/blog\/app-clarel\/#primaryimage"},"thumbnailUrl":"https:\/\/blog-clarel.imgix.net\/2025\/06\/landing_app_pc.png","datePublished":"2023-08-01T12:51:58+00:00","dateModified":"2025-10-07T10:57:05+00:00","breadcrumb":{"@id":"https:\/\/www.clarel.es\/blog\/app-clarel\/#breadcrumb"},"inLanguage":"pt-PT","potentialAction":[{"@type":"ReadAction","target":["https:\/\/www.clarel.es\/blog\/app-clarel\/"]}]},{"@type":"ImageObject","inLanguage":"pt-PT","@id":"https:\/\/www.clarel.es\/blog\/app-clarel\/#primaryimage","url":"https:\/\/blog-clarel.imgix.net\/2025\/06\/landing_app_pc.png","contentUrl":"https:\/\/blog-clarel.imgix.net\/2025\/06\/landing_app_pc.png"},{"@type":"BreadcrumbList","@id":"https:\/\/www.clarel.es\/blog\/app-clarel\/#breadcrumb","itemListElement":[{"@type":"ListItem","position":1,"name":"Portada","item":"https:\/\/www.clarel.es\/blog\/"},{"@type":"ListItem","position":2,"name":"App Clarel"}]},{"@type":"WebSite","@id":"https:\/\/www.clarel.es\/blog\/#website","url":"https:\/\/www.clarel.es\/blog\/","name":"Clarel","description":"Tienda Online de perfumeria, cosmetica, maquillaje y hogar.","publisher":{"@id":"https:\/\/www.clarel.es\/blog\/#organization"},"potentialAction":[{"@type":"SearchAction","target":{"@type":"EntryPoint","urlTemplate":"https:\/\/www.clarel.es\/blog\/?s={search_term_string}"},"query-input":{"@type":"PropertyValueSpecification","valueRequired":true,"valueName":"search_term_string"}}],"inLanguage":"pt-PT"},{"@type":"Organization","@id":"https:\/\/www.clarel.es\/blog\/#organization","name":"Clarel","url":"https:\/\/www.clarel.es\/blog\/","logo":{"@type":"ImageObject","inLanguage":"pt-PT","@id":"https:\/\/www.clarel.es\/blog\/#\/schema\/logo\/image\/","url":"https:\/\/clarel-test.ezenit.link\/blog\/wp-content\/uploads\/2022\/08\/logo_clarel.png","contentUrl":"https:\/\/clarel-test.ezenit.link\/blog\/wp-content\/uploads\/2022\/08\/logo_clarel.png","width":432,"height":101,"caption":"Clarel"},"image":{"@id":"https:\/\/www.clarel.es\/blog\/#\/schema\/logo\/image\/"}}]}},"_links":{"self":[{"href":"https:\/\/www.clarel.es\/blog\/pt-pt\/wp-json\/wp\/v2\/pages\/14786","targetHints":{"allow":["GET"]}}],"collection":[{"href":"https:\/\/www.clarel.es\/blog\/pt-pt\/wp-json\/wp\/v2\/pages"}],"about":[{"href":"https:\/\/www.clarel.es\/blog\/pt-pt\/wp-json\/wp\/v2\/types\/page"}],"author":[{"embeddable":true,"href":"https:\/\/www.clarel.es\/blog\/pt-pt\/wp-json\/wp\/v2\/users\/3"}],"replies":[{"embeddable":true,"href":"https:\/\/www.clarel.es\/blog\/pt-pt\/wp-json\/wp\/v2\/comments?post=14786"}],"version-history":[{"count":3,"href":"https:\/\/www.clarel.es\/blog\/pt-pt\/wp-json\/wp\/v2\/pages\/14786\/revisions"}],"predecessor-version":[{"id":16226,"href":"https:\/\/www.clarel.es\/blog\/pt-pt\/wp-json\/wp\/v2\/pages\/14786\/revisions\/16226"}],"wp:attachment":[{"href":"https:\/\/www.clarel.es\/blog\/pt-pt\/wp-json\/wp\/v2\/media?parent=14786"}],"curies":[{"name":"wp","href":"https:\/\/api.w.org\/{rel}","templated":true}]}}